{"id":11902,"date":"2023-11-20T14:33:48","date_gmt":"2023-11-20T13:33:48","guid":{"rendered":"https:\/\/semmelweis.hu\/szaknyelv\/?page_id=11902"},"modified":"2025-01-13T15:47:14","modified_gmt":"2025-01-13T14:47:14","slug":"11902-2","status":"publish","type":"page","link":"https:\/\/semmelweis.hu\/szaknyelv\/11902-2\/","title":{"rendered":""},"content":{"rendered":"<p style=\"text-align: justify\"><a href=\"https:\/\/m2.mtmt.hu\/api\/author\/10063366\"><strong>M\u00e1ny, D\u00e1niel<\/strong> <\/a><br \/>\n<em><a href=\"https:\/\/m2.mtmt.hu\/api\/publication\/32799775\">Inform\u00e1ci\u00f3\u00e1tad\u00e1s \u00e9s \u00e9rzelmi dimenzi\u00f3 az orvosi szakford\u00edt\u00e1sban<\/a><br \/>\n<\/em>FORD\u00cdT\u00c1STUDOM\u00c1NY\u00a024\u00a0:\u00a01\u00a0pp. 72-86. , 15 p.\u00a0(2022)<\/p>\n<p><strong>M\u00e1ny, D.<\/strong> (2024). T\u00e1mogat\u00f3 kommunik\u00e1ci\u00f3 betegt\u00e1j\u00e9koztat\u00f3 sz\u00f6vegekben \u00e9s ford\u00edt\u00e1sukban. Budapest: L\u2019Harmattan Kiad\u00f3.\u00a0<br \/>\n<a href=\"https:\/\/real.mtak.hu\/199397\/\" target=\"_blank\" rel=\"noopener\">https:\/\/real.mtak.hu\/199397\/<\/a><\/p>\n","protected":false},"excerpt":{"rendered":"<p><a href=\"https:\/\/m2.mtmt.hu\/api\/author\/10063366\">M\u00e1ny, D\u00e1niel <\/a><br \/>\n<a href=\"https:\/\/m2.mtmt.hu\/api\/publication\/32799775\">Inform\u00e1ci\u00f3\u00e1tad\u00e1s \u00e9s \u00e9rzelmi dimenzi\u00f3 az orvosi szakford\u00edt\u00e1sban<\/a><br \/>\nFORD\u00cdT\u00c1STUDOM\u00c1NY\u00a024\u00a0:\u00a01\u00a0pp. 72-86. , 15 p.\u00a0(2022)<br \/>\nM\u00e1ny, D. (2024). T\u00e1mogat\u00f3 kommunik\u00e1ci\u00f3 betegt\u00e1j\u00e9koztat\u00f3 sz\u00f6vegekben \u00e9s ford\u00edt\u00e1sukban. Budapest: L\u2019Harmattan Kiad\u00f3.\u00a0<br \/>\n<a href=\"https:\/\/real.mtak.hu\/199397\/\" target=\"_blank\" rel=\"noopener\">https:\/\/real.mtak.hu\/199397\/<\/a><\/p>\n","protected":false},"author":102166,"featured_media":0,"parent":0,"menu_order":0,"comment_status":"closed","ping_status":"closed","template":"","meta":{"_acf_changed":false,"footnotes":""},"categories":[],"tags":[],"class_list":["post-11902","page","type-page","status-publish","hentry"],"acf":[],"_links":{"self":[{"href":"https:\/\/semmelweis.hu\/szaknyelv\/wp-json\/wp\/v2\/pages\/11902","targetHints":{"allow":["GET"]}}],"collection":[{"href":"https:\/\/semmelweis.hu\/szaknyelv\/wp-json\/wp\/v2\/pages"}],"about":[{"href":"https:\/\/semmelweis.hu\/szaknyelv\/wp-json\/wp\/v2\/types\/page"}],"author":[{"embeddable":true,"href":"https:\/\/semmelweis.hu\/szaknyelv\/wp-json\/wp\/v2\/users\/102166"}],"replies":[{"embeddable":true,"href":"https:\/\/semmelweis.hu\/szaknyelv\/wp-json\/wp\/v2\/comments?post=11902"}],"version-history":[{"count":4,"href":"https:\/\/semmelweis.hu\/szaknyelv\/wp-json\/wp\/v2\/pages\/11902\/revisions"}],"predecessor-version":[{"id":13683,"href":"https:\/\/semmelweis.hu\/szaknyelv\/wp-json\/wp\/v2\/pages\/11902\/revisions\/13683"}],"wp:attachment":[{"href":"https:\/\/semmelweis.hu\/szaknyelv\/wp-json\/wp\/v2\/media?parent=11902"}],"wp:term":[{"taxonomy":"category","embeddable":true,"href":"https:\/\/semmelweis.hu\/szaknyelv\/wp-json\/wp\/v2\/categories?post=11902"},{"taxonomy":"post_tag","embeddable":true,"href":"https:\/\/semmelweis.hu\/szaknyelv\/wp-json\/wp\/v2\/tags?post=11902"}],"curies":[{"name":"wp","href":"https:\/\/api.w.org\/{rel}","templated":true}]}}