{"id":11896,"date":"2023-11-20T14:29:30","date_gmt":"2023-11-20T13:29:30","guid":{"rendered":"https:\/\/semmelweis.hu\/szaknyelv\/?page_id=11896"},"modified":"2025-01-13T15:38:02","modified_gmt":"2025-01-13T14:38:02","slug":"11896-2","status":"publish","type":"page","link":"https:\/\/semmelweis.hu\/szaknyelv\/11896-2\/","title":{"rendered":""},"content":{"rendered":"<p style=\"text-align: justify\"><span style=\"color: #000000\"><a href=\"https:\/\/m2.mtmt.hu\/api\/author\/10063366\"><strong>M\u00e1ny, D\u00e1niel<\/strong><\/a><\/span><strong><span style=\"color: #000000\">; <a href=\"https:\/\/m2.mtmt.hu\/api\/author\/10032432\">Barta, Andrea<\/a>; Kr\u00e1nicz, Rita; Hal\u00e1sz, Ren\u00e1ta; Hambuch, Anik\u00f3; <a href=\"https:\/\/m2.mtmt.hu\/api\/author\/10084920\">Cs\u00e1sz\u00e1r, Judit<\/a>; <\/span><a href=\"https:\/\/m2.mtmt.hu\/api\/author\/10020211\"><span style=\"color: #000000\">Fogarasi, Katalin<\/span><\/a><\/strong><br \/>\n<em><a href=\"https:\/\/m2.mtmt.hu\/api\/publication\/33547888\">Computer-Assisted Investigation of Deixis and Code Switching in Simulated Physician-Patient Interactions<\/a><br \/>\n<\/em>In: Jantunen, Jarmo Harri; Kalja-Voima, Johanna; Laukkarinen, Matti; Puupponen, Anna; Salonen, Margareta; Saresma, Tuija; Tarvainen, Jenny; Yl\u00f6nen, Sabine (szerk.) <a href=\"https:\/\/m2.mtmt.hu\/api\/publication\/33550625\">Diversity of Methods and Materials in Digital Human Sciences: Proceedings of the Digital Research Data and Human Sciences DRDHum Conference 2022, December 1-3, Jyv\u00e4skyl\u00e4, Finland <\/a>Jyv\u00e4skyl\u00e4, Finnorsz\u00e1g :\u00a0University of Jyva\u0308skyla\u0308\u00a0(2022)\u00a0pp. 57-71. , 15 p.<br \/>\n<strong>Many, D., Fogarasi, K., &amp; Torzsa, P.<\/strong> (2024). Person deixis as a communicative tool in medical consultations. <br \/>\nIBERICA, 48, 143\u2013170. <a href=\"http:\/\/doi.org\/10.17398\/2340-2784.48.143\" target=\"_blank\" rel=\"noopener\">http:\/\/doi.org\/10.17398\/2340-2784.48.143<\/a><\/p>\n","protected":false},"excerpt":{"rendered":"<p><a href=\"https:\/\/m2.mtmt.hu\/api\/author\/10063366\">M\u00e1ny, D\u00e1niel<\/a> ; <a href=\"https:\/\/m2.mtmt.hu\/api\/author\/10032432\">Barta, Andrea<\/a> ; Kr\u00e1nicz, Rita; Hal\u00e1sz, Ren\u00e1ta; Hambuch, Anik\u00f3; <a href=\"https:\/\/m2.mtmt.hu\/api\/author\/10084920\">Cs\u00e1sz\u00e1r, Judit<\/a> ; <a href=\"https:\/\/m2.mtmt.hu\/api\/author\/10020211\">Fogarasi, Katalin<\/a> <a href=\"https:\/\/m2.mtmt.hu\/api\/publication\/33547888\">Computer-Assisted Investigation of Deixis and Code Switching in Simulated Physician-Patient Interactions<\/a> In: Jantunen, Jarmo Harri; Kalja-Voima, Johanna; Laukkarinen, Matti; Puupponen, Anna; Salonen, Margareta; Saresma, Tuija; Tarvainen, Jenny; Yl\u00f6nen, Sabine (szerk.) <a href=\"https:\/\/m2.mtmt.hu\/api\/publication\/33550625\">Diversity of Methods and Materials in Digital Human Sciences: Proceedings of the Digital Research Data and Human Sciences DRDHum Conference 2022, December 1-3, Jyv\u00e4skyl\u00e4, Finland <\/a> Jyv\u00e4skyl\u00e4, Finnorsz\u00e1g :\u00a0University of Jyva\u0308skyla\u0308\u00a0(2022)\u00a0pp. 57-71. , 15 p. Many, D., Fogarasi, K., &amp; Torzsa, P. (2024). Person deixis as a communicative tool in medical consultations. IBERICA, &hellip;<\/p>\n","protected":false},"author":102166,"featured_media":0,"parent":0,"menu_order":0,"comment_status":"closed","ping_status":"closed","template":"","meta":{"_acf_changed":false,"footnotes":""},"categories":[],"tags":[],"class_list":["post-11896","page","type-page","status-publish","hentry"],"acf":[],"_links":{"self":[{"href":"https:\/\/semmelweis.hu\/szaknyelv\/wp-json\/wp\/v2\/pages\/11896","targetHints":{"allow":["GET"]}}],"collection":[{"href":"https:\/\/semmelweis.hu\/szaknyelv\/wp-json\/wp\/v2\/pages"}],"about":[{"href":"https:\/\/semmelweis.hu\/szaknyelv\/wp-json\/wp\/v2\/types\/page"}],"author":[{"embeddable":true,"href":"https:\/\/semmelweis.hu\/szaknyelv\/wp-json\/wp\/v2\/users\/102166"}],"replies":[{"embeddable":true,"href":"https:\/\/semmelweis.hu\/szaknyelv\/wp-json\/wp\/v2\/comments?post=11896"}],"version-history":[{"count":5,"href":"https:\/\/semmelweis.hu\/szaknyelv\/wp-json\/wp\/v2\/pages\/11896\/revisions"}],"predecessor-version":[{"id":13681,"href":"https:\/\/semmelweis.hu\/szaknyelv\/wp-json\/wp\/v2\/pages\/11896\/revisions\/13681"}],"wp:attachment":[{"href":"https:\/\/semmelweis.hu\/szaknyelv\/wp-json\/wp\/v2\/media?parent=11896"}],"wp:term":[{"taxonomy":"category","embeddable":true,"href":"https:\/\/semmelweis.hu\/szaknyelv\/wp-json\/wp\/v2\/categories?post=11896"},{"taxonomy":"post_tag","embeddable":true,"href":"https:\/\/semmelweis.hu\/szaknyelv\/wp-json\/wp\/v2\/tags?post=11896"}],"curies":[{"name":"wp","href":"https:\/\/api.w.org\/{rel}","templated":true}]}}