{"id":11892,"date":"2023-11-20T13:50:20","date_gmt":"2023-11-20T12:50:20","guid":{"rendered":"https:\/\/semmelweis.hu\/szaknyelv\/?page_id=11892"},"modified":"2023-11-20T13:50:20","modified_gmt":"2023-11-20T12:50:20","slug":"11892-2","status":"publish","type":"page","link":"https:\/\/semmelweis.hu\/szaknyelv\/11892-2\/","title":{"rendered":""},"content":{"rendered":"<p style=\"text-align: justify\"><strong>Tak\u00e1cs, T. ., &amp; Czar, D.<\/strong> (2021). Enhancing Professional Communication Skills in Teaching English for Specific Purposes. International Journal of Second and Foreign Language Education, 1(2), 48\u201359. https:\/\/doi.org\/10.33422\/ijsfle.v1i2.123<\/p>\n<p style=\"text-align: justify\"><strong>M\u00e1ny, D., Sirokm\u00e1ny, V., Tak\u00e1cs, T., F\u00f6ldesi, E., Fekete, J., Hambuch, A., Fogarasi, K.<\/strong> (2022, September 17). Feedback Criteria for Simulated Patients in Language Courses for Healthcare (megjelen\u00e9s alatt)<\/p>\n<p style=\"text-align: justify\"><strong>Tak\u00e1cs, T., dr. med. N. Sharabi, O., Tick, V.,<\/strong> The Involvement of the Simulated Patient and Online Communication in the LSP Professional Communication Courses (megjelen\u00e9s alatt)<\/p>\n","protected":false},"excerpt":{"rendered":"<p>Tak\u00e1cs, T. ., &amp; Czar, D. (2021). Enhancing Professional Communication Skills in Teaching English for Specific Purposes. International Journal of Second and Foreign Language Education, 1(2), 48\u201359. https:\/\/doi.org\/10.33422\/ijsfle.v1i2.123 M\u00e1ny, D., Sirokm\u00e1ny, V., Tak\u00e1cs, T., F\u00f6ldesi, E., Fekete, J., Hambuch, A., Fogarasi, K. (2022, September 17). Feedback Criteria for Simulated Patients in Language Courses for Healthcare &hellip;<\/p>\n","protected":false},"author":102166,"featured_media":0,"parent":0,"menu_order":0,"comment_status":"closed","ping_status":"closed","template":"","meta":{"_acf_changed":false,"footnotes":""},"categories":[],"tags":[],"class_list":["post-11892","page","type-page","status-publish","hentry"],"acf":[],"_links":{"self":[{"href":"https:\/\/semmelweis.hu\/szaknyelv\/wp-json\/wp\/v2\/pages\/11892","targetHints":{"allow":["GET"]}}],"collection":[{"href":"https:\/\/semmelweis.hu\/szaknyelv\/wp-json\/wp\/v2\/pages"}],"about":[{"href":"https:\/\/semmelweis.hu\/szaknyelv\/wp-json\/wp\/v2\/types\/page"}],"author":[{"embeddable":true,"href":"https:\/\/semmelweis.hu\/szaknyelv\/wp-json\/wp\/v2\/users\/102166"}],"replies":[{"embeddable":true,"href":"https:\/\/semmelweis.hu\/szaknyelv\/wp-json\/wp\/v2\/comments?post=11892"}],"version-history":[{"count":1,"href":"https:\/\/semmelweis.hu\/szaknyelv\/wp-json\/wp\/v2\/pages\/11892\/revisions"}],"predecessor-version":[{"id":11893,"href":"https:\/\/semmelweis.hu\/szaknyelv\/wp-json\/wp\/v2\/pages\/11892\/revisions\/11893"}],"wp:attachment":[{"href":"https:\/\/semmelweis.hu\/szaknyelv\/wp-json\/wp\/v2\/media?parent=11892"}],"wp:term":[{"taxonomy":"category","embeddable":true,"href":"https:\/\/semmelweis.hu\/szaknyelv\/wp-json\/wp\/v2\/categories?post=11892"},{"taxonomy":"post_tag","embeddable":true,"href":"https:\/\/semmelweis.hu\/szaknyelv\/wp-json\/wp\/v2\/tags?post=11892"}],"curies":[{"name":"wp","href":"https:\/\/api.w.org\/{rel}","templated":true}]}}