{"id":11881,"date":"2023-11-20T13:40:19","date_gmt":"2023-11-20T12:40:19","guid":{"rendered":"https:\/\/semmelweis.hu\/szaknyelv\/?page_id=11881"},"modified":"2023-11-20T13:45:53","modified_gmt":"2023-11-20T12:45:53","slug":"11881-2","status":"publish","type":"page","link":"https:\/\/semmelweis.hu\/szaknyelv\/11881-2\/","title":{"rendered":""},"content":{"rendered":"<p style=\"text-align: justify\"><strong>Varga, \u00c9va Katalin<\/strong> (2021) \u041a\u043e\u0440\u043f\u0443\u0441\u043d\u044b\u0439 \u0430\u043d\u0430\u043b\u0438\u0437 \u043d\u0435\u043e\u043b\u043e\u0433\u0438\u0437\u043c\u043e\u0432 \u043f\u0430\u043d\u0434\u0435\u043c\u0438\u0438 COVID-19 \u0432 \u0440\u0443\u0441\u0441\u043a\u043e\u043c \u044f\u0437\u044b\u043a\u0435 [A COVID19 vil\u00e1gj\u00e1rv\u00e1ny orosz neologizmusainak korpuszalap\u00faelemz\u00e9se]. In: Eva, Ka\u0161\u010d\u00e1kov\u00e1 (szerk.) FORLANG: Foreign Languages in the Academic Environment. Kosice, Technicka Univerzita v Kosiciach, 457-463.<\/p>\n<p style=\"text-align: justify\"><strong>Varga, \u00c9va Katalin<\/strong> (2021) \u0414\u0435\u0442\u0435\u0440\u043c\u0438\u043d\u043e\u043b\u043e\u0433\u0438\u0437\u0430\u0446\u0438\u044f \u043c\u0435\u0434\u0438\u0446\u0438\u043d\u0441\u043a\u0438\u0445 \u0442\u0435\u0440\u043c\u0438\u043d\u043e\u0432 \u043d\u0430 \u0444\u043e\u043d\u0435 \u043f\u0430\u043d\u0434\u0435\u043c\u0438\u0438 [Orvosi terminusok determinologiz\u00e1ci\u00f3ja a pand\u00e9mia alatt]. In: \u0420\u0430\u0446\u0438\u0431\u0443\u0440\u0441\u043a\u0430\u044f, \u041b. \u0412. (szerk.) \u0410\u043a\u0442\u0438\u0432\u043d\u044b\u0435 \u043f\u0440\u043e\u0446\u0435\u0441\u0441\u044b \u0432 \u0441\u043e\u0432\u0440\u0435\u043c\u0435\u043d\u043d\u043e\u043c \u0440\u0443\u0441\u0441\u043a\u043e\u043c \u044f\u0437\u044b\u043a\u0435: \u043d\u0430\u0446\u0438\u043e\u043d\u0430\u043b\u044c\u043d\u043e\u0435 \u0438 \u0438\u043d\u0442\u0435\u0440\u043d\u0430\u0446\u0438\u043e\u043d\u0430\u043b\u044c\u043d\u043e\u0435. Moszkva, Flinta, 11-17.<\/p>\n<p style=\"text-align: justify\"><strong>Varga \u00c9va Katalin, Zimonyi \u00c1kos, Indig Bal\u00e1zs, S\u00e1rk\u00f6zi-Lindner Zs\u00f3fia, Palk\u00f3 G\u00e1bor<\/strong> (2022) Durva influenza vagy vesz\u00e9lyes vil\u00e1gj\u00e1rv\u00e1ny? A Covid19 terminol\u00f3gi\u00e1ja a m\u00e9di\u00e1ban. In: Navracsics Judit, B\u00e1tyi Szilvia (szerk.) Nyelvek, nyelvv\u00e1ltozatok, k\u00f6vetkezm\u00e9nyek II.: Ford\u00edt\u00e1studom\u00e1ny, terminol\u00f3gia, retorika, kognit\u00edv nyelv\u00e9szet, kontraszt\u00edv nyelv\u00e9szet, interkultur\u00e1lis kommunik\u00e1ci\u00f3, n\u00e9vtan. Budapest, Akad\u00e9miai Kiad\u00f3, https:\/\/mersz.hu\/hivatkozas\/m1020nynyk_215\/#m1020nynyk_215<\/p>\n<p style=\"text-align: justify\"><strong>Varga \u00c9va Katalin<\/strong> (2022) A koronav\u00edrus-j\u00e1rv\u00e1ny nyelvi hat\u00e1sai. A determinologiz\u00e1ci\u00f3 folyamat\u00e1nak kontraszt\u00edv korpuszalap\u00fa vizsg\u00e1latair\u00f3l. In: Ist\u00f3k B\u00e9la; L\u0151rincz G\u00e1bor; T\u00f6r\u00f6k Tam\u00e1s (szerk.) A virolingvisztika \u00e9s viroszemiotika aktu\u00e1lis k\u00e9rd\u00e9sei: A Variol\u00f3giai Kutat\u00f3csoport XI. nemzetk\u00f6zi tudom\u00e1nyos szimp\u00f3zium\u00e1nak tanulm\u00e1nyk\u00f6tete. Kom\u00e1rom, Selye J\u00e1nos Egyetem, 32-38.<\/p>\n<p style=\"text-align: justify\"><strong>Varga \u00c9va Katalin, M\u00e1rton Emese, Indig Bal\u00e1zs, S\u00e1rk\u00f6zi-Lindner Zs\u00f3fia, Palk\u00f3 G\u00e1bor<\/strong> (2022) A koronav\u00edrus-j\u00e1rv\u00e1ny terminol\u00f3gi\u00e1j\u00e1nak korpuszalap\u00fa vizsg\u00e1lata erd\u00e9lyi \u00e9s anyaorsz\u00e1gi h\u00edrport\u00e1lok alapj\u00e1n. In: Karmacsi Zolt\u00e1n, M\u00e1rku Anita, M\u00e1t\u00e9 R\u00e9ka (szerk.) A hat\u00e1r mint konverg\u00e1l\u00f3 \u00e9s diverg\u00e1l\u00f3 t\u00e9nyez\u0151 a nyelvben: Tanulm\u00e1nyok a 21. \u00c9l\u0151nyelvi Konferenci\u00e1r\u00f3l. T\u00f6r\u00f6kb\u00e1lint, Termini Egyes\u00fclet, II. R\u00e1k\u00f3czi Ferenc K\u00e1rp\u00e1taljai Magyar F\u0151iskola, Hodinka Antal Int\u00e9zet, 222-231.<\/p>\n<p style=\"text-align: justify\"><strong>Varga \u00c9va Katalin, M\u00e1rton Emese, Indig Bal\u00e1zs, S\u00e1rk\u00f6zi-Lindner Zs\u00f3fia, Palk\u00f3 G\u00e1bor<\/strong> (2023) Erd\u00e9lyi \u00e9s anyaorsz\u00e1gi orvosi terminol\u00f3gia pand\u00e9mia idej\u00e9n. Alkalmazott Nyelvtudom\u00e1ny K\u00fcl\u00f6nsz\u00e1m 2023\/1., 76-95.<\/p>\n","protected":false},"excerpt":{"rendered":"<p>Varga, \u00c9va Katalin (2021) \u041a\u043e\u0440\u043f\u0443\u0441\u043d\u044b\u0439 \u0430\u043d\u0430\u043b\u0438\u0437 \u043d\u0435\u043e\u043b\u043e\u0433\u0438\u0437\u043c\u043e\u0432 \u043f\u0430\u043d\u0434\u0435\u043c\u0438\u0438 COVID-19 \u0432 \u0440\u0443\u0441\u0441\u043a\u043e\u043c \u044f\u0437\u044b\u043a\u0435 [A COVID19 vil\u00e1gj\u00e1rv\u00e1ny orosz neologizmusainak korpuszalap\u00faelemz\u00e9se]. In: Eva, Ka\u0161\u010d\u00e1kov\u00e1 (szerk.) FORLANG: Foreign Languages in the Academic Environment. Kosice, Technicka Univerzita v Kosiciach, 457-463. Varga, \u00c9va Katalin (2021) \u0414\u0435\u0442\u0435\u0440\u043c\u0438\u043d\u043e\u043b\u043e\u0433\u0438\u0437\u0430\u0446\u0438\u044f \u043c\u0435\u0434\u0438\u0446\u0438\u043d\u0441\u043a\u0438\u0445 \u0442\u0435\u0440\u043c\u0438\u043d\u043e\u0432 \u043d\u0430 \u0444\u043e\u043d\u0435 \u043f\u0430\u043d\u0434\u0435\u043c\u0438\u0438 [Orvosi terminusok determinologiz\u00e1ci\u00f3ja a pand\u00e9mia alatt]. In: \u0420\u0430\u0446\u0438\u0431\u0443\u0440\u0441\u043a\u0430\u044f, \u041b. \u0412. &hellip;<\/p>\n","protected":false},"author":102166,"featured_media":0,"parent":0,"menu_order":0,"comment_status":"closed","ping_status":"closed","template":"","meta":{"_acf_changed":false,"footnotes":""},"categories":[],"tags":[],"class_list":["post-11881","page","type-page","status-publish","hentry"],"acf":[],"_links":{"self":[{"href":"https:\/\/semmelweis.hu\/szaknyelv\/wp-json\/wp\/v2\/pages\/11881","targetHints":{"allow":["GET"]}}],"collection":[{"href":"https:\/\/semmelweis.hu\/szaknyelv\/wp-json\/wp\/v2\/pages"}],"about":[{"href":"https:\/\/semmelweis.hu\/szaknyelv\/wp-json\/wp\/v2\/types\/page"}],"author":[{"embeddable":true,"href":"https:\/\/semmelweis.hu\/szaknyelv\/wp-json\/wp\/v2\/users\/102166"}],"replies":[{"embeddable":true,"href":"https:\/\/semmelweis.hu\/szaknyelv\/wp-json\/wp\/v2\/comments?post=11881"}],"version-history":[{"count":3,"href":"https:\/\/semmelweis.hu\/szaknyelv\/wp-json\/wp\/v2\/pages\/11881\/revisions"}],"predecessor-version":[{"id":11887,"href":"https:\/\/semmelweis.hu\/szaknyelv\/wp-json\/wp\/v2\/pages\/11881\/revisions\/11887"}],"wp:attachment":[{"href":"https:\/\/semmelweis.hu\/szaknyelv\/wp-json\/wp\/v2\/media?parent=11881"}],"wp:term":[{"taxonomy":"category","embeddable":true,"href":"https:\/\/semmelweis.hu\/szaknyelv\/wp-json\/wp\/v2\/categories?post=11881"},{"taxonomy":"post_tag","embeddable":true,"href":"https:\/\/semmelweis.hu\/szaknyelv\/wp-json\/wp\/v2\/tags?post=11881"}],"curies":[{"name":"wp","href":"https:\/\/api.w.org\/{rel}","templated":true}]}}