{"id":11876,"date":"2023-11-20T13:36:30","date_gmt":"2023-11-20T12:36:30","guid":{"rendered":"https:\/\/semmelweis.hu\/szaknyelv\/?page_id=11876"},"modified":"2023-11-20T13:36:30","modified_gmt":"2023-11-20T12:36:30","slug":"11876-2","status":"publish","type":"page","link":"https:\/\/semmelweis.hu\/szaknyelv\/11876-2\/","title":{"rendered":""},"content":{"rendered":"<p style=\"text-align: justify\"><strong>Varga \u00c9va Katalin, Fogarasi Katalin, Patonai Zolt\u00e1n<\/strong> (2021) A k\u00f3rh\u00e1zi ell\u00e1t\u00e1s dokumentumai. In: F\u00f3ris \u00c1gota, B\u00f6lcskei Andrea (szerk.) Tartalomfejleszt\u00e9s \u00e9s dokument\u00e1ci\u00f3. Nyelv\u00e9szeti kutat\u00e1sok. Budapest, K\u00e1roli G\u00e1sp\u00e1r Reform\u00e1tus Egyetem, L&#8217;Harmattan Kiad\u00f3, 289-326.<\/p>\n","protected":false},"excerpt":{"rendered":"<p>Varga \u00c9va Katalin, Fogarasi Katalin, Patonai Zolt\u00e1n (2021) A k\u00f3rh\u00e1zi ell\u00e1t\u00e1s dokumentumai. In: F\u00f3ris \u00c1gota, B\u00f6lcskei Andrea (szerk.) Tartalomfejleszt\u00e9s \u00e9s dokument\u00e1ci\u00f3. Nyelv\u00e9szeti kutat\u00e1sok. Budapest, K\u00e1roli G\u00e1sp\u00e1r Reform\u00e1tus Egyetem, L&#8217;Harmattan Kiad\u00f3, 289-326.<\/p>\n","protected":false},"author":102166,"featured_media":0,"parent":0,"menu_order":0,"comment_status":"closed","ping_status":"closed","template":"","meta":{"_acf_changed":false,"footnotes":""},"categories":[],"tags":[],"class_list":["post-11876","page","type-page","status-publish","hentry"],"acf":[],"_links":{"self":[{"href":"https:\/\/semmelweis.hu\/szaknyelv\/wp-json\/wp\/v2\/pages\/11876","targetHints":{"allow":["GET"]}}],"collection":[{"href":"https:\/\/semmelweis.hu\/szaknyelv\/wp-json\/wp\/v2\/pages"}],"about":[{"href":"https:\/\/semmelweis.hu\/szaknyelv\/wp-json\/wp\/v2\/types\/page"}],"author":[{"embeddable":true,"href":"https:\/\/semmelweis.hu\/szaknyelv\/wp-json\/wp\/v2\/users\/102166"}],"replies":[{"embeddable":true,"href":"https:\/\/semmelweis.hu\/szaknyelv\/wp-json\/wp\/v2\/comments?post=11876"}],"version-history":[{"count":1,"href":"https:\/\/semmelweis.hu\/szaknyelv\/wp-json\/wp\/v2\/pages\/11876\/revisions"}],"predecessor-version":[{"id":11877,"href":"https:\/\/semmelweis.hu\/szaknyelv\/wp-json\/wp\/v2\/pages\/11876\/revisions\/11877"}],"wp:attachment":[{"href":"https:\/\/semmelweis.hu\/szaknyelv\/wp-json\/wp\/v2\/media?parent=11876"}],"wp:term":[{"taxonomy":"category","embeddable":true,"href":"https:\/\/semmelweis.hu\/szaknyelv\/wp-json\/wp\/v2\/categories?post=11876"},{"taxonomy":"post_tag","embeddable":true,"href":"https:\/\/semmelweis.hu\/szaknyelv\/wp-json\/wp\/v2\/tags?post=11876"}],"curies":[{"name":"wp","href":"https:\/\/api.w.org\/{rel}","templated":true}]}}