{"id":11868,"date":"2023-11-20T13:29:29","date_gmt":"2023-11-20T12:29:29","guid":{"rendered":"https:\/\/semmelweis.hu\/szaknyelv\/?page_id=11868"},"modified":"2023-11-20T13:29:29","modified_gmt":"2023-11-20T12:29:29","slug":"11868-2","status":"publish","type":"page","link":"https:\/\/semmelweis.hu\/szaknyelv\/11868-2\/","title":{"rendered":""},"content":{"rendered":"<p style=\"text-align: justify\"><strong>Barta Andrea, Varga \u00c9va Katalin, Fogarasi Katalin<\/strong> (2022) Game of Bones: Gamification in Medical Terminology. In: McDonnell, David (szerk.) Conference Proceedings: INCOLLAB International Conference Series 2021. Pr\u00e1ga, Czech Technical University in Prague, 34-38.<\/p>\n<p style=\"text-align: justify\"><strong>Zimonyi \u00c1kos, Varga \u00c9va Katalin, Barta Andrea<\/strong> (2022) Moodle \u00e9s latin orvosi terminol\u00f3gia: A p\u00e1rhuzamos tananyagfejleszt\u00e9s lehet\u0151s\u00e9gei. In: J\u00e1nk Istv\u00e1n, H. Tomesz T\u00edmea, Domonkosi \u00c1gnes (szerk.) A digit\u00e1lis oktat\u00e1s nyelvi dimenzi\u00f3i: V\u00e1logat\u00e1s a PeLiKon2020 oktat\u00e1snyelv\u00e9szeti konferencia kerekasztal-besz\u00e9lget\u00e9seib\u0151l \u00e9s el\u0151ad\u00e1saib\u00f3l. Eger, Eszterh\u00e1zy K\u00e1roly Katolikus Egyetem L\u00edceum Kiad\u00f3, 277-285.<\/p>\n<p style=\"text-align: justify\"><strong>Barta Andrea, Varga Katalin \u00c9va<\/strong> (2022) Medical Terminology beyond Textbooks: Blended Learning with Moodle. In: Gudaityte, Dalija; Eidimtas, Andrius (szerk.) Kalb\u0173 studijos specializuotame universitete&#8217;22: tarpkult\u016briniai aspektai: konferencijos med\u017eiaga: 2022 m. lapkri\u010dio 25 d. = Language Studies at a Specialised University&#8217;22: Intercultural Aspects: conference proceedings: November 25, 2022. Kaunas, Lietuvos sveikatos moksl\u0173 universiteto Akademin\u0117 leidyba, 15-23.<\/p>\n","protected":false},"excerpt":{"rendered":"<p>Barta Andrea, Varga \u00c9va Katalin, Fogarasi Katalin (2022) Game of Bones: Gamification in Medical Terminology. In: McDonnell, David (szerk.) Conference Proceedings: INCOLLAB International Conference Series 2021. Pr\u00e1ga, Czech Technical University in Prague, 34-38. Zimonyi \u00c1kos, Varga \u00c9va Katalin, Barta Andrea (2022) Moodle \u00e9s latin orvosi terminol\u00f3gia: A p\u00e1rhuzamos tananyagfejleszt\u00e9s lehet\u0151s\u00e9gei. In: J\u00e1nk Istv\u00e1n, H. Tomesz &hellip;<\/p>\n","protected":false},"author":102166,"featured_media":0,"parent":0,"menu_order":0,"comment_status":"closed","ping_status":"closed","template":"","meta":{"_acf_changed":false,"footnotes":""},"categories":[],"tags":[],"class_list":["post-11868","page","type-page","status-publish","hentry"],"acf":[],"_links":{"self":[{"href":"https:\/\/semmelweis.hu\/szaknyelv\/wp-json\/wp\/v2\/pages\/11868","targetHints":{"allow":["GET"]}}],"collection":[{"href":"https:\/\/semmelweis.hu\/szaknyelv\/wp-json\/wp\/v2\/pages"}],"about":[{"href":"https:\/\/semmelweis.hu\/szaknyelv\/wp-json\/wp\/v2\/types\/page"}],"author":[{"embeddable":true,"href":"https:\/\/semmelweis.hu\/szaknyelv\/wp-json\/wp\/v2\/users\/102166"}],"replies":[{"embeddable":true,"href":"https:\/\/semmelweis.hu\/szaknyelv\/wp-json\/wp\/v2\/comments?post=11868"}],"version-history":[{"count":1,"href":"https:\/\/semmelweis.hu\/szaknyelv\/wp-json\/wp\/v2\/pages\/11868\/revisions"}],"predecessor-version":[{"id":11869,"href":"https:\/\/semmelweis.hu\/szaknyelv\/wp-json\/wp\/v2\/pages\/11868\/revisions\/11869"}],"wp:attachment":[{"href":"https:\/\/semmelweis.hu\/szaknyelv\/wp-json\/wp\/v2\/media?parent=11868"}],"wp:term":[{"taxonomy":"category","embeddable":true,"href":"https:\/\/semmelweis.hu\/szaknyelv\/wp-json\/wp\/v2\/categories?post=11868"},{"taxonomy":"post_tag","embeddable":true,"href":"https:\/\/semmelweis.hu\/szaknyelv\/wp-json\/wp\/v2\/tags?post=11868"}],"curies":[{"name":"wp","href":"https:\/\/api.w.org\/{rel}","templated":true}]}}