{"id":11864,"date":"2023-11-20T13:00:23","date_gmt":"2023-11-20T12:00:23","guid":{"rendered":"https:\/\/semmelweis.hu\/szaknyelv\/?page_id=11864"},"modified":"2025-02-26T06:00:16","modified_gmt":"2025-02-26T05:00:16","slug":"11864-2","status":"publish","type":"page","link":"https:\/\/semmelweis.hu\/szaknyelv\/11864-2\/","title":{"rendered":""},"content":{"rendered":"<p style=\"text-align: justify\">[1] <strong>Fogarasi, K., Ittz\u00e9s, D., &amp; M\u00e1ny, D.<\/strong> (2024).\u00a0<em>Tud\u00e1smegoszt\u00e1s, inform\u00e1ci\u00f3kezel\u00e9s, alkalmazhat\u00f3s\u00e1g<\/em>. (K. Fogarasi, D. Ittz\u00e9s, &amp; D. M\u00e1ny, Eds.) (Vol. I). Budapest: Akad\u00e9miai Kiad\u00f3. <a href=\"http:\/\/doi.org\/10.1556\/9789636640910\">http:\/\/doi.org\/10.1556\/9789636640910<\/a><\/p>\n<p style=\"text-align: justify\">[2] <strong>Ittz\u00e9s, D., Szab\u00f3, M., Zalatnai, A., &amp; Fogarasi, K.<\/strong> (2024). A m\u00e1jjal kapcsolatos \u00e9rz\u00e9kszervi \u00e9szleletek terminol\u00f3gi\u00e1ja 19. sz\u00e1zadi \u00e9s jelenkori k\u00f3rboncol\u00e1si jegyz\u0151k\u00f6nyvekben. In\u00a0<em>Tud\u00e1smegoszt\u00e1s, inform\u00e1ci\u00f3kezel\u00e9s, alkalmazhat\u00f3s\u00e1g<\/em>\u00a0(Vol. I, pp. 89\u201399).<\/p>\n<p style=\"text-align: justify\">[3] <strong>Ittz\u00e9s, D., Szab\u00f3, M., Fogarasi, K., &amp; Zalatnai, A.<\/strong> (2024). Depiction of the brain then and now: synchronic and diachronic terminology of 19th and 21st century Hungarian autopsy reports. In\u00a0<em>Semmelweis Medical Linguistics Conference 2024: Book of Abstracts<\/em>\u00a0(pp. 24\u201324).<\/p>\n<p style=\"text-align: justify\">[4] <strong>Ittz\u00e9s, D., Szab\u00f3, M., Zalatnai, A., &amp; Fogarasi, K.<\/strong> (2023). Hungarian-English-German comparative terminological analysis of descriptions and diagnoses of lung alterations in autopsy reports. In\u00a0<em>Semmelweis Medical Linguistics Conference 2023<\/em><em>\u202f: Impact of Sociocultural Factors on Health Communication Hybrid Conference<\/em>\u00a0(pp. 32\u201332).<\/p>\n<p style=\"text-align: justify\">[5] <strong>Ittz\u00e9s, D., Szab\u00f3, M., Zalatnai, A., &amp; Fogarasi, K.<\/strong> (2023). A szaknyelvi standardt\u00f3l elt\u00e9r\u0151 angol terminusok a 21. sz\u00e1zadi k\u00f3rbonctani diagn\u00f3zisokban.\u00a0<em>PORTA LINGUA<\/em>,\u00a0<em>2023<\/em>(2), 43\u201355. <a href=\"http:\/\/doi.org\/10.48040\/PL.2023.2.4\">http:\/\/doi.org\/10.48040\/PL.2023.2.4<\/a><\/p>\n<p style=\"text-align: justify\">[6] <strong>Ittz\u00e9s, D., Szab\u00f3, M., Zalatnai, A., &amp; Fogarasi, K.<\/strong> (2022). 19. sz\u00e1zadi arch\u00edv k\u00f3rboncol\u00e1si jegyz\u0151k\u00f6nyvek terminol\u00f3giai saj\u00e1toss\u00e1gai. In\u00a0<em>Nyelvek, nyelvv\u00e1ltozatok, k\u00f6vetkezm\u00e9nyek II.<\/em>\u00a0(Vol. 13\/2).<\/p>\n<p style=\"text-align: justify\">[7] <strong>Ittz\u00e9s, D., Szab\u00f3, M., Zalatnai, A., &amp; Fogarasi, K.<\/strong> (2022). Ar\u00e1nyi Lajos \u00e9s a k\u00f3rboncol\u00e1si jegyz\u0151k\u00f6nyvek az 1860-as \u00e9vekben.\u00a0<em>PORTA LINGUA<\/em>, (2), 45\u201364. <a href=\"http:\/\/doi.org\/10.48040\/PL.2022.2.5\">http:\/\/doi.org\/10.48040\/PL.2022.2.5<\/a><\/p>\n<p style=\"text-align: justify\">[8] <strong>Ittz\u00e9s, D., Szab\u00f3, M., Zalatnai, A., &amp; Fogarasi, K.<\/strong> (2021). XIX. sza\u0301zadi arch\u00edv k\u00f3rboncola\u0301si jegyz\u0151k\u00f6nyvek terminol\u00f3giai saja\u0301tossa\u0301gai. In\u00a0<em>XXVIII. MAGYAR ALKALMAZOTT NYELVESZETI KONGRESSZUS<\/em>\u00a0(p. 31).<\/p>\n","protected":false},"excerpt":{"rendered":"<p>[1] Fogarasi, K., Ittz\u00e9s, D., &amp; M\u00e1ny, D. (2024).\u00a0Tud\u00e1smegoszt\u00e1s, inform\u00e1ci\u00f3kezel\u00e9s, alkalmazhat\u00f3s\u00e1g. (K. Fogarasi, D. Ittz\u00e9s, &amp; D. M\u00e1ny, Eds.) (Vol. I). Budapest: Akad\u00e9miai Kiad\u00f3. <a href=\"http:\/\/doi.org\/10.1556\/9789636640910\">http:\/\/doi.org\/10.1556\/9789636640910<\/a> [2] Ittz\u00e9s, D., Szab\u00f3, M., Zalatnai, A., &amp; Fogarasi, K. (2024). A m\u00e1jjal kapcsolatos \u00e9rz\u00e9kszervi \u00e9szleletek terminol\u00f3gi\u00e1ja 19. sz\u00e1zadi \u00e9s jelenkori k\u00f3rboncol\u00e1si jegyz\u0151k\u00f6nyvekben. In\u00a0Tud\u00e1smegoszt\u00e1s, inform\u00e1ci\u00f3kezel\u00e9s, alkalmazhat\u00f3s\u00e1g\u00a0(Vol. I, pp. 89\u201399). [3] Ittz\u00e9s, &hellip;<\/p>\n","protected":false},"author":102166,"featured_media":0,"parent":0,"menu_order":0,"comment_status":"closed","ping_status":"closed","template":"","meta":{"_acf_changed":false,"footnotes":""},"categories":[],"tags":[],"class_list":["post-11864","page","type-page","status-publish","hentry"],"acf":[],"_links":{"self":[{"href":"https:\/\/semmelweis.hu\/szaknyelv\/wp-json\/wp\/v2\/pages\/11864","targetHints":{"allow":["GET"]}}],"collection":[{"href":"https:\/\/semmelweis.hu\/szaknyelv\/wp-json\/wp\/v2\/pages"}],"about":[{"href":"https:\/\/semmelweis.hu\/szaknyelv\/wp-json\/wp\/v2\/types\/page"}],"author":[{"embeddable":true,"href":"https:\/\/semmelweis.hu\/szaknyelv\/wp-json\/wp\/v2\/users\/102166"}],"replies":[{"embeddable":true,"href":"https:\/\/semmelweis.hu\/szaknyelv\/wp-json\/wp\/v2\/comments?post=11864"}],"version-history":[{"count":4,"href":"https:\/\/semmelweis.hu\/szaknyelv\/wp-json\/wp\/v2\/pages\/11864\/revisions"}],"predecessor-version":[{"id":14186,"href":"https:\/\/semmelweis.hu\/szaknyelv\/wp-json\/wp\/v2\/pages\/11864\/revisions\/14186"}],"wp:attachment":[{"href":"https:\/\/semmelweis.hu\/szaknyelv\/wp-json\/wp\/v2\/media?parent=11864"}],"wp:term":[{"taxonomy":"category","embeddable":true,"href":"https:\/\/semmelweis.hu\/szaknyelv\/wp-json\/wp\/v2\/categories?post=11864"},{"taxonomy":"post_tag","embeddable":true,"href":"https:\/\/semmelweis.hu\/szaknyelv\/wp-json\/wp\/v2\/tags?post=11864"}],"curies":[{"name":"wp","href":"https:\/\/api.w.org\/{rel}","templated":true}]}}