{"id":11860,"date":"2023-11-20T12:53:36","date_gmt":"2023-11-20T11:53:36","guid":{"rendered":"https:\/\/semmelweis.hu\/szaknyelv\/?page_id=11860"},"modified":"2023-11-20T12:55:30","modified_gmt":"2023-11-20T11:55:30","slug":"11860-2","status":"publish","type":"page","link":"https:\/\/semmelweis.hu\/szaknyelv\/11860-2\/","title":{"rendered":""},"content":{"rendered":"<p style=\"text-align: justify\"><strong>Horv\u00e1th, \u00c1. (2023).<\/strong> Betegbiztons\u00e1g \u00e9s hat\u00e9kony kommunik\u00e1ci\u00f3 multikultur\u00e1lis \u00e9s t\u00f6bbnyelv\u0171 eg\u00e9szs\u00e9g\u00fcgyi int\u00e9zm\u00e9nyekben. Nemzetk\u00f6zi j\u00f3 gyakorlatok hazai adapt\u00e1l\u00e1s\u00e1nak lehet\u0151s\u00e9gei. Alkalmazott Nyelvtudom\u00e1ny, (1), 5\u201334. doi:http:\/\/dx.doi.org\/10.18460\/ANY.K.2023.1.001<\/p>\n<p style=\"text-align: justify\"><strong>Horv\u00e1th, \u00c1. (2023).<\/strong> Translations for patient safety communication: Vital documents in the Hungarian health sector. Stridon, 3(1), 5\u201327. <a href=\"https:\/\/doi.org\/10.4312\/stridon.3.1.5-27\">https:\/\/doi.org\/10.4312\/stridon.3.1.5-27<\/a><\/p>\n<p style=\"text-align: justify\"><strong>Horv\u00e1th, \u00c1. (2023).<\/strong> Betegbiztons\u00e1g \u00e9s hat\u00e9kony kommunik\u00e1ci\u00f3 multikultur\u00e1lis \u00e9s t\u00f6bbnyelv\u0171 eg\u00e9szs\u00e9g\u00fcgyi int\u00e9zm\u00e9nyekben. Nemzetk\u00f6zi j\u00f3 gyakorlatok hazai adapt\u00e1l\u00e1s\u00e1nak lehet\u0151s\u00e9gei. Alkalmazott Nyelvtudom\u00e1ny, (1), 5\u201334. doi:http:\/\/dx.doi.org\/10.18460\/ANY.K.2023.1.001<\/p>\n<p style=\"text-align: justify\"><strong>Horv\u00e1th, \u00c1. (2023).<\/strong> Translations for patient safety communication: Vital documents in the Hungarian health sector. Stridon, 3(1), 5\u201327. https:\/\/doi.org\/10.4312\/stridon.3.1.5-27<\/p>\n<p style=\"text-align: justify\"><strong>Horv\u00e1th, \u00c1., &amp; Moln\u00e1r, P. (2021).<\/strong> A review of patient safety communication in multicultural and multilingual healthcare settings with special attention to the U.S. and Canada. Developing Health Sciences. https:\/\/akjournals.com\/view\/journals\/2066\/aop\/article-10.1556-2066.2021.00041\/article-10.1556-2066.2021.00041.xm<\/p>\n<p style=\"text-align: justify\"><strong>Horv\u00e1th \u00c1gnes, Bak\u00f3 Alexandra Vivien, Csenki-B\u00f3zs\u00f3 R\u00e9ka, Fogarasi Katalin, M\u00e1ny D\u00e1niel, Sinkovics Bal\u00e1zs, Stotzer Andrea M\u00e1ria, Sz\u0171cs Zsuzsanna, Keresztes Csilla<br \/>\n<\/strong>Ford\u00edt\u00e1sokkal a nyelvi seg\u00edts\u00e9gny\u00fajt\u00e1s t\u00e1mogat\u00e1s\u00e1\u00e9rt a magyarorsz\u00e1gi eg\u00e9szs\u00e9g\u00fcgyi ell\u00e1t\u00e1sban<br \/>\nIn: Hazai \u00e9s nemzetk\u00f6zi partners\u00e9g a szaknyelvtud\u00e1s\u00e9rt &#8211; XXII. SZOKOE nemzetk\u00f6zi szaknyelvi konferencia. (2022) 50 p. p. 21<\/p>\n","protected":false},"excerpt":{"rendered":"<p>Horv\u00e1th, \u00c1. (2023). Betegbiztons\u00e1g \u00e9s hat\u00e9kony kommunik\u00e1ci\u00f3 multikultur\u00e1lis \u00e9s t\u00f6bbnyelv\u0171 eg\u00e9szs\u00e9g\u00fcgyi int\u00e9zm\u00e9nyekben. Nemzetk\u00f6zi j\u00f3 gyakorlatok hazai adapt\u00e1l\u00e1s\u00e1nak lehet\u0151s\u00e9gei. Alkalmazott Nyelvtudom\u00e1ny, (1), 5\u201334. doi:http:\/\/dx.doi.org\/10.18460\/ANY.K.2023.1.001 Horv\u00e1th, \u00c1. (2023). Translations for patient safety communication: Vital documents in the Hungarian health sector. Stridon, 3(1), 5\u201327. <a href=\"https:\/\/doi.org\/10.4312\/stridon.3.1.5-27\">https:\/\/doi.org\/10.4312\/stridon.3.1.5-27<\/a> Horv\u00e1th, \u00c1. (2023). Betegbiztons\u00e1g \u00e9s hat\u00e9kony kommunik\u00e1ci\u00f3 multikultur\u00e1lis \u00e9s t\u00f6bbnyelv\u0171 eg\u00e9szs\u00e9g\u00fcgyi int\u00e9zm\u00e9nyekben. Nemzetk\u00f6zi j\u00f3 &hellip;<\/p>\n","protected":false},"author":102166,"featured_media":0,"parent":0,"menu_order":0,"comment_status":"closed","ping_status":"closed","template":"","meta":{"_acf_changed":false,"footnotes":""},"categories":[],"tags":[],"class_list":["post-11860","page","type-page","status-publish","hentry"],"acf":[],"_links":{"self":[{"href":"https:\/\/semmelweis.hu\/szaknyelv\/wp-json\/wp\/v2\/pages\/11860","targetHints":{"allow":["GET"]}}],"collection":[{"href":"https:\/\/semmelweis.hu\/szaknyelv\/wp-json\/wp\/v2\/pages"}],"about":[{"href":"https:\/\/semmelweis.hu\/szaknyelv\/wp-json\/wp\/v2\/types\/page"}],"author":[{"embeddable":true,"href":"https:\/\/semmelweis.hu\/szaknyelv\/wp-json\/wp\/v2\/users\/102166"}],"replies":[{"embeddable":true,"href":"https:\/\/semmelweis.hu\/szaknyelv\/wp-json\/wp\/v2\/comments?post=11860"}],"version-history":[{"count":1,"href":"https:\/\/semmelweis.hu\/szaknyelv\/wp-json\/wp\/v2\/pages\/11860\/revisions"}],"predecessor-version":[{"id":11861,"href":"https:\/\/semmelweis.hu\/szaknyelv\/wp-json\/wp\/v2\/pages\/11860\/revisions\/11861"}],"wp:attachment":[{"href":"https:\/\/semmelweis.hu\/szaknyelv\/wp-json\/wp\/v2\/media?parent=11860"}],"wp:term":[{"taxonomy":"category","embeddable":true,"href":"https:\/\/semmelweis.hu\/szaknyelv\/wp-json\/wp\/v2\/categories?post=11860"},{"taxonomy":"post_tag","embeddable":true,"href":"https:\/\/semmelweis.hu\/szaknyelv\/wp-json\/wp\/v2\/tags?post=11860"}],"curies":[{"name":"wp","href":"https:\/\/api.w.org\/{rel}","templated":true}]}}