{"id":11830,"date":"2023-11-17T13:49:47","date_gmt":"2023-11-17T12:49:47","guid":{"rendered":"https:\/\/semmelweis.hu\/szaknyelv\/?page_id=11830"},"modified":"2024-10-04T11:58:35","modified_gmt":"2024-10-04T09:58:35","slug":"szakfordito-es-tolmacskepzes","status":"publish","type":"page","link":"https:\/\/semmelweis.hu\/szaknyelv\/oktatas\/temavezetes\/posztgradualis-kepzes\/szakfordito-es-tolmacskepzes\/","title":{"rendered":"Szakford\u00edt\u00f3- \u00e9s tolm\u00e1csk\u00e9pz\u00e9s"},"content":{"rendered":"<p><strong>Szakdolgozati t\u00e9m\u00e1k a Szakford\u00edt\u00f3- \u00e9s tolm\u00e1csk\u00e9pz\u00e9sen<\/strong><\/p>\n<p>Magyar-angol nyelvp\u00e1r<\/p>\n<table style=\"width: 93.8424%;height: 1106px\" width=\"683\">\n<tbody>\n<tr style=\"height: 32px\">\n<td style=\"width: 42.2031%;height: 32px\" width=\"318\"><strong>Szakdolgozat t\u00e9m\u00e1k<\/strong><\/td>\n<td style=\"width: 44.1984%;height: 32px\" width=\"162\"><strong>T\u00e9mavezet\u0151<\/strong><\/td>\n<td style=\"width: 49.1666%;height: 32px\" width=\"203\"><strong>T\u00e9mavezet\u0151 el\u00e9rhet\u0151s\u00e9ge<\/strong><\/td>\n<\/tr>\n<tr style=\"height: 62px\">\n<td style=\"width: 42.2031%;height: 62px\" width=\"318\">\u00d6sszehasonl\u00edt\u00f3 terminol\u00f3giai elemz\u00e9s eg\u00e9szs\u00e9gtudom\u00e1nyi ford\u00edt\u00e1sokban<\/td>\n<td style=\"width: 44.1984%;height: 62px\" width=\"162\">Zimonyi-Bak\u00f3 Alexandra\u00a0<\/td>\n<td style=\"width: 49.1666%;height: 62px\"><a href=\"bako.alexandra@semmelweis.hu\"><span class=\"tel-value\">bako.alexandra@semmelweis.hu<\/span><\/a><\/td>\n<\/tr>\n<tr style=\"height: 62px\">\n<td style=\"width: 42.2031%;height: 62px\" width=\"318\">A m\u0171faji jellemz\u0151k hat\u00e1sa a ford\u00edt\u00e1sra eg\u00e9szs\u00e9gtudom\u00e1nyi t\u00e9m\u00e1j\u00fa sz\u00f6vegekben<\/td>\n<td style=\"width: 44.1984%;height: 94px\" rowspan=\"2\" width=\"162\">Dr. Horv\u00e1th \u00c1gnes<\/td>\n<td style=\"width: 49.1666%;height: 94px\" rowspan=\"2\"><a href=\"horvath.agnes@semmelweis.hu\"><span class=\"tel-value\">horvath.agnes@semmelweis.hu<\/span><\/a><\/td>\n<\/tr>\n<tr style=\"height: 32px\">\n<td style=\"width: 42.2031%;height: 32px\" width=\"318\">Beleegyez\u0151 nyilatkozatok ford\u00edt\u00e1sa<\/td>\n<\/tr>\n<tr style=\"height: 32px\">\n<td style=\"width: 42.2031%;height: 32px\">Betegk\u00f6zpont\u00fas\u00e1g a szakford\u00edt\u00e1sban<\/td>\n<td style=\"width: 44.1984%;height: 32px\">Dr. Marthy Annam\u00e1ria<\/td>\n<td style=\"width: 49.1666%;height: 32px\"><a href=\"marthy.annamaria@semmelweis.hu\"><span class=\"tel-value\">marthy.annamaria@semmelweis.hu<\/span><\/a><\/td>\n<\/tr>\n<tr style=\"height: 32px\">\n<td style=\"width: 42.2031%;height: 32px\" width=\"318\">Betegk\u00f6zpont\u00fas\u00e1g a szakford\u00edt\u00e1sban<\/td>\n<td style=\"width: 44.1984%;height: 94px\" rowspan=\"2\" width=\"162\">Dr. Tak\u00e1cs T\u00edmea\u00a0<\/td>\n<td style=\"width: 49.1666%;height: 94px\" rowspan=\"2\">\n<p>&nbsp;<\/p>\n<p><a href=\"takacs.timea@semmelweis.hu\">takacs.timea@semmelweis.hu<\/a><\/p>\n<\/td>\n<\/tr>\n<tr style=\"height: 62px\">\n<td style=\"width: 42.2031%;height: 62px\" width=\"318\">Nyelvhelyess\u00e9g az eg\u00e9szs\u00e9gtudom\u00e1nyi szakford\u00edt\u00e1sban<\/td>\n<\/tr>\n<tr style=\"height: 32px\">\n<td style=\"width: 42.2031%;height: 32px\" width=\"318\">Betegk\u00f6zpont\u00fas\u00e1g a szakford\u00edt\u00e1sban<\/td>\n<td style=\"width: 44.1984%;height: 64px\" rowspan=\"2\" width=\"162\">Dr. Marshall Barbara<\/td>\n<td style=\"width: 49.1666%;height: 64px\" rowspan=\"2\"><a href=\"marshall.barbara@semmelweis.hu\"><span class=\"tel-value\">marshall.barbara@semmelweis.hu<\/span><\/a><\/td>\n<\/tr>\n<tr style=\"height: 32px\">\n<td style=\"width: 42.2031%;height: 32px\" width=\"318\">Interkulturalit\u00e1s a szakford\u00edt\u00e1sban<\/td>\n<\/tr>\n<tr style=\"height: 62px\">\n<td style=\"width: 42.2031%;height: 62px\" width=\"318\">Szociolingvisztikai probl\u00e9m\u00e1k az orvosi sz\u00f6vegek ford\u00edt\u00e1s\u00e1ban<\/td>\n<td style=\"width: 44.1984%;height: 94px\" rowspan=\"2\" width=\"162\">Dr. M\u00e1ny D\u00e1niel<\/td>\n<td style=\"width: 49.1666%;height: 94px\" rowspan=\"2\"><a href=\"many.daniel@semmelweis.hu\"><span class=\"tel-value\">many.daniel@semmelweis.hu<\/span><\/a><\/td>\n<\/tr>\n<tr style=\"height: 32px\">\n<td style=\"width: 42.2031%;height: 32px\" width=\"318\">Betegt\u00e1j\u00e9koztat\u00f3k ford\u00edt\u00e1sa<\/td>\n<\/tr>\n<tr style=\"height: 92px\">\n<td style=\"width: 42.2031%;height: 92px\" width=\"318\">St\u00edlusok \u00e9s regiszterek az eg\u00e9szs\u00e9gtudom\u00e1nyi szakford\u00edt\u00e1sban &#8211; Betegk\u00f6zpont\u00fa ford\u00edt\u00e1s<\/td>\n<td style=\"width: 44.1984%;height: 92px\">G\u00f3r\u00e1sz Judit\u00a0<\/td>\n<td style=\"width: 49.1666%;height: 92px\"><a href=\"nagyne.gorasz.judit@semmelweis.hu\"><span class=\"tel-value\">nagyne.gorasz.judit@semmelweis.hu<\/span><\/a><\/td>\n<\/tr>\n<tr style=\"height: 32px\">\n<td style=\"width: 42.2031%;height: 32px\" width=\"318\">\u00d6sszehasonl\u00edt\u00f3 terminol\u00f3giai elemz\u00e9s eg\u00e9szs\u00e9gtudom\u00e1nyi ford\u00edt\u00e1sokban<\/td>\n<td style=\"width: 44.1984%;height: 32px\" width=\"162\">Sch\u00fcszler Tamara<\/td>\n<td style=\"width: 49.1666%;height: 32px\"><a href=\"schuszler.tamara@semmelweis.hu\"><span class=\"tel-value\">schuszler.tamara@semmelweis.hu<\/span><\/a><\/td>\n<\/tr>\n<tr style=\"height: 40px\">\n<td style=\"width: 42.2031%;height: 40px\" width=\"318\">Jellemz\u0151 \u00e1tv\u00e1lt\u00e1si m\u0171veletek az eg\u00e9szs\u00e9gtudom\u00e1nyi sz\u00f6vegek ford\u00edt\u00e1sa sor\u00e1n<\/td>\n<td style=\"width: 44.1984%;height: 72px\" rowspan=\"2\" width=\"162\">Gab\u00e1nyi R\u00e9ka Rebeka<\/td>\n<td style=\"width: 49.1666%;height: 72px\" rowspan=\"2\"><a href=\"gabanyi.reka.rebeka@semmelweis.hu\"><span class=\"tel-value\">gabanyi.reka.rebeka@semmelweis.hu<\/span><\/a><\/td>\n<\/tr>\n<tr style=\"height: 32px\">\n<td style=\"width: 42.2031%;height: 32px\" width=\"318\">Orvosi marketingsz\u00f6vegek ford\u00edt\u00e1sa<\/td>\n<\/tr>\n<\/tbody>\n<\/table>\n<p>&nbsp;<\/p>\n<p>Magyar-n\u00e9met nyelvp\u00e1r<\/p>\n<table style=\"width: 94.0557%\">\n<tbody>\n<tr>\n<td style=\"width: 36.7208%\" width=\"318\"><strong>Szakdolgozat t\u00e9m\u00e1k<\/strong><\/td>\n<td style=\"width: 35.0061%\" width=\"162\"><strong>T\u00e9mavezet\u0151<\/strong><\/td>\n<td style=\"width: 63.1712%\" width=\"203\"><strong>T\u00e9mavezet\u0151 el\u00e9rhet\u0151s\u00e9ge<\/strong><\/td>\n<\/tr>\n<tr>\n<td style=\"width: 36.7208%\" width=\"318\">Grammatikai \u00e1tv\u00e1lt\u00e1sok eg\u00e9szs\u00e9gtudom\u00e1nyi szaksz\u00f6vegek ford\u00edt\u00e1sa sor\u00e1n<\/td>\n<td style=\"width: 35.0061%\" width=\"162\">Kov\u00e1cs-Dobos Krisztina<\/td>\n<td style=\"width: 63.1712%\"><a href=\"kovacskrisztinaofficial@gmail.com\"><span class=\"tel-value\">kovacskrisztinaofficial@gmail.com<\/span><\/a><\/td>\n<\/tr>\n<tr>\n<td style=\"width: 36.7208%\">Lexikai \u00e9s grammatikai \u00e1tv\u00e1lt\u00e1si m\u0171veletek klinikai vizsg\u00e1lati \u00f6sszefoglal\u00f3kban<\/td>\n<td style=\"width: 35.0061%\" width=\"162\">Kov\u00e1cs-Dobos Krisztina<\/td>\n<td style=\"width: 63.1712%\"><a href=\"kovacskrisztinaofficial@gmail.com\"><span class=\"tel-value\">kovacskrisztinaofficial@gmail.com<\/span><\/a><\/td>\n<\/tr>\n<tr>\n<td style=\"width: 36.7208%\" width=\"318\">Jellemz\u0151 \u00e1tv\u00e1lt\u00e1si m\u0171veletek eg\u00e9szs\u00e9gtudom\u00e1nyi szaksz\u00f6vegek ford\u00edt\u00e1sa sor\u00e1n<\/td>\n<td style=\"width: 35.0061%\" width=\"162\">Kov\u00e1cs-Dobos Krisztina<\/td>\n<td style=\"width: 63.1712%\"><a href=\"kovacskrisztinaofficial@gmail.com\"><span class=\"tel-value\">kovacskrisztinaofficial@gmail.com<\/span><\/a><\/td>\n<\/tr>\n<tr>\n<td style=\"width: 36.7208%;text-align: left\" width=\"318\">A m\u0171faji jellemz\u0151k hat\u00e1sa a ford\u00edt\u00e1sra eg\u00e9szs\u00e9gtudom\u00e1nyi t\u00e9m\u00e1j\u00fa sz\u00f6vegekben<\/td>\n<td style=\"width: 35.0061%;text-align: left\" width=\"162\">\n<p>Kov\u00e1cs-Dobos Krisztina,<\/p>\n<p>Dr. Horv\u00e1th \u00c1gnes<\/p>\n<\/td>\n<td style=\"width: 63.1712%\">\n<p><a href=\"kovacskrisztinaofficial@gmail.com\"><span class=\"tel-value\">kovacskrisztinaofficial@gmail.com<\/span><\/a><\/p>\n<p><a href=\"horvath.agnes@semmelweis.hu\">horvath.agnes@semmelweis.hu<\/a><\/p>\n<\/td>\n<\/tr>\n<tr>\n<td style=\"width: 36.7208%\">Terminol\u00f3giai kih\u00edv\u00e1sok eg\u00e9szs\u00e9gtudom\u00e1nyi sz\u00f6vegek szakford\u00edt\u00e1s\u00e1ban<\/td>\n<td style=\"width: 35.0061%\" width=\"162\">\n<p>Dr. habil. Fogarasi Katalin,<\/p>\n<p>Kov\u00e1cs-Dobos Krisztina<\/p>\n<\/td>\n<td style=\"width: 63.1712%\">\n<p><a href=\"fogarasi.katalin@semmelweis.hu\">fogarasi.katalin@semmelweis.hu<\/a><\/p>\n<p><a href=\"kovacskrisztinaofficial@gmail.com\"><span class=\"tel-value\">kovacskrisztinaofficial@gmail.com<\/span><\/a><\/p>\n<\/td>\n<\/tr>\n<\/tbody>\n<\/table>\n<p>&nbsp;<\/p>\n","protected":false},"excerpt":{"rendered":"<p>Szakdolgozati t\u00e9m\u00e1k a Szakford\u00edt\u00f3- \u00e9s tolm\u00e1csk\u00e9pz\u00e9sen Magyar-angol nyelvp\u00e1r Szakdolgozat t\u00e9m\u00e1k T\u00e9mavezet\u0151 T\u00e9mavezet\u0151 el\u00e9rhet\u0151s\u00e9ge \u00d6sszehasonl\u00edt\u00f3 terminol\u00f3giai elemz\u00e9s eg\u00e9szs\u00e9gtudom\u00e1nyi ford\u00edt\u00e1sokban Zimonyi-Bak\u00f3 Alexandra\u00a0 <a href=\"bako.alexandra@semmelweis.hu\">bako.alexandra@semmelweis.hu<\/a> A m\u0171faji jellemz\u0151k hat\u00e1sa a ford\u00edt\u00e1sra eg\u00e9szs\u00e9gtudom\u00e1nyi t\u00e9m\u00e1j\u00fa sz\u00f6vegekben Dr. Horv\u00e1th \u00c1gnes <a href=\"horvath.agnes@semmelweis.hu\">horvath.agnes@semmelweis.hu<\/a> Beleegyez\u0151 nyilatkozatok ford\u00edt\u00e1sa Betegk\u00f6zpont\u00fas\u00e1g a szakford\u00edt\u00e1sban Dr. Marthy Annam\u00e1ria <a href=\"marthy.annamaria@semmelweis.hu\">marthy.annamaria@semmelweis.hu<\/a> Betegk\u00f6zpont\u00fas\u00e1g a szakford\u00edt\u00e1sban Dr. Tak\u00e1cs T\u00edmea\u00a0 &nbsp; <a href=\"takacs.timea@semmelweis.hu\">takacs.timea@semmelweis.hu<\/a> Nyelvhelyess\u00e9g az eg\u00e9szs\u00e9gtudom\u00e1nyi szakford\u00edt\u00e1sban Betegk\u00f6zpont\u00fas\u00e1g a szakford\u00edt\u00e1sban &hellip;<\/p>\n","protected":false},"author":102166,"featured_media":0,"parent":11817,"menu_order":0,"comment_status":"closed","ping_status":"closed","template":"","meta":{"_acf_changed":false,"footnotes":""},"categories":[],"tags":[],"class_list":["post-11830","page","type-page","status-publish","hentry"],"acf":[],"_links":{"self":[{"href":"https:\/\/semmelweis.hu\/szaknyelv\/wp-json\/wp\/v2\/pages\/11830","targetHints":{"allow":["GET"]}}],"collection":[{"href":"https:\/\/semmelweis.hu\/szaknyelv\/wp-json\/wp\/v2\/pages"}],"about":[{"href":"https:\/\/semmelweis.hu\/szaknyelv\/wp-json\/wp\/v2\/types\/page"}],"author":[{"embeddable":true,"href":"https:\/\/semmelweis.hu\/szaknyelv\/wp-json\/wp\/v2\/users\/102166"}],"replies":[{"embeddable":true,"href":"https:\/\/semmelweis.hu\/szaknyelv\/wp-json\/wp\/v2\/comments?post=11830"}],"version-history":[{"count":8,"href":"https:\/\/semmelweis.hu\/szaknyelv\/wp-json\/wp\/v2\/pages\/11830\/revisions"}],"predecessor-version":[{"id":11833,"href":"https:\/\/semmelweis.hu\/szaknyelv\/wp-json\/wp\/v2\/pages\/11830\/revisions\/11833"}],"up":[{"embeddable":true,"href":"https:\/\/semmelweis.hu\/szaknyelv\/wp-json\/wp\/v2\/pages\/11817"}],"wp:attachment":[{"href":"https:\/\/semmelweis.hu\/szaknyelv\/wp-json\/wp\/v2\/media?parent=11830"}],"wp:term":[{"taxonomy":"category","embeddable":true,"href":"https:\/\/semmelweis.hu\/szaknyelv\/wp-json\/wp\/v2\/categories?post=11830"},{"taxonomy":"post_tag","embeddable":true,"href":"https:\/\/semmelweis.hu\/szaknyelv\/wp-json\/wp\/v2\/tags?post=11830"}],"curies":[{"name":"wp","href":"https:\/\/api.w.org\/{rel}","templated":true}]}}