{"id":11819,"date":"2023-11-17T13:37:59","date_gmt":"2023-11-17T12:37:59","guid":{"rendered":"https:\/\/semmelweis.hu\/szaknyelv\/?page_id=11819"},"modified":"2024-08-05T14:22:36","modified_gmt":"2024-08-05T12:22:36","slug":"phd","status":"publish","type":"page","link":"https:\/\/semmelweis.hu\/szaknyelv\/oktatas\/temavezetes\/phd\/","title":{"rendered":"PhD"},"content":{"rendered":"<p><strong>T\u00e9m\u00e1k PhD hallgat\u00f3k r\u00e9sz\u00e9re<br \/>\n<\/strong><\/p>\n<table style=\"width: 100.351%\" width=\"683\">\n<tbody>\n<tr>\n<td style=\"width: 61.2361%\" width=\"318\"><strong>T\u00e9m\u00e1k<\/strong><\/td>\n<td style=\"width: 35.7249%\" width=\"162\"><strong>T\u00e9mavezet\u0151<\/strong><\/td>\n<td style=\"width: 43.5138%\" width=\"203\"><strong>T\u00e9mavezet\u0151 el\u00e9rhet\u0151s\u00e9ge<\/strong><\/td>\n<\/tr>\n<tr>\n<td style=\"width: 61.2361%\" width=\"318\">Eg\u00e9szs\u00e9g\u00fcgyi dokument\u00e1ci\u00f3 komplex elemz\u00e9se<\/td>\n<td style=\"width: 35.7249%\" width=\"162\">Dr. Fogarasi Katalin<\/td>\n<td style=\"width: 43.5138%\"><a href=\"fogarasi.katalin@semmelweis.hu\"><span class=\"tel-value\">fogarasi.katalin@semmelweis.hu<\/span><\/a><\/td>\n<\/tr>\n<tr>\n<td style=\"width: 61.2361%\">A Semmelweis Egyetem Fogorvostudom\u00e1nyi Kar\u00e1n tanul\u00f3 magyar \u00e9s k\u00fclf\u00f6ldi fogorvostan-hallgat\u00f3k<br \/>\nmagyar anyanyelv\u0171 p\u00e1cienseikkel t\u00f6rt\u00e9n\u0151<br \/>\nkommunik\u00e1ci\u00f3j\u00e1nak vizsg\u00e1lata<\/td>\n<td style=\"width: 35.7249%\">Dr. Schmidtn\u00e9 Dr. Putz M\u00f3nika<\/td>\n<td style=\"width: 43.5138%\"><a href=\"schmidtne-putz.monika@semmelweis.hu\"><span class=\"tel-value\">schmidtne-putz.monika@semmelweis.hu<\/span><\/a><\/td>\n<\/tr>\n<\/tbody>\n<\/table>\n<p>&nbsp;<\/p>\n<table style=\"border-collapse: collapse;width: 101.074%\">\n<tbody>\n<tr>\n<td style=\"width: 19.2376%\"><strong>Doktori iskola<\/strong><\/td>\n<td style=\"width: 22.2517%\"><strong>Hallgat\u00f3 neve<\/strong><\/td>\n<td style=\"width: 15.8689%\"><strong>Kutat\u00e1si t\u00e9ma<\/strong><\/td>\n<td style=\"width: 43.7171%\"><strong>T\u00e9mavezet\u0151k<\/strong><\/td>\n<\/tr>\n<tr>\n<td style=\"width: 19.2376%\">P\u00e9csi Tudom\u00e1nyegyetem Eg\u00e9szs\u00e9gtudom\u00e1nyi Doktori Iskola<\/td>\n<td style=\"width: 22.2517%\">Dr. So\u00f3s Adrienn<\/td>\n<td style=\"width: 15.8689%\">Korszer\u0171 oktat\u00e1si m\u00f3dszerek \u00e9s eszk\u00f6z\u00f6k alkalmaz\u00e1sa a tanul\u00e1si motiv\u00e1ci\u00f3 \u00e9s \u00e9lm\u00e9ny n\u00f6vel\u00e9se \u00e9rdek\u00e9ben<\/td>\n<td style=\"width: 43.7171%\">\n<div><strong>Dr. med. habil. Radnai Bal\u00e1zs<\/strong> <strong>PhD<\/strong>, egyetemi docens, d\u00e9k\u00e1ni megb\u00edzott, int\u00e9zetigazgat\u00f3, P\u00e9csi Tudom\u00e1nyegyetem, Eg\u00e9szs\u00e9gtudom\u00e1nyi Kar,\u00a0Eg\u00e9szs\u00e9gtudom\u00e1nyi\u00a0Alapoz\u00f3, Sz\u00fcl\u00e9szn\u0151i \u00e9s V\u00e9d\u0151n\u0151i Int\u00e9zet<br \/>\n<strong>Kereszt\u00e9lyn\u00e9 Barta Andrea PhD,<\/strong> egyetemi docens, orvosi terminol\u00f3gia szakfelel\u0151s, Semmelweis Egyetem Szaknyelvi Int\u00e9zet<\/div>\n<\/td>\n<\/tr>\n<\/tbody>\n<\/table>\n","protected":false},"excerpt":{"rendered":"<p>T\u00e9m\u00e1k PhD hallgat\u00f3k r\u00e9sz\u00e9re T\u00e9m\u00e1k T\u00e9mavezet\u0151 T\u00e9mavezet\u0151 el\u00e9rhet\u0151s\u00e9ge Eg\u00e9szs\u00e9g\u00fcgyi dokument\u00e1ci\u00f3 komplex elemz\u00e9se Dr. Fogarasi Katalin <a href=\"fogarasi.katalin@semmelweis.hu\">fogarasi.katalin@semmelweis.hu<\/a> A Semmelweis Egyetem Fogorvostudom\u00e1nyi Kar\u00e1n tanul\u00f3 magyar \u00e9s k\u00fclf\u00f6ldi fogorvostan-hallgat\u00f3k magyar anyanyelv\u0171 p\u00e1cienseikkel t\u00f6rt\u00e9n\u0151 kommunik\u00e1ci\u00f3j\u00e1nak vizsg\u00e1lata Dr. Schmidtn\u00e9 Dr. Putz M\u00f3nika <a href=\"schmidtne-putz.monika@semmelweis.hu\">schmidtne-putz.monika@semmelweis.hu<\/a> &nbsp; Doktori iskola Hallgat\u00f3 neve Kutat\u00e1si t\u00e9ma T\u00e9mavezet\u0151k P\u00e9csi Tudom\u00e1nyegyetem Eg\u00e9szs\u00e9gtudom\u00e1nyi Doktori Iskola Dr. So\u00f3s Adrienn Korszer\u0171 oktat\u00e1si m\u00f3dszerek &hellip;<\/p>\n","protected":false},"author":102166,"featured_media":0,"parent":11813,"menu_order":0,"comment_status":"closed","ping_status":"closed","template":"","meta":{"_acf_changed":false,"footnotes":""},"categories":[],"tags":[],"class_list":["post-11819","page","type-page","status-publish","hentry"],"acf":[],"_links":{"self":[{"href":"https:\/\/semmelweis.hu\/szaknyelv\/wp-json\/wp\/v2\/pages\/11819","targetHints":{"allow":["GET"]}}],"collection":[{"href":"https:\/\/semmelweis.hu\/szaknyelv\/wp-json\/wp\/v2\/pages"}],"about":[{"href":"https:\/\/semmelweis.hu\/szaknyelv\/wp-json\/wp\/v2\/types\/page"}],"author":[{"embeddable":true,"href":"https:\/\/semmelweis.hu\/szaknyelv\/wp-json\/wp\/v2\/users\/102166"}],"replies":[{"embeddable":true,"href":"https:\/\/semmelweis.hu\/szaknyelv\/wp-json\/wp\/v2\/comments?post=11819"}],"version-history":[{"count":9,"href":"https:\/\/semmelweis.hu\/szaknyelv\/wp-json\/wp\/v2\/pages\/11819\/revisions"}],"predecessor-version":[{"id":13134,"href":"https:\/\/semmelweis.hu\/szaknyelv\/wp-json\/wp\/v2\/pages\/11819\/revisions\/13134"}],"up":[{"embeddable":true,"href":"https:\/\/semmelweis.hu\/szaknyelv\/wp-json\/wp\/v2\/pages\/11813"}],"wp:attachment":[{"href":"https:\/\/semmelweis.hu\/szaknyelv\/wp-json\/wp\/v2\/media?parent=11819"}],"wp:term":[{"taxonomy":"category","embeddable":true,"href":"https:\/\/semmelweis.hu\/szaknyelv\/wp-json\/wp\/v2\/categories?post=11819"},{"taxonomy":"post_tag","embeddable":true,"href":"https:\/\/semmelweis.hu\/szaknyelv\/wp-json\/wp\/v2\/tags?post=11819"}],"curies":[{"name":"wp","href":"https:\/\/api.w.org\/{rel}","templated":true}]}}