{"id":2674,"date":"2026-02-20T20:28:39","date_gmt":"2026-02-20T19:28:39","guid":{"rendered":"https:\/\/semmelweis.hu\/szakkollegium\/?page_id=2674"},"modified":"2026-02-20T20:46:30","modified_gmt":"2026-02-20T19:46:30","slug":"2025-26-tudomanyos-eredmenyeink","status":"publish","type":"page","link":"https:\/\/semmelweis.hu\/szakkollegium\/magunkrol\/eredmenyeink\/2025-26-tudomanyos-eredmenyeink\/","title":{"rendered":"2025\/26 Tudom\u00e1nyos eredm\u00e9nyeink"},"content":{"rendered":"<div class=\"kvgmc6g5 cxmmr5t8 oygrvhab hcukyx3x c1et5uql ii04i59q\">\n<div dir=\"auto\">\n<div class=\"kvgmc6g5 cxmmr5t8 oygrvhab hcukyx3x c1et5uql ii04i59q\">\n<div dir=\"auto\">\n<div class=\"responsive-tabs\">\n<h2 class=\"tabtitle\">TDK Konferencia<\/h2>\n<div class=\"tabcontent\">\n\n<div class=\"kvgmc6g5 cxmmr5t8 oygrvhab hcukyx3x c1et5uql ii04i59q\">\n<div dir=\"auto\"><strong>SE Tudom\u00e1nyos Di\u00e1kk\u00f6ri Konferencia eredm\u00e9nyei:\u00a0<\/strong><img loading=\"lazy\" decoding=\"async\" class=\"alignnone  wp-image-2689\" style=\"font-size: 1rem\" src=\"https:\/\/semmelweis.hu\/szakkollegium\/files\/2026\/02\/IMG_7796-scaled.jpg\" alt=\"\" width=\"676\" height=\"507\" srcset=\"https:\/\/semmelweis.hu\/szakkollegium\/files\/2026\/02\/IMG_7796-scaled.jpg 2560w, https:\/\/semmelweis.hu\/szakkollegium\/files\/2026\/02\/IMG_7796-400x300.jpg 400w, https:\/\/semmelweis.hu\/szakkollegium\/files\/2026\/02\/IMG_7796-1024x768.jpg 1024w, https:\/\/semmelweis.hu\/szakkollegium\/files\/2026\/02\/IMG_7796-768x576.jpg 768w, https:\/\/semmelweis.hu\/szakkollegium\/files\/2026\/02\/IMG_7796-1536x1152.jpg 1536w, https:\/\/semmelweis.hu\/szakkollegium\/files\/2026\/02\/IMG_7796-2048x1536.jpg 2048w, https:\/\/semmelweis.hu\/szakkollegium\/files\/2026\/02\/IMG_7796-753x565.jpg 753w\" sizes=\"auto, (max-width: 676px) 100vw, 676px\" \/><\/div>\n<\/div>\n<div class=\"kvgmc6g5 cxmmr5t8 oygrvhab hcukyx3x c1et5uql ii04i59q\">\n<div dir=\"auto\">\u00a0<\/div>\n<\/div>\n<div class=\"cxmmr5t8 oygrvhab hcukyx3x c1et5uql o9v6fnle ii04i59q\">\n<div dir=\"auto\">\n<table style=\"width: 98.4624%;height: 1697px\">\n<tbody>\n<tr style=\"height: 47px\">\n<td style=\"width: 40.97%;height: 48px\">\n<p>B\u00e1tyi Dorka, \u00c1OK III.<\/p>\n<\/td>\n<td style=\"width: 46.3221%;height: 48px\">\n<p><span style=\"font-weight: 400\">I. d\u00edj<\/span><\/p>\n<\/td>\n<td style=\"width: 30.6518%;height: 48px\">\n<p>Adatvez\u00e9relt eg\u00e9szs\u00e9g\u00fcgy B<\/p>\n<\/td>\n<\/tr>\n<tr style=\"height: 47px\">\n<td style=\"width: 40.97%;height: 47px\">Hamilton-Meikle Phyllida Kerstin, \u00c1OK VI.<\/td>\n<td style=\"width: 46.3221%;height: 47px\">\n<p><span style=\"font-weight: 400\">I. d\u00edj<\/span><\/p>\n<\/td>\n<td style=\"width: 30.6518%;height: 47px\">\n<p>B\u0151rgy\u00f3gy\u00e1szat<\/p>\n<\/td>\n<\/tr>\n<tr style=\"height: 47px\">\n<td style=\"width: 40.97%;height: 47px\">Hamilton-Meikle Phyllida Kertsin, \u00c1OK VI. (t\u00e1rsszerz\u0151)<\/td>\n<td style=\"width: 46.3221%;height: 47px\">\n<p><span style=\"font-weight: 400\">I. d\u00edj<\/span><\/p>\n<\/td>\n<td style=\"width: 30.6518%;height: 47px\">\n<p>Adatvez\u00e9relt eg\u00e9szs\u00e9g\u00fcgy A\u00a0<\/p>\n<\/td>\n<\/tr>\n<tr style=\"height: 47px\">\n<td style=\"width: 40.97%;height: 51px\">Kov\u00e1cs Vikt\u00f3ria, \u00c1OK III.<\/td>\n<td style=\"width: 46.3221%;height: 51px\">\n<p><span style=\"font-weight: 400\">I. d\u00edj<\/span><\/p>\n<\/td>\n<td style=\"width: 30.6518%;height: 51px\">\n<p>Genetika, molekul\u00e1ris biol\u00f3gia B<\/p>\n<\/td>\n<\/tr>\n<tr style=\"height: 47px\">\n<td style=\"width: 40.97%;height: 47px\">Rim\u00e1r Szonja, GYTK III.<\/td>\n<td style=\"width: 46.3221%;height: 47px\">\n<p><span style=\"font-weight: 400\">I. d\u00edj<\/span><\/p>\n<\/td>\n<td style=\"width: 30.6518%;height: 47px\">\n<p>Immunol\u00f3gia A<\/p>\n<\/td>\n<\/tr>\n<tr style=\"height: 47px\">\n<td style=\"width: 40.97%;height: 47px\">Szalai Don\u00e1t, GYTK IV.<\/td>\n<td style=\"width: 46.3221%;height: 47px\">\n<p><span style=\"font-weight: 400\">I. d\u00edj<\/span><\/p>\n<\/td>\n<td style=\"width: 30.6518%;height: 47px\">\n<p>Biofizika<\/p>\n<\/td>\n<\/tr>\n<tr style=\"height: 47px\">\n<td style=\"width: 40.97%;height: 47px\">Szalay Tam\u00e1s Soma, \u00c1OK III.<\/td>\n<td style=\"width: 46.3221%;height: 47px\">\n<p><span style=\"font-weight: 400\">I. d\u00edj<\/span><\/p>\n<\/td>\n<td style=\"width: 30.6518%;height: 47px\">\n<p>Sejtbiol\u00f3gia, sejt\u00e9lettan B<\/p>\n<\/td>\n<\/tr>\n<tr style=\"height: 47px\">\n<td style=\"width: 40.97%;height: 47px\">Szoboszlai N\u00f3ra, \u00c1OK VI.<\/td>\n<td style=\"width: 46.3221%;height: 47px\">\n<p><span style=\"font-weight: 400\">I. d\u00edj<\/span><\/p>\n<\/td>\n<td style=\"width: 30.6518%;height: 47px\">\n<p>Hematol\u00f3gia<\/p>\n<\/td>\n<\/tr>\n<tr style=\"height: 47px\">\n<td style=\"width: 40.97%;height: 47px\">Tusn\u00e1dy Simon, \u00c1OK VI.<\/td>\n<td style=\"width: 46.3221%;height: 47px\">\n<p><span style=\"font-weight: 400\">I. d\u00edj<\/span><\/p>\n<\/td>\n<td style=\"width: 30.6518%;height: 47px\">\n<p>Sejtbiol\u00f3gia, sejt\u00e9lettan A<\/p>\n<\/td>\n<\/tr>\n<tr style=\"height: 47px\">\n<td style=\"width: 40.97%;height: 47px\">Veres Lili\u00e1na, \u00c1OK V.<\/td>\n<td style=\"width: 46.3221%;height: 47px\">\n<p><span style=\"font-weight: 400\">I. d\u00edj<\/span><\/p>\n<\/td>\n<td style=\"width: 30.6518%;height: 47px\">\n<p>Mikrobiol\u00f3gia<\/p>\n<\/td>\n<\/tr>\n<tr style=\"height: 47px\">\n<td style=\"width: 40.97%;height: 47px\">Zsoldos Tam\u00e1s, \u00c1OK III.<\/td>\n<td style=\"width: 46.3221%;height: 47px\">\n<p><span style=\"font-weight: 400\">I. d\u00edj<\/span><\/p>\n<\/td>\n<td style=\"width: 30.6518%;height: 47px\">\n<p>Idegtudom\u00e1nyok C<\/p>\n<\/td>\n<\/tr>\n<tr style=\"height: 47px\">\n<td style=\"width: 40.97%;height: 47px\">Bal\u00e1zs \u00c1d\u00e1m Attila, \u00c1OK II. (t\u00e1rsszerz\u0151)<\/td>\n<td style=\"width: 46.3221%;height: 47px\">\n<p><span style=\"font-weight: 400\">II. d\u00edj<\/span><\/p>\n<\/td>\n<td style=\"width: 30.6518%;height: 47px\">Urol\u00f3gia<\/td>\n<\/tr>\n<tr style=\"height: 47px\">\n<td style=\"width: 40.97%;height: 47px\">Bata \u00c1lmos Hunor, \u00c1OK V.<\/td>\n<td style=\"width: 46.3221%;height: 47px\">\n<p><span style=\"font-weight: 400\">II. d\u00edj<\/span><\/p>\n<\/td>\n<td style=\"width: 30.6518%;height: 47px\">\n<p>Idegtudom\u00e1nyok B<\/p>\n<\/td>\n<\/tr>\n<tr style=\"height: 47px\">\n<td style=\"width: 40.97%;height: 47px\">Boroncsok D\u00f3ra, \u00c1OK VI.<\/td>\n<td style=\"width: 46.3221%;height: 47px\">\n<p><span style=\"font-weight: 400\">II. d\u00edj<\/span><\/p>\n<\/td>\n<td style=\"width: 30.6518%;height: 47px\">\n<p>Sz\u00fcl\u00e9szet, n\u0151gy\u00f3gy\u00e1szat B<\/p>\n<\/td>\n<\/tr>\n<tr style=\"height: 47px\">\n<td style=\"width: 40.97%;height: 47px\">Goschler Levente \u00c1d\u00e1m, \u00c1OK VI.<\/td>\n<td style=\"width: 46.3221%;height: 47px\">\n<p><span style=\"font-weight: 400\">II. d\u00edj<\/span><\/p>\n<\/td>\n<td style=\"width: 30.6518%;height: 47px\">Urol\u00f3gia<\/td>\n<\/tr>\n<tr style=\"height: 47px\">\n<td style=\"width: 40.97%;height: 47px\">Husznai Albert J\u00f3zsef, \u00c1OK VI.<\/td>\n<td style=\"width: 46.3221%;height: 47px\">\n<p><span style=\"font-weight: 400\">II. d\u00edj<\/span><\/p>\n<\/td>\n<td style=\"width: 30.6518%;height: 47px\">\n<p>Angiol\u00f3gia, \u00e9rseb\u00e9szet, sz\u00edvseb\u00e9szet B<\/p>\n<\/td>\n<\/tr>\n<tr style=\"height: 47px\">\n<td style=\"width: 40.97%;height: 47px\">J\u00f3j\u00e1rt R\u00e9ka Lili, \u00c1OK VI. (t\u00e1rsszerz\u0151)<\/td>\n<td style=\"width: 46.3221%;height: 47px\">\n<p><span style=\"font-weight: 400\">II. d\u00edj<\/span><\/p>\n<\/td>\n<td style=\"width: 30.6518%;height: 47px\">Nefrol\u00f3gia<\/td>\n<\/tr>\n<tr style=\"height: 47px\">\n<td style=\"width: 40.97%;height: 47px\">K\u00f3ta Kata, \u00c1OK V.<\/td>\n<td style=\"width: 46.3221%;height: 47px\">\n<p><span style=\"font-weight: 400\">II. d\u00edj<\/span><\/p>\n<\/td>\n<td style=\"width: 30.6518%;height: 47px\">\n<p>Idegtudom\u00e1nyok C<\/p>\n<\/td>\n<\/tr>\n<tr style=\"height: 47px\">\n<td style=\"width: 40.97%;height: 47px\">L\u00e1szl\u00f3 Hunor D\u00e1vid, \u00c1OK VI.<\/td>\n<td style=\"width: 46.3221%;height: 47px\">\n<p><span style=\"font-weight: 400\">II. d\u00edj<\/span><\/p>\n<\/td>\n<td style=\"width: 30.6518%;height: 47px\">Mikrobiol\u00f3gia<\/td>\n<\/tr>\n<tr style=\"height: 47px\">\n<td style=\"width: 40.97%;height: 47px\">M\u00e1cs\u00e1r Hunor, \u00c1OK III. (t\u00e1rsszerz\u0151)<\/td>\n<td style=\"width: 46.3221%;height: 47px\">\n<p><span style=\"font-weight: 400\">II. d\u00edj<\/span><\/p>\n<\/td>\n<td style=\"width: 30.6518%;height: 47px\">Biok\u00e9mia<\/td>\n<\/tr>\n<tr style=\"height: 47px\">\n<td style=\"width: 40.97%;height: 47px\">Papik Fl\u00f3ra, \u00c1OK VI.<\/td>\n<td style=\"width: 46.3221%;height: 47px\">II. d\u00edj<\/td>\n<td style=\"width: 30.6518%;height: 47px\">Magatart\u00e1studom\u00e1ny, pszichi\u00e1tria, pszichol\u00f3gia A<\/td>\n<\/tr>\n<tr style=\"height: 47px\">\n<td style=\"width: 40.97%;height: 47px\">Papp D\u00f3ra \u00c1gota, \u00c1OK IV.<\/td>\n<td style=\"width: 46.3221%;height: 47px\">\n<p><span style=\"font-weight: 400\">II. d\u00edj<\/span><\/p>\n<\/td>\n<td style=\"width: 30.6518%;height: 47px\">\n<p>Radiol\u00f3gia, orvosi k\u00e9palkot\u00e1s A<\/p>\n<\/td>\n<\/tr>\n<tr style=\"height: 47px\">\n<td style=\"width: 40.97%;height: 47px\">P\u00e9terfia Blanka Linda, \u00c1OK IV.\u00a0 (t\u00e1rsszerz\u0151)<\/td>\n<td style=\"width: 46.3221%;height: 47px\">\n<p><span style=\"font-weight: 400\">II. d\u00edj<\/span><\/p>\n<\/td>\n<td style=\"width: 30.6518%;height: 47px\">\n<p>Magatart\u00e1studom\u00e1ny, pszichi\u00e1tria, pszichol\u00f3gia A<\/p>\n<\/td>\n<\/tr>\n<tr style=\"height: 47px\">\n<td style=\"width: 40.97%;height: 47px\">Rem\u00e9nyi J\u00falia Csenge, \u00c1OK V.\u00a0<\/td>\n<td style=\"width: 46.3221%;height: 47px\">\n<p><span style=\"font-weight: 400\">II. d\u00edj<\/span><\/p>\n<\/td>\n<td style=\"width: 30.6518%;height: 47px\">\n<p>Radiol\u00f3gia, orvosi k\u00e9palkot\u00e1s B<\/p>\n<\/td>\n<\/tr>\n<tr style=\"height: 47px\">\n<td style=\"width: 40.97%;height: 47px\">Tik\u00e1sz Emma, \u00c1OK II.<\/td>\n<td style=\"width: 46.3221%;height: 47px\">\n<p><span style=\"font-weight: 400\">II. d\u00edj<\/span><\/p>\n<\/td>\n<td style=\"width: 30.6518%;height: 47px\">\n<p>Idegtudom\u00e1nyok A<\/p>\n<\/td>\n<\/tr>\n<tr style=\"height: 47px\">\n<td style=\"width: 40.97%;height: 47px\">V\u00e9kony Benedek, \u00c1OK IV.<\/td>\n<td style=\"width: 46.3221%;height: 47px\">\n<p><span style=\"font-weight: 400\">II. d\u00edj<\/span><\/p>\n<\/td>\n<td style=\"width: 30.6518%;height: 47px\">\n<p>Patol\u00f3gia, igazs\u00e1g\u00fcgyi orvostan A<\/p>\n<\/td>\n<\/tr>\n<tr style=\"height: 47px\">\n<td style=\"width: 40.97%;height: 47px\">Debreczeni Dorina, \u00c1OK V.<\/td>\n<td style=\"width: 46.3221%;height: 47px\">\n<p><span style=\"font-weight: 400\">III. d\u00edj<\/span><\/p>\n<\/td>\n<td style=\"width: 30.6518%;height: 47px\">\n<p>Sejtbiol\u00f3gia, sejt\u00e9lettan B<\/p>\n<\/td>\n<\/tr>\n<tr style=\"height: 47px\">\n<td style=\"width: 40.97%;height: 47px\">Drahos Botond Bendeg\u00faz, \u00c1OK V.<\/td>\n<td style=\"width: 46.3221%;height: 47px\">\n<p><span style=\"font-weight: 400\">III. d\u00edj<\/span><\/p>\n<\/td>\n<td style=\"width: 30.6518%;height: 47px\">\n<p>Idegtudom\u00e1nyok C<\/p>\n<\/td>\n<\/tr>\n<tr style=\"height: 47px\">\n<td style=\"width: 40.97%;height: 47px\">Hegyi Barna P\u00e9ter, \u00c1OK VI.<\/td>\n<td style=\"width: 46.3221%;height: 47px\">\n<p><span style=\"font-weight: 400\">III. d\u00edj<\/span><\/p>\n<\/td>\n<td style=\"width: 30.6518%;height: 47px\">\n<p>Idegtudom\u00e1nyok B<\/p>\n<\/td>\n<\/tr>\n<tr style=\"height: 47px\">\n<td style=\"width: 40.97%;height: 47px\">Losonczi M\u00e1rta, FOK V.<\/td>\n<td style=\"width: 46.3221%;height: 47px\">\n<p><span style=\"font-weight: 400\">III. d\u00edj<\/span><\/p>\n<\/td>\n<td style=\"width: 30.6518%;height: 47px\">\n<p>Fogorvostudom\u00e1ny C<\/p>\n<\/td>\n<\/tr>\n<tr style=\"height: 47px\">\n<td style=\"width: 40.97%;height: 47px\">M\u00e1rka Emese R\u00f3za, \u00c1OK IV.<\/td>\n<td style=\"width: 46.3221%;height: 47px\">\n<p><span style=\"font-weight: 400\">III. d\u00edj<\/span><\/p>\n<\/td>\n<td style=\"width: 30.6518%;height: 47px\">\n<p>Angiol\u00f3gia, \u00e9rseb\u00e9szet, sz\u00edvseb\u00e9szet A<\/p>\n<\/td>\n<\/tr>\n<tr style=\"height: 47px\">\n<td style=\"width: 40.97%;height: 47px\">Nagy Kamilla, \u00c1OK VI. (t\u00e1rsszerz\u0151)<\/td>\n<td style=\"width: 46.3221%;height: 47px\">\n<p><span style=\"font-weight: 400\">III. d\u00edj<\/span><\/p>\n<\/td>\n<td style=\"width: 30.6518%;height: 47px\">\n<p>Angiol\u00f3gia, \u00e9rseb\u00e9szet, sz\u00edvseb\u00e9szet A<\/p>\n<\/td>\n<\/tr>\n<tr style=\"height: 47px\">\n<td style=\"width: 40.97%;height: 47px\">N\u00e9meth Borb\u00e1la, \u00c1OK III.<\/td>\n<td style=\"width: 46.3221%;height: 47px\">\n<p><span style=\"font-weight: 400\">III. d\u00edj<\/span><\/p>\n<\/td>\n<td style=\"width: 30.6518%;height: 47px\">\n<p>K\u00f6zeg\u00e9szs\u00e9g\u00fcgy, epidemiol\u00f3gia, prevenci\u00f3 A<\/p>\n<\/td>\n<\/tr>\n<tr style=\"height: 47px\">\n<td style=\"width: 40.97%;height: 47px\">Papik Fl\u00f3ra, \u00c1OK VI. (t\u00e1rsszerz\u0151)<\/td>\n<td style=\"width: 46.3221%;height: 47px\">\n<p><span style=\"font-weight: 400\">III. d\u00edj<\/span><\/p>\n<\/td>\n<td style=\"width: 30.6518%;height: 47px\">\n<p>Magatart\u00e1studom\u00e1ny, pszichi\u00e1tria, pszichol\u00f3gia C<\/p>\n<\/td>\n<\/tr>\n<tr style=\"height: 47px\">\n<td style=\"width: 40.97%;height: 47px\">P\u00e9terfia Blanka Linda, \u00c1OK IV.<\/td>\n<td style=\"width: 46.3221%;height: 47px\">\n<p><span style=\"font-weight: 400\">III. d\u00edj<\/span><\/p>\n<\/td>\n<td style=\"width: 30.6518%;height: 47px\">\n<p>Magatart\u00e1studom\u00e1ny, pszichi\u00e1tria, pszichol\u00f3gia C<\/p>\n<\/td>\n<\/tr>\n<tr style=\"height: 47px\">\n<td style=\"width: 40.97%;height: 47px\">Vigassy Zsolt Andr\u00e1s, \u00c1OK V.<\/td>\n<td style=\"width: 46.3221%;height: 47px\">\n<p><span style=\"font-weight: 400\">III. d\u00edj<\/span><\/p>\n<\/td>\n<td style=\"width: 30.6518%;height: 47px\">\n<p>Sz\u00fcl\u00e9szet, n\u0151gy\u00f3gy\u00e1szat C<\/p>\n<\/td>\n<\/tr>\n<\/tbody>\n<\/table>\n<\/div>\n<\/div>\n\n<\/div><h2 class=\"tabtitle\">Rektori p\u00e1lyamunka<\/h2>\n<div class=\"tabcontent\">\n\n<div class=\"cxmmr5t8 oygrvhab hcukyx3x c1et5uql o9v6fnle ii04i59q\">\n<div dir=\"auto\">\n<div class=\"cxmmr5t8 oygrvhab hcukyx3x c1et5uql o9v6fnle ii04i59q\">\n<div dir=\"auto\"><strong>A rektori p\u00e1lyamunk\u00e1\u00e9rt d\u00edjazottak:<\/p>\n<p><\/strong><\/div>\n<\/div>\n<div class=\"cxmmr5t8 oygrvhab hcukyx3x c1et5uql o9v6fnle ii04i59q\">\n<div dir=\"auto\">\n<table style=\"width: 98.6394%;height: 813px\">\n<tbody>\n<tr style=\"height: 47px\">\n<td style=\"width: 34.2322%;height: 47px\">Debreczeni Dorina, \u00c1OK V.<\/td>\n<td style=\"width: 2.90377%;height: 47px\">\n<p><span style=\"font-weight: 400\">I. d\u00edj<\/span><\/p>\n<\/td>\n<td style=\"width: 62.8639%;height: 47px\">\n<p>A TRESK h\u00e1tt\u00e9r K+ csatorna szab\u00e1lyoz\u00e1sa<\/p>\n<\/td>\n<\/tr>\n<tr style=\"height: 47px\">\n<td style=\"width: 34.2322%;height: 48px\">Hamilton-Meikle Phyllida Kertsin, \u00c1OK VI.<\/td>\n<td style=\"width: 2.90377%;height: 48px\">\n<p><span style=\"font-weight: 400\">I. d\u00edj<\/span><\/p>\n<\/td>\n<td style=\"width: 62.8639%;height: 48px\">\n<p>New applications of dermoscopy-guided highfrequency ultrasound<\/p>\n<\/td>\n<\/tr>\n<tr style=\"height: 47px\">\n<td style=\"width: 34.2322%;height: 47px\">Lesk\u00f3 Eszter R\u00f3zsa, FOK V.<\/td>\n<td style=\"width: 2.90377%;height: 47px\">\n<p><span style=\"font-weight: 400\">I. d\u00edj<\/span><\/p>\n<\/td>\n<td style=\"width: 62.8639%;height: 47px\">\n<p>Sz\u00e1j\u00fcregi rosszindulat\u00fa daganatok m\u0171t\u00e9ti kezel\u00e9s\u00e9nek \u00e9letmin\u0151s\u00e9gbeli hat\u00e1sai a PROMIS-29 k\u00e9rd\u0151\u00edv alapj\u00e1n<\/p>\n<\/td>\n<\/tr>\n<tr style=\"height: 47px\">\n<td style=\"width: 34.2322%;height: 47px\">Leszk\u00f3 D\u00e1rius, \u00c1OK VI.<\/td>\n<td style=\"width: 2.90377%;height: 47px\">\n<p><span style=\"font-weight: 400\">I. d\u00edj<\/span><\/p>\n<\/td>\n<td style=\"width: 62.8639%;height: 47px\">\n<p>Design and Application of a Novel Fluorescent Photoaffinity Probe or Brain Receptor Characterization<\/p>\n<\/td>\n<\/tr>\n<tr style=\"height: 47px\">\n<td style=\"width: 34.2322%;height: 47px\">Nagy Kamilla, \u00c1OK VI.<\/td>\n<td style=\"width: 2.90377%;height: 47px\">\n<p><span style=\"font-weight: 400\">I. d\u00edj<\/span><\/p>\n<\/td>\n<td style=\"width: 62.8639%;height: 47px\">\n<p>Az \u00fasz\u00f3edz\u00e9s hat\u00e1sa az agyi erek sz\u00f6vettani remodell\u00e1ci\u00f3j\u00e1ra \u00e9s nemi elt\u00e9r\u00e9seire<\/p>\n<\/td>\n<\/tr>\n<tr style=\"height: 47px\">\n<td style=\"width: 34.2322%;height: 47px\">Papik Fl\u00f3ra, \u00c1OK VI.<\/td>\n<td style=\"width: 2.90377%;height: 47px\">\n<p><span style=\"font-weight: 400\">I. d\u00edj<\/span><\/p>\n<\/td>\n<td style=\"width: 62.8639%;height: 47px\">\n<p>Virtu\u00e1lis val\u00f3s\u00e1g alap\u00fa felk\u00e9sz\u00edt\u00e9s hat\u00e1sa m\u00e1gneses rezonancia vizsg\u00e1latban r\u00e9szes\u00fcl\u0151 gyermekekben<\/p>\n<\/td>\n<\/tr>\n<tr style=\"height: 47px\">\n<td style=\"width: 34.2322%;height: 47px\">Goschler Levente \u00c1d\u00e1m, \u00c1OK VI.\u00a0<\/td>\n<td style=\"width: 2.90377%;height: 47px\">\n<p><span style=\"font-weight: 400\">II. d\u00edj<\/span><\/p>\n<\/td>\n<td style=\"width: 62.8639%;height: 47px\">\n<p>A heretorzi\u00f3 sor\u00e1n bek\u00f6vetkez\u0151 perf\u00fazi\u00f3s v\u00e1ltoz\u00e1sok experiment\u00e1lis vizsg\u00e1lata<\/p>\n<\/td>\n<\/tr>\n<tr style=\"height: 47px\">\n<td style=\"width: 34.2322%;height: 60px\">Husznai Albert J\u00f3zsef, \u00c1OK VI.<\/td>\n<td style=\"width: 2.90377%;height: 60px\">\n<p><span style=\"font-weight: 400\">II. d\u00edj<\/span><\/p>\n<\/td>\n<td style=\"width: 62.8639%;height: 60px\">\n<p>A bal kamrai sz\u00edvel\u00e9gtelens\u00e9ghez t\u00e1rsul\u00f3 jobb kamrai sz\u00edvel\u00e9gtelens\u00e9g proteomikai vizsg\u00e1lata patk\u00e1nymodellen<\/p>\n<\/td>\n<\/tr>\n<tr style=\"height: 47px\">\n<td style=\"width: 34.2322%;height: 47px\">J\u00f3j\u00e1rt R\u00e9ka Lili, \u00c1OK VI.\u00a0<\/td>\n<td style=\"width: 2.90377%;height: 47px\">\n<p><span style=\"font-weight: 400\">II. d\u00edj<\/span><\/p>\n<\/td>\n<td style=\"width: 62.8639%;height: 47px\">\n<p>A vesegraft t\u00fal\u00e9l\u00e9st meghat\u00e1roz\u00f3 t\u00e9nyez\u0151k vizsg\u00e1lata \u2013 vese alapbetegs\u00e9g hat\u00e1sa a graft t\u00fal\u00e9l\u00e9sre transzplant\u00e1ci\u00f3t k\u00f6vet\u0151en<\/p>\n<\/td>\n<\/tr>\n<tr style=\"height: 47px\">\n<td style=\"width: 34.2322%;height: 47px\">\u00c9rseki Tamara, \u00c1OK VI.\u00a0<\/td>\n<td style=\"width: 2.90377%;height: 47px\">\n<p><span style=\"font-weight: 400\">III. d\u00edj<\/span><\/p>\n<\/td>\n<td style=\"width: 62.8639%;height: 47px\">Innovat\u00edv technol\u00f3gi\u00e1k a b\u0151ronkol\u00f3gia ter\u00fclet\u00e9n: sz\u00e9rum biomarkerek alkalmaz\u00e1sa a melanoma malignum progresszi\u00f3 k\u00f6vet\u00e9s\u00e9ben<\/td>\n<\/tr>\n<tr style=\"height: 47px\">\n<td style=\"width: 34.2322%;height: 47px\">K\u00e1rp\u00e1ti J\u00falia Marianna, \u00c1OK V.\u00a0<\/td>\n<td style=\"width: 2.90377%;height: 47px\">\n<p><span style=\"font-weight: 400\">III. d\u00edj<\/span><\/p>\n<\/td>\n<td style=\"width: 62.8639%;height: 47px\">\n<p>Gyermekkori l\u00e1gyr\u00e9sz sarcom\u00e1k ter\u00e1pi\u00e1san c\u00e9lozhat\u00f3 molekul\u00e1ris genetikai elt\u00e9r\u00e9seinek felt\u00e9rk\u00e9pez\u00e9se komprehenz\u00edv genomikus profiloz\u00e1ssal<\/p>\n<\/td>\n<\/tr>\n<tr style=\"height: 47px\">\n<td style=\"width: 34.2322%;height: 47px\">Kov\u00e1cs Tamara, GYTK V.\u00a0<\/td>\n<td style=\"width: 2.90377%;height: 47px\">\n<p><span style=\"font-weight: 400\">III. d\u00edj<\/span><\/p>\n<\/td>\n<td style=\"width: 62.8639%;height: 47px\">\n<p>Structural Characterisation and Interaction Studies of Chitosan Oligosaccharides<\/p>\n<\/td>\n<\/tr>\n<tr style=\"height: 47px\">\n<td style=\"width: 34.2322%;height: 47px\">Bata \u00c1lmos Hunor, \u00c1OK V.\u00a0<\/td>\n<td style=\"width: 2.90377%;height: 47px\">\n<p><span style=\"font-weight: 400\">dics\u00e9ret<\/span><\/p>\n<\/td>\n<td style=\"width: 62.8639%;height: 47px\">\n<p>Primer transzport jelent\u0151s\u00e9ge a stroke endovaszkul\u00e1ris kezel\u00e9se sor\u00e1n<\/p>\n<\/td>\n<\/tr>\n<tr style=\"height: 47px\">\n<td style=\"width: 34.2322%;height: 47px\">Boroncsok D\u00f3ra, \u00c1OK VI.\u00a0<\/td>\n<td style=\"width: 2.90377%;height: 47px\">\n<p><span style=\"font-weight: 400\">dics\u00e9ret<\/span><\/p>\n<\/td>\n<td style=\"width: 62.8639%;height: 47px\">\n<p>The Role of Lifestyle and Nutrition in Gynaecological Pathologies<\/p>\n<\/td>\n<\/tr>\n<tr style=\"height: 47px\">\n<td style=\"width: 34.2322%;height: 47px\">\n<p>Drahos Botond Bendeg\u00faz, \u00c1OK V.<\/p>\n<\/td>\n<td style=\"width: 2.90377%;height: 47px\">\n<p><span style=\"font-weight: 400\">dics\u00e9ret<\/span><\/p>\n<\/td>\n<td style=\"width: 62.8639%;height: 47px\">\n<p>Az MPOA oxytocin pozit\u00edv sejtjeinek vizsg\u00e1lata h\u00edm patk\u00e1nyokban<\/p>\n<\/td>\n<\/tr>\n<tr style=\"height: 47px\">\n<td style=\"width: 34.2322%;height: 47px\">\n<p>Jakab Janka S\u00e1ra, \u00c1OK V.<\/p>\n<\/td>\n<td style=\"width: 2.90377%;height: 47px\">\n<p><span style=\"font-weight: 400\">dics\u00e9ret<\/span><\/p>\n<\/td>\n<td style=\"width: 62.8639%;height: 47px\">\n<p>Role of Nasal Dysbiosis in Parkinson\u2019s Disease<\/p>\n<\/td>\n<\/tr>\n<tr style=\"height: 47px\">\n<td style=\"width: 34.2322%;height: 47px\">\n<p>Veres Lili\u00e1na, \u00c1OK V.<\/p>\n<\/td>\n<td style=\"width: 2.90377%;height: 47px\">\n<p><span style=\"font-weight: 400\">dics\u00e9ret<\/span><\/p>\n<\/td>\n<td style=\"width: 62.8639%;height: 47px\">\n<p>A sz\u00e9klettranszplant\u00e1ci\u00f3 ter\u00e1pi\u00e1s lehet\u0151s\u00e9ge az akut szteroid refrakter intesztin\u00e1lis graft-versus-host betegs\u00e9gben szenved\u0151 feln\u0151tt betegek eset\u00e9n<\/p>\n<\/td>\n<\/tr>\n<\/tbody>\n<\/table>\n<\/div>\n<\/div>\n<\/div>\n<\/div>\n<div class=\"cxmmr5t8 oygrvhab hcukyx3x c1et5uql o9v6fnle ii04i59q\">\n<div dir=\"auto\">\u00a0<\/div>\n<\/div>\n<\/div>\n<\/div>\n<div class=\"kvgmc6g5 cxmmr5t8 oygrvhab hcukyx3x c1et5uql ii04i59q\">\n<div dir=\"auto\">\n<\/div><\/div>\n<\/div>\n<\/div>\n<\/div>\n<\/div>\n","protected":false},"excerpt":{"rendered":"<p>SE Tudom\u00e1nyos Di\u00e1kk\u00f6ri Konferencia eredm\u00e9nyei:\u00a0 \u00a0 B\u00e1tyi Dorka, \u00c1OK III. I. d\u00edj Adatvez\u00e9relt eg\u00e9szs\u00e9g\u00fcgy B Hamilton-Meikle Phyllida Kerstin, \u00c1OK VI. I. d\u00edj B\u0151rgy\u00f3gy\u00e1szat Hamilton-Meikle Phyllida Kertsin, \u00c1OK VI. (t\u00e1rsszerz\u0151) I. d\u00edj Adatvez\u00e9relt eg\u00e9szs\u00e9g\u00fcgy A\u00a0 Kov\u00e1cs Vikt\u00f3ria, \u00c1OK III. I. d\u00edj Genetika, molekul\u00e1ris biol\u00f3gia B Rim\u00e1r Szonja, GYTK III. I. d\u00edj Immunol\u00f3gia A Szalai Don\u00e1t, GYTK &hellip;<\/p>\n","protected":false},"author":101894,"featured_media":0,"parent":2363,"menu_order":0,"comment_status":"closed","ping_status":"closed","template":"","meta":{"_acf_changed":false,"footnotes":""},"categories":[],"tags":[],"class_list":["post-2674","page","type-page","status-publish","hentry"],"acf":[],"_links":{"self":[{"href":"https:\/\/semmelweis.hu\/szakkollegium\/wp-json\/wp\/v2\/pages\/2674","targetHints":{"allow":["GET"]}}],"collection":[{"href":"https:\/\/semmelweis.hu\/szakkollegium\/wp-json\/wp\/v2\/pages"}],"about":[{"href":"https:\/\/semmelweis.hu\/szakkollegium\/wp-json\/wp\/v2\/types\/page"}],"author":[{"embeddable":true,"href":"https:\/\/semmelweis.hu\/szakkollegium\/wp-json\/wp\/v2\/users\/101894"}],"replies":[{"embeddable":true,"href":"https:\/\/semmelweis.hu\/szakkollegium\/wp-json\/wp\/v2\/comments?post=2674"}],"version-history":[{"count":4,"href":"https:\/\/semmelweis.hu\/szakkollegium\/wp-json\/wp\/v2\/pages\/2674\/revisions"}],"predecessor-version":[{"id":2691,"href":"https:\/\/semmelweis.hu\/szakkollegium\/wp-json\/wp\/v2\/pages\/2674\/revisions\/2691"}],"up":[{"embeddable":true,"href":"https:\/\/semmelweis.hu\/szakkollegium\/wp-json\/wp\/v2\/pages\/2363"}],"wp:attachment":[{"href":"https:\/\/semmelweis.hu\/szakkollegium\/wp-json\/wp\/v2\/media?parent=2674"}],"wp:term":[{"taxonomy":"category","embeddable":true,"href":"https:\/\/semmelweis.hu\/szakkollegium\/wp-json\/wp\/v2\/categories?post=2674"},{"taxonomy":"post_tag","embeddable":true,"href":"https:\/\/semmelweis.hu\/szakkollegium\/wp-json\/wp\/v2\/tags?post=2674"}],"curies":[{"name":"wp","href":"https:\/\/api.w.org\/{rel}","templated":true}]}}