{"id":2656,"date":"2026-01-17T12:01:31","date_gmt":"2026-01-17T11:01:31","guid":{"rendered":"https:\/\/semmelweis.hu\/szakkollegium\/?page_id=2656"},"modified":"2026-02-08T22:38:11","modified_gmt":"2026-02-08T21:38:11","slug":"xxx-koranyi-frigyes-tudomanyos-forum-2026","status":"publish","type":"page","link":"https:\/\/semmelweis.hu\/szakkollegium\/xxx-koranyi-frigyes-tudomanyos-forum-2026\/","title":{"rendered":"XXX. Kor\u00e1nyi Frigyes Tudom\u00e1nyos F\u00f3rum (2026)"},"content":{"rendered":"<h1 style=\"text-align: left\"><img loading=\"lazy\" decoding=\"async\" class=\"\" src=\"https:\/\/semmelweis.hu\/szakkollegium\/files\/2026\/01\/XXX.-KFTF-logo-otletek-1.png\" alt=\"\" width=\"146\" height=\"146\" \/><strong>r\u00e9szletes <\/strong><strong>versenyfelh\u00edv\u00e1s<\/strong><\/h1>\n<h3><strong>\u00c1LTAL\u00c1NOS INFORM\u00c1CI\u00d3K<\/strong><\/h3>\n<ul>\n<li><strong>Id\u0151pont: 2026. \u00e1prilis 29-30.<\/strong><\/li>\n<li>Helysz\u00edn: Semmelweis Egyetem, Kor\u00e1nyi Frigyes Szakkoll\u00e9gium, 1074 Budapest, H\u00e1rsfa utca 59\/B<\/li>\n<li>R\u00e9sztvev\u0151k: Konferenci\u00e1nkon az \u00e9let-, \u00e9s eg\u00e9szs\u00e9gtudom\u00e1nyokkal foglalkoz\u00f3, valamint az orvostudom\u00e1nyban \u00e9rdekelt hat\u00e1rter\u00fcleti szakok hallgat\u00f3it v\u00e1rjuk<\/li>\n<li><strong>Jelentkez\u00e9si form:<\/strong> <a href=\"https:\/\/forms.gle\/L13pR1YYvEoqiAqB6\">https:\/\/forms.gle\/L13pR1YYvEoqiAqB6<\/a><\/li>\n<li><strong>Registration<\/strong> (English language participants): <a href=\"https:\/\/forms.gle\/Zmzy6uT6W5TfpKAb6\">https:\/\/forms.gle\/Zmzy6uT6W5TfpKAb6<\/a><\/li>\n<li><strong><span style=\"color: #333399\">Absztraktlead\u00e1si hat\u00e1rid\u0151: 2026. febru\u00e1r 15.<\/span>\n<p>\n<\/strong><\/li>\n<\/ul>\n<h3><strong>EL\u0150AD\u00c1SOK FEL\u00c9P\u00cdT\u00c9SE<\/strong><\/h3>\n<p>A prezent\u00e1ci\u00f3 m\u00f3dja a F\u00f3rumon jelent\u0151sen elt\u00e9r a hagyom\u00e1nyos TDK-konferenci\u00e1k\u00e9t\u00f3l, \u00edgy k\u00e9rj\u00fck a versenyz\u0151ket, hogy figyelmesen olvass\u00e1k el az al\u00e1bbi, prezent\u00e1ci\u00f3 menet\u00e9r\u0151l sz\u00f3l\u00f3 le\u00edr\u00e1st.<\/p>\n<p>Az elm\u00falt \u00e9vekhez hasonl\u00f3an id\u00e9n is interakt\u00edv poszterprezent\u00e1ci\u00f3s versenyt hirdet\u00fcnk.<\/p>\n<p>A prezent\u00e1ci\u00f3 k\u00e9t egym\u00e1st k\u00f6vet\u0151 f\u0151 r\u00e9szb\u0151l \u00e1ll, melyek a k\u00f6vetkez\u0151k:<\/p>\n<ol>\n<li>R\u00f6vid prezent\u00e1ci\u00f3: kezd\u00e9sk\u00e9nt minden versenyz\u0151 egy 1 perces, 1 di\u00e1b\u00f3l \u00e1ll\u00f3 figyelemfelh\u00edv\u00f3 prezent\u00e1ci\u00f3t tart. A r\u00f6vid prezent\u00e1ci\u00f3nak nem c\u00e9lja a tudom\u00e1nyos munka minden r\u00e9szlet\u00e9nek kifejt\u00e9se, a hangs\u00faly kifejezetten a figyelemfelkelt\u00e9sen \u00e9s az elv\u00e9gzett kutat\u00e1s fontoss\u00e1g\u00e1nak ismertet\u00e9s\u00e9n kell, hogy legyen.\n<ul>\n<li><em>Prezent\u00e1ci\u00f3 formai k\u00f6vetelm\u00e9nyei<\/em>: maximum 1 perc hossz\u00fas\u00e1g\u00fa, 1 di\u00e1b\u00f3l \u00e1ll\u00f3 PowerPoint-prezent\u00e1ci\u00f3, melyet a verseny el\u0151tt \u00f6t munkanappal a megfelel\u0151 formon kell leadni\n<\/li>\n<\/ul>\n<\/li>\n<li>Poszter-diszkusszi\u00f3: az \u00f6sszes r\u00f6vid-prezent\u00e1ci\u00f3 meghallgat\u00e1sa ut\u00e1n ker\u00fcl sor a diszkusszi\u00f3ra a nyomtatott poszterekn\u00e9l. Itt kap mindenki lehet\u0151s\u00e9get a tudom\u00e1nyos munka m\u00f3dszereinek, eredm\u00e9nyeinek r\u00e9szletekbe men\u0151 ismertet\u00e9s\u00e9re, \u00e9s a b\u00edr\u00e1l\u00f3bizotts\u00e1g k\u00e9rd\u00e9seinek megv\u00e1laszol\u00e1s\u00e1ra. <em>A versenyz\u0151k munk\u00e1j\u00e1nak \u00e9rt\u00e9kel\u00e9se a r\u00f6vid prezent\u00e1ci\u00f3 \u00e9s a posztern\u00e9l t\u00f6rt\u00e9n\u0151 diszkusszi\u00f3 sor\u00e1n ny\u00fajtott <\/em>egy\u00fcttes teljes\u00edtm\u00e9ny<em> alapj\u00e1n t\u00f6rt\u00e9nik!<\/em>\n<ul>\n<li><em>Poszter formai k\u00f6vetelm\u00e9nyei<\/em>: A0-s szabv\u00e1nynak (841 mm sz\u00e9less\u00e9g\u0171, 1189 mm magass\u00e1g\u00fa) megfelel\u0151, \u00e1ll\u00f3 t\u00e1jol\u00e1s\u00fa.\n<\/li>\n<\/ul>\n<\/li>\n<\/ol>\n<h3><strong>ABSZTRAKT K\u00d6VETELM\u00c9NYEI<\/strong><\/h3>\n<ul>\n<li>Nyelv: magyar<\/li>\n<li>C\u00edm: maximum 150 karakter (sz\u00f3k\u00f6z\u00f6kkel)<\/li>\n<li>Az absztraktnak tartalmaznia kell: h\u00e1tt\u00e9r, c\u00e9lkit\u0171z\u00e9sek, alkalmazott m\u00f3dszerek, kapott eredm\u00e9nyek, illetve az azokb\u00f3l levonhat\u00f3 k\u00f6vetkeztet\u00e9sek (az egyes bekezd\u00e9sek c\u00edmez\u00e9se nem elv\u00e1r\u00e1s)<\/li>\n<li>Terjedelem: maximum 2600 karakter (sz\u00f3k\u00f6z\u00f6kkel egy\u00fctt)<\/li>\n<li>Kulcsszavak: a kutat\u00f3munk\u00e1hoz k\u00f6thet\u0151, magyar nyelv\u0171 kulcsszavak megad\u00e1sa k\u00f6telez\u0151. Sz\u00e1muk maximum 5 lehet.<\/li>\n<li>Anyagi forr\u00e1sok: a kutat\u00e1shoz haszn\u00e1lt \u00f6szt\u00f6nd\u00edjak, t\u00e1mogat\u00e1sok megjel\u00f6l\u00e9se k\u00f6telez\u0151.\n<\/li>\n<\/ul>\n<h3><strong>MEGHIRDETETT SZEKCI\u00d3K<\/strong><\/h3>\n<ul>\n<li>Belgy\u00f3gy\u00e1szat, konzervat\u00edv orvostudom\u00e1ny<\/li>\n<li>Bioinformatika, mesters\u00e9ges intelligencia<\/li>\n<li>B\u0151rgy\u00f3gy\u00e1szat<\/li>\n<li>Fogorvostudom\u00e1nyok<\/li>\n<li>Gyermekgy\u00f3gy\u00e1szat<\/li>\n<li>Gy\u00f3gyszerfejleszt\u00e9s, biol\u00f3giai modellek<\/li>\n<li>Idegtudom\u00e1nyok<\/li>\n<li>Klinikai \u00e9s molekul\u00e1ris onkol\u00f3gia<\/li>\n<li>Immunol\u00f3gia, mikrobiol\u00f3gia, genetika<\/li>\n<li>Kardiol\u00f3gia \u00e9s angiol\u00f3gia<\/li>\n<li>Magatart\u00e1studom\u00e1nyok, pszichi\u00e1tria, pszichol\u00f3gia<\/li>\n<li>Neurol\u00f3gia, idegseb\u00e9szet<\/li>\n<li>Operat\u00edv medicina<\/li>\n<li>Pulmonol\u00f3gia<\/li>\n<li>Radiol\u00f3gia<\/li>\n<li>Sejtbiol\u00f3gia, sejt\u00e9lettan<\/li>\n<li>Transzl\u00e1ci\u00f3s medicina \u00e9s diagnosztika<\/li>\n<li>(Egy\u00e9b: a versenyz\u0151knek lehet\u0151s\u00e9ge van tov\u00e1bbi szekci\u00f3k megnevez\u00e9s\u00e9re is az \u0171rlapon, azonban minden jelentkez\u0151t\u0151l k\u00e9rj\u00fck 2. alternat\u00edvak\u00e9nt a felsorolt szekci\u00f3k egyik\u00e9nek a megjel\u00f6l\u00e9s\u00e9t is)<\/li>\n<\/ul>\n<p><em>Megjegyz\u00e9s<\/em>: az absztraktok elb\u00edr\u00e1l\u00e1sakor a szervez\u0151k fenntartj\u00e1k a jogot a nem megfelel\u0151nek \u00edt\u00e9lt el\u0151ad\u00e1skivonatok visszautas\u00edt\u00e1s\u00e1ra<\/p>\n<p>Tov\u00e1bb\u00e1 felh\u00edvjuk figyelm\u00fcket, hogy a szekci\u00f3k besorol\u00e1s\u00e1n\u00e1l v\u00e1ltoztat\u00e1sokkal \u00e9lhet\u00fcnk. A megadott szekci\u00f3k csak megfelel\u0151 sz\u00e1m\u00fa jelentkez\u0151k eset\u00e9n indulnak, illetve el\u0151fordulhat, hogy kis l\u00e9tsz\u00e1m\u00fa jelentkez\u0151 eset\u00e9n k\u00e9t k\u00f6zeli tudom\u00e1nyter\u00fclet szekci\u00f3i \u00f6sszevon\u00e1sra ker\u00fclnek.<\/p>\n<h3><strong>D\u00cdJAZ\u00c1S<\/strong><\/h3>\n<p>A b\u00edr\u00e1l\u00f3bizotts\u00e1gok vezet\u00e9s\u00e9re nemzetk\u00f6zileg is elismert szaktekint\u00e9lyeket k\u00e9r\u00fcnk fel.<\/p>\n<p>A legjobb el\u0151ad\u00f3k szponzoraink \u00e1ltal felaj\u00e1nlott \u00e9rt\u00e9kes d\u00edjakban r\u00e9szes\u00fclnek.<\/p>\n<h3><strong>D\u00cdSZEL\u0150AD\u00c1S \u00c9S D\u00cdJ\u00c1TAD\u00d3 \u00dcNNEPS\u00c9G<\/strong><\/h3>\n<p>A konferencia z\u00e1r\u00e1sak\u00e9nt, 2026. \u00e1prilis 30-\u00e1n (p\u00e9nteken) egy z\u00e1r\u00f3 D\u00edszel\u0151ad\u00e1ssal egybek\u00f6t\u00f6tt D\u00edj\u00e1tad\u00f3 \u00fcnneps\u00e9get rendez\u00fcnk. <strong>Az idei \u00e9v d\u00edszel\u0151ad\u00f3ja Barab\u00e1si Albert-L\u00e1szl\u00f3, h\u00e1l\u00f3zatkuta\u00f3.<\/strong><\/p>\n<p>Az esem\u00e9nyr\u0151l a k\u00e9s\u0151bbiekben a r\u00e9sztvev\u0151k tov\u00e1bbi r\u00e9szletes t\u00e1j\u00e9koztat\u00e1st kapnak majd.<\/p>\n<p>A rendezv\u00e9nyen val\u00f3 r\u00e9szv\u00e9tel\u00fckre felt\u00e9tlen\u00fcl sz\u00e1m\u00edtunk!<\/p>\n<p><em>Tov\u00e1bbi k\u00e9rd\u00e9sek eset\u00e9n keressenek minket bizalommal!<\/em><\/p>\n<p>M\u00e1rka Emese<br \/>\nf\u0151szervez\u0151<br \/>\n<strong>koranyiforum@gmail.com<\/strong><\/p>\n","protected":false},"excerpt":{"rendered":"<p>r\u00e9szletes versenyfelh\u00edv\u00e1s \u00c1LTAL\u00c1NOS INFORM\u00c1CI\u00d3K Id\u0151pont: 2026. \u00e1prilis 29-30. Helysz\u00edn: Semmelweis Egyetem, Kor\u00e1nyi Frigyes Szakkoll\u00e9gium, 1074 Budapest, H\u00e1rsfa utca 59\/B R\u00e9sztvev\u0151k: Konferenci\u00e1nkon az \u00e9let-, \u00e9s eg\u00e9szs\u00e9gtudom\u00e1nyokkal foglalkoz\u00f3, valamint az orvostudom\u00e1nyban \u00e9rdekelt hat\u00e1rter\u00fcleti szakok hallgat\u00f3it v\u00e1rjuk Jelentkez\u00e9si form: <a href=\"https:\/\/forms.gle\/L13pR1YYvEoqiAqB6\">https:\/\/forms.gle\/L13pR1YYvEoqiAqB6<\/a> Registration (English language participants): <a href=\"https:\/\/forms.gle\/Zmzy6uT6W5TfpKAb6\">https:\/\/forms.gle\/Zmzy6uT6W5TfpKAb6<\/a> Absztraktlead\u00e1si hat\u00e1rid\u0151: 2026. febru\u00e1r 15. EL\u0150AD\u00c1SOK FEL\u00c9P\u00cdT\u00c9SE A prezent\u00e1ci\u00f3 m\u00f3dja a F\u00f3rumon jelent\u0151sen elt\u00e9r a &hellip;<\/p>\n","protected":false},"author":101894,"featured_media":2665,"parent":0,"menu_order":0,"comment_status":"closed","ping_status":"closed","template":"","meta":{"_acf_changed":false,"footnotes":""},"categories":[1],"tags":[],"class_list":["post-2656","page","type-page","status-publish","has-post-thumbnail","hentry","category-hirek"],"acf":[],"_links":{"self":[{"href":"https:\/\/semmelweis.hu\/szakkollegium\/wp-json\/wp\/v2\/pages\/2656","targetHints":{"allow":["GET"]}}],"collection":[{"href":"https:\/\/semmelweis.hu\/szakkollegium\/wp-json\/wp\/v2\/pages"}],"about":[{"href":"https:\/\/semmelweis.hu\/szakkollegium\/wp-json\/wp\/v2\/types\/page"}],"author":[{"embeddable":true,"href":"https:\/\/semmelweis.hu\/szakkollegium\/wp-json\/wp\/v2\/users\/101894"}],"replies":[{"embeddable":true,"href":"https:\/\/semmelweis.hu\/szakkollegium\/wp-json\/wp\/v2\/comments?post=2656"}],"version-history":[{"count":7,"href":"https:\/\/semmelweis.hu\/szakkollegium\/wp-json\/wp\/v2\/pages\/2656\/revisions"}],"predecessor-version":[{"id":2670,"href":"https:\/\/semmelweis.hu\/szakkollegium\/wp-json\/wp\/v2\/pages\/2656\/revisions\/2670"}],"wp:featuredmedia":[{"embeddable":true,"href":"https:\/\/semmelweis.hu\/szakkollegium\/wp-json\/wp\/v2\/media\/2665"}],"wp:attachment":[{"href":"https:\/\/semmelweis.hu\/szakkollegium\/wp-json\/wp\/v2\/media?parent=2656"}],"wp:term":[{"taxonomy":"category","embeddable":true,"href":"https:\/\/semmelweis.hu\/szakkollegium\/wp-json\/wp\/v2\/categories?post=2656"},{"taxonomy":"post_tag","embeddable":true,"href":"https:\/\/semmelweis.hu\/szakkollegium\/wp-json\/wp\/v2\/tags?post=2656"}],"curies":[{"name":"wp","href":"https:\/\/api.w.org\/{rel}","templated":true}]}}