{"id":2651,"date":"2026-01-12T21:23:17","date_gmt":"2026-01-12T20:23:17","guid":{"rendered":"https:\/\/semmelweis.hu\/szakkollegium\/?page_id=2651"},"modified":"2026-01-12T21:23:17","modified_gmt":"2026-01-12T20:23:17","slug":"felveteli-2025-2026-ii-szemeszter","status":"publish","type":"page","link":"https:\/\/semmelweis.hu\/szakkollegium\/felvetelizoknek\/felveteli-2025-2026-ii-szemeszter\/","title":{"rendered":"Felv\u00e9teli: 2025\/2026 &#8211; II. szemeszter"},"content":{"rendered":"<p><span style=\"font-weight: 400\">A Kor\u00e1nyi Frigyes Szakkoll\u00e9gium id\u00e9n is meghirdeti felv\u00e9telij\u00e9t a 2025\/26-os tan\u00e9v tavaszi szemeszter\u00e9re szakkoll\u00e9gista tags\u00e1gra a Semmelweis Egyetem orvos, fogorvos, valamint gy\u00f3gyszer\u00e9sz hallgat\u00f3i sz\u00e1m\u00e1ra.\u00a0<\/span><\/p>\n<p><strong>A felv\u00e9teli t\u00e1bor id\u0151pontja: <br \/>\n<\/strong><strong>2026. febru\u00e1r 15.<\/strong><\/p>\n<p><span style=\"font-weight: 400\">Helysz\u00edn:<\/span><span style=\"font-weight: 400\"><br \/>\n<\/span><span style=\"font-weight: 400\">Kor\u00e1nyi Frigyes Szakkoll\u00e9gium \u2013 1074 Budapest, H\u00e1rsfa utca 59\/b,<\/span><\/p>\n<p><strong>Jelentkez\u00e9si hat\u00e1rid\u0151:<\/strong><span style=\"font-weight: 400\"><br \/>\n<\/span><strong>2026. febru\u00e1r 13. 20:00<\/strong><\/p>\n<p><strong><span style=\"font-size: 18pt\">A jelentkez\u00e9s menete:<\/span><\/strong><\/p>\n<p><span style=\"font-weight: 400\">Felv\u00e9teli jelentkez\u00e9sedet k\u00fcldd a habil.harsfa@gmail.com email c\u00edmre, melynek t\u00e1rgya a k\u00f6vetkez\u0151 legyen: h\u00e1rsfafelv\u00e9teli2026t\u00e9l\u00a0<\/span><\/p>\n<p><span style=\"font-weight: 400\">Az al\u00e1bbi dokumentumokat csatold a leveledhez:<\/span><\/p>\n<ul>\n<li style=\"font-weight: 400\"><span style=\"font-weight: 400\">F\u00e9nyk\u00e9pes, amerikai t\u00edpus\u00fa <strong>\u00f6n\u00e9letrajz<\/strong><\/span><\/li>\n<li style=\"font-weight: 400\"><span style=\"font-weight: 400\"><strong>Nyelvtud\u00e1s<\/strong>r\u00f3l sz\u00f3l\u00f3 igazol\u00e1s, mely az al\u00e1bbiak b\u00e1rmelyike lehet:<\/span>\n<ul>\n<li style=\"font-weight: 400\"><span style=\"font-weight: 400\">C t\u00edpus\u00fa, legal\u00e1bb B2 szint\u0171 komplex nyelvvizsga<\/span><\/li>\n<li style=\"font-weight: 400\"><span style=\"font-weight: 400\">K\u00fclf\u00f6ldi \u00e1llampolg\u00e1rs\u00e1got igazol\u00f3 dokumentum<\/span><\/li>\n<li style=\"font-weight: 400\"><span style=\"font-weight: 400\">A Semmelweis Egyetem Szaknyelvi Int\u00e9zete \u00e1ltal ki\u00e1ll\u00edtott igazol\u00e1s, miszerint a jelentkez\u0151 legal\u00e1bb B2 szinten besz\u00e9li a nyelvet<\/span><\/li>\n<li style=\"font-weight: 400\"><span style=\"font-weight: 400\">N\u00e9met vagy angol nyelv\u0171 OKTV (legal\u00e1bb) m\u00e1sodik fordul\u00f3j\u00e1ba jut\u00e1s igazol\u00e1sa<\/span><\/li>\n<\/ul>\n<\/li>\n<li style=\"font-weight: 400\"><span style=\"font-weight: 400\"><strong>Tanulm\u00e1nyi eredm\u00e9ny<\/strong> igazol\u00e1sa<\/span>\n<ul>\n<li style=\"font-weight: 400\"><span style=\"font-weight: 400\">Leckek\u00f6nyvkivonat a 2025\/2026-os tan\u00e9v els\u0151 szemeszter\u00e9r\u0151l a minimum 4,0 s\u00falyozatlan tanulm\u00e1nyi \u00e1tlag igazol\u00e1s\u00e1ra. (Ha az el\u0151z\u0151 szemeszter(ek)ben passz\u00edv st\u00e1tusz\u00fa hallgat\u00f3 volt\u00e1l, a legut\u00f3bbi akt\u00edv szemeszter leckek\u00f6nyvkivonat\u00e1t csatold!)<\/span><\/li>\n<li style=\"font-weight: 400\"><span style=\"font-weight: 400\">Fontos, hogy az adott f\u00e9l\u00e9vben felvett \u00f6sszes k\u00f6telez\u0151 t\u00e1rgynak teljes\u00edtettnek kell lennie, hogy a jelentkez\u00e9st elfogadjuk<\/span><\/li>\n<\/ul>\n<\/li>\n<li style=\"font-weight: 400\"><span style=\"font-weight: 400\">Amennyiben legal\u00e1bb harmad\u00e9ves vagy, <strong>TDK<\/strong> tev\u00e9kenys\u00e9g igazol\u00e1sa<\/span><\/li>\n<li style=\"font-weight: 400\"><span style=\"font-weight: 400\">Egy <strong>essz\u00e9<\/strong> a k\u00f6vetkez\u0151 t\u00e9m\u00e1r\u00f3l: \u201c<\/span><span style=\"font-weight: 400\">Melyik \u00e9rzelem ir\u00e1ny\u00edtja legink\u00e1bb az \u00e9leted?<\/span><span style=\"font-weight: 400\">\u201d;<\/span><span style=\"font-weight: 400\"><br \/>\n<\/span><span style=\"font-weight: 400\">Formai k\u00f6vetelm\u00e9nyek:<\/span><\/p>\n<ul>\n<li style=\"font-weight: 400\"><span style=\"font-weight: 400\">Sz\u00f3k\u00f6z\u00f6kkel egy\u00fctt max. 3200 karakter<\/span><\/li>\n<li style=\"font-weight: 400\"><span style=\"font-weight: 400\">Bet\u0171t\u00edpus, m\u00e9ret: Times New Roman, 12<\/span><\/li>\n<li style=\"font-weight: 400\"><span style=\"font-weight: 400\">1-es sork\u00f6z, norm\u00e1l marg\u00f3k<\/span><\/li>\n<li style=\"font-weight: 400\"><span style=\"font-weight: 400\">A file neve: felveteli_essze_vezeteknev_keresztnev<\/span><\/li>\n<li style=\"font-weight: 400\"><span style=\"font-weight: 400\">A file form\u00e1tuma: .pdf<\/span><\/li>\n<\/ul>\n<\/li>\n<li style=\"font-weight: 400\"><span style=\"font-weight: 400\">K\u00e9sz\u00edts magadr\u00f3l egy 3 perces <strong>prezent\u00e1ci\u00f3t<\/strong>, amellyel a felv\u00e9teli napj\u00e1n bemutatkozhatsz!\u00a0<\/span>\n<ul>\n<li style=\"font-weight: 400\"><span style=\"font-weight: 400\">Itt els\u0151sorban a szem\u00e9lyedre vagyunk k\u00edv\u00e1ncsiak<\/span><\/li>\n<li style=\"font-weight: 400\"><span style=\"font-weight: 400\">Sz\u00e1nj egy di\u00e1t \u00e9s n\u00e9h\u00e1ny m\u00e1sodpercet annak bemutat\u00e1s\u00e1ra, hogy mi\u00e9rt szeretn\u00e9l a Koll\u00e9gium tagja lenni!<\/span><\/li>\n<li style=\"font-weight: 400\"><span style=\"font-weight: 400\">A\u00a0 PowerPoint form\u00e1tum\u00fa el\u0151ad\u00e1st (melynek c\u00edme tartalmazza a saj\u00e1t nevedet), a jelentkez\u00e9sedhez csatoltan k\u00fcldd el nek\u00fcnk emailben, valamint hozd magaddal pendrive-on a felv\u00e9telire!<\/span><\/li>\n<\/ul>\n<\/li>\n<li style=\"font-weight: 400\"><strong>K\u00e9rj\u00fck, t\u00f6ltsd ki a k\u00f6vetkez\u0151 <a href=\"https:\/\/docs.google.com\/forms\/d\/e\/1FAIpQLSegfwiVld6ngNp91aROcYh5eQB7yynVanYClNN2H0XOg0eisQ\/viewform?usp=header\">formot!<\/a><\/strong><\/li>\n<\/ul>\n<p><span style=\"font-weight: 400\">Amennyiben megkaptuk a jelentkez\u00e9sedet, e-mailben visszajelz\u00fcnk.<\/span><\/p>\n<p><strong>Csak a hat\u00e1rid\u0151ig hi\u00e1nytalanul be\u00e9rkezett p\u00e1ly\u00e1zatokat \u00e1ll m\u00f3dunkban elfogadni!<\/strong><\/p>\n<p><span style=\"font-weight: 400\">Abban az esetben is sz\u00edvesen v\u00e1runk, ha nem szeretn\u00e9l bek\u00f6lt\u00f6zni, \u00e9s ink\u00e1bb k\u00fcls\u0151s tags\u00e1gra p\u00e1ly\u00e1zn\u00e1l.<\/span><\/p>\n<p><span style=\"font-weight: 400\">A program 8:00-8:30 k\u00f6z\u00f6tt indul regisztr\u00e1ci\u00f3val, \u00e9s d\u00e9lut\u00e1n 17:00-ig tart majd. A felv\u00e9teli d\u00f6nt\u00e9sr\u0151l legk\u00e9s\u0151bb febru\u00e1r 16. estig t\u00e1j\u00e9koztatunk majd.<\/span><\/p>\n<p><span style=\"font-weight: 400\">K\u00e9rd\u00e9s eset\u00e9n keress minket b\u00e1tran a fenti e-mail c\u00edmen!<\/span><\/p>\n<p><span style=\"font-weight: 400\">Ha jelentkez\u00e9s el\u0151tt szeretn\u00e9l t\u00f6bbet megtudni r\u00f3lunk, l\u00e1togasd meg honlapunkat, <\/span><a href=\"https:\/\/www.facebook.com\/harsfa.semmelweis\"><span style=\"font-weight: 400\">Facebook<\/span><\/a><span style=\"font-weight: 400\">\u2013 \u00e9s <\/span><a href=\"https:\/\/www.instagram.com\/harsfasemmelweis\/\"><span style=\"font-weight: 400\">Instagram<\/span><\/a><span style=\"font-weight: 400\"> oldalunkat!<\/span><\/p>\n<p><span style=\"font-weight: 400\">Szeretettel v\u00e1runk!<\/span><\/p>\n<p><span style=\"font-weight: 400\">\u00dcdv\u00f6zlettel:<\/span><\/p>\n<p><span style=\"font-weight: 400\">Habilit\u00e1ci\u00f3s Bizotts\u00e1g,<br \/>\n<\/span><span style=\"font-weight: 400\">Kor\u00e1nyi Frigyes Szakkoll\u00e9gium<\/span><\/p>\n","protected":false},"excerpt":{"rendered":"<p>A Kor\u00e1nyi Frigyes Szakkoll\u00e9gium id\u00e9n is meghirdeti felv\u00e9telij\u00e9t a 2025\/26-os tan\u00e9v tavaszi szemeszter\u00e9re szakkoll\u00e9gista tags\u00e1gra a Semmelweis Egyetem orvos, fogorvos, valamint gy\u00f3gyszer\u00e9sz hallgat\u00f3i sz\u00e1m\u00e1ra.\u00a0 A felv\u00e9teli t\u00e1bor id\u0151pontja: 2026. febru\u00e1r 15. Helysz\u00edn: Kor\u00e1nyi Frigyes Szakkoll\u00e9gium \u2013 1074 Budapest, H\u00e1rsfa utca 59\/b, Jelentkez\u00e9si hat\u00e1rid\u0151: 2026. febru\u00e1r 13. 20:00 A jelentkez\u00e9s menete: Felv\u00e9teli jelentkez\u00e9sedet k\u00fcldd a habil.harsfa@gmail.com &hellip;<\/p>\n","protected":false},"author":101894,"featured_media":0,"parent":230,"menu_order":0,"comment_status":"closed","ping_status":"closed","template":"","meta":{"_acf_changed":false,"footnotes":""},"categories":[1],"tags":[],"class_list":["post-2651","page","type-page","status-publish","hentry","category-hirek"],"acf":[],"_links":{"self":[{"href":"https:\/\/semmelweis.hu\/szakkollegium\/wp-json\/wp\/v2\/pages\/2651","targetHints":{"allow":["GET"]}}],"collection":[{"href":"https:\/\/semmelweis.hu\/szakkollegium\/wp-json\/wp\/v2\/pages"}],"about":[{"href":"https:\/\/semmelweis.hu\/szakkollegium\/wp-json\/wp\/v2\/types\/page"}],"author":[{"embeddable":true,"href":"https:\/\/semmelweis.hu\/szakkollegium\/wp-json\/wp\/v2\/users\/101894"}],"replies":[{"embeddable":true,"href":"https:\/\/semmelweis.hu\/szakkollegium\/wp-json\/wp\/v2\/comments?post=2651"}],"version-history":[{"count":2,"href":"https:\/\/semmelweis.hu\/szakkollegium\/wp-json\/wp\/v2\/pages\/2651\/revisions"}],"predecessor-version":[{"id":2653,"href":"https:\/\/semmelweis.hu\/szakkollegium\/wp-json\/wp\/v2\/pages\/2651\/revisions\/2653"}],"up":[{"embeddable":true,"href":"https:\/\/semmelweis.hu\/szakkollegium\/wp-json\/wp\/v2\/pages\/230"}],"wp:attachment":[{"href":"https:\/\/semmelweis.hu\/szakkollegium\/wp-json\/wp\/v2\/media?parent=2651"}],"wp:term":[{"taxonomy":"category","embeddable":true,"href":"https:\/\/semmelweis.hu\/szakkollegium\/wp-json\/wp\/v2\/categories?post=2651"},{"taxonomy":"post_tag","embeddable":true,"href":"https:\/\/semmelweis.hu\/szakkollegium\/wp-json\/wp\/v2\/tags?post=2651"}],"curies":[{"name":"wp","href":"https:\/\/api.w.org\/{rel}","templated":true}]}}