{"id":2648,"date":"2025-10-31T11:27:20","date_gmt":"2025-10-31T10:27:20","guid":{"rendered":"https:\/\/semmelweis.hu\/szakkollegium\/?page_id=2648"},"modified":"2025-10-31T11:27:20","modified_gmt":"2025-10-31T10:27:20","slug":"harsfa40-jubilal-a-koranyi-frigyes-szakkollegium","status":"publish","type":"page","link":"https:\/\/semmelweis.hu\/szakkollegium\/magunkrol\/kurzusaink-2\/harsfa-40\/harsfa40-jubilal-a-koranyi-frigyes-szakkollegium\/","title":{"rendered":"H\u00e1rsfa40 \u2013 Jubil\u00e1l a Kor\u00e1nyi Frigyes Szakkoll\u00e9gium"},"content":{"rendered":"<p><a href=\"https:\/\/semmelweis.hu\/hirek\/2025\/10\/28\/harsfa40-jubilal-a-koranyi-frigyes-szakkollegium\/?fbclid=IwY2xjawNt2OBleHRuA2FlbQIxMABicmlkETFIUnVUazVteFRWelF4b2ZjAR6dPL186V4N7KHWojq85NKftCvuOsSk1OhuyF9QNgzXSJdYcl1XaXvGOm8YWg_aem_Rl4YYmi3xCo3ZaCQRH9v_g\">H\u00e1rsfa40 \u2013 Jubil\u00e1l a Kor\u00e1nyi Frigyes Szakkoll\u00e9gium \u2013 Semmelweis H\u00edrek<\/a><\/p>\n","protected":false},"excerpt":{"rendered":"<p><a href=\"https:\/\/semmelweis.hu\/hirek\/2025\/10\/28\/harsfa40-jubilal-a-koranyi-frigyes-szakkollegium\/?fbclid=IwY2xjawNt2OBleHRuA2FlbQIxMABicmlkETFIUnVUazVteFRWelF4b2ZjAR6dPL186V4N7KHWojq85NKftCvuOsSk1OhuyF9QNgzXSJdYcl1XaXvGOm8YWg_aem_Rl4YYmi3xCo3ZaCQRH9v_g\">H\u00e1rsfa40 \u2013 Jubil\u00e1l a Kor\u00e1nyi Frigyes Szakkoll\u00e9gium \u2013 Semmelweis H\u00edrek<\/a><\/p>\n","protected":false},"author":101894,"featured_media":0,"parent":2589,"menu_order":0,"comment_status":"closed","ping_status":"closed","template":"","meta":{"_acf_changed":false,"footnotes":""},"categories":[1],"tags":[],"class_list":["post-2648","page","type-page","status-publish","hentry","category-hirek"],"acf":[],"_links":{"self":[{"href":"https:\/\/semmelweis.hu\/szakkollegium\/wp-json\/wp\/v2\/pages\/2648","targetHints":{"allow":["GET"]}}],"collection":[{"href":"https:\/\/semmelweis.hu\/szakkollegium\/wp-json\/wp\/v2\/pages"}],"about":[{"href":"https:\/\/semmelweis.hu\/szakkollegium\/wp-json\/wp\/v2\/types\/page"}],"author":[{"embeddable":true,"href":"https:\/\/semmelweis.hu\/szakkollegium\/wp-json\/wp\/v2\/users\/101894"}],"replies":[{"embeddable":true,"href":"https:\/\/semmelweis.hu\/szakkollegium\/wp-json\/wp\/v2\/comments?post=2648"}],"version-history":[{"count":1,"href":"https:\/\/semmelweis.hu\/szakkollegium\/wp-json\/wp\/v2\/pages\/2648\/revisions"}],"predecessor-version":[{"id":2649,"href":"https:\/\/semmelweis.hu\/szakkollegium\/wp-json\/wp\/v2\/pages\/2648\/revisions\/2649"}],"up":[{"embeddable":true,"href":"https:\/\/semmelweis.hu\/szakkollegium\/wp-json\/wp\/v2\/pages\/2589"}],"wp:attachment":[{"href":"https:\/\/semmelweis.hu\/szakkollegium\/wp-json\/wp\/v2\/media?parent=2648"}],"wp:term":[{"taxonomy":"category","embeddable":true,"href":"https:\/\/semmelweis.hu\/szakkollegium\/wp-json\/wp\/v2\/categories?post=2648"},{"taxonomy":"post_tag","embeddable":true,"href":"https:\/\/semmelweis.hu\/szakkollegium\/wp-json\/wp\/v2\/tags?post=2648"}],"curies":[{"name":"wp","href":"https:\/\/api.w.org\/{rel}","templated":true}]}}