{"id":263,"date":"2016-02-10T00:00:00","date_gmt":"2016-02-09T23:00:00","guid":{"rendered":"http:\/\/semmelweis.hu\/harsfa\/az-onkormanyzat\/"},"modified":"2025-09-30T20:46:03","modified_gmt":"2025-09-30T18:46:03","slug":"az-onkormanyzat","status":"publish","type":"page","link":"https:\/\/semmelweis.hu\/szakkollegium\/magunkrol\/az-onkormanyzat\/","title":{"rendered":"Az \u00d6nkorm\u00e1nyzat"},"content":{"rendered":"<p>&nbsp;<\/p>\n<p style=\"text-align: justify\"><a href=\"https:\/\/semmelweis.hu\/szakkollegium\/files\/2020\/01\/RS105915_IMG_8460-scr.jpg\"><img loading=\"lazy\" decoding=\"async\" class=\"alignright wp-image-1756\" src=\"https:\/\/semmelweis.hu\/szakkollegium\/files\/2020\/01\/RS105915_IMG_8460-scr-208x300.jpg\" alt=\"\" width=\"265\" height=\"382\" srcset=\"https:\/\/semmelweis.hu\/szakkollegium\/files\/2020\/01\/RS105915_IMG_8460-scr-208x300.jpg 208w, https:\/\/semmelweis.hu\/szakkollegium\/files\/2020\/01\/RS105915_IMG_8460-scr.jpg 624w\" sizes=\"auto, (max-width: 265px) 100vw, 265px\" \/><\/a>A szakkoll\u00e9giumi mozgalom legfontosabb alapism\u00e9rve a hallgat\u00f3i \u00f6nrendelkez\u00e9s. A Kor\u00e1nyi Frigyes Szakkoll\u00e9gium hallgat\u00f3i \u00f6nkorm\u00e1nyzata az int\u00e9zm\u00e9ny alap\u00edt\u00e1s\u00e1t\u00f3l kezdve rendk\u00edv\u00fcl sz\u00e9les jogk\u00f6rrel rendelkezik. A szakkoll\u00e9gist\u00e1k hat\u00e1rozz\u00e1k meg a k\u00e9pz\u00e9sek tematik\u00e1j\u00e1t, az \u00faj tagok felv\u00e9tel\u00e9nek szempontjait, s\u0151t m\u00e9g a koll\u00e9giumban marad\u00e1s krit\u00e9riumainak nagy r\u00e9sz\u00e9t is. Ez a nagyfok\u00fa hallgat\u00f3i szabads\u00e1g nagy lehet\u0151s\u00e9geket rejt mag\u00e1ban, ugyanakkor komoly felel\u0151ss\u00e9get is jelent.<\/p>\n<p style=\"text-align: justify\">Auton\u00f3mi\u00e1ja mellett a szakkoll\u00e9gium a Semmelweis Egyetem szerves r\u00e9sz\u00e9t k\u00e9pezi. Az egyetem azon t\u00fal, hogy p\u00e1ly\u00e1zati forr\u00e1saib\u00f3l jelent\u0151s anyagi \u00e9s szakmai t\u00e1mogat\u00e1st ny\u00fajt, a szakkoll\u00e9gist\u00e1kkal szemben komoly elv\u00e1r\u00e1sokat is t\u00e1maszt. A kisebb konfliktusok id\u0151nk\u00e9nt ugyan elker\u00fclhetetlenek, azonban az elm\u00falt t\u00f6bb mint h\u00fasz \u00e9v egy\u00fcttm\u0171k\u00f6d\u00e9s\u00e9nek eredm\u00e9nyei azt mutatj\u00e1k, hogy az \u00f6nkorm\u00e1nyzatis\u00e1g alap\u00e9rt\u00e9keinek meg\u0151rz\u00e9se mellett is siker\u00fclt kiv\u00e1l\u00f3 viszonyt kialak\u00edtanunk az egyetem vezet\u00e9s\u00e9vel.<\/p>\n<p style=\"text-align: justify\">A k\u00f6z\u00f6ss\u00e9g mindennapjainak ir\u00e1ny\u00edt\u00e1s\u00e1ban a hallgat\u00f3i bizotts\u00e1gok j\u00e1tssz\u00e1k a f\u0151 szerepet, a fajs\u00falyosabb k\u00e9rd\u00e9sekben pedig a f\u00e9l\u00e9vente legal\u00e1bb egy alkalommal \u00f6sszeh\u00edvott k\u00f6zgy\u0171l\u00e9s hivatott d\u00f6nteni. A hallgat\u00f3i bizotts\u00e1gok munk\u00e1j\u00e1t seg\u00edti a koll\u00e9gium igazgat\u00f3ja \u00e9s a kurzusok koordin\u00e1ci\u00f3j\u00e1\u00e9rt \u00e9s min\u0151s\u00e9gbiztos\u00edt\u00e1s\u00e1\u00e9rt felel\u0151s senior nevel\u0151tan\u00e1r.<\/p>\n<p style=\"text-align: center\"><a class=\"button\" href=\"https:\/\/semmelweis.hu\/szakkollegium\/files\/2024\/09\/SzMR_2024_09_11.pdf\" rel=\"noopener noreferrer\">SZERVEZETI \u00c9S M\u0170K\u00d6D\u00c9SI SZAB\u00c1LYZAT<\/a><\/p>\n<p style=\"text-align: center\"><a class=\"button\" href=\"https:\/\/semmelweis.hu\/szakkollegium\/files\/2022\/10\/GDPR_harsfa_alumni.pdf\" rel=\"noopener noreferrer\">ADATKEZEL\u00c9SI t\u00e1j\u00e9koztat\u00f3<\/a><\/p>\n<p style=\"text-align: center\"><a class=\"button\" href=\"https:\/\/semmelweis.hu\/szakkollegium\/files\/2024\/09\/Habilitacios-Szabalyzat_2024_25_I.pdf\" rel=\"noopener noreferrer\">HABILIT\u00c1CI\u00d3S SZAB\u00c1LYZAT<\/a><\/p>\n<p><strong>A szakkoll\u00e9giumi \u00f6nkorm\u00e1nyzat \u00fcgyviv\u0151 bizotts\u00e1gainak fel\u00e9p\u00edt\u00e9se \u00e9s m\u0171k\u00f6d\u00e9se:<\/strong><\/p>\n<table style=\"width: 100%;border-color: #ffffff;height: 1171px\" border=\"1\" width=\"100%\" cellspacing=\"0\" cellpadding=\"5\">\n<tbody>\n<tr style=\"background-color: #cce3e2\">\n<td style=\"width: 19.6364%;height: 38px\" valign=\"top\" width=\"20%\">\u00a0<\/td>\n<td style=\"width: 32.3635%;height: 38px\" valign=\"top\" width=\"40%\"><strong>Bizotts\u00e1g feladata:<\/strong><\/td>\n<td style=\"width: 23.8547%;height: 38px\" valign=\"top\" width=\"40%\"><strong>Tagjai:<\/strong><\/td>\n<\/tr>\n<tr style=\"height: 218px\">\n<td style=\"width: 19.6364%;height: 218px\"><span style=\"font-size: 18pt\"><strong>Szakmai Bizotts\u00e1g<\/strong><\/span><\/td>\n<td style=\"width: 32.3635%;vertical-align: middle;height: 218px\" valign=\"top\">\n<p style=\"text-align: justify\">A bizotts\u00e1g legfontosabb teend\u0151i a Kor\u00e1nyi Frigyes Tudom\u00e1nyos F\u00f3rum, valamint a Semmelweis Magiszter Szimp\u00f3ziumok megszervez\u00e9se \u00e9s az \u00daj Gener\u00e1ci\u00f3 K\u00e9pz\u00e9si Program el\u0151ad\u00e1sainak lebonyol\u00edt\u00e1sa. A Szakmai Bizotts\u00e1g saj\u00e1t szab\u00e1lyzata\u00a0<a href=\"https:\/\/semmelweis.hu\/szakkollegium\/files\/2024\/09\/SZB_szabalyzat_2024_szeptember.pdf\">itt<\/a> \u00e9rhet\u0151 el.<\/p>\n<\/td>\n<td style=\"width: 23.8547%;vertical-align: middle;height: 218px\" valign=\"top\">\n<p><strong>a Szakmai Bizotts\u00e1g eln\u00f6ke:<\/strong> <br \/>\nVeres Lili\u00e1na<\/p>\n<p><strong>a Szakmai Bizotts\u00e1g tagjai:<\/strong><br \/>\nDebreczeni Dorina<br \/>\nDrahos Botond<br \/>\nGergely M\u00edra<br \/>\nKov\u00e1cs Bor\u00f3ka No\u00e9mi<\/p>\n<\/td>\n<\/tr>\n<tr style=\"height: 272px\">\n<td style=\"width: 19.6364%;height: 272px\"><span style=\"font-size: 18pt\"><strong>Di\u00e1kbizotts\u00e1g<\/strong><\/span><\/td>\n<td style=\"width: 32.3635%;vertical-align: middle;height: 272px\" valign=\"top\">\n<p style=\"text-align: justify\">A Di\u00e1kbizotts\u00e1g feladata a koll\u00e9gium mindennapjainak megszervez\u00e9se, a k\u00f6z\u00f6ss\u00e9gi programok, megeml\u00e9kez\u00e9sek lebonyol\u00edt\u00e1sa, illetve a hallgat\u00f3i k\u00f6z\u00f6ss\u00e9gi befizet\u00e9sek kezel\u00e9se. A Di\u00e1kbizotts\u00e1g szervezi \u00e9s ellen\u0151rzi a szakkoll\u00e9giumban m\u0171k\u00f6d\u0151 tev\u00e9keny csoportok m\u0171k\u00f6d\u00e9s\u00e9t. A Di\u00e1kbizotts\u00e1g szab\u00e1lyzata <a href=\"https:\/\/semmelweis.hu\/szakkollegium\/files\/2024\/09\/DB_Alkotmany_2024_25_1.pdf\">itt<\/a> olvashat\u00f3.<\/p>\n<\/td>\n<td style=\"vertical-align: middle;width: 23.8547%;height: 272px\" valign=\"top\">\n<p><strong>a Di\u00e1kbizotts\u00e1g eln\u00f6ke:<\/strong> <br \/>\nV\u00e9kony Benedek<\/p>\n<p><strong>a Di\u00e1kbizotts\u00e1g tagjai:<\/strong><br \/>\nBanitz Rajmund<br \/>\nPolivka Zs\u00f3fia<br \/>\nZsoldos Tam\u00e1s<\/p>\n<\/td>\n<\/tr>\n<tr style=\"height: 407px\">\n<td style=\"width: 19.6364%;height: 407px\"><span style=\"font-size: 18pt\"><strong>Habilit\u00e1ci\u00f3s Bizotts\u00e1g<\/strong><\/span><\/td>\n<td style=\"width: 32.3635%;vertical-align: middle;height: 407px\" valign=\"top\">\n<p style=\"text-align: justify\">A Habilit\u00e1ci\u00f3s Bizotts\u00e1g els\u0151 sz\u00e1m\u00fa feladata a szakkoll\u00e9gium felv\u00e9teli krit\u00e9riumainak meghat\u00e1roz\u00e1sa, a felv\u00e9teli elbesz\u00e9lget\u00e9sek \u00e9s t\u00e1borok megszervez\u00e9se. Ez a bizotts\u00e1g d\u00f6nt a szakkoll\u00e9gista, szakkoll\u00e9gista-jel\u00f6lt \u00e9s k\u00fcls\u0151s st\u00e1tuszok oda\u00edt\u00e9l\u00e9s\u00e9r\u0151l. A szakkoll\u00e9gist\u00e1kkal \u00e9s szakkoll\u00e9gista-jel\u00f6ltekkel szemben t\u00e1masztott krit\u00e9riumok teljes\u00fcl\u00e9s\u00e9t minden f\u00e9l\u00e9vben k\u00f6teles fel\u00fclvizsg\u00e1lni a k\u00f6z\u00f6ss\u00e9g minden tagja eset\u00e9ben.<\/p>\n<\/td>\n<td style=\"width: 23.8547%;vertical-align: middle;height: 407px\" valign=\"top\">\n<p><strong>a Habilit\u00e1ci\u00f3s Bizotts\u00e1g eln\u00f6ke:<\/strong><br \/>\nRem\u00e9nyi J\u00falia Csenge<\/p>\n<p><strong>a Habilit\u00e1ci\u00f3s Bizotts\u00e1g tagjai:<\/strong><br \/>\nPapp D\u00f3ra \u00c1gota<br \/>\nSzilika Domonkos J\u00f3zsef<\/p>\n<p><strong>a Habilit\u00e1ci\u00f3s Bizotts\u00e1g p\u00f3ttagja:<br \/>\n<\/strong>Losonczi M\u00e1rta<\/p>\n<p><strong>a Szakmai Bizotts\u00e1g eln\u00f6kek\u00e9nt:<\/strong> <br \/>\nVeres Lili\u00e1na<\/p>\n<p><strong>a Di\u00e1kbizotts\u00e1g eln\u00f6kek\u00e9nt:<\/strong> <br \/>\nV\u00e9kony Benedek<\/p>\n<\/td>\n<\/tr>\n<tr style=\"height: 236px\">\n<td style=\"width: 19.6364%;height: 236px\"><span style=\"font-size: 18pt\"><strong>Ellen\u0151rz\u0151 Bizotts\u00e1g<\/strong><\/span><\/td>\n<td style=\"width: 32.3635%;vertical-align: middle;height: 236px\" valign=\"top\">\n<p style=\"text-align: justify\">E bizotts\u00e1g foglalkozik a k\u00f6zgy\u0171l\u00e9sek \u00e9s a v\u00e1laszt\u00e1sok lebonyol\u00edt\u00e1s\u00e1val. Ezen t\u00falmen\u0151en seg\u00edti a t\u00f6bbi bizotts\u00e1g m\u0171k\u00f6d\u00e9s\u00e9t illetve ellen\u0151rzi a Szervezeti \u00e9s M\u0171k\u00f6d\u00e9si Szab\u00e1lyzat betart\u00e1s\u00e1t. Az Ellen\u0151rz\u0151 Bizotts\u00e1g saj\u00e1t szab\u00e1lyzata <a href=\"https:\/\/semmelweis.hu\/szakkollegium\/files\/2024\/09\/Ellenorzo_bizottsag_sajat_szabalyzat.pdf\">itt<\/a> \u00e9rhet\u0151 el.<\/p>\n<\/td>\n<td style=\"width: 23.8547%;vertical-align: middle;height: 236px\" align=\"left\" valign=\"top\">\n<p><strong>az Ellen\u0151rz\u0151 Bizotts\u00e1g eln\u00f6ke:<\/strong><br \/>\nM\u00e1rka Emese<\/p>\n<p><strong>az Ellen\u0151rz\u0151 Bizotts\u00e1g tagjai:<br \/>\n<\/strong>Juh\u00e1sz Andr\u00e1s Simon<br \/>\nSzalay Tam\u00e1s<\/p>\n<\/td>\n<\/tr>\n<\/tbody>\n<\/table>\n<p style=\"text-align: justify\">Az egyes bizotts\u00e1gok munk\u00e1j\u00e1ban minden szakkoll\u00e9gista r\u00e9szt vehet, a tiszts\u00e9gvisel\u0151k v\u00e1laszt\u00e1sa \u00e9vente a tiszt\u00faj\u00edt\u00f3 k\u00f6zgy\u0171l\u00e9s keret\u00e9ben t\u00f6rt\u00e9nik.<\/p>\n","protected":false},"excerpt":{"rendered":"<p>&nbsp; <a href=\"https:\/\/semmelweis.hu\/szakkollegium\/files\/2020\/01\/RS105915_IMG_8460-scr.jpg\"><\/a> A szakkoll\u00e9giumi mozgalom legfontosabb alapism\u00e9rve a hallgat\u00f3i \u00f6nrendelkez\u00e9s. A Kor\u00e1nyi Frigyes Szakkoll\u00e9gium hallgat\u00f3i \u00f6nkorm\u00e1nyzata az int\u00e9zm\u00e9ny alap\u00edt\u00e1s\u00e1t\u00f3l kezdve rendk\u00edv\u00fcl sz\u00e9les jogk\u00f6rrel rendelkezik. A szakkoll\u00e9gist\u00e1k hat\u00e1rozz\u00e1k meg a k\u00e9pz\u00e9sek tematik\u00e1j\u00e1t, az \u00faj tagok felv\u00e9tel\u00e9nek szempontjait, s\u0151t m\u00e9g a koll\u00e9giumban marad\u00e1s krit\u00e9riumainak nagy r\u00e9sz\u00e9t is. Ez a nagyfok\u00fa hallgat\u00f3i szabads\u00e1g nagy lehet\u0151s\u00e9geket rejt mag\u00e1ban, ugyanakkor komoly &hellip;<\/p>\n","protected":false},"author":158,"featured_media":0,"parent":1546,"menu_order":2,"comment_status":"closed","ping_status":"closed","template":"","meta":{"_acf_changed":false,"footnotes":""},"categories":[],"tags":[],"class_list":["post-263","page","type-page","status-publish","hentry"],"acf":[],"_links":{"self":[{"href":"https:\/\/semmelweis.hu\/szakkollegium\/wp-json\/wp\/v2\/pages\/263","targetHints":{"allow":["GET"]}}],"collection":[{"href":"https:\/\/semmelweis.hu\/szakkollegium\/wp-json\/wp\/v2\/pages"}],"about":[{"href":"https:\/\/semmelweis.hu\/szakkollegium\/wp-json\/wp\/v2\/types\/page"}],"author":[{"embeddable":true,"href":"https:\/\/semmelweis.hu\/szakkollegium\/wp-json\/wp\/v2\/users\/158"}],"replies":[{"embeddable":true,"href":"https:\/\/semmelweis.hu\/szakkollegium\/wp-json\/wp\/v2\/comments?post=263"}],"version-history":[{"count":13,"href":"https:\/\/semmelweis.hu\/szakkollegium\/wp-json\/wp\/v2\/pages\/263\/revisions"}],"predecessor-version":[{"id":2640,"href":"https:\/\/semmelweis.hu\/szakkollegium\/wp-json\/wp\/v2\/pages\/263\/revisions\/2640"}],"up":[{"embeddable":true,"href":"https:\/\/semmelweis.hu\/szakkollegium\/wp-json\/wp\/v2\/pages\/1546"}],"wp:attachment":[{"href":"https:\/\/semmelweis.hu\/szakkollegium\/wp-json\/wp\/v2\/media?parent=263"}],"wp:term":[{"taxonomy":"category","embeddable":true,"href":"https:\/\/semmelweis.hu\/szakkollegium\/wp-json\/wp\/v2\/categories?post=263"},{"taxonomy":"post_tag","embeddable":true,"href":"https:\/\/semmelweis.hu\/szakkollegium\/wp-json\/wp\/v2\/tags?post=263"}],"curies":[{"name":"wp","href":"https:\/\/api.w.org\/{rel}","templated":true}]}}