{"id":2613,"date":"2025-08-04T12:39:43","date_gmt":"2025-08-04T10:39:43","guid":{"rendered":"https:\/\/semmelweis.hu\/szakkollegium\/?page_id=2613"},"modified":"2025-08-04T12:43:27","modified_gmt":"2025-08-04T10:43:27","slug":"2613-2","status":"publish","type":"page","link":"https:\/\/semmelweis.hu\/szakkollegium\/magunkrol\/kurzusaink-2\/harsfa-40\/2613-2\/","title":{"rendered":"H\u00e1rsfa40: Sikeres n\u0151k az orvostudom\u00e1nyban"},"content":{"rendered":"<p style=\"text-align: center\"><span style=\"font-size: 18pt\"><b>H\u00e1rsfa40-programsorozat: Sikeres n\u0151k az orvostudom\u00e1nyban<\/p>\n<p><\/b><\/span><\/p>\n<p style=\"text-align: justify\"><span style=\"font-size: 1rem\">2025. \u00e1prilis\u00e1ban tov\u00e1bb folytat\u00f3dott a H\u00e1rsfa40-programsorozat, melynek k\u00f6vetkez\u0151 \u00e1llom\u00e1sak\u00e9nt a \u201cSikeres n\u0151k az orvostudom\u00e1nyban\u201d c\u00edmen megrendezett kerekasztal-besz\u00e9lget\u00e9sen vehettek r\u00e9szt az \u00e9rdekl\u0151d\u0151 hallgat\u00f3k.\u00a0<\/span><\/p>\n<p style=\"text-align: justify\"><span style=\"font-weight: 400\">A Kor\u00e1nyi Frigyes Szakkoll\u00e9gium szervez\u00e9s\u00e9ben tartott esem\u00e9ny megh\u00edvott vend\u00e9gei:<\/span><\/p>\n<ul style=\"text-align: justify\">\n<li style=\"font-weight: 400\"><b>Dr. Ficzere Andrea<\/b><span style=\"font-weight: 400\">, az Uzsoki Utcai K\u00f3rh\u00e1z f\u0151igazgat\u00f3ja \u00e9s a Magyar K\u00f3rh\u00e1zsz\u00f6vets\u00e9g eln\u00f6khelyettese<\/span><\/li>\n<li style=\"font-weight: 400\"><b>Prof. Dr. Kamondi Anita<\/b><span style=\"font-weight: 400\">, a Semmelweis Egyetem Neurol\u00f3giai Klinika egyetemi tan\u00e1ra, az Idegseb\u00e9szeti \u00e9s Neurointervenci\u00f3s Klinika Neurol\u00f3giai oszt\u00e1ly\u00e1nak oszt\u00e1lyvezet\u0151je, a Neurokognit\u00edv Kutat\u00e1si K\u00f6zpont igazgat\u00f3helyettese \u00e9s vezet\u0151 tudom\u00e1nyos tan\u00e1csad\u00f3ja<\/span><\/li>\n<li style=\"font-weight: 400\"><b>Prof. Dr. V\u00e1g\u00f3 Hajnalka<\/b><span style=\"font-weight: 400\">, a V\u00e1rosmajori Sz\u00edv- \u00e9s \u00c9rgy\u00f3gy\u00e1szati Klinika egyetemi tan\u00e1ra, a Sz\u00edv MR kutat\u00f3csoport vezet\u0151je, a Magyar Kardiol\u00f3gusok T\u00e1rsas\u00e1g\u00e1nak eln\u00f6ks\u00e9gi tagja\u00a0<\/span><\/li>\n<\/ul>\n<p style=\"text-align: justify\"><img loading=\"lazy\" decoding=\"async\" class=\"wp-image-2617 aligncenter\" src=\"https:\/\/semmelweis.hu\/szakkollegium\/files\/2025\/08\/5F9A5347-scaled.jpg\" alt=\"\" width=\"665\" height=\"443\" srcset=\"https:\/\/semmelweis.hu\/szakkollegium\/files\/2025\/08\/5F9A5347-scaled.jpg 2560w, https:\/\/semmelweis.hu\/szakkollegium\/files\/2025\/08\/5F9A5347-400x267.jpg 400w, https:\/\/semmelweis.hu\/szakkollegium\/files\/2025\/08\/5F9A5347-1024x683.jpg 1024w, https:\/\/semmelweis.hu\/szakkollegium\/files\/2025\/08\/5F9A5347-768x512.jpg 768w, https:\/\/semmelweis.hu\/szakkollegium\/files\/2025\/08\/5F9A5347-1536x1024.jpg 1536w, https:\/\/semmelweis.hu\/szakkollegium\/files\/2025\/08\/5F9A5347-2048x1365.jpg 2048w, https:\/\/semmelweis.hu\/szakkollegium\/files\/2025\/08\/5F9A5347-753x502.jpg 753w, https:\/\/semmelweis.hu\/szakkollegium\/files\/2025\/08\/5F9A5347-203x135.jpg 203w\" sizes=\"auto, (max-width: 665px) 100vw, 665px\" \/><\/p>\n<p style=\"text-align: justify\"><span style=\"font-weight: 400\">Az esem\u00e9ny Tusn\u00e1dy Simon szervez\u00e9s\u00e9ben, Debreczeni Dorina \u00e9s Horv\u00e1th Krisztina szakkoll\u00e9gist\u00e1k moder\u00e1l\u00e1s\u00e1ban val\u00f3sult meg. A besz\u00e9lget\u00e9s az orvosi hivat\u00e1s mindennapi kih\u00edv\u00e1sai mellett az egy\u00e9n \u00e9let\u00e9t meghat\u00e1roz\u00f3 szem\u00e9lyes \u00e9s szakmai d\u00f6nt\u00e9shelyzeteket is \u00e9rintette, amelyekkel kapcsolatban a doktorn\u0151k saj\u00e1t tapasztalataikat is megosztott\u00e1k.<\/span><\/p>\n<p style=\"text-align: justify\"><span style=\"font-weight: 400\"><img loading=\"lazy\" decoding=\"async\" class=\"wp-image-2619 alignleft\" src=\"https:\/\/semmelweis.hu\/szakkollegium\/files\/2025\/08\/5F9A5592-scaled.jpg\" alt=\"\" width=\"287\" height=\"191\" srcset=\"https:\/\/semmelweis.hu\/szakkollegium\/files\/2025\/08\/5F9A5592-scaled.jpg 2560w, https:\/\/semmelweis.hu\/szakkollegium\/files\/2025\/08\/5F9A5592-400x267.jpg 400w, https:\/\/semmelweis.hu\/szakkollegium\/files\/2025\/08\/5F9A5592-1024x683.jpg 1024w, https:\/\/semmelweis.hu\/szakkollegium\/files\/2025\/08\/5F9A5592-768x512.jpg 768w, https:\/\/semmelweis.hu\/szakkollegium\/files\/2025\/08\/5F9A5592-1536x1024.jpg 1536w, https:\/\/semmelweis.hu\/szakkollegium\/files\/2025\/08\/5F9A5592-2048x1365.jpg 2048w, https:\/\/semmelweis.hu\/szakkollegium\/files\/2025\/08\/5F9A5592-753x502.jpg 753w, https:\/\/semmelweis.hu\/szakkollegium\/files\/2025\/08\/5F9A5592-203x135.jpg 203w\" sizes=\"auto, (max-width: 287px) 100vw, 287px\" \/>Az este kezd\u0151t\u00e9m\u00e1ja a szakosod\u00e1s k\u00e9rd\u00e9se volt.<\/span> <span style=\"font-weight: 400\">A vend\u00e9gek v\u00e9lem\u00e9nye szerint a szakir\u00e1nyv\u00e1laszt\u00e1s sokszor nem tiszt\u00e1n egy tudatos, el\u0151re eltervezett folyamat, hanem szerencs\u00e9s v\u00e9letlenek \u00e9s inspir\u00e1l\u00f3 \u00e9lm\u00e9nyek eredm\u00e9nye is egyben. A doktorn\u0151k hangs\u00falyozt\u00e1k az olyan korai tapasztalatok, mint p\u00e9ld\u00e1ul a n\u0151v\u00e9rk\u00e9nt elt\u00f6lt\u00f6tt id\u0151szak, a TDK-tev\u00e9kenys\u00e9g vagy az egyetemi \u00e9vek alatt v\u00e9gzett kutat\u00e1sok szerep\u00e9t, amelyek jelent\u0151s befoly\u00e1ssal voltak k\u00e9s\u0151bbi d\u00f6nt\u00e9seikre.\u00a0<\/span><\/p>\n<p style=\"text-align: justify\"><span style=\"font-weight: 400\">Arra k\u00e9rd\u00e9sre, hogy tal\u00e1lkoztak-e szakm\u00e1juk \u0171z\u00e9se sor\u00e1n nemi megk\u00fcl\u00f6nb\u00f6ztet\u00e9ssel, a doktorn\u0151k elmondt\u00e1k, hogy annak kell sz\u00e1m\u00edtania, ki milyen ember, nem pedig hogy milyen nem\u0171.\u00a0<\/span><\/p>\n<p style=\"text-align: justify\"><span style=\"font-weight: 400\">Azt gondolom, hogy m\u00e1r egy olyan vil\u00e1gban \u00e9l\u00fcnk, ahol az embernek a teljes\u00edtm\u00e9nye tud \u00f6nmag\u00e1\u00e9rt besz\u00e9lni. A n\u0151k k\u00f6z\u00f6tt is el lehet \u00e9rni a menedzsmentben, a tudom\u00e1nyban, a klinikumban azt a szintet, ahol az illet\u0151 j\u00f3l \u00e9rzi mag\u00e1t. M\u00e1sik k\u00e9rd\u00e9s, hogy hol \u00e9rzed j\u00f3l magad. Hogy eljutsz-e a kompetenci\u00e1nak arra a szintj\u00e9re, hogy megel\u00e9gszel azzal, hogy id\u00e1ig jutottam \u00e9s nem kell m\u00e1r a k\u00f6vetkez\u0151 l\u00e9pcs\u0151fok. Ez nagyon neh\u00e9z, f\u0151leg egy olyan elv\u00e1r\u00e1sokkal teli t\u00e1rsadalomban, amiben most \u00e9l\u00fcnk &#8211; osztotta meg a k\u00f6z\u00f6ns\u00e9ggel Dr. Kamondi Anita.\u00a0<\/span><\/p>\n<p style=\"text-align: justify\"><span style=\"font-weight: 400\">A n\u0151i karrier\u00fat egyik nagy k\u00e9rd\u00e9se a csal\u00e1d \u00e9s a gyermekv\u00e1llal\u00e1s. Dr. V\u00e1g\u00f3 Hajnalka szerint az is k\u00e9rd\u00e9s lehet, hogy mikor \u00e9rdemes gyereket v\u00e1llalni, mi az ide\u00e1lis. Szerinte erre nem lehet v\u00e1laszt adni, ha j\u00f3l megn\u00e9zz\u00fck, akkor minden pillanatban neh\u00e9z a gyermekv\u00e1llal\u00e1s, mindig valamir\u0151l le kell mondani.<\/span><\/p>\n<p style=\"text-align: justify\"><span style=\"font-weight: 400\">El kell fogadnunk, hogy nem tudunk egyszerre mindenhol helyt\u00e1llni, de az\u00e9rt alapvet\u0151en t\u00f6bb dolgot \u00f6ssze lehet hangolni. A gyermeknek pozit\u00edvum szerintem az, ha azt l\u00e1tja, hogy Anya sokat dolgozik, de emellett \u0151 azt szereti. \u00dagy megy el \u00e9s j\u00f6n haza, hogy j\u00f3kedv\u0171. Az egyens\u00falyteremt\u00e9s nagyon fontos, el kell tudnunk fogadni, hogy nem lesz mindenre id\u0151nk, nem vagyunk t\u00f6k\u00e9letesek &#8211; mondta a doktorn\u0151.\u00a0<\/span><\/p>\n<p style=\"text-align: justify\"><img loading=\"lazy\" decoding=\"async\" class=\"wp-image-2615 alignleft\" src=\"https:\/\/semmelweis.hu\/szakkollegium\/files\/2025\/08\/5F9A5362-scaled.jpg\" alt=\"\" width=\"347\" height=\"231\" srcset=\"https:\/\/semmelweis.hu\/szakkollegium\/files\/2025\/08\/5F9A5362-scaled.jpg 2560w, https:\/\/semmelweis.hu\/szakkollegium\/files\/2025\/08\/5F9A5362-400x267.jpg 400w, https:\/\/semmelweis.hu\/szakkollegium\/files\/2025\/08\/5F9A5362-1024x683.jpg 1024w, https:\/\/semmelweis.hu\/szakkollegium\/files\/2025\/08\/5F9A5362-768x512.jpg 768w, https:\/\/semmelweis.hu\/szakkollegium\/files\/2025\/08\/5F9A5362-1536x1024.jpg 1536w, https:\/\/semmelweis.hu\/szakkollegium\/files\/2025\/08\/5F9A5362-2048x1365.jpg 2048w, https:\/\/semmelweis.hu\/szakkollegium\/files\/2025\/08\/5F9A5362-753x502.jpg 753w, https:\/\/semmelweis.hu\/szakkollegium\/files\/2025\/08\/5F9A5362-203x135.jpg 203w\" sizes=\"auto, (max-width: 347px) 100vw, 347px\" \/><img loading=\"lazy\" decoding=\"async\" class=\"wp-image-2616 alignright\" src=\"https:\/\/semmelweis.hu\/szakkollegium\/files\/2025\/08\/5F9A5352-scaled.jpg\" alt=\"\" width=\"345\" height=\"230\" srcset=\"https:\/\/semmelweis.hu\/szakkollegium\/files\/2025\/08\/5F9A5352-scaled.jpg 2560w, https:\/\/semmelweis.hu\/szakkollegium\/files\/2025\/08\/5F9A5352-400x267.jpg 400w, https:\/\/semmelweis.hu\/szakkollegium\/files\/2025\/08\/5F9A5352-1024x683.jpg 1024w, https:\/\/semmelweis.hu\/szakkollegium\/files\/2025\/08\/5F9A5352-768x512.jpg 768w, https:\/\/semmelweis.hu\/szakkollegium\/files\/2025\/08\/5F9A5352-1536x1024.jpg 1536w, https:\/\/semmelweis.hu\/szakkollegium\/files\/2025\/08\/5F9A5352-2048x1365.jpg 2048w, https:\/\/semmelweis.hu\/szakkollegium\/files\/2025\/08\/5F9A5352-753x502.jpg 753w, https:\/\/semmelweis.hu\/szakkollegium\/files\/2025\/08\/5F9A5352-203x135.jpg 203w\" sizes=\"auto, (max-width: 345px) 100vw, 345px\" \/><\/p>\n<p style=\"text-align: justify\">\u00a0<\/p>\n<p style=\"text-align: justify\">\u00a0<\/p>\n<p style=\"text-align: justify\">\u00a0<\/p>\n<p style=\"text-align: justify\">\u00a0<\/p>\n<p style=\"text-align: justify\">\u00a0<\/p>\n<p style=\"text-align: justify\"><span style=\"font-weight: 400\">Az oktat\u00e1s t\u00e9mak\u00f6r\u00e9re \u00e1tt\u00e9rve a vend\u00e9gek egyet\u00e9rtettek abban, hogy a min\u0151s\u00e9gi oktat\u00e1shoz a megfelel\u0151 hozz\u00e1\u00e1ll\u00e1sra van sz\u00fcks\u00e9g a hallgat\u00f3 \u00e9s az oktat\u00f3 r\u00e9sz\u00e9r\u0151l is. Mindig felfriss\u00fcl\u00e9s a hallgat\u00f3k \u00e1ltal mutatott \u00e9rdekl\u0151d\u00e9s \u00e9s lend\u00fcletess\u00e9g. Dr. V\u00e1g\u00f3 Hajnalka szerint alkalmazkodni kell a di\u00e1kok ig\u00e9nyeihez, \u00e9s a visszajelz\u00e9sek alapj\u00e1n kell alak\u00edtani az oktat\u00e1si tev\u00e9kenys\u00e9get, \u00edgy egy k\u00f6z\u00f6s munka, k\u00f6z\u00f6s fejl\u0151d\u00e9si lehet\u0151s\u00e9g lesz a tanul\u00e1si folyamat. Az oktat\u00e1s sor\u00e1n pr\u00f3b\u00e1lja visszaadni mindazt, amit kapott, de emellett egyszer\u0171en szereti ezt csin\u00e1lni.\u00a0<\/span><\/p>\n<p style=\"text-align: justify\"><span style=\"font-weight: 400\">A k\u00f6z\u00f6s munka sor\u00e1n felmer\u00fcl\u0151 gener\u00e1ci\u00f3s k\u00fcl\u00f6nbs\u00e9gekr\u0151l a doktorn\u0151k \u00fagy gondolj\u00e1k, hogy ugyan nem \u00fajkelet\u0171\u00a0 jelens\u00e9g, a helyzet k\u00fcl\u00f6nlegess\u00e9ge a folyamat felgyorsul\u00e1s\u00e1ban rejlik. Ugyan ez kih\u00edv\u00e1st jelent a mindennapokban, de meg kell k\u00fczdeni vele. Dr. Ficzere Andrea elmondta: Nagyon-nagyon m\u00e1sk\u00e9nt \u00e9lik meg a fiatalok a mindennapokat. Hihetetlen\u00fcl sz\u00ednes \u00e9s ingergazdag a vil\u00e1g, \u00f6mlik r\u00e1nk a mindenfajta inform\u00e1ci\u00f3, nagyon neh\u00e9z egy helyen \u00e9rdekl\u0151d\u0151nek maradni, hogy k\u00f6zben annyi minden inger \u00e9r minket. Itt j\u00f6n k\u00e9pbe a k\u00e9rd\u00e9s, hogy hogyan lehet a fiatalok \u00e9rdekl\u0151d\u00e9s\u00e9t fenntartani vezet\u0151k\u00e9nt. Nagyon nehezen. Ma m\u00e1r sz\u00e1mos eszk\u00f6zzel kell a vezet\u0151nek rendelkeznie a k\u00fcl\u00f6nb\u00f6z\u0151 \u00e9letkor\u00fa, \u00e9rdekl\u0151d\u00e9s\u0171, be\u00e1ll\u00edtotts\u00e1g\u00fa emberekhez. Ezt karmesterk\u00e9nt kell levez\u00e9nyelni, hogy engedj is, de ne helyezz senkit sem elvtelen el\u0151nyben emiatt. Oszt\u00e1lyszinten egy \u00e9sszer\u0171en megalkotott, egys\u00e9ges elv\u00e1r\u00e1srendszert kell megalkotni, amibe mindenki belef\u00e9rhet. Ez majdnem lehetetlen k\u00fcldet\u00e9s, de valahogy m\u00e9gis meg kell oldani.\u00a0\u00a0<\/span><\/p>\n<p><img loading=\"lazy\" decoding=\"async\" class=\" wp-image-2618 alignright\" style=\"text-align: justify\" src=\"https:\/\/semmelweis.hu\/szakkollegium\/files\/2025\/08\/5F9A5381-scaled.jpg\" alt=\"\" width=\"381\" height=\"254\" srcset=\"https:\/\/semmelweis.hu\/szakkollegium\/files\/2025\/08\/5F9A5381-scaled.jpg 2560w, https:\/\/semmelweis.hu\/szakkollegium\/files\/2025\/08\/5F9A5381-400x267.jpg 400w, https:\/\/semmelweis.hu\/szakkollegium\/files\/2025\/08\/5F9A5381-1024x683.jpg 1024w, https:\/\/semmelweis.hu\/szakkollegium\/files\/2025\/08\/5F9A5381-768x512.jpg 768w, https:\/\/semmelweis.hu\/szakkollegium\/files\/2025\/08\/5F9A5381-1536x1024.jpg 1536w, https:\/\/semmelweis.hu\/szakkollegium\/files\/2025\/08\/5F9A5381-2048x1365.jpg 2048w, https:\/\/semmelweis.hu\/szakkollegium\/files\/2025\/08\/5F9A5381-753x502.jpg 753w, https:\/\/semmelweis.hu\/szakkollegium\/files\/2025\/08\/5F9A5381-203x135.jpg 203w\" sizes=\"auto, (max-width: 381px) 100vw, 381px\" \/><\/p>\n<p style=\"text-align: justify\"><span style=\"font-weight: 400\">Az este v\u00e9g\u00e9n a doktorn\u0151k az \u00f6nazonoss\u00e1g meg\u0151rz\u00e9s\u00e9re, a nyito<\/span><span style=\"font-weight: 400\">tts\u00e1gra \u00e9s a t\u00fcrelemre biztatt\u00e1k a k\u00f6z\u00f6ns\u00e9get. Arra b\u00e1tor\u00edtottak mindenkit, hogy merjenek \u00f6nmaguk lenni, ne f\u00e9ljenek \u00fajrakezdeni, ha az \u00fatjuk m\u00e1s ir\u00e1nyt k\u00edv\u00e1n, \u00e9s ne a k\u00fclvil\u00e1g elv\u00e1r\u00e1sai szerint hozzanak d\u00f6nt\u00e9seket. A siker \u00e9s az el\u00e9gedetts\u00e9g nem egyik napr\u00f3l a m\u00e1sikra \u00e9rkezik, de a bels\u0151 \u00e9rt\u00e9krend, a befektetett munka \u00e9s a hit saj\u00e1t magunkban el\u0151bb-ut\u00f3bb meghozza a gy\u00fcm\u00f6lcs\u00e9t.<\/span><\/p>\n","protected":false},"excerpt":{"rendered":"<p>H\u00e1rsfa40-programsorozat: Sikeres n\u0151k az orvostudom\u00e1nyban 2025. \u00e1prilis\u00e1ban tov\u00e1bb folytat\u00f3dott a H\u00e1rsfa40-programsorozat, melynek k\u00f6vetkez\u0151 \u00e1llom\u00e1sak\u00e9nt a \u201cSikeres n\u0151k az orvostudom\u00e1nyban\u201d c\u00edmen megrendezett kerekasztal-besz\u00e9lget\u00e9sen vehettek r\u00e9szt az \u00e9rdekl\u0151d\u0151 hallgat\u00f3k.\u00a0 A Kor\u00e1nyi Frigyes Szakkoll\u00e9gium szervez\u00e9s\u00e9ben tartott esem\u00e9ny megh\u00edvott vend\u00e9gei: Dr. Ficzere Andrea, az Uzsoki Utcai K\u00f3rh\u00e1z f\u0151igazgat\u00f3ja \u00e9s a Magyar K\u00f3rh\u00e1zsz\u00f6vets\u00e9g eln\u00f6khelyettese Prof. Dr. Kamondi Anita, a Semmelweis &hellip;<\/p>\n","protected":false},"author":101894,"featured_media":2617,"parent":2589,"menu_order":0,"comment_status":"closed","ping_status":"closed","template":"","meta":{"_acf_changed":false,"footnotes":""},"categories":[1],"tags":[],"class_list":["post-2613","page","type-page","status-publish","has-post-thumbnail","hentry","category-hirek"],"acf":[],"_links":{"self":[{"href":"https:\/\/semmelweis.hu\/szakkollegium\/wp-json\/wp\/v2\/pages\/2613","targetHints":{"allow":["GET"]}}],"collection":[{"href":"https:\/\/semmelweis.hu\/szakkollegium\/wp-json\/wp\/v2\/pages"}],"about":[{"href":"https:\/\/semmelweis.hu\/szakkollegium\/wp-json\/wp\/v2\/types\/page"}],"author":[{"embeddable":true,"href":"https:\/\/semmelweis.hu\/szakkollegium\/wp-json\/wp\/v2\/users\/101894"}],"replies":[{"embeddable":true,"href":"https:\/\/semmelweis.hu\/szakkollegium\/wp-json\/wp\/v2\/comments?post=2613"}],"version-history":[{"count":10,"href":"https:\/\/semmelweis.hu\/szakkollegium\/wp-json\/wp\/v2\/pages\/2613\/revisions"}],"predecessor-version":[{"id":2628,"href":"https:\/\/semmelweis.hu\/szakkollegium\/wp-json\/wp\/v2\/pages\/2613\/revisions\/2628"}],"up":[{"embeddable":true,"href":"https:\/\/semmelweis.hu\/szakkollegium\/wp-json\/wp\/v2\/pages\/2589"}],"wp:featuredmedia":[{"embeddable":true,"href":"https:\/\/semmelweis.hu\/szakkollegium\/wp-json\/wp\/v2\/media\/2617"}],"wp:attachment":[{"href":"https:\/\/semmelweis.hu\/szakkollegium\/wp-json\/wp\/v2\/media?parent=2613"}],"wp:term":[{"taxonomy":"category","embeddable":true,"href":"https:\/\/semmelweis.hu\/szakkollegium\/wp-json\/wp\/v2\/categories?post=2613"},{"taxonomy":"post_tag","embeddable":true,"href":"https:\/\/semmelweis.hu\/szakkollegium\/wp-json\/wp\/v2\/tags?post=2613"}],"curies":[{"name":"wp","href":"https:\/\/api.w.org\/{rel}","templated":true}]}}