{"id":2599,"date":"2025-04-29T13:48:41","date_gmt":"2025-04-29T11:48:41","guid":{"rendered":"https:\/\/semmelweis.hu\/szakkollegium\/?page_id=2599"},"modified":"2025-08-04T12:54:14","modified_gmt":"2025-08-04T10:54:14","slug":"harsfa40-harsfa-sikertortenetek-karrierepites-az-egeszsegugyben","status":"publish","type":"page","link":"https:\/\/semmelweis.hu\/szakkollegium\/magunkrol\/kurzusaink-2\/harsfa-40\/harsfa40-harsfa-sikertortenetek-karrierepites-az-egeszsegugyben\/","title":{"rendered":"H\u00e1rsfa40: H\u00e1rsfa sikert\u00f6rt\u00e9netek &#8211; Karrier\u00e9p\u00edt\u00e9s az eg\u00e9szs\u00e9g\u00fcgyben"},"content":{"rendered":"<p style=\"text-align: center\"><span style=\"font-size: 18pt\"><strong>Kerekasztal-besz\u00e9lget\u00e9s h\u00e1rom h\u00e1rsf\u00e1s int\u00e9zetigazgat\u00f3val<\/p>\n<p><\/strong><\/span><\/p>\n<p style=\"text-align: justify\"><span style=\"font-weight: 400\">A H\u00e1rsfa40 programsorozat k\u00f6vetkez\u0151 \u00e1llom\u00e1sak\u00e9nt m\u00e1rcius 6-\u00e1n a Semmelweis Szalonban ker\u00fclt megrendez\u00e9sre a \u201cH\u00e1rsfa sikert\u00f6rt\u00e9netek &#8211; Karrier\u00e9p\u00edt\u00e9s az eg\u00e9szs\u00e9g\u00fcgyben\u201d c\u00edm\u0171 kerekasztal-besz\u00e9lget\u00e9s. Az esem\u00e9nyen h\u00e1rom, eg\u00e9szs\u00e9g\u00fcgyi t\u00e9ren sikeres p\u00e1ly\u00e1t fel\u00e9p\u00edt\u0151 \u00e9s egyben kor\u00e1bbi h\u00e1rsf\u00e1s vend\u00e9gt\u0151l k\u00e9rdezhettek k\u00f6tetlen form\u00e1ban a hallgat\u00f3k.\u00a0\u00a0<\/span><\/p>\n<p style=\"text-align: justify\"><b>Prof. Dr. Maurovich-Horvat P\u00e1l<\/b><span style=\"font-weight: 400\">, az Orvosi K\u00e9palkot\u00f3 Klinika igazgat\u00f3ja, <\/span><b>Prof. Dr. Szab\u00f3 Attila<\/b><span style=\"font-weight: 400\">, a Gyermekgy\u00f3gy\u00e1szati Klinika igazgat\u00f3ja \u00e9s klinikai rektorhelyettes, valamint <\/span><b>Prof. Dr. Tak\u00e1cs Istv\u00e1n<\/b><span style=\"font-weight: 400\">, a Belgy\u00f3gy\u00e1szati \u00e9s Onkol\u00f3giai Klinika igazgat\u00f3ja a besz\u00e9lget\u00e9s sor\u00e1n t\u00f6bbek k\u00f6z\u00f6tt a kutat\u00e1s, a di\u00e1k\u00e9let, a rezidensk\u00e9pz\u00e9s \u00e9s az orvosl\u00e9t t\u00e9mak\u00f6r\u00e9ben osztotta meg tapasztalatait.\u00a0<\/span><\/p>\n<p><i><span style=\"font-weight: 400\"><img loading=\"lazy\" decoding=\"async\" class=\"wp-image-2632 alignleft\" src=\"https:\/\/semmelweis.hu\/szakkollegium\/files\/2025\/08\/IMG_0516-1-scaled.jpg\" alt=\"\" width=\"349\" height=\"233\" srcset=\"https:\/\/semmelweis.hu\/szakkollegium\/files\/2025\/08\/IMG_0516-1-scaled.jpg 2560w, https:\/\/semmelweis.hu\/szakkollegium\/files\/2025\/08\/IMG_0516-1-400x267.jpg 400w, https:\/\/semmelweis.hu\/szakkollegium\/files\/2025\/08\/IMG_0516-1-1024x683.jpg 1024w, https:\/\/semmelweis.hu\/szakkollegium\/files\/2025\/08\/IMG_0516-1-768x512.jpg 768w, https:\/\/semmelweis.hu\/szakkollegium\/files\/2025\/08\/IMG_0516-1-1536x1024.jpg 1536w, https:\/\/semmelweis.hu\/szakkollegium\/files\/2025\/08\/IMG_0516-1-2048x1365.jpg 2048w, https:\/\/semmelweis.hu\/szakkollegium\/files\/2025\/08\/IMG_0516-1-753x502.jpg 753w, https:\/\/semmelweis.hu\/szakkollegium\/files\/2025\/08\/IMG_0516-1-203x135.jpg 203w\" sizes=\"auto, (max-width: 349px) 100vw, 349px\" \/><img loading=\"lazy\" decoding=\"async\" class=\"wp-image-2631 alignright\" src=\"https:\/\/semmelweis.hu\/szakkollegium\/files\/2025\/08\/IMG_0500-1-scaled.jpg\" alt=\"\" width=\"348\" height=\"232\" srcset=\"https:\/\/semmelweis.hu\/szakkollegium\/files\/2025\/08\/IMG_0500-1-scaled.jpg 2560w, https:\/\/semmelweis.hu\/szakkollegium\/files\/2025\/08\/IMG_0500-1-400x267.jpg 400w, https:\/\/semmelweis.hu\/szakkollegium\/files\/2025\/08\/IMG_0500-1-1024x683.jpg 1024w, https:\/\/semmelweis.hu\/szakkollegium\/files\/2025\/08\/IMG_0500-1-768x512.jpg 768w, https:\/\/semmelweis.hu\/szakkollegium\/files\/2025\/08\/IMG_0500-1-1536x1024.jpg 1536w, https:\/\/semmelweis.hu\/szakkollegium\/files\/2025\/08\/IMG_0500-1-2048x1365.jpg 2048w, https:\/\/semmelweis.hu\/szakkollegium\/files\/2025\/08\/IMG_0500-1-753x502.jpg 753w, https:\/\/semmelweis.hu\/szakkollegium\/files\/2025\/08\/IMG_0500-1-203x135.jpg 203w\" sizes=\"auto, (max-width: 348px) 100vw, 348px\" \/><\/span><\/i><\/p>\n<p>&nbsp;<\/p>\n<p>&nbsp;<\/p>\n<p>&nbsp;<\/p>\n<p>&nbsp;<\/p>\n<p>&nbsp;<\/p>\n<p><span style=\"font-weight: 400\">A besz\u00e9lget\u00e9st Tusn\u00e1dy Simon k\u00f6sz\u00f6nt\u0151je ut\u00e1n, Tik\u00e1sz Emma \u00e9s K\u00e1konyi Marcell szakkoll\u00e9gist\u00e1k moder\u00e1lt\u00e1k. Az orvosi hivat\u00e1son bel\u00fcli specializ\u00e1ci\u00f3\u00a0 kapcs\u00e1n a professzorok elmondt\u00e1k, hogy a szakmav\u00e1laszt\u00e1s nem egyszer\u0171 feladat, az egyetemi \u00e9vek sor\u00e1n rengeteg \u0151t form\u00e1l\u00f3 hat\u00e1s \u00e9ri a hallgat\u00f3t, fontos, hogy semmit\u0151l se z\u00e1rk\u00f3zzunk el, hiszen nem tudhatjuk, mit hoz a j\u00f6v\u0151.<\/span><\/p>\n<p style=\"text-align: justify\"><span style=\"font-weight: 400\">\u201c\u00c9rdemes mindig nyitott sz\u00edvvel \u00e9s szemmel menni a k\u00fcl\u00f6nb\u00f6z\u0151 helyekre.\u201d -mondta Dr. Szab\u00f3 Attila. Dr. Tak\u00e1cs Istv\u00e1n szerint a p\u00e1lyav\u00e1laszt\u00e1st emellett az emberi kapcsolatok, besz\u00e9lget\u00e9sek, egy j\u00f3 gyakorlat- vagy t\u00e9mavezet\u0151 is meg tudj\u00e1k hat\u00e1rozni.\u00a0<\/span><\/p>\n<p style=\"text-align: justify\"><span style=\"font-weight: 400\">Dr. Maurovich-Horvat P\u00e1l elmondta, hogy szerinte a csapat legfontosabb, sokszor ink\u00e1bb \u00e9rdemes azt v\u00e1lasztani, semmint specialit\u00e1st, legyen sz\u00f3 TDK munk\u00e1r\u00f3l vagy egy\u00e9b lehet\u0151s\u00e9gekr\u0151l, az ezek sor\u00e1n form\u00e1l\u00f3d\u00f3 kapcsolati h\u00e1l\u00f3zatok k\u00e9s\u0151bb seg\u00edthetnek a saj\u00e1t hivat\u00e1s megtal\u00e1l\u00e1s\u00e1ban.\u00a0<\/span><\/p>\n<p style=\"text-align: justify\"><span style=\"font-weight: 400\">Kor\u00e1bbi tanulm\u00e1nyi, valamint tudom\u00e1nyos k\u00fclf\u00f6ldi utaikra mindh\u00e1rom professzor meghat\u00e1roz\u00f3 \u00e9lm\u00e9nyk\u00e9nt eml\u00e9kezett vissza, a hallgat\u00f3kat is arra biztatt\u00e1k, hogy \u00e9ljenek a lehet\u0151s\u00e9gekkel. Dr. Maurovich-Horvat P\u00e1l szerint a hallgat\u00f3k, PhD-hallgat\u00f3k, rezidensek olyan \u00e9lm\u00e9nyekkel, tapasztalatokkal t\u00e9rnek vissza, amit itthon is tudnak kamatoztatni. Nem szabad att\u00f3l sem visszariadni, ha az embernek mag\u00e1nak kell az utat kitaposnia, el\u0151fordul, hogy ki kell l\u00e9pni a komfortz\u00f3n\u00e1b\u00f3l. Ha valaki beleteszi az energi\u00e1t, annak el\u0151bb-ut\u00f3bb biztos, hogy meglesz az eredm\u00e9nye, kir\u00e1lyi \u00fat azonban nincsen. Dr. Tak\u00e1cs Istv\u00e1n \u00e9s Dr. Szab\u00f3 Attila is a k\u00fclf\u00f6ldi tapasztalatszerz\u00e9sre b\u00e1tor\u00edtott, \u00fagy gondolj\u00e1k, hogy az \u00edgy nyert tud\u00e1st hazahozva rengeteg mindent fel lehet \u00e9p\u00edteni.\u00a0<\/span><\/p>\n<p style=\"text-align: justify\"><i><span style=\"font-weight: 400\"><img loading=\"lazy\" decoding=\"async\" class=\"wp-image-2630 alignleft\" src=\"https:\/\/semmelweis.hu\/szakkollegium\/files\/2025\/08\/IMG_0479-1-scaled.jpg\" alt=\"\" width=\"276\" height=\"184\" srcset=\"https:\/\/semmelweis.hu\/szakkollegium\/files\/2025\/08\/IMG_0479-1-scaled.jpg 2560w, https:\/\/semmelweis.hu\/szakkollegium\/files\/2025\/08\/IMG_0479-1-400x267.jpg 400w, https:\/\/semmelweis.hu\/szakkollegium\/files\/2025\/08\/IMG_0479-1-1024x683.jpg 1024w, https:\/\/semmelweis.hu\/szakkollegium\/files\/2025\/08\/IMG_0479-1-768x512.jpg 768w, https:\/\/semmelweis.hu\/szakkollegium\/files\/2025\/08\/IMG_0479-1-1536x1024.jpg 1536w, https:\/\/semmelweis.hu\/szakkollegium\/files\/2025\/08\/IMG_0479-1-2048x1365.jpg 2048w, https:\/\/semmelweis.hu\/szakkollegium\/files\/2025\/08\/IMG_0479-1-753x502.jpg 753w, https:\/\/semmelweis.hu\/szakkollegium\/files\/2025\/08\/IMG_0479-1-203x135.jpg 203w\" sizes=\"auto, (max-width: 276px) 100vw, 276px\" \/><\/span><\/i><\/p>\n<p style=\"text-align: justify\"><span style=\"font-weight: 400\">Jelent\u0151s a szerepe annak, hogy a hallgat\u00f3 megtal\u00e1lja az arany k\u00f6z\u00e9putat &#8211; hangoztatt\u00e1k a professzorok az extrakurrikul\u00e1ris tev\u00e9kenys\u00e9gek kapcs\u00e1n. Dr. Tak\u00e1cs Istv\u00e1n elmondta, hogy az orvosi hivat\u00e1snak alapk\u00f6v\u00e9t k\u00e9pezi az egyens\u00faly megtal\u00e1l\u00e1sa. Fontos, hogy az ember fenn tudja tartani az \u00e9vek sor\u00e1n is az \u00e9rdekl\u0151d\u00e9s\u00e9t, j\u00f3l v\u00e9gezze a munk\u00e1j\u00e1t, \u00e9s megtartsa a sz\u00e9les l\u00e1t\u00f3k\u00f6rt, ne csak egy dologra f\u00f3kusz\u00e1ljon. Dr. Szab\u00f3 Attila is a sz\u00e9lesebb l\u00e1t\u00f3k\u00f6r jelent\u0151s\u00e9g\u00e9t emelte ki, azonban felh\u00edvta a figyelmet arra, hogy k\u00f6nny\u0171 sz\u00e9tsz\u00f3r\u00f3dni, ha valaki egyszerre mindent is csin\u00e1l. Dr. Maurovich-Horvat P\u00e1l emellett a v\u00e9gzett tev\u00e9kenys\u00e9gekre val\u00f3 kell\u0151 f\u00f3kusz\u00e1l\u00e1s szerep\u00e9nek fontoss\u00e1g\u00e1t is kiemelte.\u00a0<\/span><\/p>\n<p style=\"text-align: justify\"><span style=\"font-weight: 400\">A posztgradu\u00e1lis kutat\u00e1si tev\u00e9kenys\u00e9ggel kapcsolatban \u00e9rkezett k\u00e9rd\u00e9sre v\u00e1laszolva az igazgat\u00f3 urak annak neh\u00e9zs\u00e9geire \u00e9s sz\u00e9ps\u00e9geire is r\u00e1vil\u00e1g\u00edtottak. Dr. Szab\u00f3 Attila szerint a k\u00edv\u00e1ncsis\u00e1g a kutat\u00e1s hajt\u00f3ereje, amely a tudom\u00e1nyt el\u0151re viszi. A professzorok elmondt\u00e1k, hogy a kutat\u00e1st \u00f6ssze kell egyeztetni a klinikummal, ami kih\u00edv\u00e1s, nagy energiabefektet\u00e9st k\u00edv\u00e1n a rezidensk\u00e9pz\u00e9s mellett PhD-tanulm\u00e1nyokat is v\u00e9gz\u0151 orvost\u00f3l.\u00a0<\/span><\/p>\n<p style=\"text-align: justify\"><span style=\"font-weight: 400\">A PhD egyfajta jogos\u00edtv\u00e1ny, nemcsak egy pap\u00edr. R\u00e1 kell sz\u00e1nni az id\u0151t. A kutat\u00f3munka az orvosl\u00e1s mellett nem reggel 8-t\u0151l d\u00e9lut\u00e1n 16-ig tart\u00f3 munka, egy min\u0151s\u00e9gi kutat\u00e1ssal folyamatosan kell foglalkozni &#8211; hangs\u00falyozta Dr. Maurovich-Horvat P\u00e1l a kutat\u00f3i munk\u00e1val kapcsolatban, Dr. Tak\u00e1cs Istv\u00e1n pedig a klinikai \u00e9s az alapkutat\u00e1s k\u00f6z\u00f6tti k\u00fcl\u00f6nbs\u00e9gekre h\u00edvta fel a figyelmet.<\/span><\/p>\n<p style=\"text-align: justify\"><span style=\"font-weight: 400\">Az este z\u00e1r\u00e1sak\u00e9nt a j\u00f3 orvos fogalma ker\u00fclt napirendre. Mindh\u00e1rom vend\u00e9g a betegk\u00f6zpont\u00fa szeml\u00e9letet tartotta a legfontosabbnak. A j\u00f3 orvosnak a beteg az els\u0151, pr\u00f3b\u00e1l mindent megtenni az\u00e9rt, hogy ell\u00e1ssa. A betegre kell figyelni, ilyenkor a szem\u00e9lyes dolgokat f\u00e9lre kell tenni. \u00d6nc\u00e9l\u00fa kutat\u00e1s sincsen, minden kutat\u00e1s, ha t\u00f6bb l\u00e9p\u00e9sben is, de a beteg\u00e1gyhoz vezet vissza &#8211; v\u00e9li Dr. Szab\u00f3 Attila.<\/span><\/p>\n<p style=\"text-align: justify\"><span style=\"font-weight: 400\">\u00a0Minden folyamat v\u00e9g\u00e9n a betegell\u00e1t\u00e1s jav\u00edt\u00e1sa \u00e1ll, hogy az adott beteget a lehet\u0151 legjobban el tudjuk l\u00e1tni -\u00e9rtett egyet Dr. Maurovich-Horvat P\u00e1l.\u00a0<\/span><\/p>\n<p><i style=\"text-align: justify\"><img loading=\"lazy\" decoding=\"async\" class=\"wp-image-2629 alignright\" src=\"https:\/\/semmelweis.hu\/szakkollegium\/files\/2025\/08\/IMG_0462-1-scaled.jpg\" alt=\"\" width=\"306\" height=\"204\" srcset=\"https:\/\/semmelweis.hu\/szakkollegium\/files\/2025\/08\/IMG_0462-1-scaled.jpg 2560w, https:\/\/semmelweis.hu\/szakkollegium\/files\/2025\/08\/IMG_0462-1-400x267.jpg 400w, https:\/\/semmelweis.hu\/szakkollegium\/files\/2025\/08\/IMG_0462-1-1024x683.jpg 1024w, https:\/\/semmelweis.hu\/szakkollegium\/files\/2025\/08\/IMG_0462-1-768x512.jpg 768w, https:\/\/semmelweis.hu\/szakkollegium\/files\/2025\/08\/IMG_0462-1-1536x1024.jpg 1536w, https:\/\/semmelweis.hu\/szakkollegium\/files\/2025\/08\/IMG_0462-1-2048x1365.jpg 2048w, https:\/\/semmelweis.hu\/szakkollegium\/files\/2025\/08\/IMG_0462-1-753x502.jpg 753w, https:\/\/semmelweis.hu\/szakkollegium\/files\/2025\/08\/IMG_0462-1-203x135.jpg 203w\" sizes=\"auto, (max-width: 306px) 100vw, 306px\" \/><\/i><\/p>\n<p style=\"text-align: justify\"><span style=\"font-weight: 400\">Dr. Tak\u00e1cs Istv\u00e1n szerint az a j\u00f3 orvos, aki annyi tud\u00e1st szerez, amennyit csak tud, a betegek fel\u00e9 emp\u00e1ti\u00e1val fordul, \u00e9s a lehet\u0151 legt\u00f6bbet megteszi \u00e9rt\u00fck.\u00a0<\/span><\/p>\n<p style=\"text-align: justify\"><span style=\"font-weight: 400\">T\u00f6k\u00e9letes orvos nincs, de mindenkinek a saj\u00e1t lehet\u0151s\u00e9geihez \u00e9s k\u00e9pess\u00e9geihez m\u00e9rten arra kell t\u00f6rekednie, hogy azz\u00e1 v\u00e1ljon.<\/span><\/p>\n<p style=\"text-align: justify\">\u00a0<\/p>\n<p style=\"text-align: justify\"><span style=\"font-weight: 400\">Urb\u00e1n Zs\u00f3fia\u00a0<\/span><\/p>\n<p style=\"text-align: justify\"><i><span style=\"font-weight: 400\">2025.03.09.<\/span><\/i><\/p>\n","protected":false},"excerpt":{"rendered":"<p>Kerekasztal-besz\u00e9lget\u00e9s h\u00e1rom h\u00e1rsf\u00e1s int\u00e9zetigazgat\u00f3val A H\u00e1rsfa40 programsorozat k\u00f6vetkez\u0151 \u00e1llom\u00e1sak\u00e9nt m\u00e1rcius 6-\u00e1n a Semmelweis Szalonban ker\u00fclt megrendez\u00e9sre a \u201cH\u00e1rsfa sikert\u00f6rt\u00e9netek &#8211; Karrier\u00e9p\u00edt\u00e9s az eg\u00e9szs\u00e9g\u00fcgyben\u201d c\u00edm\u0171 kerekasztal-besz\u00e9lget\u00e9s. Az esem\u00e9nyen h\u00e1rom, eg\u00e9szs\u00e9g\u00fcgyi t\u00e9ren sikeres p\u00e1ly\u00e1t fel\u00e9p\u00edt\u0151 \u00e9s egyben kor\u00e1bbi h\u00e1rsf\u00e1s vend\u00e9gt\u0151l k\u00e9rdezhettek k\u00f6tetlen form\u00e1ban a hallgat\u00f3k.\u00a0\u00a0 Prof. Dr. Maurovich-Horvat P\u00e1l, az Orvosi K\u00e9palkot\u00f3 Klinika igazgat\u00f3ja, Prof. Dr. Szab\u00f3 &hellip;<\/p>\n","protected":false},"author":101894,"featured_media":2631,"parent":2589,"menu_order":0,"comment_status":"closed","ping_status":"closed","template":"","meta":{"_acf_changed":false,"footnotes":""},"categories":[1],"tags":[],"class_list":["post-2599","page","type-page","status-publish","has-post-thumbnail","hentry","category-hirek"],"acf":[],"_links":{"self":[{"href":"https:\/\/semmelweis.hu\/szakkollegium\/wp-json\/wp\/v2\/pages\/2599","targetHints":{"allow":["GET"]}}],"collection":[{"href":"https:\/\/semmelweis.hu\/szakkollegium\/wp-json\/wp\/v2\/pages"}],"about":[{"href":"https:\/\/semmelweis.hu\/szakkollegium\/wp-json\/wp\/v2\/types\/page"}],"author":[{"embeddable":true,"href":"https:\/\/semmelweis.hu\/szakkollegium\/wp-json\/wp\/v2\/users\/101894"}],"replies":[{"embeddable":true,"href":"https:\/\/semmelweis.hu\/szakkollegium\/wp-json\/wp\/v2\/comments?post=2599"}],"version-history":[{"count":4,"href":"https:\/\/semmelweis.hu\/szakkollegium\/wp-json\/wp\/v2\/pages\/2599\/revisions"}],"predecessor-version":[{"id":2635,"href":"https:\/\/semmelweis.hu\/szakkollegium\/wp-json\/wp\/v2\/pages\/2599\/revisions\/2635"}],"up":[{"embeddable":true,"href":"https:\/\/semmelweis.hu\/szakkollegium\/wp-json\/wp\/v2\/pages\/2589"}],"wp:featuredmedia":[{"embeddable":true,"href":"https:\/\/semmelweis.hu\/szakkollegium\/wp-json\/wp\/v2\/media\/2631"}],"wp:attachment":[{"href":"https:\/\/semmelweis.hu\/szakkollegium\/wp-json\/wp\/v2\/media?parent=2599"}],"wp:term":[{"taxonomy":"category","embeddable":true,"href":"https:\/\/semmelweis.hu\/szakkollegium\/wp-json\/wp\/v2\/categories?post=2599"},{"taxonomy":"post_tag","embeddable":true,"href":"https:\/\/semmelweis.hu\/szakkollegium\/wp-json\/wp\/v2\/tags?post=2599"}],"curies":[{"name":"wp","href":"https:\/\/api.w.org\/{rel}","templated":true}]}}