{"id":253,"date":"2016-02-10T00:00:00","date_gmt":"2016-02-09T23:00:00","guid":{"rendered":"http:\/\/semmelweis.hu\/harsfa\/mentor-program\/"},"modified":"2024-12-26T11:48:35","modified_gmt":"2024-12-26T10:48:35","slug":"mentor-program","status":"publish","type":"page","link":"https:\/\/semmelweis.hu\/szakkollegium\/magunkrol\/mentor-program\/","title":{"rendered":"Mentor Program"},"content":{"rendered":"<blockquote>\n<p style=\"color: #c9a55d\">A MENTORPROGRAM LEGFONTOSABB K\u00dcLDET\u00c9SE, HOGY A SZAKKOLL\u00c9GIUM MINDEN HALLGAT\u00d3JA SZ\u00c1M\u00c1RA BIZTOS\u00cdTVA LEGYENEK AZ OPTIM\u00c1LIS FELK\u00c9SZ\u00dcL\u00c9S FELT\u00c9TELEI.<\/p>\n<\/blockquote>\n<p><span style=\"font-weight: 400\">A tud\u00e1s hatalom, de n\u00e9ha az inform\u00e1lts\u00e1g enn\u00e9l is t\u00f6bbet \u00e9r. Ak\u00e1rmennyit k\u00e9sz\u00fcl\u00fcnk egy vizsg\u00e1ra, ha nem tudjuk, mire kell igaz\u00e1n \u00f6sszpontos\u00edtanunk, k\u00f6nnyen \u00e9rhet minket csal\u00f3d\u00e1s: &#8222;Mi\u00e9rt nem siker\u00fclt, amikor annyit tanultam?&#8221;<\/span><\/p>\n<p><span style=\"font-weight: 400\">Egy koll\u00e9giumi k\u00f6z\u00f6ss\u00e9g t\u00f6k\u00e9letes hely arra, hogy a legnagyobb kih\u00edv\u00e1sok el\u0151tt tal\u00e1ljunk valakit, aki m\u00e1r sikeresen t\u00faljutott ezeken. Egy p\u00e9ldak\u00e9pet, aki megmondja, mi az, amit \u00e1lmunkb\u00f3l felkelve is tudnunk kell, \u00e9s mi az, ami kev\u00e9sb\u00e9 fontos. Valakit, aki aj\u00e1nl egy j\u00f3 tank\u00f6nyvet, k\u00f6lcs\u00f6nadja a jegyzeteit, seg\u00edt az el\u0151ad\u00e1sanyagok \u00e1tn\u00e9z\u00e9s\u00e9ben, elmagyar\u00e1zza azt, ami esetleg az el\u0151ad\u00e1sok ut\u00e1n is hom\u00e1lyos maradt \u00e9s legf\u0151k\u00e9pp elk\u00fcld aludni, amikor annak van ideje.<\/span><\/p>\n<p><span style=\"font-weight: 400\">Szakkoll\u00e9giumunk egyetemi h\u00edrnev\u00e9nek egyik alapk\u00f6ve a sz\u00ednvonalas szakmai programok sora, de hallgat\u00f3ink siker\u00e9hez a k\u00f6z\u00f6ss\u00e9g t\u00e1mogat\u00f3 ereje is n\u00e9lk\u00fcl\u00f6zhetetlen. Ennek r\u00e9szek\u00e9nt ind\u00edtottuk a Kor\u00e1nyi Frigyes Di\u00e1kmentor Programot, ahol a fels\u0151bb\u00e9ves, tapasztalt hallgat\u00f3k szem\u00e9lyes mentork\u00e9nt t\u00e1mogatj\u00e1k a frissen felv\u00e9telt nyert els\u0151- \u00e9s m\u00e1sod\u00e9veseket.<\/span><span style=\"font-weight: 400\"><br \/>\n<\/span><span style=\"font-weight: 400\">A mentor-mentor\u00e1lt p\u00e1rok egy k\u00f6tetlen program keret\u00e9ben v\u00e1laszthatj\u00e1k ki egym\u00e1st, mely lehet\u0151s\u00e9get teremt arra, hogy mindenki megtal\u00e1lja azt a mentort vagy mentor\u00e1ltat, akivel igaz\u00e1n j\u00f3l egy\u00fctt tud majd m\u0171k\u00f6dni.<\/span><\/p>\n<p><span style=\"font-weight: 400\">A mentor nem csak szakmai seg\u00edts\u00e9get ny\u00fajt, hanem seg\u00edt eligazodni az egyetemi \u00e9let \u00fatveszt\u0151iben, kapcsolatokat \u00e9p\u00edteni \u00e9s k\u00f6nnyebben beilleszkedni a k\u00f6z\u00f6ss\u00e9gbe \u2013 egyszerre v\u00e1lva tan\u00e1csad\u00f3v\u00e1 \u00e9s bar\u00e1tt\u00e1 a kezdeti \u00e9vekben.<\/span><\/p>\n","protected":false},"excerpt":{"rendered":"<p>A MENTORPROGRAM LEGFONTOSABB K\u00dcLDET\u00c9SE, HOGY A SZAKKOLL\u00c9GIUM MINDEN HALLGAT\u00d3JA SZ\u00c1M\u00c1RA BIZTOS\u00cdTVA LEGYENEK AZ OPTIM\u00c1LIS FELK\u00c9SZ\u00dcL\u00c9S FELT\u00c9TELEI. A tud\u00e1s hatalom, de n\u00e9ha az inform\u00e1lts\u00e1g enn\u00e9l is t\u00f6bbet \u00e9r. Ak\u00e1rmennyit k\u00e9sz\u00fcl\u00fcnk egy vizsg\u00e1ra, ha nem tudjuk, mire kell igaz\u00e1n \u00f6sszpontos\u00edtanunk, k\u00f6nnyen \u00e9rhet minket csal\u00f3d\u00e1s: &#8222;Mi\u00e9rt nem siker\u00fclt, amikor annyit tanultam?&#8221; Egy koll\u00e9giumi k\u00f6z\u00f6ss\u00e9g t\u00f6k\u00e9letes hely arra, hogy &hellip;<\/p>\n","protected":false},"author":101223,"featured_media":0,"parent":1546,"menu_order":2,"comment_status":"closed","ping_status":"closed","template":"","meta":{"_acf_changed":false,"footnotes":""},"categories":[],"tags":[],"class_list":["post-253","page","type-page","status-publish","hentry"],"acf":[],"_links":{"self":[{"href":"https:\/\/semmelweis.hu\/szakkollegium\/wp-json\/wp\/v2\/pages\/253","targetHints":{"allow":["GET"]}}],"collection":[{"href":"https:\/\/semmelweis.hu\/szakkollegium\/wp-json\/wp\/v2\/pages"}],"about":[{"href":"https:\/\/semmelweis.hu\/szakkollegium\/wp-json\/wp\/v2\/types\/page"}],"author":[{"embeddable":true,"href":"https:\/\/semmelweis.hu\/szakkollegium\/wp-json\/wp\/v2\/users\/101223"}],"replies":[{"embeddable":true,"href":"https:\/\/semmelweis.hu\/szakkollegium\/wp-json\/wp\/v2\/comments?post=253"}],"version-history":[{"count":11,"href":"https:\/\/semmelweis.hu\/szakkollegium\/wp-json\/wp\/v2\/pages\/253\/revisions"}],"predecessor-version":[{"id":2513,"href":"https:\/\/semmelweis.hu\/szakkollegium\/wp-json\/wp\/v2\/pages\/253\/revisions\/2513"}],"up":[{"embeddable":true,"href":"https:\/\/semmelweis.hu\/szakkollegium\/wp-json\/wp\/v2\/pages\/1546"}],"wp:attachment":[{"href":"https:\/\/semmelweis.hu\/szakkollegium\/wp-json\/wp\/v2\/media?parent=253"}],"wp:term":[{"taxonomy":"category","embeddable":true,"href":"https:\/\/semmelweis.hu\/szakkollegium\/wp-json\/wp\/v2\/categories?post=253"},{"taxonomy":"post_tag","embeddable":true,"href":"https:\/\/semmelweis.hu\/szakkollegium\/wp-json\/wp\/v2\/tags?post=253"}],"curies":[{"name":"wp","href":"https:\/\/api.w.org\/{rel}","templated":true}]}}