{"id":2519,"date":"2024-12-26T12:04:41","date_gmt":"2024-12-26T11:04:41","guid":{"rendered":"https:\/\/semmelweis.hu\/szakkollegium\/?page_id=2519"},"modified":"2024-12-26T12:05:21","modified_gmt":"2024-12-26T11:05:21","slug":"kiket-varunk","status":"publish","type":"page","link":"https:\/\/semmelweis.hu\/szakkollegium\/magunkrol\/kiket-varunk\/","title":{"rendered":"Kiket v\u00e1runk?"},"content":{"rendered":"<p>A bemutatkoz\u00e1st elolvasva tal\u00e1n m\u00e1r sejthet\u0151, kiket v\u00e1runk szakkoll\u00e9giumunkba.<\/p>\n<p>Olyan tehets\u00e9ges, motiv\u00e1lt hallgat\u00f3kat, akik:<\/p>\n<ul>\n<li>emberileg \u00e9s szakmailag is szeretn\u00e9nek magukb\u00f3l min\u00e9l t\u00f6bbet kihozni,<\/li>\n<li>nyitottak a fejl\u0151d\u00e9sre, \u00faj perspekt\u00edv\u00e1kra,<\/li>\n<li>proakt\u00edvan bele\u00e1llnak a felbukkan\u00f3 probl\u00e9m\u00e1k megold\u00e1s\u00e1ba,<\/li>\n<li>k\u00e9pesek csapatban dolgozni, \u00e9s sz\u00fcks\u00e9g eset\u00e9n a k\u00f6z\u00f6ss\u00e9gi \u00e9rdekeket el\u0151t\u00e9rbe helyezve d\u00f6nt\u00e9st hozni,<\/li>\n<li>\u00e1lmaik megval\u00f3s\u00edt\u00e1s\u00e1ban helyet l\u00e1tnak a H\u00e1rsfa t\u00e1mogat\u00f3 \u00e9s megtart\u00f3 k\u00f6z\u00f6ss\u00e9g\u00e9nek!<\/li>\n<\/ul>\n<p>V\u00e9gs\u0151 soron szakkoll\u00e9gist\u00e1inknak az idej\u00e9t, energi\u00e1j\u00e1t k\u00e9rj\u00fck. Cser\u00e9be viszont min\u0151s\u00e9ggel t\u00f6ltj\u00fck meg sz\u00e1mukra, egym\u00e1s sz\u00e1m\u00e1ra ezt az id\u0151t.\u00a0 Akit vonzanak az ig\u00e9nyes, kreat\u00edv programok (kezdve a kocsmasportbajnoks\u00e1gt\u00f3l, l\u00e1ngosestt\u0151l a H\u00e1rsfat\u00far\u00e1n \u00e1t eg\u00e9szen a szakmai programokig), vagy k\u00f6tetlen te\u00e1z\u00e1sok koll\u00e9giumi szob\u00e1kban, sz\u00e1m\u00e1ra eg\u00e9szen biztosan egy nagyszer\u0171 v\u00e1laszt\u00e1s lesz a H\u00e1rsfa!<\/p>\n","protected":false},"excerpt":{"rendered":"<p>A bemutatkoz\u00e1st elolvasva tal\u00e1n m\u00e1r sejthet\u0151, kiket v\u00e1runk szakkoll\u00e9giumunkba. Olyan tehets\u00e9ges, motiv\u00e1lt hallgat\u00f3kat, akik: emberileg \u00e9s szakmailag is szeretn\u00e9nek magukb\u00f3l min\u00e9l t\u00f6bbet kihozni, nyitottak a fejl\u0151d\u00e9sre, \u00faj perspekt\u00edv\u00e1kra, proakt\u00edvan bele\u00e1llnak a felbukkan\u00f3 probl\u00e9m\u00e1k megold\u00e1s\u00e1ba, k\u00e9pesek csapatban dolgozni, \u00e9s sz\u00fcks\u00e9g eset\u00e9n a k\u00f6z\u00f6ss\u00e9gi \u00e9rdekeket el\u0151t\u00e9rbe helyezve d\u00f6nt\u00e9st hozni, \u00e1lmaik megval\u00f3s\u00edt\u00e1s\u00e1ban helyet l\u00e1tnak a H\u00e1rsfa t\u00e1mogat\u00f3 \u00e9s &hellip;<\/p>\n","protected":false},"author":101894,"featured_media":0,"parent":1546,"menu_order":0,"comment_status":"closed","ping_status":"closed","template":"","meta":{"_acf_changed":false,"footnotes":""},"categories":[],"tags":[],"class_list":["post-2519","page","type-page","status-publish","hentry"],"acf":[],"_links":{"self":[{"href":"https:\/\/semmelweis.hu\/szakkollegium\/wp-json\/wp\/v2\/pages\/2519","targetHints":{"allow":["GET"]}}],"collection":[{"href":"https:\/\/semmelweis.hu\/szakkollegium\/wp-json\/wp\/v2\/pages"}],"about":[{"href":"https:\/\/semmelweis.hu\/szakkollegium\/wp-json\/wp\/v2\/types\/page"}],"author":[{"embeddable":true,"href":"https:\/\/semmelweis.hu\/szakkollegium\/wp-json\/wp\/v2\/users\/101894"}],"replies":[{"embeddable":true,"href":"https:\/\/semmelweis.hu\/szakkollegium\/wp-json\/wp\/v2\/comments?post=2519"}],"version-history":[{"count":1,"href":"https:\/\/semmelweis.hu\/szakkollegium\/wp-json\/wp\/v2\/pages\/2519\/revisions"}],"predecessor-version":[{"id":2520,"href":"https:\/\/semmelweis.hu\/szakkollegium\/wp-json\/wp\/v2\/pages\/2519\/revisions\/2520"}],"up":[{"embeddable":true,"href":"https:\/\/semmelweis.hu\/szakkollegium\/wp-json\/wp\/v2\/pages\/1546"}],"wp:attachment":[{"href":"https:\/\/semmelweis.hu\/szakkollegium\/wp-json\/wp\/v2\/media?parent=2519"}],"wp:term":[{"taxonomy":"category","embeddable":true,"href":"https:\/\/semmelweis.hu\/szakkollegium\/wp-json\/wp\/v2\/categories?post=2519"},{"taxonomy":"post_tag","embeddable":true,"href":"https:\/\/semmelweis.hu\/szakkollegium\/wp-json\/wp\/v2\/tags?post=2519"}],"curies":[{"name":"wp","href":"https:\/\/api.w.org\/{rel}","templated":true}]}}