{"id":2498,"date":"2024-12-26T11:30:06","date_gmt":"2024-12-26T10:30:06","guid":{"rendered":"https:\/\/semmelweis.hu\/szakkollegium\/?page_id=2498"},"modified":"2026-02-20T20:11:25","modified_gmt":"2026-02-20T19:11:25","slug":"2024-2025-tudomanyos-eredmenyeink","status":"publish","type":"page","link":"https:\/\/semmelweis.hu\/szakkollegium\/magunkrol\/eredmenyeink\/2024-2025-tudomanyos-eredmenyeink\/","title":{"rendered":"2024\/2025 Tudom\u00e1nyos Eredm\u00e9nyeink"},"content":{"rendered":"<div class=\"kvgmc6g5 cxmmr5t8 oygrvhab hcukyx3x c1et5uql ii04i59q\">\n<div dir=\"auto\">\n<div class=\"responsive-tabs\">\n<h2 class=\"tabtitle\">TDK Konferencia<\/h2>\n<div class=\"tabcontent\">\n\n<div class=\"kvgmc6g5 cxmmr5t8 oygrvhab hcukyx3x c1et5uql ii04i59q\">\n<div dir=\"auto\"><strong>SE Tudom\u00e1nyos Di\u00e1kk\u00f6ri Konferencia eredm\u00e9nyei:\u00a0<\/strong><\/div>\n<\/div>\n<div class=\"kvgmc6g5 cxmmr5t8 oygrvhab hcukyx3x c1et5uql ii04i59q\">\n<div dir=\"auto\">\u00a0<\/div>\n<\/div>\n<div class=\"cxmmr5t8 oygrvhab hcukyx3x c1et5uql o9v6fnle ii04i59q\">\n<div dir=\"auto\">\n<table style=\"width: 98.4624%;height: 1415px\">\n<tbody>\n<tr style=\"height: 47px\">\n<td style=\"width: 40.97%;height: 48px\">\n<p>Bata \u00c1lmos Hunor, \u00c1OK IV.<\/p>\n<\/td>\n<td style=\"width: 8.99418%;height: 48px\">\n<p><span style=\"font-weight: 400\">I. d\u00edj<\/span><\/p>\n<\/td>\n<td style=\"width: 67.9796%;height: 48px\">\n<p><span style=\"font-weight: 400\">Idegseb\u00e9szet, ortop\u00e9dia, traumatol\u00f3gia<\/span><\/p>\n<\/td>\n<\/tr>\n<tr style=\"height: 47px\">\n<td style=\"width: 40.97%;height: 47px\">\n<p>Boroncsok D\u00f3ra, \u00c1OK V.<\/p>\n<\/td>\n<td style=\"width: 8.99418%;height: 47px\">\n<p><span style=\"font-weight: 400\">I. d\u00edj<\/span><\/p>\n<\/td>\n<td style=\"width: 67.9796%;height: 47px\">\n<p><span style=\"font-weight: 400\">Kardiol\u00f3gia, \u00e9s kering\u00e9sei betegs\u00e9gek B<\/span><\/p>\n<\/td>\n<\/tr>\n<tr style=\"height: 47px\">\n<td style=\"width: 40.97%;height: 47px\">\n<p>Gyuricsk\u00f3 Istv\u00e1n, \u00c1OK V.<\/p>\n<\/td>\n<td style=\"width: 8.99418%;height: 47px\">\n<p><span style=\"font-weight: 400\">I. d\u00edj<\/span><\/p>\n<\/td>\n<td style=\"width: 67.9796%;height: 47px\">\n<p>Aneszteziol\u00f3gia, s\u00fcrg\u0151ss\u00e9gi orvostan<\/p>\n<\/td>\n<\/tr>\n<tr style=\"height: 47px\">\n<td style=\"width: 40.97%;height: 51px\">\n<p>Hanza Rich\u00e1rd, \u00c1OK V.<\/p>\n<\/td>\n<td style=\"width: 8.99418%;height: 51px\">\n<p><span style=\"font-weight: 400\">I. d\u00edj<\/span><\/p>\n<\/td>\n<td style=\"width: 67.9796%;height: 51px\">Hematol\u00f3gia<\/td>\n<\/tr>\n<tr style=\"height: 47px\">\n<td style=\"width: 40.97%;height: 47px\">\n<p>Hegyi Barna P\u00e9ter, \u00c1OK V.<\/p>\n<\/td>\n<td style=\"width: 8.99418%;height: 47px\">\n<p><span style=\"font-weight: 400\">I. d\u00edj<\/span><\/p>\n<\/td>\n<td style=\"width: 67.9796%;height: 47px\">Gyermekgy\u00f3gy\u00e1szat A<\/td>\n<\/tr>\n<tr style=\"height: 47px\">\n<td style=\"width: 40.97%;height: 47px\">J\u00f3j\u00e1rt R\u00e9ka Lili, \u00c1OK V.\u00a0<\/td>\n<td style=\"width: 8.99418%;height: 47px\">\n<p><span style=\"font-weight: 400\">I. d\u00edj<\/span><\/p>\n<\/td>\n<td style=\"width: 67.9796%;height: 47px\">Urol\u00f3gia<\/td>\n<\/tr>\n<tr style=\"height: 47px\">\n<td style=\"width: 40.97%;height: 47px\">Rem\u00e9nyi J\u00falia Csenge, \u00c1OK IV.<\/td>\n<td style=\"width: 8.99418%;height: 47px\">\n<p><span style=\"font-weight: 400\">I. d\u00edj<\/span><\/p>\n<\/td>\n<td style=\"width: 67.9796%;height: 47px\">Kardiol\u00f3gia, \u00e9s kering\u00e9sei betegs\u00e9gek A<\/td>\n<\/tr>\n<tr style=\"height: 47px\">\n<td style=\"width: 40.97%;height: 47px\">Szalay Tam\u00e1s Soma, \u00c1OK II.\u00a0<\/td>\n<td style=\"width: 8.99418%;height: 47px\">\n<p><span style=\"font-weight: 400\">I. d\u00edj<\/span><\/p>\n<\/td>\n<td style=\"width: 67.9796%;height: 47px\">B\u0151rgy\u00f3gy\u00e1szat<\/td>\n<\/tr>\n<tr style=\"height: 47px\">\n<td style=\"width: 40.97%;height: 47px\">Szil\u00e1gyi Fruzsina, \u00c1OK V.<\/td>\n<td style=\"width: 8.99418%;height: 47px\">\n<p><span style=\"font-weight: 400\">I. d\u00edj<\/span><\/p>\n<\/td>\n<td style=\"width: 67.9796%;height: 47px\">K\u00eds\u00e9rletes \u00e9s klinikai immunol\u00f3gia<\/td>\n<\/tr>\n<tr style=\"height: 47px\">\n<td style=\"width: 40.97%;height: 47px\">Tusn\u00e1dy Simon, \u00c1OK V.<\/td>\n<td style=\"width: 8.99418%;height: 47px\">\n<p><span style=\"font-weight: 400\">I. d\u00edj<\/span><\/p>\n<\/td>\n<td style=\"width: 67.9796%;height: 47px\">Sejtbiol\u00f3gia, sejt\u00e9lettan B<\/td>\n<\/tr>\n<tr style=\"height: 47px\">\n<td style=\"width: 40.97%;height: 47px\">Urb\u00e1n Zs\u00f3fia, \u00c1OK III.<\/td>\n<td style=\"width: 8.99418%;height: 47px\">\n<p><span style=\"font-weight: 400\">I. d\u00edj<\/span><\/p>\n<\/td>\n<td style=\"width: 67.9796%;height: 47px\">Kardiol\u00f3gia, \u00e9s kering\u00e9sei betegs\u00e9gek C<\/td>\n<\/tr>\n<tr style=\"height: 47px\">\n<td style=\"width: 40.97%;height: 47px\">Vigassy Zsolt Andr\u00e1s, \u00c1OK IV.\u00a0<\/td>\n<td style=\"width: 8.99418%;height: 47px\">\n<p><span style=\"font-weight: 400\">I. d\u00edj<\/span><\/p>\n<\/td>\n<td style=\"width: 67.9796%;height: 47px\">Szem\u00e9szet<\/td>\n<\/tr>\n<tr style=\"height: 47px\">\n<td style=\"width: 40.97%;height: 47px\">Drahos Botond Bendeg\u00faz, \u00c1OK IV.\u00a0<\/td>\n<td style=\"width: 8.99418%;height: 47px\">\n<p><span style=\"font-weight: 400\">II. d\u00edj<\/span><\/p>\n<\/td>\n<td style=\"width: 67.9796%;height: 47px\">\n<p>Idegtudom\u00e1nyok A<\/p>\n<\/td>\n<\/tr>\n<tr style=\"height: 47px\">\n<td style=\"width: 40.97%;height: 47px\">Husznai Albert J\u00f3zsef, \u00c1OK V. (t\u00e1rsszerz\u0151)<\/td>\n<td style=\"width: 8.99418%;height: 47px\">\n<p><span style=\"font-weight: 400\">II. d\u00edj<\/span><\/p>\n<\/td>\n<td style=\"width: 67.9796%;height: 47px\">Kardiol\u00f3gia \u00e9s kering\u00e9si betegs\u00e9gek D<\/td>\n<\/tr>\n<tr style=\"height: 47px\">\n<td style=\"width: 40.97%;height: 47px\">K\u00e1konyi Marcell, \u00c1OK V.\u00a0<\/td>\n<td style=\"width: 8.99418%;height: 47px\">\n<p><span style=\"font-weight: 400\">II. d\u00edj<\/span><\/p>\n<\/td>\n<td style=\"width: 67.9796%;height: 47px\">\n<p>Biofizika<\/p>\n<\/td>\n<\/tr>\n<tr style=\"height: 47px\">\n<td style=\"width: 40.97%;height: 47px\">M\u00e1rka Emese, \u00c1OK III. (t\u00e1rsszerz\u0151)<\/td>\n<td style=\"width: 8.99418%;height: 47px\">\n<p><span style=\"font-weight: 400\">II. d\u00edj<\/span><\/p>\n<\/td>\n<td style=\"width: 67.9796%;height: 47px\">Angiol\u00f3gia, \u00e9rseb\u00e9szet<\/td>\n<\/tr>\n<tr style=\"height: 47px\">\n<td style=\"width: 40.97%;height: 47px\">Papik Fl\u00f3ra, \u00c1OK V.\u00a0<\/td>\n<td style=\"width: 8.99418%;height: 47px\">\n<p><span style=\"font-weight: 400\">II. d\u00edj<\/span><\/p>\n<\/td>\n<td style=\"width: 67.9796%;height: 47px\">\n<p>Magatarts\u00e1tudom\u00e1ny, pszichi\u00e1tria, pszichol\u00f3gia C<\/p>\n<\/td>\n<\/tr>\n<tr style=\"height: 47px\">\n<td style=\"width: 40.97%;height: 47px\">Pierson-Bartel R\u00f3bert, \u00c1OK V.<\/td>\n<td style=\"width: 8.99418%;height: 47px\">\n<p><span style=\"font-weight: 400\">II. d\u00edj<\/span><\/p>\n<\/td>\n<td style=\"width: 67.9796%;height: 47px\">\n<p>Magatarts\u00e1tudom\u00e1ny, pszichi\u00e1tria, pszichol\u00f3gia A<\/p>\n<\/td>\n<\/tr>\n<tr style=\"height: 47px\">\n<td style=\"width: 40.97%;height: 47px\">Zsoldos Tam\u00e1s, \u00c1OK II.\u00a0<\/td>\n<td style=\"width: 8.99418%;height: 47px\">\n<p><span style=\"font-weight: 400\">II. d\u00edj<\/span><\/p>\n<\/td>\n<td style=\"width: 67.9796%;height: 47px\">\n<p>Idegtudom\u00e1nyok A<\/p>\n<\/td>\n<\/tr>\n<tr style=\"height: 47px\">\n<td style=\"width: 40.97%;height: 47px\">Nagy Kamilla, \u00c1OK V.\u00a0<\/td>\n<td style=\"width: 8.99418%;height: 47px\">\n<p><span style=\"font-weight: 400\">II. d\u00edj<\/span><\/p>\n<\/td>\n<td style=\"width: 67.9796%;height: 47px\">\n<p>Angiol\u00f3gia, \u00e9rseb\u00e9szet<\/p>\n<\/td>\n<\/tr>\n<tr style=\"height: 47px\">\n<td style=\"width: 40.97%;height: 47px\">Debreczeni Dorina, \u00c1OK IV.\u00a0<\/td>\n<td style=\"width: 8.99418%;height: 47px\">\n<p><span style=\"font-weight: 400\">III. d\u00edj<\/span><\/p>\n<\/td>\n<td style=\"width: 67.9796%;height: 47px\">Genetika B<\/td>\n<\/tr>\n<tr style=\"height: 47px\">\n<td style=\"width: 40.97%;height: 47px\">Goschler Levente \u00c1d\u00e1m, \u00c1OK V.\u00a0<\/td>\n<td style=\"width: 8.99418%;height: 47px\">\n<p><span style=\"font-weight: 400\">III. d\u00edj<\/span><\/p>\n<\/td>\n<td style=\"width: 67.9796%;height: 47px\">\n<p>Urol\u00f3gia<\/p>\n<\/td>\n<\/tr>\n<tr style=\"height: 47px\">\n<td style=\"width: 40.97%;height: 47px\">Husznai Albert J\u00f3zsef, \u00c1OK V.\u00a0<\/td>\n<td style=\"width: 8.99418%;height: 47px\">\n<p><span style=\"font-weight: 400\">III. d\u00edj<\/span><\/p>\n<\/td>\n<td style=\"width: 67.9796%;height: 47px\">\n<p>Kardiol\u00f3gia \u00e9s kering\u00e9si betegs\u00e9gek C<\/p>\n<\/td>\n<\/tr>\n<tr style=\"height: 47px\">\n<td style=\"width: 40.97%;height: 47px\">\n<p>Husznai Albert J\u00f3zsef, \u00c1OK V.<\/p>\n<\/td>\n<td style=\"width: 8.99418%;height: 47px\">\n<p><span style=\"font-weight: 400\">III. d\u00edj<\/span><\/p>\n<\/td>\n<td style=\"width: 67.9796%;height: 47px\">\n<p>Pulmonol\u00f3gia, k\u00fcl\u00f6nd\u00edj<\/p>\n<\/td>\n<\/tr>\n<tr style=\"height: 47px\">\n<td style=\"width: 40.97%;height: 47px\">Korda S\u00e1ra, \u00c1OK IV.<\/td>\n<td style=\"width: 8.99418%;height: 47px\">\n<p><span style=\"font-weight: 400\">III. d\u00edj<\/span><\/p>\n<\/td>\n<td style=\"width: 67.9796%;height: 47px\">\n<p>Onkol\u00f3gia B<\/p>\n<\/td>\n<\/tr>\n<tr style=\"height: 47px\">\n<td style=\"width: 40.97%;height: 47px\">Kov\u00e1cs Tamara, GYTK IV.<\/td>\n<td style=\"width: 8.99418%;height: 47px\">\n<p><span style=\"font-weight: 400\">III. d\u00edj<\/span><\/p>\n<\/td>\n<td style=\"width: 67.9796%;height: 47px\">\n<p>Gy\u00f3gyszer\u00e9sztudom\u00e1nyok B<\/p>\n<\/td>\n<\/tr>\n<tr style=\"height: 47px\">\n<td style=\"width: 40.97%;height: 47px\">Papp D\u00f3ra \u00c1gota, \u00c1OK III.<\/td>\n<td style=\"width: 8.99418%;height: 47px\">\n<p><span style=\"font-weight: 400\">III. d\u00edj<\/span><\/p>\n<\/td>\n<td style=\"width: 67.9796%;height: 47px\">\n<p>Radiol\u00f3gia, orvosi k\u00e9palkot\u00e1s<\/p>\n<\/td>\n<\/tr>\n<tr style=\"height: 47px\">\n<td style=\"width: 40.97%;height: 47px\">Szil\u00e1gyi Fruzsina, \u00c1OK V.<\/td>\n<td style=\"width: 8.99418%;height: 47px\">\n<p><span style=\"font-weight: 400\">III. d\u00edj<\/span><\/p>\n<\/td>\n<td style=\"width: 67.9796%;height: 47px\">\n<p>Szem\u00e9szet<\/p>\n<\/td>\n<\/tr>\n<tr style=\"height: 47px\">\n<td style=\"width: 40.97%;height: 47px\">Szoboszlai N\u00f3ra, \u00c1OK V.<\/td>\n<td style=\"width: 8.99418%;height: 47px\">\n<p><span style=\"font-weight: 400\">III. d\u00edj<\/span><\/p>\n<\/td>\n<td style=\"width: 67.9796%;height: 47px\">\n<p>Patol\u00f3gia<\/p>\n<\/td>\n<\/tr>\n<tr style=\"height: 47px\">\n<td style=\"width: 40.97%;height: 47px\">T\u00f3th Lili Anna, \u00c1OK IV.<\/td>\n<td style=\"width: 8.99418%;height: 47px\">\n<p><span style=\"font-weight: 400\">III. d\u00edj<\/span><\/p>\n<\/td>\n<td style=\"width: 67.9796%;height: 47px\">\n<p>Kardiol\u00f3gia \u00e9s kering\u00e9si betegs\u00e9gek E<\/p>\n<\/td>\n<\/tr>\n<\/tbody>\n<\/table>\n<\/div>\n<\/div>\n\n<\/div><h2 class=\"tabtitle\">Rektori p\u00e1lyamunka<\/h2>\n<div class=\"tabcontent\">\n\n<div class=\"cxmmr5t8 oygrvhab hcukyx3x c1et5uql o9v6fnle ii04i59q\">\n<div dir=\"auto\">\n<div class=\"cxmmr5t8 oygrvhab hcukyx3x c1et5uql o9v6fnle ii04i59q\">\n<div dir=\"auto\"><strong>A rektori p\u00e1lyamunk\u00e1\u00e9rt d\u00edjazottak:<\/p>\n<p><\/strong><\/div>\n<\/div>\n<div class=\"cxmmr5t8 oygrvhab hcukyx3x c1et5uql o9v6fnle ii04i59q\">\n<div dir=\"auto\">\n<table style=\"width: 98.6394%;height: 565px\">\n<tbody>\n<tr style=\"height: 47px\">\n<td style=\"width: 34.2322%;height: 47px\">\n<p>K\u00f3ta Kata, \u00c1OK IV.<\/p>\n<\/td>\n<td style=\"width: 2.90377%;height: 47px\">\n<p><span style=\"font-weight: 400\">I. d\u00edj<\/span><\/p>\n<\/td>\n<td style=\"width: 62.8639%;height: 47px\">\n<p>A paraventrikul\u00e1ris talamuszmag afferent\u00e1ci\u00f3j\u00e1nak vizsg\u00e1lata<\/p>\n<\/td>\n<\/tr>\n<tr style=\"height: 47px\">\n<td style=\"width: 34.2322%;height: 48px\">\n<p>Pierson-Bartel R\u00f3bert, \u00c1OK V.<\/p>\n<\/td>\n<td style=\"width: 2.90377%;height: 48px\">\n<p><span style=\"font-weight: 400\">I. d\u00edj<\/span><\/p>\n<\/td>\n<td style=\"width: 62.8639%;height: 48px\">\n<p>Objekt\u00edv \u00e9s szubjekt\u00edv alv\u00e1smin\u0151s\u00e9g \u00f6sszef\u00fcgg\u00e9sei a Budapest Sleep, Experiences and Traits Study r\u00e9szek\u00e9nt<\/p>\n<\/td>\n<\/tr>\n<tr style=\"height: 47px\">\n<td style=\"width: 34.2322%;height: 47px\">Szil\u00e1gyi Fruzsina, \u00c1OK V.<\/td>\n<td style=\"width: 2.90377%;height: 47px\">\n<p><span style=\"font-weight: 400\">I. d\u00edj<\/span><\/p>\n<\/td>\n<td style=\"width: 62.8639%;height: 47px\">\n<p>Characterization of antibodies targeting ACE2, the major entry receptor of SARS-CoV-2<\/p>\n<\/td>\n<\/tr>\n<tr style=\"height: 47px\">\n<td style=\"width: 34.2322%;height: 47px\">\n<p>Hegyi Barna P\u00e9ter, \u00c1OK V.<\/p>\n<\/td>\n<td style=\"width: 2.90377%;height: 47px\">\n<p><span style=\"font-weight: 400\">II. d\u00edj<\/span><\/p>\n<\/td>\n<td style=\"width: 62.8639%;height: 47px\">\n<p>A phenobarbital hat\u00e9konys\u00e1g\u00e1nak vizsg\u00e1lata hypoxi\u00e1sischaemi\u00e1s encephalopathia okozta \u00fajsz\u00fcl\u00f6ttkori g\u00f6rcs\u00f6kben<\/p>\n<\/td>\n<\/tr>\n<tr style=\"height: 47px\">\n<td style=\"width: 34.2322%;height: 47px\">\n<p>K\u00e1konyi Marcell, \u00c1OK V.<\/p>\n<\/td>\n<td style=\"width: 2.90377%;height: 47px\">\n<p><span style=\"font-weight: 400\">II. d\u00edj<\/span><\/p>\n<\/td>\n<td style=\"width: 62.8639%;height: 47px\">\n<p>Actinobacterial cell division: Understanding the molecular architecture of the divisome<\/p>\n<\/td>\n<\/tr>\n<tr style=\"height: 47px\">\n<td style=\"width: 34.2322%;height: 47px\">\n<p>Szoboszlai N\u00f3ra, \u00c1OK V.<\/p>\n<\/td>\n<td style=\"width: 2.90377%;height: 47px\">\n<p><span style=\"font-weight: 400\">II. d\u00edj<\/span><\/p>\n<\/td>\n<td style=\"width: 62.8639%;height: 47px\">\n<p>Diff\u00faz nagy B-sejtes limf\u00f3ma genetikai klasszifik\u00e1ci\u00f3ja \u00e9s molekul\u00e1ris h\u00e1tter\u00e9nek vizsg\u00e1lata<\/p>\n<\/td>\n<\/tr>\n<tr style=\"height: 47px\">\n<td style=\"width: 34.2322%;height: 47px\">\n<p>Falus M\u00e1rton J\u00e1nos, \u00c1OK V.<\/p>\n<\/td>\n<td style=\"width: 2.90377%;height: 47px\">\n<p><span style=\"font-weight: 400\">III. d\u00edj<\/span><\/p>\n<\/td>\n<td style=\"width: 62.8639%;height: 47px\">\n<p>Evolution of biofilm formation and antibiotic resistance in Escherichia coli<\/p>\n<\/td>\n<\/tr>\n<tr style=\"height: 47px\">\n<td style=\"width: 34.2322%;height: 47px\">\n<p>Hanza Richard, \u00c1OK V.<\/p>\n<\/td>\n<td style=\"width: 2.90377%;height: 47px\">\n<p><span style=\"font-weight: 400\">III. d\u00edj<\/span><\/p>\n<\/td>\n<td style=\"width: 62.8639%;height: 47px\">\n<p>Az EZH2 mut\u00e1ci\u00f3k prognosztikus jelent\u0151s\u00e9g\u00e9nek vizsg\u00e1lata follikul\u00e1ris limf\u00f3m\u00e1ban<\/p>\n<\/td>\n<\/tr>\n<tr style=\"height: 47px\">\n<td style=\"width: 34.2322%;height: 47px\">\n<p>Horv\u00e1th \u00c1goston, \u00c1OK V.<\/p>\n<\/td>\n<td style=\"width: 2.90377%;height: 47px\">\n<p><span style=\"font-weight: 400\">III. d\u00edj<\/span><\/p>\n<\/td>\n<td style=\"width: 62.8639%;height: 47px\">\n<p>\u00daj liquor biomarkerek gyermekkori akut limfoblasztos leuk\u00e9mi\u00e1ban<\/p>\n<\/td>\n<\/tr>\n<tr style=\"height: 47px\">\n<td style=\"width: 34.2322%;height: 47px\">\n<p>Horv\u00e1th Krisztina Edina, \u00c1OK IV.<\/p>\n<\/td>\n<td style=\"width: 2.90377%;height: 47px\">\n<p><span style=\"font-weight: 400\">dics\u00e9ret<\/span><\/p>\n<\/td>\n<td style=\"width: 62.8639%;height: 47px\">\n<p>Establishhing non-neural ectoderm derived organoids<\/p>\n<\/td>\n<\/tr>\n<tr style=\"height: 47px\">\n<td style=\"width: 34.2322%;height: 47px\">\n<p>Losonczi M\u00e1rta, FOK IV.<\/p>\n<\/td>\n<td style=\"width: 2.90377%;height: 47px\">\n<p><span style=\"font-weight: 400\">dics\u00e9ret<\/span><\/p>\n<\/td>\n<td style=\"width: 62.8639%;height: 47px\">\n<p>Hagyom\u00e1nyos \u00e9s hev\u00edtett doh\u00e1nyterm\u00e9ket haszn\u00e1l\u00f3k parodont\u00e1lis st\u00e1tusz\u00e1nak vizsg\u00e1lata<\/p>\n<\/td>\n<\/tr>\n<tr style=\"height: 47px\">\n<td style=\"width: 34.2322%;height: 47px\">\n<p>Moln\u00e1r Petra, GYTK V.<\/p>\n<\/td>\n<td style=\"width: 2.90377%;height: 47px\">\n<p><span style=\"font-weight: 400\">dics\u00e9ret<\/span><\/p>\n<\/td>\n<td style=\"width: 62.8639%;height: 47px\">\n<p>Per os alkalmazott liposz\u00f3m\u00e1k formul\u00e1si lehet\u0151s\u00e9gei<\/p>\n<\/td>\n<\/tr>\n<\/tbody>\n<\/table>\n<\/div>\n<\/div>\n<\/div>\n<\/div>\n\n<\/div><h2 class=\"tabtitle\">D\u00edjak<\/h2>\n<div class=\"tabcontent\">\n\n<p>&nbsp;<\/p>\n<p><strong>Dr. Bezn\u00e1k Alad\u00e1r Eml\u00e9k\u00e9rem \u00e9s Jutalomd\u00edj:<br \/>\n<\/strong>Tusn\u00e1dy Simon<\/p>\n<div dir=\"auto\">\u00a0<\/div>\n<div class=\"cxmmr5t8 oygrvhab hcukyx3x c1et5uql o9v6fnle ii04i59q\">\n<div dir=\"auto\">\u00a0<\/div>\n<div dir=\"auto\"><strong>Nemzeti Fels\u0151oktat\u00e1si \u00d6szt\u00f6nd\u00edj nyertesei:<\/strong><\/div>\n<div dir=\"auto\">\n<table style=\"width: 90.386%;height: 428px\">\n<tbody>\n<tr style=\"height: 47px\">\n<td style=\"width: 100%;height: 47px\">\n<p><span style=\"font-weight: 400\">Debreczeni Dorina<\/span><\/p>\n<\/td>\n<\/tr>\n<tr style=\"height: 47px\">\n<td style=\"width: 100%;height: 54px\">\n<p><span style=\"font-weight: 400\">Hanza Rich\u00e1rd<\/span><\/p>\n<\/td>\n<\/tr>\n<tr style=\"height: 47px\">\n<td style=\"width: 100%;height: 47px\">\n<p><span style=\"font-weight: 400\">K\u00e1konyi Marcell<\/span><\/p>\n<\/td>\n<\/tr>\n<tr style=\"height: 47px\">\n<td style=\"width: 100%;height: 47px\">\n<p><span style=\"font-weight: 400\">K\u00f3ta Kata<\/span><\/p>\n<\/td>\n<\/tr>\n<tr style=\"height: 47px\">\n<td style=\"width: 100%;height: 47px\">\n<p><span style=\"font-weight: 400\">Lesk\u00f3 Eszter<\/span><\/p>\n<\/td>\n<\/tr>\n<tr style=\"height: 47px\">\n<td style=\"width: 100%;height: 47px\">\n<p>Losonczi M\u00e1rta<\/p>\n<\/td>\n<\/tr>\n<tr style=\"height: 47px\">\n<td style=\"width: 100%;height: 47px\">\n<p><span style=\"font-weight: 400\">Szalai Don\u00e1t<\/span><\/p>\n<\/td>\n<\/tr>\n<tr>\n<td style=\"width: 100%\">\n<p><span style=\"font-weight: 400\">Tusn\u00e1dy Simon<\/span><\/p>\n<\/td>\n<\/tr>\n<\/tbody>\n<\/table>\n<\/div>\n<div dir=\"auto\">\u00a0<\/div>\n<\/div>\n<\/div>\n<\/div>\n<div class=\"kvgmc6g5 cxmmr5t8 oygrvhab hcukyx3x c1et5uql ii04i59q\">\n<div dir=\"auto\">\n<\/div><\/div>\n<\/div>\n<\/div>\n","protected":false},"excerpt":{"rendered":"<p>SE Tudom\u00e1nyos Di\u00e1kk\u00f6ri Konferencia eredm\u00e9nyei:\u00a0 \u00a0 Bata \u00c1lmos Hunor, \u00c1OK IV. I. d\u00edj Idegseb\u00e9szet, ortop\u00e9dia, traumatol\u00f3gia Boroncsok D\u00f3ra, \u00c1OK V. I. d\u00edj Kardiol\u00f3gia, \u00e9s kering\u00e9sei betegs\u00e9gek B Gyuricsk\u00f3 Istv\u00e1n, \u00c1OK V. I. d\u00edj Aneszteziol\u00f3gia, s\u00fcrg\u0151ss\u00e9gi orvostan Hanza Rich\u00e1rd, \u00c1OK V. I. d\u00edj Hematol\u00f3gia Hegyi Barna P\u00e9ter, \u00c1OK V. I. d\u00edj Gyermekgy\u00f3gy\u00e1szat A J\u00f3j\u00e1rt R\u00e9ka Lili, &hellip;<\/p>\n","protected":false},"author":101894,"featured_media":0,"parent":2363,"menu_order":0,"comment_status":"closed","ping_status":"closed","template":"","meta":{"_acf_changed":false,"footnotes":""},"categories":[],"tags":[],"class_list":["post-2498","page","type-page","status-publish","hentry"],"acf":[],"_links":{"self":[{"href":"https:\/\/semmelweis.hu\/szakkollegium\/wp-json\/wp\/v2\/pages\/2498","targetHints":{"allow":["GET"]}}],"collection":[{"href":"https:\/\/semmelweis.hu\/szakkollegium\/wp-json\/wp\/v2\/pages"}],"about":[{"href":"https:\/\/semmelweis.hu\/szakkollegium\/wp-json\/wp\/v2\/types\/page"}],"author":[{"embeddable":true,"href":"https:\/\/semmelweis.hu\/szakkollegium\/wp-json\/wp\/v2\/users\/101894"}],"replies":[{"embeddable":true,"href":"https:\/\/semmelweis.hu\/szakkollegium\/wp-json\/wp\/v2\/comments?post=2498"}],"version-history":[{"count":9,"href":"https:\/\/semmelweis.hu\/szakkollegium\/wp-json\/wp\/v2\/pages\/2498\/revisions"}],"predecessor-version":[{"id":2682,"href":"https:\/\/semmelweis.hu\/szakkollegium\/wp-json\/wp\/v2\/pages\/2498\/revisions\/2682"}],"up":[{"embeddable":true,"href":"https:\/\/semmelweis.hu\/szakkollegium\/wp-json\/wp\/v2\/pages\/2363"}],"wp:attachment":[{"href":"https:\/\/semmelweis.hu\/szakkollegium\/wp-json\/wp\/v2\/media?parent=2498"}],"wp:term":[{"taxonomy":"category","embeddable":true,"href":"https:\/\/semmelweis.hu\/szakkollegium\/wp-json\/wp\/v2\/categories?post=2498"},{"taxonomy":"post_tag","embeddable":true,"href":"https:\/\/semmelweis.hu\/szakkollegium\/wp-json\/wp\/v2\/tags?post=2498"}],"curies":[{"name":"wp","href":"https:\/\/api.w.org\/{rel}","templated":true}]}}