{"id":2481,"date":"2024-12-10T14:59:22","date_gmt":"2024-12-10T13:59:22","guid":{"rendered":"https:\/\/semmelweis.hu\/szakkollegium\/?page_id=2481"},"modified":"2026-01-17T17:36:10","modified_gmt":"2026-01-17T16:36:10","slug":"xxix-koranyi-frigyes-tudomanyos-forum-2025","status":"publish","type":"page","link":"https:\/\/semmelweis.hu\/szakkollegium\/xxix-koranyi-frigyes-tudomanyos-forum-2025\/","title":{"rendered":"XXIX. Kor\u00e1nyi Frigyes Tudom\u00e1nyos F\u00f3rum (2025)"},"content":{"rendered":"<p>A 2025-ben megrendezett, XXIX. Kor\u00e1nyi Tudom\u00e1nyos F\u00f3rumr\u00f3l megjelent cikk \u00e9s k\u00e9pgal\u00e9ria a Semmelweis Egyetem honlapj\u00e1n, az al\u00e1bbi linkre kattintva \u00e9rhet\u0151 el:<\/p>\n<h1 class=\"entry-title text-uppercase\"><a href=\"https:\/\/semmelweis.hu\/hirek\/2025\/04\/02\/tobb-mint-nyolcvan-dijazott-a-xxix-koranyi-frigyes-tudomanyos-forumon\/\">T\u00f6bb mint nyolcvan d\u00edjazott a XXIX. Kor\u00e1nyi Frigyes Tudom\u00e1nyos F\u00f3rumon<\/a><\/h1>\n","protected":false},"excerpt":{"rendered":"<p>A 2025-ben megrendezett, XXIX. Kor\u00e1nyi Tudom\u00e1nyos F\u00f3rumr\u00f3l megjelent cikk \u00e9s k\u00e9pgal\u00e9ria a Semmelweis Egyetem honlapj\u00e1n, az al\u00e1bbi linkre kattintva \u00e9rhet\u0151 el:<br \/>\n<a href=\"https:\/\/semmelweis.hu\/hirek\/2025\/04\/02\/tobb-mint-nyolcvan-dijazott-a-xxix-koranyi-frigyes-tudomanyos-forumon\/\">T\u00f6bb mint nyolcvan d\u00edjazott a XXIX. Kor\u00e1nyi Frigyes Tudom\u00e1nyos F\u00f3rumon<\/a><\/p>\n","protected":false},"author":101894,"featured_media":2171,"parent":0,"menu_order":0,"comment_status":"closed","ping_status":"closed","template":"","meta":{"_acf_changed":false,"footnotes":""},"categories":[1],"tags":[],"class_list":["post-2481","page","type-page","status-publish","has-post-thumbnail","hentry","category-hirek"],"acf":[],"_links":{"self":[{"href":"https:\/\/semmelweis.hu\/szakkollegium\/wp-json\/wp\/v2\/pages\/2481","targetHints":{"allow":["GET"]}}],"collection":[{"href":"https:\/\/semmelweis.hu\/szakkollegium\/wp-json\/wp\/v2\/pages"}],"about":[{"href":"https:\/\/semmelweis.hu\/szakkollegium\/wp-json\/wp\/v2\/types\/page"}],"author":[{"embeddable":true,"href":"https:\/\/semmelweis.hu\/szakkollegium\/wp-json\/wp\/v2\/users\/101894"}],"replies":[{"embeddable":true,"href":"https:\/\/semmelweis.hu\/szakkollegium\/wp-json\/wp\/v2\/comments?post=2481"}],"version-history":[{"count":9,"href":"https:\/\/semmelweis.hu\/szakkollegium\/wp-json\/wp\/v2\/pages\/2481\/revisions"}],"predecessor-version":[{"id":2668,"href":"https:\/\/semmelweis.hu\/szakkollegium\/wp-json\/wp\/v2\/pages\/2481\/revisions\/2668"}],"wp:featuredmedia":[{"embeddable":true,"href":"https:\/\/semmelweis.hu\/szakkollegium\/wp-json\/wp\/v2\/media\/2171"}],"wp:attachment":[{"href":"https:\/\/semmelweis.hu\/szakkollegium\/wp-json\/wp\/v2\/media?parent=2481"}],"wp:term":[{"taxonomy":"category","embeddable":true,"href":"https:\/\/semmelweis.hu\/szakkollegium\/wp-json\/wp\/v2\/categories?post=2481"},{"taxonomy":"post_tag","embeddable":true,"href":"https:\/\/semmelweis.hu\/szakkollegium\/wp-json\/wp\/v2\/tags?post=2481"}],"curies":[{"name":"wp","href":"https:\/\/api.w.org\/{rel}","templated":true}]}}