{"id":2474,"date":"2024-12-10T14:54:04","date_gmt":"2024-12-10T13:54:04","guid":{"rendered":"https:\/\/semmelweis.hu\/szakkollegium\/?page_id=2474"},"modified":"2024-12-10T15:21:54","modified_gmt":"2024-12-10T14:21:54","slug":"dr-takacs-peter-egeszsegugyi-allamtitkar-es-dr-almos-peter-mok-elnok-latogatasa-a-harsfaban","status":"publish","type":"page","link":"https:\/\/semmelweis.hu\/szakkollegium\/magunkrol\/kurzusaink-2\/dr-takacs-peter-egeszsegugyi-allamtitkar-es-dr-almos-peter-mok-elnok-latogatasa-a-harsfaban\/","title":{"rendered":"Dr. Tak\u00e1cs P\u00e9ter eg\u00e9szs\u00e9g\u00fcgyi \u00e1llamtitk\u00e1r \u00e9s Dr. \u00c1lmos P\u00e9ter MOK eln\u00f6k l\u00e1togat\u00e1sa a H\u00e1rsf\u00e1ban"},"content":{"rendered":"<p style=\"text-align: justify\">2024 \u0151sz\u00e9n k\u00e9t ugyancsak elgondolkodtat\u00f3 \u00e9s \u00e9rdekfesz\u00edt\u0151 kerekasztal besz\u00e9lget\u00e9sen vehettek r\u00e9szt szakkoll\u00e9gist\u00e1ink. A magyar eg\u00e9szs\u00e9g\u00fcgy fejleszt\u00e9s\u00e9n, az orvosi hivat\u00e1s alapvet\u0151 \u00e9rt\u00e9keinek meg\u0151rz\u00e9s\u00e9n f\u00e1radoz\u00f3 szakemberek l\u00e1togattak el hozz\u00e1nk Dr. Tak\u00e1cs P\u00e9ter eg\u00e9szs\u00e9g\u00fcgyi \u00e1llamtitk\u00e1r \u00e9s Dr. \u00c1lmos P\u00e9ter Magyar Orvosi kamarai eln\u00f6k szem\u00e9ly\u00e9ben.<\/p>\n<p><img loading=\"lazy\" decoding=\"async\" class=\"aligncenter\" src=\"https:\/\/semmelweis.hu\/szakkollegium\/files\/2024\/12\/IMG_8437.jpg\" width=\"618\" height=\"355\" \/><\/p>\n<p style=\"text-align: justify\"><img loading=\"lazy\" decoding=\"async\" class=\"alignleft\" src=\"https:\/\/semmelweis.hu\/szakkollegium\/files\/2024\/12\/takacs-2.jpg\" width=\"287\" height=\"191\" \/><\/p>\n<p style=\"text-align: justify\">A k\u00f6tetlen besz\u00e9lget\u00e9sek sor\u00e1n a r\u00e9sztvev\u0151k betekint\u00e9st nyerhettek a mindennapi orvosi munka m\u00f6g\u00f6tt zajl\u00f3 d\u00f6nt\u00e9shozatal dilemm\u00e1iba, a jelen \u00e9s a j\u00f6v\u0151 eg\u00e9szs\u00e9g\u00fcgy\u00e9t \u00e9rint\u0151 kih\u00edv\u00e1sokba. Olyan t\u00e9m\u00e1k ker\u00fcltek el\u0151, mint az eg\u00e9szs\u00e9g\u00fcgyi rendszer fenntarthat\u00f3s\u00e1ga, a fiatal orvosok p\u00e1lyakezd\u00e9si lehet\u0151s\u00e9gei, valamint a betegek \u00e9s az orvosok k\u00f6z\u00f6tti bizalom er\u0151s\u00edt\u00e9se. Sz\u00f3 esett tov\u00e1bb\u00e1 a digitaliz\u00e1ci\u00f3 szerep\u00e9r\u0151l az orvosi ell\u00e1t\u00e1sban, melyben Magyarorsz\u00e1g eur\u00f3pai szinten is az \u00e9len j\u00e1r. Az \u00e1llami-, \u00e9s mag\u00e1nell\u00e1t\u00e1s egym\u00e1ssal val\u00f3 kapcsolat\u00e1n, az ut\u00f3bbi \u00e9vekben itt megfigyelhet\u0151 v\u00e1ltoz\u00e1sok orvosokat \u00e9s p\u00e1cienseket \u00e9rint\u0151 hat\u00e1sain is elgondolkozhattunk.<\/p>\n<p style=\"text-align: justify\"><img loading=\"lazy\" decoding=\"async\" class=\"alignright\" src=\"https:\/\/semmelweis.hu\/szakkollegium\/files\/2024\/12\/takacs.jpg\" width=\"265\" height=\"177\" \/><\/p>\n<p style=\"text-align: justify\">A H\u00e1rsf\u00e1ban kiemelt c\u00e9lunk, hogy olyan felk\u00e9sz\u00fclt, lelkiismeretes gy\u00f3gy\u00edt\u00f3kat adhassunk a t\u00e1rsadalomnak, akik nem csak k\u00f6zvetlen\u00fcl szakm\u00e1jukban magaslanak ki, hanem k\u00e9pesek k\u00f6rnyezet\u00fck t\u00e1gabb meg\u00e9rt\u00e9s\u00e9re is. Vend\u00e9geink megtisztel\u0151 l\u00e1togat\u00e1sa tov\u00e1bb seg\u00edtett minket ilyen ir\u00e1ny\u00fa t\u00f6rekv\u00e9seinkben.<\/p>\n<p style=\"text-align: justify\">Ez\u00faton is k\u00f6sz\u00f6nj\u00fck a lehet\u0151s\u00e9get Dr. Tak\u00e1cs P\u00e9ternek \u00e9s Dr. \u00c1lmos P\u00e9ternek, valamint a szervez\u0151knek!<\/p>\n","protected":false},"excerpt":{"rendered":"<p>2024 \u0151sz\u00e9n k\u00e9t ugyancsak elgondolkodtat\u00f3 \u00e9s \u00e9rdekfesz\u00edt\u0151 kerekasztal besz\u00e9lget\u00e9sen vehettek r\u00e9szt szakkoll\u00e9gist\u00e1ink. A magyar eg\u00e9szs\u00e9g\u00fcgy fejleszt\u00e9s\u00e9n, az orvosi hivat\u00e1s alapvet\u0151 \u00e9rt\u00e9keinek meg\u0151rz\u00e9s\u00e9n f\u00e1radoz\u00f3 szakemberek l\u00e1togattak el hozz\u00e1nk Dr. Tak\u00e1cs P\u00e9ter eg\u00e9szs\u00e9g\u00fcgyi \u00e1llamtitk\u00e1r \u00e9s Dr. \u00c1lmos P\u00e9ter Magyar Orvosi kamarai eln\u00f6k szem\u00e9ly\u00e9ben. A k\u00f6tetlen besz\u00e9lget\u00e9sek sor\u00e1n a r\u00e9sztvev\u0151k betekint\u00e9st nyerhettek a mindennapi orvosi munka m\u00f6g\u00f6tt zajl\u00f3 &hellip;<\/p>\n","protected":false},"author":101894,"featured_media":2485,"parent":2046,"menu_order":0,"comment_status":"closed","ping_status":"closed","template":"","meta":{"_acf_changed":false,"footnotes":""},"categories":[1],"tags":[],"class_list":["post-2474","page","type-page","status-publish","has-post-thumbnail","hentry","category-hirek"],"acf":[],"_links":{"self":[{"href":"https:\/\/semmelweis.hu\/szakkollegium\/wp-json\/wp\/v2\/pages\/2474","targetHints":{"allow":["GET"]}}],"collection":[{"href":"https:\/\/semmelweis.hu\/szakkollegium\/wp-json\/wp\/v2\/pages"}],"about":[{"href":"https:\/\/semmelweis.hu\/szakkollegium\/wp-json\/wp\/v2\/types\/page"}],"author":[{"embeddable":true,"href":"https:\/\/semmelweis.hu\/szakkollegium\/wp-json\/wp\/v2\/users\/101894"}],"replies":[{"embeddable":true,"href":"https:\/\/semmelweis.hu\/szakkollegium\/wp-json\/wp\/v2\/comments?post=2474"}],"version-history":[{"count":4,"href":"https:\/\/semmelweis.hu\/szakkollegium\/wp-json\/wp\/v2\/pages\/2474\/revisions"}],"predecessor-version":[{"id":2480,"href":"https:\/\/semmelweis.hu\/szakkollegium\/wp-json\/wp\/v2\/pages\/2474\/revisions\/2480"}],"up":[{"embeddable":true,"href":"https:\/\/semmelweis.hu\/szakkollegium\/wp-json\/wp\/v2\/pages\/2046"}],"wp:featuredmedia":[{"embeddable":true,"href":"https:\/\/semmelweis.hu\/szakkollegium\/wp-json\/wp\/v2\/media\/2485"}],"wp:attachment":[{"href":"https:\/\/semmelweis.hu\/szakkollegium\/wp-json\/wp\/v2\/media?parent=2474"}],"wp:term":[{"taxonomy":"category","embeddable":true,"href":"https:\/\/semmelweis.hu\/szakkollegium\/wp-json\/wp\/v2\/categories?post=2474"},{"taxonomy":"post_tag","embeddable":true,"href":"https:\/\/semmelweis.hu\/szakkollegium\/wp-json\/wp\/v2\/tags?post=2474"}],"curies":[{"name":"wp","href":"https:\/\/api.w.org\/{rel}","templated":true}]}}