{"id":2468,"date":"2024-12-10T14:46:41","date_gmt":"2024-12-10T13:46:41","guid":{"rendered":"https:\/\/semmelweis.hu\/szakkollegium\/?page_id=2468"},"modified":"2024-12-10T14:48:09","modified_gmt":"2024-12-10T13:48:09","slug":"eutanazia-kerekasztal","status":"publish","type":"page","link":"https:\/\/semmelweis.hu\/szakkollegium\/magunkrol\/kurzusaink-2\/eutanazia-kerekasztal\/","title":{"rendered":"Eutan\u00e1zia Kerekasztal"},"content":{"rendered":"<p><strong>Mi a szerepe az orvosoknak az \u00e9letv\u00e9gi d\u00f6nt\u00e9sekben? <\/strong><br \/>\n<strong>Meddig viheti a t\u00e1rsadalmi p\u00e1rbesz\u00e9d az eutan\u00e1zia \u00fcgy\u00e9t, \u00e9s hogyan k\u00e9ne jogilag szab\u00e1lyozni azt?<\/strong><\/p>\n<p><img loading=\"lazy\" decoding=\"async\" class=\"alignleft\" src=\"https:\/\/semmelweis.hu\/szakkollegium\/files\/2024\/12\/eutanazia-2.jpg\" width=\"273\" height=\"182\" \/><\/p>\n<p>Ezekr\u0151l, \u00e9s hasonl\u00f3 k\u00e9rd\u00e9sekr\u0151l besz\u00e9lgett\u00fcnk 2024. szeptember 25-\u00e9n Karsai P\u00e9terrel, dr. St\u00e1nicz P\u00e9ter eg\u00e9szs\u00e9g\u00fcgyi jog\u00e1sszal \u00e9s dr. Heged\u0171s Katalinnal, a Magatart\u00e1studom\u00e1nyi Int\u00e9zet docens\u00e9vel koll\u00e9giumunkban.<\/p>\n<p>A H\u00e1rsfa alapelvei k\u00f6z\u00e9 tartozik a t\u00e1rsadalmi felel\u0151ss\u00e9gv\u00e1llal\u00e1s \u00e9s ennek ment\u00e9n a leend\u0151 eg\u00e9szs\u00e9g\u00fcgyi dolgoz\u00f3k l\u00e1t\u00f3k\u00f6r\u00e9nek sz\u00e9les\u00edt\u00e9se. Ez\u00e9rt tartottuk fontosnak, hogy becsatlakozzunk ebbe a p\u00e1rbesz\u00e9dbe, \u00e9s szem\u00e9lyes tapasztalatokat valami kiv\u00e1l\u00f3 szakembereket meghallgatva form\u00e1lhassuk v\u00e9lem\u00e9ny\u00fcnket a modern eg\u00e9szs\u00e9g\u00fcgy egyik legnehezebb k\u00e9rd\u00e9sk\u00f6r\u00e9ben.<\/p>\n<p>K\u00f6sz\u00f6nj\u00fck vend\u00e9geinknek, hogy elj\u00f6ttek hozz\u00e1nk, \u00e9s egy izgalmas besz\u00e9lget\u00e9s r\u00e9szesei lehett\u00fcnk.<\/p>\n<p><img loading=\"lazy\" decoding=\"async\" class=\"alignnone\" style=\"font-size: 1rem\" src=\"https:\/\/semmelweis.hu\/szakkollegium\/files\/2024\/12\/eutanazia1.jpg\" width=\"691\" height=\"460\" \/><\/p>\n","protected":false},"excerpt":{"rendered":"<p>Mi a szerepe az orvosoknak az \u00e9letv\u00e9gi d\u00f6nt\u00e9sekben? Meddig viheti a t\u00e1rsadalmi p\u00e1rbesz\u00e9d az eutan\u00e1zia \u00fcgy\u00e9t, \u00e9s hogyan k\u00e9ne jogilag szab\u00e1lyozni azt? Ezekr\u0151l, \u00e9s hasonl\u00f3 k\u00e9rd\u00e9sekr\u0151l besz\u00e9lgett\u00fcnk 2024. szeptember 25-\u00e9n Karsai P\u00e9terrel, dr. St\u00e1nicz P\u00e9ter eg\u00e9szs\u00e9g\u00fcgyi jog\u00e1sszal \u00e9s dr. Heged\u0171s Katalinnal, a Magatart\u00e1studom\u00e1nyi Int\u00e9zet docens\u00e9vel koll\u00e9giumunkban. A H\u00e1rsfa alapelvei k\u00f6z\u00e9 tartozik a t\u00e1rsadalmi felel\u0151ss\u00e9gv\u00e1llal\u00e1s \u00e9s &hellip;<\/p>\n","protected":false},"author":101894,"featured_media":2469,"parent":2046,"menu_order":0,"comment_status":"closed","ping_status":"closed","template":"","meta":{"_acf_changed":false,"footnotes":""},"categories":[1],"tags":[],"class_list":["post-2468","page","type-page","status-publish","has-post-thumbnail","hentry","category-hirek"],"acf":[],"_links":{"self":[{"href":"https:\/\/semmelweis.hu\/szakkollegium\/wp-json\/wp\/v2\/pages\/2468","targetHints":{"allow":["GET"]}}],"collection":[{"href":"https:\/\/semmelweis.hu\/szakkollegium\/wp-json\/wp\/v2\/pages"}],"about":[{"href":"https:\/\/semmelweis.hu\/szakkollegium\/wp-json\/wp\/v2\/types\/page"}],"author":[{"embeddable":true,"href":"https:\/\/semmelweis.hu\/szakkollegium\/wp-json\/wp\/v2\/users\/101894"}],"replies":[{"embeddable":true,"href":"https:\/\/semmelweis.hu\/szakkollegium\/wp-json\/wp\/v2\/comments?post=2468"}],"version-history":[{"count":3,"href":"https:\/\/semmelweis.hu\/szakkollegium\/wp-json\/wp\/v2\/pages\/2468\/revisions"}],"predecessor-version":[{"id":2473,"href":"https:\/\/semmelweis.hu\/szakkollegium\/wp-json\/wp\/v2\/pages\/2468\/revisions\/2473"}],"up":[{"embeddable":true,"href":"https:\/\/semmelweis.hu\/szakkollegium\/wp-json\/wp\/v2\/pages\/2046"}],"wp:featuredmedia":[{"embeddable":true,"href":"https:\/\/semmelweis.hu\/szakkollegium\/wp-json\/wp\/v2\/media\/2469"}],"wp:attachment":[{"href":"https:\/\/semmelweis.hu\/szakkollegium\/wp-json\/wp\/v2\/media?parent=2468"}],"wp:term":[{"taxonomy":"category","embeddable":true,"href":"https:\/\/semmelweis.hu\/szakkollegium\/wp-json\/wp\/v2\/categories?post=2468"},{"taxonomy":"post_tag","embeddable":true,"href":"https:\/\/semmelweis.hu\/szakkollegium\/wp-json\/wp\/v2\/tags?post=2468"}],"curies":[{"name":"wp","href":"https:\/\/api.w.org\/{rel}","templated":true}]}}