{"id":2433,"date":"2024-04-17T20:39:15","date_gmt":"2024-04-17T18:39:15","guid":{"rendered":"https:\/\/semmelweis.hu\/szakkollegium\/?page_id=2433"},"modified":"2025-01-19T19:40:32","modified_gmt":"2025-01-19T18:40:32","slug":"dijazottak","status":"publish","type":"page","link":"https:\/\/semmelweis.hu\/szakkollegium\/xxviii-koranyi-frigyes-tudomanyos-forum-2024\/dijazottak\/","title":{"rendered":"D\u00edjazottak"},"content":{"rendered":"<h5>Aneszteziol\u00f3gia, oxyol\u00f3gia, intenz\u00edv ter\u00e1pia:<\/h5>\n<p>1: Stubnya J\u00e1nos Domonkos, Sz\u00e1sz Hanna D\u00f3ra (Semmelweis Egyetem, \u00c1ltal\u00e1nos Orvostudom\u00e1nyi Kar, V. \u00e9vfolyam)<\/p>\n<p>2: Gyuricsk\u00f3 Istv\u00e1n (Semmelweis Egyetem, \u00c1ltal\u00e1nos Orvostudom\u00e1nyi Kar, IV. \u00e9vfolyam)<\/p>\n<p>3: Vigh Barbara (Debreceni Egyetem, \u00c1ltal\u00e1nos Orvostudom\u00e1nyi Kar, V. \u00e9vfolyam)<\/p>\n<h5>Belgy\u00f3gy\u00e1szat, konzervat\u00edv orvostudom\u00e1nyok:<\/h5>\n<p>1. Bojtor Bence (Semmelweis Egyetem, \u00c1ltal\u00e1nos Orvostudom\u00e1nyi Kar, V. \u00e9vfolyam)<\/p>\n<p>2. Balogh Fruzsina (Semmelweis Egyetem, \u00c1ltal\u00e1nos Orvostudom\u00e1nyi Kar, VI. \u00e9vfolyam)<\/p>\n<p>2. Rajmon Martin (Semmelweis Egyetem, \u00c1ltal\u00e1nos Orvostudom\u00e1nyi Kar, VI. \u00e9vfolyam)<\/p>\n<p>3. M\u00e1k Bernadett, Laczk\u00f3 Vir\u00e1g (Semmelweis Egyetem, \u00c1ltal\u00e1nos Orvostudom\u00e1nyi Kar, V. \u00e9vfolyam \u00e9s III. \u00e9vfolyam)<\/p>\n<p>3. Papp Angelika Lilla (Debreceni Egyetem, \u00c1ltal\u00e1nos Orvostudom\u00e1nyi Kar, V. \u00e9vfolyam)<\/p>\n<h5>Biol\u00f3giai modellek, bioinformatika:<\/h5>\n<p>1: V\u00e1mosi Boldizs\u00e1r (Semmelweis Egyetem, \u00c1ltal\u00e1nos Orvostudom\u00e1nyi Kar, VI. \u00e9vfolyam)<\/p>\n<p>2: Leszk\u00f3 D\u00e1rius (Semmelweis Egyetem, \u00c1ltal\u00e1nos Orvostudom\u00e1nyi Kar, V. \u00e9vfolyam)<\/p>\n<p>2: Kerest\u00e9ly M\u00e1rk (Semmelweis Egyetem, \u00c1ltal\u00e1nos Orvostudom\u00e1nyi Kar, V. \u00e9vfolyam)<\/p>\n<p>3: Gelencs\u00e9r Rebeka (Semmelweis Egyetem, \u00c1ltal\u00e1nos Orvostudom\u00e1nyi Kar, II. \u00e9vfolyam)<\/p>\n<p>3: Weigl-Kov\u00e1cs Vikt\u00f3ria (Semmelweis Egyetem, \u00c1ltal\u00e1nos Orvostudom\u00e1nyi Kar, VI. \u00e9vfolyam)<\/p>\n<h5>Fogorvostudom\u00e1nyok:<\/h5>\n<p>1: K\u00f6penczei Csenge (Semmelweis Egyetem, Fogorvostudom\u00e1nyi Kar, V. \u00e9vfolyam)<\/p>\n<p>2: Losonczi M\u00e1rta, P\u00e1l Laura (Semmelweis Egyetem, Fogorvostudom\u00e1nyi Kar, III. \u00e9vfolyam \u00e9s IV. \u00e9vfolyam)<\/p>\n<p>2: Pakuts \u00c1gnes (Semmelweis Egyetem, Fogorvostudom\u00e1nyi Kar, III. \u00e9vfolyam)<\/p>\n<p>3: Gyekiczki Fanni (Semmelweis Egyetem, Fogorvostudom\u00e1nyi Kar, IV. \u00e9vfolyam)<\/p>\n<p>3: Lesk\u00f3 Eszter R\u00f3zsa (Semmelweis Egyetem, Fogorvostudom\u00e1nyi Kar, IV. \u00e9vfolyam)<\/p>\n<h5>Gyermekgy\u00f3gy\u00e1szat:<\/h5>\n<p>1: Hegyi Barna (Semmelweis Egyetem, \u00c1ltal\u00e1nos Orvostudom\u00e1nyi Kar, IV. \u00e9vfolyam)<\/p>\n<p>2: Csuk Borb\u00e1la, D\u00e9t\u00e1r M\u00e1t\u00e9 (Semmelweis Egyetem, \u00c1ltal\u00e1nos Orvostudom\u00e1nyi Kar, V. \u00e9vfolyam \u00e9s VI. \u00e9vfolyam)<\/p>\n<p>2: Lipcs\u00e1k \u00c1gnes M\u00e1ria (Semmelweis Egyetem, \u00c1ltal\u00e1nos Orvostudom\u00e1nyi Kar, IV. \u00e9vfolyam)<\/p>\n<p>3: Botos P\u00e9ter, Osztermayer Dorka (Semmelweis Egyetem, \u00c1ltal\u00e1nos Orvostudom\u00e1nyi Kar, VI. \u00e9vfolyam)<\/p>\n<p>3: Nagy Lilla (Debreceni Egyetem, \u00c1ltal\u00e1nos Orvostudom\u00e1nyi Kar, VI. \u00e9vfolyam)<\/p>\n<h5>Gy\u00f3gyszerfejleszt\u00e9s:<\/h5>\n<p>1: Bosny\u00e1k Inez (P\u00e9csi Tudom\u00e1nyegyetem, \u00c1ltal\u00e1nos Orvostudom\u00e1nyi Kar, VI. \u00e9vfolyam)<\/p>\n<p>2: Sikur No\u00e9mi Blanka (Semmelweis Egyetem, Gy\u00f3gyszer\u00e9sztudom\u00e1nyi Kar, IV. \u00e9vfolyam)<\/p>\n<p>2: Szappanos Attila (Semmelweis Egyetem, \u00c1ltal\u00e1nos Orvostudom\u00e1nyi Kar, V. \u00e9vfolyam)<\/p>\n<p>3: Hossz\u00fa Zsolt (Debreceni Egyetem, Gy\u00f3gyszer\u00e9sztudom\u00e1nyi Kar, V. \u00e9vfolyam)<\/p>\n<p>3: Ign\u00e1th Zsuzsanna (Semmelweis Egyetem, Gy\u00f3gyszer\u00e9sztudom\u00e1nyi Kar, IV. \u00e9vfolyam)<\/p>\n<h5>Idegtudom\u00e1nyok:<\/h5>\n<p>1: Drahos Botond (Semmelweis Egyetem, \u00c1ltal\u00e1nos Orvostudom\u00e1nyi Kar, III. \u00e9vfolyam)<\/p>\n<p>2: Thaly Anna (Semmelweis Egyetem, Eg\u00e9szs\u00e9gtudom\u00e1nyi Kar, II. \u00e9vfolyam)<\/p>\n<p>2: Zsigmond Anna (Szegedi Tudom\u00e1nyegyetem, Szent-Gy\u00f6rgyi Albert Orvostudom\u00e1nyi Kar, V. \u00e9vfolyam)<\/p>\n<p>3: Sebest\u00e9ny R\u00e9ka (Semmelweis Egyetem, \u00c1ltal\u00e1nos Orvostudom\u00e1nyi Kar, V. \u00e9vfolyam)<\/p>\n<p>3: V\u00e1raljai Christopher (Semmelweis Egyetem, \u00c1ltal\u00e1nos Orvostudom\u00e1nyi Kar, IV. \u00e9vfolyam)<\/p>\n<h5>Kardiol\u00f3gia \u00e9s angiol\u00f3gia \u2013 k\u00e9palkot\u00f3 diagnosztika:<\/h5>\n<p>1: Tardy J\u00falia Magdolna, Laczk\u00f3 Petra (Semmelweis Egyetem, \u00c1ltal\u00e1nos Orvostudom\u00e1nyi Kar, IV. \u00e9vfolyam \u00e9s V. \u00e9vfolyam)<\/p>\n<p>2: Mar\u00e1czi D\u00e1niel, Kolesz\u00e1r Tam\u00e1s (Semmelweis Egyetem, \u00c1ltal\u00e1nos Orvostudom\u00e1nyi Kar, V. \u00e9vfolyam \u00e9s IV. \u00e9vfolyam)<\/p>\n<p>3: Lipt\u00e1k Zolt\u00e1n, Gyul\u00e1nczi Fl\u00f3ra Kl\u00e1ra (Semmelweis Egyetem, \u00c1ltal\u00e1nos Orvostudom\u00e1nyi Kar, V. \u00e9vfolyam)<\/p>\n<p>3: Sz\u00e1vai Luca, Lundegaard Sander (Semmelweis Egyetem, \u00c1ltal\u00e1nos Orvostudom\u00e1nyi Kar, IV. \u00e9vfolyam)<\/p>\n<h5>Kardiol\u00f3gia \u00e9s angiol\u00f3gia \u2013 klinikai \u00e9s transzl\u00e1ci\u00f3s kutat\u00e1sok:<\/h5>\n<p>1: Oberling Hanna (Semmelweis Egyetem, \u00c1ltal\u00e1nos Orvostudom\u00e1nyi Kar, IV. \u00e9vfolyam)<\/p>\n<p>2: Boga M\u00e1rton (Semmelweis Egyetem, \u00c1ltal\u00e1nos Orvostudom\u00e1nyi Kar, VI. \u00e9vfolyam)<\/p>\n<p>2: Menk\u00f3 G\u00e1bor (Debreceni Egyetem, \u00c1ltal\u00e1nos Orvostudom\u00e1nyi Kar, IV. \u00e9vfolyam)<\/p>\n<p>3: Boroncsok D\u00f3ra, Kulcs\u00e1r Panka (Semmelweis Egyetem, \u00c1ltal\u00e1nos Orvostudom\u00e1nyi Kar, IV. \u00e9vfolyam \u00e9s V. \u00e9vfolyam)<\/p>\n<p>3: L\u00e1z\u00e1r Lilla, Kozma Mil\u00e1n (Semmelweis Egyetem, \u00c1ltal\u00e1nos Orvostudom\u00e1nyi Kar, IV. \u00e9vfolyam \u00e9s I. \u00e9vfolyam)<\/p>\n<h5>K\u00eds\u00e9rletes \u00e9s klinikai immunol\u00f3gia:<\/h5>\n<p>1: Magyari Anett (Szegedi Tudom\u00e1nyegyetem, Szent-Gy\u00f6rgyi Albert Orvostudom\u00e1nyi Kar, IV. \u00e9vfolyam)<\/p>\n<p>2: Ambrus Barbara (Szegedi Tudom\u00e1nyegyetem, \u00c1ltal\u00e1nos Orvostudom\u00e1nyi Kar, III. \u00e9vfolyam)<\/p>\n<p>2: Balogh Lili (Semmelweis Egyetem, \u00c1ltal\u00e1nos Orvostudom\u00e1nyi Kar, VI. \u00e9vfolyam)<\/p>\n<p>3: Bar\u00e1th Benjamin Reg\u0151 (Debreceni Egyetem, \u00c1ltal\u00e1nos Orvostudom\u00e1nyi Kar, VI. \u00e9vfolyam)<\/p>\n<p>3: S\u00e1nta Soma (Semmelweis Egyetem, \u00c1ltal\u00e1nos Orvostudom\u00e1nyi Kar, V. \u00e9vfolyam)<\/p>\n<h5>Klinikai \u00e9s molekul\u00e1ris onkol\u00f3gia:<\/h5>\n<p>1: Kisgy\u00f6rgy M\u00e1t\u00e9 (Debreceni Egyetem, \u00c1ltal\u00e1nos Orvostudom\u00e1nyi Kar, IV. \u00e9vfolyam)<\/p>\n<p>2: D\u00e9nes Don\u00e1t Lajos (Semmelweis Egyetem, \u00c1ltal\u00e1nos Orvostudom\u00e1nyi Kar, V. \u00e9vfolyam)<\/p>\n<p>2: Szalai Fatime (Semmelweis Egyetem, \u00c1ltal\u00e1nos Orvostudom\u00e1nyi Kar, VI. \u00e9vfolyam)<\/p>\n<p>3: Hanza Richard (Semmelweis Egyetem, \u00c1ltal\u00e1nos Orvostudom\u00e1nyi Kar, IV. \u00e9vfolyam)<\/p>\n<p>3: Sz\u0151ke P\u00e9ter, Mohammed Alzara Ahmed (Semmelweis Egyetem, \u00c1ltal\u00e1nos Orvostudom\u00e1nyi Kar, VI. \u00e9vfolyam)<\/p>\n<h5>Magatart\u00e1s- \u00e9s viselked\u00e9studom\u00e1nyok, pszichi\u00e1tria:<\/h5>\n<p>1: Papik Fl\u00f3ra, Ny\u00e1ry Dorottya (Semmelweis Egyetem, \u00c1ltal\u00e1nos Orvostudom\u00e1nyi Kar, IV. \u00e9vfolyam \u00e9s III. \u00e9vfolyam)<\/p>\n<p>2: Vizi P\u00e9ter M\u00e1rk (Semmelweis Egyetem, \u00c1ltal\u00e1nos Orvostudom\u00e1nyi Kar, V. \u00e9vfolyam)<\/p>\n<p>3: Buz\u00e1s-Kaizler Andr\u00e1s (Semmelweis Egyetem, \u00c1ltal\u00e1nos Orvostudom\u00e1nyi Kar, II. \u00e9vfolyam)<\/p>\n<p>3: V\u00edg Zsuzsanna Fel\u00edcia (Semmelweis Egyetem, Eg\u00e9szs\u00e9gtudom\u00e1nyi Kar, IV. \u00e9vfolyam)<\/p>\n<h5>Operat\u00edv medicina:<\/h5>\n<p>1: Varga Martin Dori\u00e1n, Hendlein T\u00edmea Helga (Semmelweis Egyetem, \u00c1ltal\u00e1nos Orvostudom\u00e1nyi Kar, V. \u00e9vfolyam)<\/p>\n<p>2: Goschler Levente \u00c1d\u00e1m (Semmelweis Egyetem, \u00c1ltal\u00e1nos Orvostudom\u00e1nyi Kar, IV. \u00e9vfolyam)<\/p>\n<p>2: B\u00e1lint Orsolya (Debreceni Egyetem, \u00c1ltal\u00e1nos Orvostudom\u00e1nyi Kar, VI. \u00e9vfolyam)<\/p>\n<p>3: Horv\u00e1th-Sz\u00e9kely L\u00e1szl\u00f3 (Semmelweis Egyetem, \u00c1ltal\u00e1nos Orvostudom\u00e1nyi Kar, IV. \u00e9vfolyam)<\/p>\n<p>3: N\u00e9meth Luk\u00e1cs Benedek, Kov\u00e1cs Vikt\u00f3ria (Semmelweis Egyetem, \u00c1ltal\u00e1nos Orvostudom\u00e1nyi Kar, III. \u00e9vfolyam \u00e9s IV. \u00e9vfolyam)<\/p>\n<h5>Radiol\u00f3gia:<\/h5>\n<p>1: Di Giovanni M\u00e1rk (Semmelweis Egyetem, \u00c1ltal\u00e1nos Orvostudm\u00e1nyi Kar, VI. \u00e9vfolyam)<\/p>\n<p>2: T\u00f3th Dalma (Semmelweis Egyetem, \u00c1ltal\u00e1nos Orvostudom\u00e1nyi Kar, IV. \u00e9vfolyam)<\/p>\n<p>2: Koz\u00e1k P\u00e9ter (Szegedi Tudom\u00e1nyegyetem, Szent-Gy\u00f6rgyi Albert Orvostudom\u00e1nyi Kar, V. \u00e9vfolyam)<\/p>\n<p>3: Hamilton-Meikle Phyllida Kerstin (Semmelweis Egyetem, \u00c1ltal\u00e1nos Orvostudom\u00e1nyi Kar, V. \u00e9vfolyam)<\/p>\n<p>3: Horv\u00e1th \u00c1kos (Semmelweis Egyetem, \u00c1ltal\u00e1nos Orvostudom\u00e1nyi Kar, V. \u00e9vfolyam)<\/p>\n<h5>Sejtbiol\u00f3gia, sejt\u00e9lettan:<\/h5>\n<p>1: Debreczeni Dorina (Semmelweis Egyetem, \u00c1ltal\u00e1nos Orvostudom\u00e1nyi Kar, III. \u00e9vfolyam)<\/p>\n<p>2: Gere \u00c1ron K\u00e1roly (Debreceni Egyetem, \u00c1ltal\u00e1nos Orvostudom\u00e1nyi Kar, V. \u00e9vfolyam)<\/p>\n<p>2: Pop Alexandra (Semmelweis Egyetem, \u00c1ltal\u00e1nos Orvostudom\u00e1nyi Kar, V. \u00e9vfolyam)<\/p>\n<p>3: Csik\u00f3s Petra Metta, Veres Lili\u00e1na (Semmelweis Egyetem, \u00c1ltal\u00e1nos Orvostudom\u00e1nyi Kar, IV. \u00e9s III. \u00e9vfolyam)<\/p>\n<p>3: Sz\u00e1nt\u00f3 Csongor (Semmelweis Egyetem, \u00c1ltal\u00e1nos Orvostudom\u00e1nyi Kar, II. \u00e9vfolyam)<\/p>\n<h5>Transzl\u00e1ci\u00f3s medicina \u00e9s diagnosztika:<\/h5>\n<p>1: R\u00e9v\u00e9sz Istv\u00e1n (Debreceni Egyetem, \u00c1ltal\u00e1nos Orvostudom\u00e1nyi Kar, II. \u00e9vfolyam)<\/p>\n<p>2: Juh\u00e1sz Bogl\u00e1rka \u00c1gnes (Szegedi Tudom\u00e1nyegyetem, \u00c1ltal\u00e1nos Orvostudom\u00e1nyi Kar, V. \u00e9vfolyam)\u00a0<\/p>\n<p>2: Schubert Anna (Szegedi Tudom\u00e1nyegyetem, \u00c1ltal\u00e1nos Orvostudom\u00e1nyi Kar, V. \u00e9vfolyam)<\/p>\n<p>3: Bir\u00f3 Petra Erzs\u00e9bet (Debreceni Egyetem, \u00c1ltal\u00e1nos Orvostudom\u00e1nyi Kar, IV. \u00e9vfolyam)<\/p>\n<p>3: Fekete B\u00e1lint Endre (Szegedi Tudom\u00e1nyegyetem, \u00c1ltal\u00e1nos Orvostudom\u00e1nyi Kar, III. \u00e9vfolyam)<\/p>\n","protected":false},"excerpt":{"rendered":"<p>Aneszteziol\u00f3gia, oxyol\u00f3gia, intenz\u00edv ter\u00e1pia: 1: Stubnya J\u00e1nos Domonkos, Sz\u00e1sz Hanna D\u00f3ra (Semmelweis Egyetem, \u00c1ltal\u00e1nos Orvostudom\u00e1nyi Kar, V. \u00e9vfolyam) 2: Gyuricsk\u00f3 Istv\u00e1n (Semmelweis Egyetem, \u00c1ltal\u00e1nos Orvostudom\u00e1nyi Kar, IV. \u00e9vfolyam) 3: Vigh Barbara (Debreceni Egyetem, \u00c1ltal\u00e1nos Orvostudom\u00e1nyi Kar, V. \u00e9vfolyam) Belgy\u00f3gy\u00e1szat, konzervat\u00edv orvostudom\u00e1nyok: 1. Bojtor Bence (Semmelweis Egyetem, \u00c1ltal\u00e1nos Orvostudom\u00e1nyi Kar, V. \u00e9vfolyam) 2. Balogh Fruzsina (Semmelweis &hellip;<\/p>\n","protected":false},"author":101894,"featured_media":0,"parent":2312,"menu_order":0,"comment_status":"closed","ping_status":"closed","template":"","meta":{"_acf_changed":false,"footnotes":""},"categories":[],"tags":[],"class_list":["post-2433","page","type-page","status-publish","hentry"],"acf":[],"_links":{"self":[{"href":"https:\/\/semmelweis.hu\/szakkollegium\/wp-json\/wp\/v2\/pages\/2433","targetHints":{"allow":["GET"]}}],"collection":[{"href":"https:\/\/semmelweis.hu\/szakkollegium\/wp-json\/wp\/v2\/pages"}],"about":[{"href":"https:\/\/semmelweis.hu\/szakkollegium\/wp-json\/wp\/v2\/types\/page"}],"author":[{"embeddable":true,"href":"https:\/\/semmelweis.hu\/szakkollegium\/wp-json\/wp\/v2\/users\/101894"}],"replies":[{"embeddable":true,"href":"https:\/\/semmelweis.hu\/szakkollegium\/wp-json\/wp\/v2\/comments?post=2433"}],"version-history":[{"count":2,"href":"https:\/\/semmelweis.hu\/szakkollegium\/wp-json\/wp\/v2\/pages\/2433\/revisions"}],"predecessor-version":[{"id":2542,"href":"https:\/\/semmelweis.hu\/szakkollegium\/wp-json\/wp\/v2\/pages\/2433\/revisions\/2542"}],"up":[{"embeddable":true,"href":"https:\/\/semmelweis.hu\/szakkollegium\/wp-json\/wp\/v2\/pages\/2312"}],"wp:attachment":[{"href":"https:\/\/semmelweis.hu\/szakkollegium\/wp-json\/wp\/v2\/media?parent=2433"}],"wp:term":[{"taxonomy":"category","embeddable":true,"href":"https:\/\/semmelweis.hu\/szakkollegium\/wp-json\/wp\/v2\/categories?post=2433"},{"taxonomy":"post_tag","embeddable":true,"href":"https:\/\/semmelweis.hu\/szakkollegium\/wp-json\/wp\/v2\/tags?post=2433"}],"curies":[{"name":"wp","href":"https:\/\/api.w.org\/{rel}","templated":true}]}}