{"id":2403,"date":"2024-04-07T14:12:49","date_gmt":"2024-04-07T12:12:49","guid":{"rendered":"https:\/\/semmelweis.hu\/szakkollegium\/?page_id=2403"},"modified":"2024-04-07T15:39:34","modified_gmt":"2024-04-07T13:39:34","slug":"george-q-daley-a-harvard-medical-school-dekanjanak-latogatasa-a-harsfa-utcaban","status":"publish","type":"page","link":"https:\/\/semmelweis.hu\/szakkollegium\/magunkrol\/kurzusaink-2\/george-q-daley-a-harvard-medical-school-dekanjanak-latogatasa-a-harsfa-utcaban\/","title":{"rendered":"George Q. Daley, a Harvard Medical School d\u00e9k\u00e1nj\u00e1nak l\u00e1togat\u00e1sa a H\u00e1rsfa utc\u00e1ban"},"content":{"rendered":"<p>Koll\u00e9giumunk abban a kiemelt megtiszteltet\u00e9sben r\u00e9szes\u00fclt, hogy a Harvard Medical School d\u00e9k\u00e1nja, Dr. George Q. Daley tartott nek\u00fcnk el\u0151ad\u00e1st jelenlegi hematol\u00f3giai kutat\u00e1s\u00e1r\u00f3l, amely k\u00f6zel h\u00e1rom \u00e9vtizedes munka eredm\u00e9nye. Az el\u0151ad\u00e1son \u00e9s az azt k\u00f6vet\u0151 besz\u00e9lget\u00e9sen r\u00e9szt vett feles\u00e9ge, Dr. Amy Edmonson is, a Harvard Business School vezet\u00e9si professzora.<\/p>\n<p>Dr. George Q. Daley az \u0151ssejtkutat\u00e1s \u00e9s onkobiol\u00f3gia nemzetk\u00f6zileg elismert, kiemelked\u0151 alakja. Betegell\u00e1t\u00f3 tev\u00e9kenys\u00e9ge sor\u00e1n gyermek hematol\u00f3gia-onkol\u00f3gia szakir\u00e1nyban praktiz\u00e1lt, a vezet\u00e9se alatt val\u00f3sult meg a Pediatric Stem Cell Transplantation Program a Dana-Farber\/ Boston Children&#8217;s Cancer and Blood Disorders Center-ben. 1995 \u00f3ta a Harvard-MIT Division of Health Sciences and Technology munkat\u00e1rsa, 2004-t\u0151l pedig alap\u00edt\u00f3 tagja a Harvard Stem Cell Institute-nak.<\/p>\n<p>A professzor \u00far jelenlegi kutat\u00e1sa sor\u00e1n a pluripotens \u0151ssejtekkel foglalkozik, melyeket felhaszn\u00e1lva potenci\u00e1lisan eg\u00e9szs\u00e9ges v\u00e9rk\u00e9pz\u0151 sejtek hozhat\u00f3k l\u00e9tre. Ez a forradalmi m\u00f3dszer az orvostudom\u00e1ny sz\u00e1mos ter\u00fclet\u00e9n ny\u00fajtana seg\u00edts\u00e9get, t\u00f6bbek k\u00f6z\u00f6tt a rosszindulat\u00fa hematol\u00f3giai betegs\u00e9gek kezel\u00e9s\u00e9ben, tov\u00e1bb\u00e1 azokban az esetekben, amikor ritka v\u00e9rcsoport\u00fa betegeknek lenne sz\u00fcks\u00e9g\u00fck transzf\u00fazi\u00f3ra. A D\u00e9k\u00e1n \u00dar hossz\u00fat\u00e1v\u00fa tervei k\u00f6z\u00f6tt szerepel, hogy a m\u00f3dszert oly effekt\u00edv\u00e9 \u00e9s el\u00e9rhet\u0151v\u00e9 tegy\u00e9k, hogy egy nap \u00e1tvehesse a klasszikus transzf\u00fazi\u00f3k szerep\u00e9t is. A m\u00f3dszer hatalmas el\u0151nye lenne, hogy minden beteg a pontos immunol\u00f3giai profilj\u00e1nak megfelel\u0151 v\u00e9rt kaphatn\u00e1, illetve megoldan\u00e1 az \u00f6nk\u00e9ntes v\u00e9rad\u00f3k relat\u00edv hi\u00e1ny\u00e1t, a sz\u00e1ll\u00edt\u00e1s \u00e9s t\u00e1rol\u00e1s probl\u00e9m\u00e1it.<\/p>\n<p>Ezen a k\u00fcl\u00f6nleges alkalmon minden r\u00e9sztvev\u0151nek lehet\u0151s\u00e9ge volt betekinteni a hematol\u00f3giai kutat\u00e1s legfrisseb v\u00edvm\u00e1nyaiba \u00e9s term\u00e9szetesen a k\u00e9rd\u00e9seinkre is v\u00e1laszt kaphattunk.<\/p>\n<p>K\u00f6sz\u00f6nj\u00fck a lehet\u0151s\u00e9get a D\u00e9k\u00e1n \u00darnak \u00e9s a szervez\u0151knek!<\/p>\n<p><img loading=\"lazy\" decoding=\"async\" class=\"alignleft\" src=\"https:\/\/semmelweis.hu\/szakkollegium\/files\/2024\/04\/hasfa-harvard.jpg\" width=\"401\" height=\"266\" \/><\/p>\n<p><img loading=\"lazy\" decoding=\"async\" class=\"alignleft\" src=\"https:\/\/semmelweis.hu\/szakkollegium\/files\/2024\/04\/harvard-dekan.jpg\" width=\"399\" height=\"264\" \/><img loading=\"lazy\" decoding=\"async\" class=\"alignleft\" src=\"https:\/\/semmelweis.hu\/szakkollegium\/files\/2024\/04\/harsfa.jpg\" width=\"394\" height=\"261\" \/><\/p>\n","protected":false},"excerpt":{"rendered":"<p>Koll\u00e9giumunk abban a kiemelt megtiszteltet\u00e9sben r\u00e9szes\u00fclt, hogy a Harvard Medical School d\u00e9k\u00e1nja, Dr. George Q. Daley tartott nek\u00fcnk el\u0151ad\u00e1st jelenlegi hematol\u00f3giai kutat\u00e1s\u00e1r\u00f3l, amely k\u00f6zel h\u00e1rom \u00e9vtizedes munka eredm\u00e9nye. Az el\u0151ad\u00e1son \u00e9s az azt k\u00f6vet\u0151 besz\u00e9lget\u00e9sen r\u00e9szt vett feles\u00e9ge, Dr. Amy Edmonson is, a Harvard Business School vezet\u00e9si professzora. Dr. George Q. Daley az \u0151ssejtkutat\u00e1s \u00e9s &hellip;<\/p>\n","protected":false},"author":101894,"featured_media":2407,"parent":2046,"menu_order":0,"comment_status":"closed","ping_status":"closed","template":"","meta":{"_acf_changed":false,"footnotes":""},"categories":[1,11],"tags":[],"class_list":["post-2403","page","type-page","status-publish","has-post-thumbnail","hentry","category-hirek","category-news"],"acf":[],"_links":{"self":[{"href":"https:\/\/semmelweis.hu\/szakkollegium\/wp-json\/wp\/v2\/pages\/2403","targetHints":{"allow":["GET"]}}],"collection":[{"href":"https:\/\/semmelweis.hu\/szakkollegium\/wp-json\/wp\/v2\/pages"}],"about":[{"href":"https:\/\/semmelweis.hu\/szakkollegium\/wp-json\/wp\/v2\/types\/page"}],"author":[{"embeddable":true,"href":"https:\/\/semmelweis.hu\/szakkollegium\/wp-json\/wp\/v2\/users\/101894"}],"replies":[{"embeddable":true,"href":"https:\/\/semmelweis.hu\/szakkollegium\/wp-json\/wp\/v2\/comments?post=2403"}],"version-history":[{"count":3,"href":"https:\/\/semmelweis.hu\/szakkollegium\/wp-json\/wp\/v2\/pages\/2403\/revisions"}],"predecessor-version":[{"id":2410,"href":"https:\/\/semmelweis.hu\/szakkollegium\/wp-json\/wp\/v2\/pages\/2403\/revisions\/2410"}],"up":[{"embeddable":true,"href":"https:\/\/semmelweis.hu\/szakkollegium\/wp-json\/wp\/v2\/pages\/2046"}],"wp:featuredmedia":[{"embeddable":true,"href":"https:\/\/semmelweis.hu\/szakkollegium\/wp-json\/wp\/v2\/media\/2407"}],"wp:attachment":[{"href":"https:\/\/semmelweis.hu\/szakkollegium\/wp-json\/wp\/v2\/media?parent=2403"}],"wp:term":[{"taxonomy":"category","embeddable":true,"href":"https:\/\/semmelweis.hu\/szakkollegium\/wp-json\/wp\/v2\/categories?post=2403"},{"taxonomy":"post_tag","embeddable":true,"href":"https:\/\/semmelweis.hu\/szakkollegium\/wp-json\/wp\/v2\/tags?post=2403"}],"curies":[{"name":"wp","href":"https:\/\/api.w.org\/{rel}","templated":true}]}}