{"id":2365,"date":"2024-02-18T23:12:38","date_gmt":"2024-02-18T22:12:38","guid":{"rendered":"https:\/\/semmelweis.hu\/szakkollegium\/?page_id=2365"},"modified":"2024-02-18T23:16:03","modified_gmt":"2024-02-18T22:16:03","slug":"2021-2022-tudomanyos-eredmenyeink","status":"publish","type":"page","link":"https:\/\/semmelweis.hu\/szakkollegium\/magunkrol\/eredmenyeink\/2021-2022-tudomanyos-eredmenyeink\/","title":{"rendered":"2021\/2022 Tudom\u00e1nyos eredm\u00e9nyeink"},"content":{"rendered":"<div class=\"kvgmc6g5 cxmmr5t8 oygrvhab hcukyx3x c1et5uql ii04i59q\">\n<div dir=\"auto\">\n<div class=\"responsive-tabs\">\n<h2 class=\"tabtitle\">TDK Konferencia<\/h2>\n<div class=\"tabcontent\">\n\n<div class=\"kvgmc6g5 cxmmr5t8 oygrvhab hcukyx3x c1et5uql ii04i59q\">\n<div dir=\"auto\"><strong>SE Tudom\u00e1nyos Di\u00e1kk\u00f6ri Konferencia eredm\u00e9nyei:\u00a0<\/strong><\/div>\n<div dir=\"auto\">\u00a0<\/div>\n<\/div>\n<div class=\"cxmmr5t8 oygrvhab hcukyx3x c1et5uql o9v6fnle ii04i59q\">\n<div dir=\"auto\">\n<table style=\"width: 98.4624%\">\n<tbody>\n<tr>\n<td style=\"width: 35.8736%\">\n<p><span style=\"font-weight: 400\">Bottlik Ol\u00edvia<\/span><\/p>\n<\/td>\n<td style=\"width: 12.2975%\">\n<p><span style=\"font-weight: 400\">I. d\u00edj<\/span><\/p>\n<\/td>\n<td style=\"width: 69.7727%\">\n<p><span style=\"font-weight: 400\">Kering\u00e9si Betegs\u00e9gek, kardiol\u00f3gia C<\/span><\/p>\n<\/td>\n<\/tr>\n<tr>\n<td style=\"width: 35.8736%\">\n<p><span style=\"font-weight: 400\">Dob\u00f3 M\u00e1t\u00e9<\/span><\/p>\n<\/td>\n<td style=\"width: 12.2975%\">\n<p><span style=\"font-weight: 400\">I. d\u00edj<\/span><\/p>\n<\/td>\n<td style=\"width: 69.7727%\">\n<p><span style=\"font-weight: 400\">Gy\u00f3gyszer\u00e9sztudom\u00e1nyok A<\/span><\/p>\n<\/td>\n<\/tr>\n<tr>\n<td style=\"width: 35.8736%\">\n<p><span style=\"font-weight: 400\">Guly\u00e1s Lili<\/span><\/p>\n<\/td>\n<td style=\"width: 12.2975%\">\n<p><span style=\"font-weight: 400\">I. d\u00edj<\/span><\/p>\n<\/td>\n<td style=\"width: 69.7727%\">\n<p><span style=\"font-weight: 400\">Clinical Sciences A<\/span><\/p>\n<\/td>\n<\/tr>\n<tr>\n<td style=\"width: 35.8736%\">\n<p><span style=\"font-weight: 400\">Hainzl Tobias (t\u00e1rsszerz\u0151)<\/span><\/p>\n<\/td>\n<td style=\"width: 12.2975%\">\n<p><span style=\"font-weight: 400\">I. d\u00edj<\/span><\/p>\n<\/td>\n<td style=\"width: 69.7727%\">\n<p><span style=\"font-weight: 400\">Anyagcsere, endokrinol\u00f3gia<\/span><\/p>\n<\/td>\n<\/tr>\n<tr>\n<td style=\"width: 35.8736%\">\n<p><span style=\"font-weight: 400\">Kerest\u00e9ly M\u00e1rk<\/span><\/p>\n<\/td>\n<td style=\"width: 12.2975%\">\n<p><span style=\"font-weight: 400\">I. d\u00edj<\/span><\/p>\n<\/td>\n<td style=\"width: 69.7727%\">\n<p><span style=\"font-weight: 400\">Biofizika, Bioinformatika A<\/span><\/p>\n<\/td>\n<\/tr>\n<tr>\n<td style=\"width: 35.8736%\">\n<p><span style=\"font-weight: 400\">Kl\u00e9h Gy\u00f6rk<\/span><\/p>\n<\/td>\n<td style=\"width: 12.2975%\">\n<p><span style=\"font-weight: 400\">I. d\u00edj<\/span><\/p>\n<\/td>\n<td style=\"width: 69.7727%\">\n<p><span style=\"font-weight: 400\">Fogorvostudom\u00e1nyok C<\/span><\/p>\n<\/td>\n<\/tr>\n<tr>\n<td style=\"width: 35.8736%\">\n<p><span style=\"font-weight: 400\">Kollarics R\u00e9ka<\/span><\/p>\n<\/td>\n<td style=\"width: 12.2975%\">\n<p><span style=\"font-weight: 400\">I. d\u00edj<\/span><\/p>\n<\/td>\n<td style=\"width: 69.7727%\">\n<p><span style=\"font-weight: 400\">Anyagcsere, endokrinol\u00f3gia<\/span><\/p>\n<\/td>\n<\/tr>\n<tr>\n<td style=\"width: 35.8736%\">\n<p><span style=\"font-weight: 400\">Sebest\u00e9ny R\u00e9ka Zs\u00f3fia<\/span><\/p>\n<\/td>\n<td style=\"width: 12.2975%\">\n<p><span style=\"font-weight: 400\">I. d\u00edj<\/span><\/p>\n<\/td>\n<td style=\"width: 69.7727%\">\n<p><span style=\"font-weight: 400\">Idegtudom\u00e1nyok B<\/span><\/p>\n<\/td>\n<\/tr>\n<tr>\n<td style=\"width: 35.8736%\">\n<p><span style=\"font-weight: 400\">Szegedi \u00c1kos<\/span><\/p>\n<\/td>\n<td style=\"width: 12.2975%\">\n<p><span style=\"font-weight: 400\">I. d\u00edj<\/span><\/p>\n<\/td>\n<td style=\"width: 69.7727%\">\n<p><span style=\"font-weight: 400\">Hematol\u00f3gia<\/span><\/p>\n<\/td>\n<\/tr>\n<tr>\n<td style=\"width: 35.8736%\">\n<p><span style=\"font-weight: 400\">Veress Fanni (t\u00e1rsszerz\u0151)<\/span><\/p>\n<\/td>\n<td style=\"width: 12.2975%\">\n<p><span style=\"font-weight: 400\">I. d\u00edj<\/span><\/p>\n<\/td>\n<td style=\"width: 69.7727%\">\n<p><span style=\"font-weight: 400\">Fogorvostudom\u00e1nyok B<\/span><\/p>\n<\/td>\n<\/tr>\n<tr>\n<td style=\"width: 35.8736%\">\n<p><span style=\"font-weight: 400\">Dabasi-Hal\u00e1sz Zsigmond<\/span><\/p>\n<\/td>\n<td style=\"width: 12.2975%\">\n<p><span style=\"font-weight: 400\">II. d\u00edj<\/span><\/p>\n<\/td>\n<td style=\"width: 69.7727%\">\n<p><span style=\"font-weight: 400\">N\u00e9peg\u00e9szs\u00e9gtan C<\/span><\/p>\n<\/td>\n<\/tr>\n<tr>\n<td style=\"width: 35.8736%\">\n<p><span style=\"font-weight: 400\">Di Giovanni M\u00e1rk<\/span><\/p>\n<\/td>\n<td style=\"width: 12.2975%\">\n<p><span style=\"font-weight: 400\">II. d\u00edj<\/span><\/p>\n<\/td>\n<td style=\"width: 69.7727%\">\n<p><span style=\"font-weight: 400\">Radiol\u00f3gia, Orvosi k\u00e9palkot\u00e1s A<\/span><\/p>\n<\/td>\n<\/tr>\n<tr>\n<td style=\"width: 35.8736%\">\n<p><span style=\"font-weight: 400\">Nagy Krist\u00f3f (t\u00e1rsszerz\u0151)<\/span><\/p>\n<\/td>\n<td style=\"width: 12.2975%\">\n<p><span style=\"font-weight: 400\">II. d\u00edj<\/span><\/p>\n<\/td>\n<td style=\"width: 69.7727%\">\n<p><span style=\"font-weight: 400\">Pulmonol\u00f3gia<\/span><\/p>\n<\/td>\n<\/tr>\n<tr>\n<td style=\"width: 35.8736%\">\n<p><span style=\"font-weight: 400\">Tusn\u00e1dy Simon<\/span><\/p>\n<\/td>\n<td style=\"width: 12.2975%\">\n<p><span style=\"font-weight: 400\">II. d\u00edj<\/span><\/p>\n<\/td>\n<td style=\"width: 69.7727%\">\n<p><span style=\"font-weight: 400\">K\u00eds\u00e9rletes \u00e9s Klinikai immunol\u00f3gia<\/span><\/p>\n<\/td>\n<\/tr>\n<tr>\n<td style=\"width: 35.8736%\">\n<p><span style=\"font-weight: 400\">Weigl-Kov\u00e1cs Vikt\u00f3ria<\/span><\/p>\n<\/td>\n<td style=\"width: 12.2975%\">\n<p><span style=\"font-weight: 400\">II. d\u00edj<\/span><\/p>\n<\/td>\n<td style=\"width: 69.7727%\">\n<p><span style=\"font-weight: 400\">Biofizika, Bioinformatika B<\/span><\/p>\n<\/td>\n<\/tr>\n<tr>\n<td style=\"width: 35.8736%\">\n<p><span style=\"font-weight: 400\">Berente Dalida Borb\u00e1la<\/span><\/p>\n<\/td>\n<td style=\"width: 12.2975%\">\n<p><span style=\"font-weight: 400\">III. d\u00edj<\/span><\/p>\n<\/td>\n<td style=\"width: 69.7727%\">\n<p><span style=\"font-weight: 400\">Idegtudom\u00e1nyok B<\/span><\/p>\n<\/td>\n<\/tr>\n<tr>\n<td style=\"width: 35.8736%\">\n<p><span style=\"font-weight: 400\">Lehoczki Csaba<\/span><\/p>\n<\/td>\n<td style=\"width: 12.2975%\">\n<p><span style=\"font-weight: 400\">III. d\u00edj<\/span><\/p>\n<\/td>\n<td style=\"width: 69.7727%\">\n<p><span style=\"font-weight: 400\">Operat\u00edv C<\/span><\/p>\n<\/td>\n<\/tr>\n<tr>\n<td style=\"width: 35.8736%\">\n<p><span style=\"font-weight: 400\">T\u00f3h\u00e1ti Rebeka Gy\u00f6ngyv\u00e9r<\/span><\/p>\n<\/td>\n<td style=\"width: 12.2975%\">\n<p><span style=\"font-weight: 400\">III. d\u00edj<\/span><\/p>\n<\/td>\n<td style=\"width: 69.7727%\">\n<p><span style=\"font-weight: 400\">Gasztroenterol\u00f3gia<\/span><\/p>\n<\/td>\n<\/tr>\n<tr>\n<td style=\"width: 35.8736%\">\n<p><span style=\"font-weight: 400\">Bogn\u00e1r Judit<\/span><\/p>\n<\/td>\n<td style=\"width: 12.2975%\">\n<p><span style=\"font-weight: 400\">r\u00e9szv\u00e9tel<\/span><\/p>\n<\/td>\n<td style=\"width: 69.7727%\">\n<p><span style=\"font-weight: 400\">Magatart\u00e1studom\u00e1ny, pszichi\u00e1tria, pszichol\u00f3gia<\/span><\/p>\n<\/td>\n<\/tr>\n<tr>\n<td style=\"width: 35.8736%\">\n<p><span style=\"font-weight: 400\">De\u00e1k L\u00e9na<\/span><\/p>\n<\/td>\n<td style=\"width: 12.2975%\">\n<p><span style=\"font-weight: 400\">r\u00e9szv\u00e9tel<\/span><\/p>\n<\/td>\n<td style=\"width: 69.7727%\">\n<p><span style=\"font-weight: 400\">Gy\u00f3gyszer\u00e9sztudom\u00e1nyok B<\/span><\/p>\n<\/td>\n<\/tr>\n<tr>\n<td style=\"width: 35.8736%\">\n<p><span style=\"font-weight: 400\">Falus M\u00e1rton<\/span><\/p>\n<\/td>\n<td style=\"width: 12.2975%\">\n<p><span style=\"font-weight: 400\">r\u00e9szv\u00e9tel<\/span><\/p>\n<\/td>\n<td style=\"width: 69.7727%\">\n<p><span style=\"font-weight: 400\">N\u00e9peg\u00e9szs\u00e9gtan A<\/span><\/p>\n<\/td>\n<\/tr>\n<tr>\n<td style=\"width: 35.8736%\">\n<p><span style=\"font-weight: 400\">Kotmayer Lili<\/span><\/p>\n<\/td>\n<td style=\"width: 12.2975%\">\n<p><span style=\"font-weight: 400\">r\u00e9szv\u00e9tel<\/span><\/p>\n<\/td>\n<td style=\"width: 69.7727%\">\n<p><span style=\"font-weight: 400\">Hematol\u00f3gia<\/span><\/p>\n<\/td>\n<\/tr>\n<tr>\n<td style=\"width: 35.8736%\">\n<p><span style=\"font-weight: 400\">Kov\u00e1cs Andr\u00e1s L\u00e1szl\u00f3<\/span><\/p>\n<\/td>\n<td style=\"width: 12.2975%\">\n<p><span style=\"font-weight: 400\">r\u00e9szv\u00e9tel<\/span><\/p>\n<\/td>\n<td style=\"width: 69.7727%\">\n<p><span style=\"font-weight: 400\">Gyermekgy\u00f3gy\u00e1szat B<\/span><\/p>\n<\/td>\n<\/tr>\n<tr>\n<td style=\"width: 35.8736%\">\n<p><span style=\"font-weight: 400\">Kov\u00e1cs Krist\u00f3f<\/span><\/p>\n<\/td>\n<td style=\"width: 12.2975%\">\n<p><span style=\"font-weight: 400\">r\u00e9szv\u00e9tel<\/span><\/p>\n<\/td>\n<td style=\"width: 69.7727%\">\n<p><span style=\"font-weight: 400\">Genetika, Molekul\u00e1ris biol\u00f3gia<\/span><\/p>\n<\/td>\n<\/tr>\n<tr>\n<td style=\"width: 35.8736%\">\n<p><span style=\"font-weight: 400\">Nagy Krist\u00f3f<\/span><\/p>\n<\/td>\n<td style=\"width: 12.2975%\">\n<p><span style=\"font-weight: 400\">r\u00e9szv\u00e9tel<\/span><\/p>\n<\/td>\n<td style=\"width: 69.7727%\">\n<p><span style=\"font-weight: 400\">Radiol\u00f3gia, orvosi k\u00e9palkot\u00e1s B<\/span><\/p>\n<\/td>\n<\/tr>\n<tr>\n<td style=\"width: 35.8736%\">\n<p><span style=\"font-weight: 400\">Pierson-Bartel R\u00f3bert<\/span><\/p>\n<\/td>\n<td style=\"width: 12.2975%\">\n<p><span style=\"font-weight: 400\">r\u00e9szv\u00e9tel<\/span><\/p>\n<\/td>\n<td style=\"width: 69.7727%\">\n<p><span style=\"font-weight: 400\">Magatart\u00e1studom\u00e1ny, pszichi\u00e1tria, pszichol\u00f3gia<\/span><\/p>\n<\/td>\n<\/tr>\n<tr>\n<td style=\"width: 35.8736%\">\n<p><span style=\"font-weight: 400\">Vass Luca<\/span><\/p>\n<\/td>\n<td style=\"width: 12.2975%\">\n<p><span style=\"font-weight: 400\">r\u00e9szv\u00e9tel<\/span><\/p>\n<\/td>\n<td style=\"width: 69.7727%\">\n<p><span style=\"font-weight: 400\">Magatart\u00e1studom\u00e1ny, pszichi\u00e1tria, pszichol\u00f3gia<\/span><\/p>\n<\/td>\n<\/tr>\n<\/tbody>\n<\/table>\n<\/div>\n<\/div>\n<div style=\"text-align: left\" align=\"center\">\u00a0<\/div>\n\n<\/div><h2 class=\"tabtitle\">Rektori p\u00e1lyamunka<\/h2>\n<div class=\"tabcontent\">\n\n<div class=\"cxmmr5t8 oygrvhab hcukyx3x c1et5uql o9v6fnle ii04i59q\">\n<div dir=\"auto\"><strong>A rektori p\u00e1lyamunk\u00e1\u00e9rt d\u00edjazottak:<\/p>\n<p><\/strong><\/div>\n<\/div>\n<div class=\"cxmmr5t8 oygrvhab hcukyx3x c1et5uql o9v6fnle ii04i59q\">\n<div dir=\"auto\">\n<table style=\"width: 98.6394%;height: 601px\">\n<tbody>\n<tr>\n<td style=\"width: 27.4829%\">\n<p><span style=\"font-weight: 400\">Bottlik Ol\u00edvia<\/span><\/p>\n<\/td>\n<td style=\"width: 10.204%\">\n<p><span style=\"font-weight: 400\">I. d\u00edj<\/span><\/p>\n<\/td>\n<td style=\"width: 62.313%\">\n<p><span style=\"font-weight: 400\">Rendszeres fizikai terhel\u00e9s sor\u00e1n kialakul\u00f3 jobb kamr\u00e1t \u00e9rint\u0151 v\u00e1ltoz\u00e1sok vizsg\u00e1lata patk\u00e1nymodellen<\/span><\/p>\n<\/td>\n<\/tr>\n<tr>\n<td style=\"width: 27.4829%\">\n<p><span style=\"font-weight: 400\">Dob\u00f3 M\u00e1t\u00e9<\/span><\/p>\n<\/td>\n<td style=\"width: 10.204%\">\n<p><span style=\"font-weight: 400\">I. d\u00edj<\/span><\/p>\n<\/td>\n<td style=\"width: 62.313%\">\n<p><span style=\"font-weight: 400\">Oxazolidin anal\u00f3gok kir\u00e1lis elv\u00e1laszt\u00e1sa nagyhat\u00e9konys\u00e1g\u00fa folyad\u00e9kkromatogr\u00e1fi\u00e1val poliszacharid alap\u00fa \u00e1ll\u00f3f\u00e1zisokon pol\u00e1r organikus m\u00f3dban<\/span><\/p>\n<\/td>\n<\/tr>\n<tr>\n<td style=\"width: 27.4829%\">\n<p><span style=\"font-weight: 400\">Kollarics R\u00e9ka<\/span><\/p>\n<\/td>\n<td style=\"width: 10.204%\">\n<p><span style=\"font-weight: 400\">I. d\u00edj<\/span><\/p>\n<\/td>\n<td style=\"width: 62.313%\">\n<p><span style=\"font-weight: 400\">Az oxidat\u00edv \u00e9s nitrozat\u00edv folyamatok szerepe a kardivaszkul\u00e1ris rendszer \u00e9lettani \u00e9s patol\u00f3gi\u00e1s \u00e1llapotaiban<\/span><\/p>\n<\/td>\n<\/tr>\n<tr>\n<td style=\"width: 27.4829%\">\n<p><span style=\"font-weight: 400\">Weigl-Kov\u00e1cs Vikt\u00f3ria<\/span><\/p>\n<\/td>\n<td style=\"width: 10.204%\">\n<p><span style=\"font-weight: 400\">II. d\u00edj<\/span><\/p>\n<\/td>\n<td style=\"width: 62.313%\">\n<p><span style=\"font-weight: 400\">H\u00e1l\u00f3zatvizualiz\u00e1ci\u00f3 hierarchikus megk\u00f6zel\u00edt\u00e9s\u0171 relat\u00edv eutr\u00f3pia optimaliz\u00e1ci\u00f3val<\/span><\/p>\n<\/td>\n<\/tr>\n<tr>\n<td style=\"width: 27.4829%\">\n<p><span style=\"font-weight: 400\">Clapp Em\u00edlia Avril<\/span><\/p>\n<\/td>\n<td style=\"width: 10.204%\">\n<p><span style=\"font-weight: 400\">III. d\u00edj<\/span><\/p>\n<\/td>\n<td style=\"width: 62.313%\">\n<p><span style=\"font-weight: 400\">Surgical management of primary rhegmatogenous retinal detachment<\/span><\/p>\n<\/td>\n<\/tr>\n<tr>\n<td style=\"width: 27.4829%\">\n<p><span style=\"font-weight: 400\">Bern\u00e1th Dominika<\/span><\/p>\n<\/td>\n<td style=\"width: 10.204%\">\n<p><span style=\"font-weight: 400\">dics\u00e9ret<\/span><\/p>\n<\/td>\n<td style=\"width: 62.313%\">\n<p><span style=\"font-weight: 400\">Mikro-RNS mint potenci\u00e1lis \u00faj biomarker a kardi\u00e1lis allograft rejekci\u00f3 monitoroz\u00e1s\u00e1ban<\/span><\/p>\n<\/td>\n<\/tr>\n<tr>\n<td style=\"width: 27.4829%\">\n<p><span style=\"font-weight: 400\">Bogn\u00e1r Judit<\/span><\/p>\n<\/td>\n<td style=\"width: 10.204%\">\n<p><span style=\"font-weight: 400\">dics\u00e9ret<\/span><\/p>\n<\/td>\n<td style=\"width: 62.313%\">\n<p><span style=\"font-weight: 400\">A ment\u00e1lis eg\u00e9szs\u00e9g \u00e9s a fizikai aktivit\u00e1s kapcsolata a Covid-19 vil\u00e1gj\u00e1rv\u00e1ny alatt<\/span><\/p>\n<\/td>\n<\/tr>\n<tr>\n<td style=\"width: 27.4829%\">\n<p><span style=\"font-weight: 400\">Nagy Krist\u00f3f<\/span><\/p>\n<\/td>\n<td style=\"width: 10.204%\">\n<p><span style=\"font-weight: 400\">dics\u00e9ret<\/span><\/p>\n<\/td>\n<td style=\"width: 62.313%\">\n<p><span style=\"font-weight: 400\">Sex differences in coronary artery disease<\/span><\/p>\n<\/td>\n<\/tr>\n<\/tbody>\n<\/table>\n<\/div>\n<\/div>\n<p>&nbsp;<\/p>\n<p>&nbsp;<\/p>\n<p><strong>A Semmelweis Egyetem kiv\u00e1l\u00f3 di\u00e1kk\u00f6r\u00f6sei:\u00a0<\/strong><\/p>\n<div style=\"text-align: left\" align=\"center\">\n<table style=\"border-collapse: collapse;width: 100%\">\n<tbody>\n<tr>\n<td style=\"width: 100%\">Dr. B\u00e1tai Bence<\/td>\n<\/tr>\n<tr>\n<td style=\"width: 100%\">Dr. Farkas Ferenc Bal\u00e1zs<\/td>\n<\/tr>\n<tr>\n<td style=\"width: 100%\">Dr. Ny\u00edr\u0151 Judit<\/td>\n<\/tr>\n<tr>\n<td style=\"width: 100%\">Dr. Stark Kl\u00e1ra Al\u00edz<\/td>\n<\/tr>\n<\/tbody>\n<\/table>\n<\/div>\n\n<\/div><h2 class=\"tabtitle\">D\u00edjak<\/h2>\n<div class=\"tabcontent\">\n\n<p><strong>A 2021. \u00e9vben els\u00f5szerz\u00f5s publik\u00e1ci\u00f3 megjelen\u00e9s\u00e9\u00e9rt d\u00edjazottak:\u00a0<\/strong><\/p>\n<p><strong> Berente Dalida Borb\u00e1la<\/strong><\/p>\n<p>Dr. Horv\u00e1th Andr\u00e1s Attila \u00e9s Prof. Dr. Kamondi Anita (Orsz\u00e1gos Ment\u00e1lis, Ideggy\u00f3gy\u00e1szati \u00e9s Idegseb\u00e9szeti Int\u00e9zet) di\u00e1kk\u00f6r\u00f6se<br \/>\nBerente DB, Kamondi A, Horvath AA. The assessment of visuospatial skills and verbal fluency in the diagnosis of Alzheimer\u2019s disease. Front Aging Neurosci. Provisionally accepted. IF: 5,750<\/p>\n<p>\n<strong>Dr. Farkas Ferenc Bal\u00e1zs<\/strong><br \/>\nProf. Dr. Szab\u00f3 D\u00f3ra (Orvosi Mikrobiol\u00f3giai Int\u00e9zet) di\u00e1kk\u00f6r\u00f6se Stercz B*, Farkas FB*, T\u00f3th \u00c1, Gajd\u00e1cs M, Domokos J, Horv\u00e1th V, Ostorh\u00e1zi E, Makra N, Kocsi B, Juh\u00e1sz J, Ligeti B, Pongor S, Szab\u00f3 D. The influence of antibiotics on transitory resistome during gut colonization with CTX-M-15 and OXA-162 producing Klebsiella pneumoniae ST15 Sci Rep. 2021 Mar 18; 11(1):6335. doi: 10.1038\/s41598-021-85766-6. IF: 4,379<br \/>\n*: megosztott els\u00f5szerz\u00f5s\u00e9g<\/p>\n<\/div><\/div>\n<p>&nbsp;<\/p>\n<p>&nbsp;<\/p>\n<\/div>\n<\/div>\n<\/div><\/div>\n","protected":false},"excerpt":{"rendered":"<p>SE Tudom\u00e1nyos Di\u00e1kk\u00f6ri Konferencia eredm\u00e9nyei:\u00a0 \u00a0 Bottlik Ol\u00edvia I. d\u00edj Kering\u00e9si Betegs\u00e9gek, kardiol\u00f3gia C Dob\u00f3 M\u00e1t\u00e9 I. d\u00edj Gy\u00f3gyszer\u00e9sztudom\u00e1nyok A Guly\u00e1s Lili I. d\u00edj Clinical Sciences A Hainzl Tobias (t\u00e1rsszerz\u0151) I. d\u00edj Anyagcsere, endokrinol\u00f3gia Kerest\u00e9ly M\u00e1rk I. d\u00edj Biofizika, Bioinformatika A Kl\u00e9h Gy\u00f6rk I. d\u00edj Fogorvostudom\u00e1nyok C Kollarics R\u00e9ka I. d\u00edj Anyagcsere, endokrinol\u00f3gia Sebest\u00e9ny R\u00e9ka &hellip;<\/p>\n","protected":false},"author":101894,"featured_media":0,"parent":2363,"menu_order":0,"comment_status":"closed","ping_status":"closed","template":"","meta":{"_acf_changed":false,"footnotes":""},"categories":[],"tags":[],"class_list":["post-2365","page","type-page","status-publish","hentry"],"acf":[],"_links":{"self":[{"href":"https:\/\/semmelweis.hu\/szakkollegium\/wp-json\/wp\/v2\/pages\/2365","targetHints":{"allow":["GET"]}}],"collection":[{"href":"https:\/\/semmelweis.hu\/szakkollegium\/wp-json\/wp\/v2\/pages"}],"about":[{"href":"https:\/\/semmelweis.hu\/szakkollegium\/wp-json\/wp\/v2\/types\/page"}],"author":[{"embeddable":true,"href":"https:\/\/semmelweis.hu\/szakkollegium\/wp-json\/wp\/v2\/users\/101894"}],"replies":[{"embeddable":true,"href":"https:\/\/semmelweis.hu\/szakkollegium\/wp-json\/wp\/v2\/comments?post=2365"}],"version-history":[{"count":1,"href":"https:\/\/semmelweis.hu\/szakkollegium\/wp-json\/wp\/v2\/pages\/2365\/revisions"}],"predecessor-version":[{"id":2366,"href":"https:\/\/semmelweis.hu\/szakkollegium\/wp-json\/wp\/v2\/pages\/2365\/revisions\/2366"}],"up":[{"embeddable":true,"href":"https:\/\/semmelweis.hu\/szakkollegium\/wp-json\/wp\/v2\/pages\/2363"}],"wp:attachment":[{"href":"https:\/\/semmelweis.hu\/szakkollegium\/wp-json\/wp\/v2\/media?parent=2365"}],"wp:term":[{"taxonomy":"category","embeddable":true,"href":"https:\/\/semmelweis.hu\/szakkollegium\/wp-json\/wp\/v2\/categories?post=2365"},{"taxonomy":"post_tag","embeddable":true,"href":"https:\/\/semmelweis.hu\/szakkollegium\/wp-json\/wp\/v2\/tags?post=2365"}],"curies":[{"name":"wp","href":"https:\/\/api.w.org\/{rel}","templated":true}]}}