{"id":2363,"date":"2024-02-18T23:12:52","date_gmt":"2024-02-18T22:12:52","guid":{"rendered":"https:\/\/semmelweis.hu\/szakkollegium\/?page_id=2363"},"modified":"2026-02-20T20:31:22","modified_gmt":"2026-02-20T19:31:22","slug":"eredmenyeink","status":"publish","type":"page","link":"https:\/\/semmelweis.hu\/szakkollegium\/magunkrol\/eredmenyeink\/","title":{"rendered":"Eredm\u00e9nyeink"},"content":{"rendered":"<p><a href=\"https:\/\/semmelweis.hu\/szakkollegium\/magunkrol\/eredmenyeink\/2025-26-tudomanyos-eredmenyeink\/\">2025\/2026 Tudom\u00e1nyos Di\u00e1kk\u00f6ri Konferencia, Rektori p\u00e1lyamunka<\/a><\/p>\n<p><a href=\"https:\/\/semmelweis.hu\/szakkollegium\/magunkrol\/eredmenyeink\/2024-2025-tudomanyos-eredmenyeink\/\">2024\/2025 Tudom\u00e1nyos Di\u00e1kk\u00f6ri Konferencia, Rektori p\u00e1lyamunka, d\u00edjak<\/a><\/p>\n<p><a href=\"https:\/\/semmelweis.hu\/szakkollegium\/magunkrol\/eredmenyeink\/2023-2024\/\">2023\/2024 Tudom\u00e1nyos Di\u00e1kk\u00f6ri Konferencia, Rektori p\u00e1lyamunka, d\u00edjak<\/a><\/p>\n<p><a href=\"https:\/\/semmelweis.hu\/szakkollegium\/magunkrol\/eredmenyeink\/2021-2022-tudomanyos-eredmenyeink\/\">2021\/2022 Tudom\u00e1nyos Di\u00e1kk\u00f6ri Konferencia, Rektori p\u00e1lyamunka, d\u00edjak<\/a><\/p>\n","protected":false},"excerpt":{"rendered":"<p><a href=\"https:\/\/semmelweis.hu\/szakkollegium\/magunkrol\/eredmenyeink\/2025-26-tudomanyos-eredmenyeink\/\">2025\/2026 Tudom\u00e1nyos Di\u00e1kk\u00f6ri Konferencia, Rektori p\u00e1lyamunka<\/a><br \/>\n<a href=\"https:\/\/semmelweis.hu\/szakkollegium\/magunkrol\/eredmenyeink\/2024-2025-tudomanyos-eredmenyeink\/\">2024\/2025 Tudom\u00e1nyos Di\u00e1kk\u00f6ri Konferencia, Rektori p\u00e1lyamunka, d\u00edjak<\/a><br \/>\n<a href=\"https:\/\/semmelweis.hu\/szakkollegium\/magunkrol\/eredmenyeink\/2023-2024\/\">2023\/2024 Tudom\u00e1nyos Di\u00e1kk\u00f6ri Konferencia, Rektori p\u00e1lyamunka, d\u00edjak<\/a><br \/>\n<a href=\"https:\/\/semmelweis.hu\/szakkollegium\/magunkrol\/eredmenyeink\/2021-2022-tudomanyos-eredmenyeink\/\">2021\/2022 Tudom\u00e1nyos Di\u00e1kk\u00f6ri Konferencia, Rektori p\u00e1lyamunka, d\u00edjak<\/a><\/p>\n","protected":false},"author":101894,"featured_media":0,"parent":1546,"menu_order":0,"comment_status":"closed","ping_status":"closed","template":"","meta":{"_acf_changed":false,"footnotes":""},"categories":[],"tags":[],"class_list":["post-2363","page","type-page","status-publish","hentry"],"acf":[],"_links":{"self":[{"href":"https:\/\/semmelweis.hu\/szakkollegium\/wp-json\/wp\/v2\/pages\/2363","targetHints":{"allow":["GET"]}}],"collection":[{"href":"https:\/\/semmelweis.hu\/szakkollegium\/wp-json\/wp\/v2\/pages"}],"about":[{"href":"https:\/\/semmelweis.hu\/szakkollegium\/wp-json\/wp\/v2\/types\/page"}],"author":[{"embeddable":true,"href":"https:\/\/semmelweis.hu\/szakkollegium\/wp-json\/wp\/v2\/users\/101894"}],"replies":[{"embeddable":true,"href":"https:\/\/semmelweis.hu\/szakkollegium\/wp-json\/wp\/v2\/comments?post=2363"}],"version-history":[{"count":7,"href":"https:\/\/semmelweis.hu\/szakkollegium\/wp-json\/wp\/v2\/pages\/2363\/revisions"}],"predecessor-version":[{"id":2684,"href":"https:\/\/semmelweis.hu\/szakkollegium\/wp-json\/wp\/v2\/pages\/2363\/revisions\/2684"}],"up":[{"embeddable":true,"href":"https:\/\/semmelweis.hu\/szakkollegium\/wp-json\/wp\/v2\/pages\/1546"}],"wp:attachment":[{"href":"https:\/\/semmelweis.hu\/szakkollegium\/wp-json\/wp\/v2\/media?parent=2363"}],"wp:term":[{"taxonomy":"category","embeddable":true,"href":"https:\/\/semmelweis.hu\/szakkollegium\/wp-json\/wp\/v2\/categories?post=2363"},{"taxonomy":"post_tag","embeddable":true,"href":"https:\/\/semmelweis.hu\/szakkollegium\/wp-json\/wp\/v2\/tags?post=2363"}],"curies":[{"name":"wp","href":"https:\/\/api.w.org\/{rel}","templated":true}]}}