{"id":230,"date":"2016-02-10T00:00:00","date_gmt":"2016-02-09T23:00:00","guid":{"rendered":"http:\/\/semmelweis.hu\/harsfa\/felvetelizoknek\/"},"modified":"2026-01-12T21:25:38","modified_gmt":"2026-01-12T20:25:38","slug":"felvetelizoknek","status":"publish","type":"page","link":"https:\/\/semmelweis.hu\/szakkollegium\/felvetelizoknek\/","title":{"rendered":"Felv\u00e9teliz\u0151knek"},"content":{"rendered":"<p><span style=\"font-weight: 400\">Kedves Felv\u00e9teliz\u0151!<\/span><\/p>\n<p><span style=\"font-weight: 400\">Amennyiben egy inspir\u00e1l\u00f3, t\u00e1mogat\u00f3 k\u00f6z\u00f6ss\u00e9get keresel, ahol teret kap a kreativit\u00e1sod \u00e9s a tehets\u00e9ged, ismerkedj meg a Kor\u00e1nyi Frigyes Szakkoll\u00e9giummal! A H\u00e1rsfa utcai koll\u00e9gium imm\u00e1r 40 \u00e9ve az egyetem tehets\u00e9ggondoz\u00e1s\u00e1nak egyik meghat\u00e1roz\u00f3 helysz\u00edne: \u00e1tgondolt k\u00e9pz\u00e9si rendszerrel, szem\u00e9lyre szabott mentorprogrammal \u00e9s egy igaz\u00e1n \u00f6sszetart\u00f3 k\u00f6z\u00f6ss\u00e9ggel seg\u00edtj\u00fck a hallgat\u00f3kat a kibontakoz\u00e1sban.<\/span><\/p>\n<p><span style=\"font-weight: 400\">A szakkoll\u00e9gium k\u00f6z\u00f6ss\u00e9g\u00e9be bentlak\u00f3 \u00e9s k\u00fcls\u0151s tags\u00e1gra is egyar\u00e1nt v\u00e1runk jelentkez\u0151ket \u2013 \u00f6r\u00f6mmel l\u00e1tunk, b\u00e1rmelyik form\u00e1t is v\u00e1lasztod.<\/span><\/p>\n<p><span style=\"font-weight: 400\">Ha felkeltett\u00fck az \u00e9rdekl\u0151d\u00e9sedet, ne \u00e1llj meg itt! Felv\u00e9telit minden szemeszter elej\u00e9n hirdet\u00fcnk. Ha sz\u00edvesen lenn\u00e9l egy csal\u00e1dias, motiv\u00e1l\u00f3 csapat r\u00e9sze, jelentkezz b\u00e1tran \u2013 v\u00e1runk a H\u00e1rsf\u00e1ban!<\/span><\/p>\n<p><span style=\"font-weight: 400\">A jelentkez\u00e9shez a k\u00f6vetkez\u0151k teljes\u00edt\u00e9s\u00e9re lesz sz\u00fcks\u00e9ged:<\/span><\/p>\n<p><span style=\"font-weight: 400\">A jelentkez\u0151:<\/span><\/p>\n<ul>\n<li style=\"font-weight: 400\"><span style=\"font-weight: 400\">az \u00c1ltal\u00e1nos Orvostudom\u00e1nyi-, a Fogorvostudom\u00e1nyi- vagy a Gy\u00f3gyszer\u00e9sztudom\u00e1nyi kar hallgat\u00f3ja a Semmelweis Egyetemen;<\/span><\/li>\n<li style=\"font-weight: 400\"><span style=\"font-weight: 400\">legal\u00e1bb 4,0 a tanulm\u00e1nyi \u00e1tlaga a jelentkez\u00e9s f\u00e9l\u00e9v\u00e9ben, amely \u00e1tlag a nem kreditekkel s\u00falyozott sz\u00e1mtani \u00e1tlag, ami az \u00f6sszes k\u00f6telez\u0151 \u00e9s egy k\u00f6telez\u0151en- vagy szabadon v\u00e1laszthat\u00f3 tant\u00e1rgy \u00e9rdemjegyeib\u0151l sz\u00e1m\u00edt\u00f3dik (az egyetemre \u00fajonnan felvettekre ez nem vonatkozik);<\/span><\/li>\n<li style=\"font-weight: 400\"><span style=\"font-weight: 400\">ha m\u00e1r legal\u00e1bb harmad\u00e9ves, tudom\u00e1nyos di\u00e1kk\u00f6ri (TDK) munk\u00e1t folytat;<\/span><\/li>\n<li style=\"font-weight: 400\"><span style=\"font-weight: 400\">rendelkezik egy idegen nyelvb\u0151l komplex, legal\u00e1bb k\u00f6z\u00e9pfok\u00fa nyelvvizsg\u00e1val, vagy ezzel megegyez\u0151 szint\u0171 nyelvtud\u00e1st igazol\u00f3 dokumentummal<\/span><\/li>\n<li style=\"font-weight: 400\"><span style=\"font-weight: 400\">csatolja a felv\u00e9teli hirdetm\u00e9nyben tal\u00e1lhat\u00f3 dokumentumokat.<\/span><\/li>\n<\/ul>\n<p><span style=\"font-weight: 400\">Ha b\u00e1rmi k\u00e9rd\u00e9s mer\u00fclne fel benned a koll\u00e9giummal vagy a jelentkez\u00e9ssel kapcsolatban, keress fel minket b\u00e1tran a <\/span><span style=\"font-weight: 400\">habil.harsfa@gmail.com<\/span><span style=\"font-weight: 400\"> e-mail c\u00edmen!<\/span><\/p>\n<p><span style=\"font-weight: 400\">Rem\u00e9lj\u00fck, hogy tal\u00e1lkozunk Veled!<\/span><\/p>\n<p style=\"text-align: center\"><span style=\"color: #0000ff\"><strong><a href=\"https:\/\/semmelweis.hu\/szakkollegium\/felvetelizoknek\/felveteli-2025-2026-ii-szemeszter\/\">Jelentkez\u00e9s<\/a><\/strong><\/span><\/p>\n<p>&nbsp;<\/p>\n","protected":false},"excerpt":{"rendered":"<p>Kedves Felv\u00e9teliz\u0151! Amennyiben egy inspir\u00e1l\u00f3, t\u00e1mogat\u00f3 k\u00f6z\u00f6ss\u00e9get keresel, ahol teret kap a kreativit\u00e1sod \u00e9s a tehets\u00e9ged, ismerkedj meg a Kor\u00e1nyi Frigyes Szakkoll\u00e9giummal! A H\u00e1rsfa utcai koll\u00e9gium imm\u00e1r 40 \u00e9ve az egyetem tehets\u00e9ggondoz\u00e1s\u00e1nak egyik meghat\u00e1roz\u00f3 helysz\u00edne: \u00e1tgondolt k\u00e9pz\u00e9si rendszerrel, szem\u00e9lyre szabott mentorprogrammal \u00e9s egy igaz\u00e1n \u00f6sszetart\u00f3 k\u00f6z\u00f6ss\u00e9ggel seg\u00edtj\u00fck a hallgat\u00f3kat a kibontakoz\u00e1sban. A szakkoll\u00e9gium k\u00f6z\u00f6ss\u00e9g\u00e9be bentlak\u00f3 &hellip;<\/p>\n","protected":false},"author":158,"featured_media":0,"parent":0,"menu_order":2,"comment_status":"closed","ping_status":"closed","template":"","meta":{"_acf_changed":false,"footnotes":""},"categories":[],"tags":[],"class_list":["post-230","page","type-page","status-publish","hentry"],"acf":[],"_links":{"self":[{"href":"https:\/\/semmelweis.hu\/szakkollegium\/wp-json\/wp\/v2\/pages\/230","targetHints":{"allow":["GET"]}}],"collection":[{"href":"https:\/\/semmelweis.hu\/szakkollegium\/wp-json\/wp\/v2\/pages"}],"about":[{"href":"https:\/\/semmelweis.hu\/szakkollegium\/wp-json\/wp\/v2\/types\/page"}],"author":[{"embeddable":true,"href":"https:\/\/semmelweis.hu\/szakkollegium\/wp-json\/wp\/v2\/users\/158"}],"replies":[{"embeddable":true,"href":"https:\/\/semmelweis.hu\/szakkollegium\/wp-json\/wp\/v2\/comments?post=230"}],"version-history":[{"count":14,"href":"https:\/\/semmelweis.hu\/szakkollegium\/wp-json\/wp\/v2\/pages\/230\/revisions"}],"predecessor-version":[{"id":2655,"href":"https:\/\/semmelweis.hu\/szakkollegium\/wp-json\/wp\/v2\/pages\/230\/revisions\/2655"}],"wp:attachment":[{"href":"https:\/\/semmelweis.hu\/szakkollegium\/wp-json\/wp\/v2\/media?parent=230"}],"wp:term":[{"taxonomy":"category","embeddable":true,"href":"https:\/\/semmelweis.hu\/szakkollegium\/wp-json\/wp\/v2\/categories?post=230"},{"taxonomy":"post_tag","embeddable":true,"href":"https:\/\/semmelweis.hu\/szakkollegium\/wp-json\/wp\/v2\/tags?post=230"}],"curies":[{"name":"wp","href":"https:\/\/api.w.org\/{rel}","templated":true}]}}