{"id":2210,"date":"2022-12-14T16:50:20","date_gmt":"2022-12-14T15:50:20","guid":{"rendered":"https:\/\/semmelweis.hu\/szakkollegium\/?page_id=2210"},"modified":"2024-02-07T11:41:13","modified_gmt":"2024-02-07T10:41:13","slug":"xxvii-kftf","status":"publish","type":"page","link":"https:\/\/semmelweis.hu\/szakkollegium\/xxvii-kftf\/","title":{"rendered":"XXVII. Kor\u00e1nyi Frigyes Tudom\u00e1nyos F\u00f3rum (2023)"},"content":{"rendered":"<ul>\n<li><a href=\"https:\/\/forms.gle\/1Qf6hFWqvWmBmVAT9\" target=\"_blank\" rel=\"noopener noreferrer\">Jelentkez\u00e9si \u0171rlap<\/a>\/ <a href=\"https:\/\/forms.gle\/H9Wo1JwN5kyh9t1GA\">Registration form<\/a><\/li>\n<li><a href=\"https:\/\/forms.gle\/FDrsfvjxj113FDK47\">Jelentkez\u00e9si \u0171rlap &#8211; Fogorvostudom\u00e1nyok<\/a><\/li>\n<li><a href=\"https:\/\/semmelweis.hu\/szakkollegium\/files\/2023\/01\/XXVII.-Koranyi-Frigyes-Tudomanyos-Forum_meghosszabbitott.pdf\">R\u00e9szletes felh\u00edv\u00e1s<\/a>\/ <a href=\"https:\/\/semmelweis.hu\/szakkollegium\/files\/2023\/02\/XXVII.-Koranyi-Frigyes-Scientific-Forum-english-13.pdf\">Details<\/a><\/li>\n<li><a href=\"https:\/\/semmelweis.hu\/szakkollegium\/files\/2023\/03\/2023KFTFprogram.pdf\">R\u00e9szletes program<\/a><\/li>\n<li><a href=\"https:\/\/semmelweis.hu\/szakkollegium\/files\/2023\/03\/XXVII.-Koranyi-Frigyes-Tudomanyos-Forum-absztraktfuzet.pdf\">Absztraktf\u00fczet<\/a><\/li>\n<li><a href=\"https:\/\/semmelweis.hu\/szakkollegium\/files\/2023\/03\/KFTF27_dijjazottak-1.pdf\">D\u00edjazottak List\u00e1ja<\/a><\/li>\n<\/ul>\n<hr \/>\n<ul>\n<li><a href=\"https:\/\/semmelweis.hu\/szakkollegium\/files\/2023\/01\/UNKP_kiegeszites.pdf\">Kieg\u00e9sz\u00edt\u00e9s UNKP \u00f6szt\u00f6nd\u00edjasok sz\u00e1m\u00e1ra<\/a><\/li>\n<\/ul>\n<p>\n<img loading=\"lazy\" decoding=\"async\" class=\"alignnone wp-image-2235 \" src=\"https:\/\/semmelweis.hu\/szakkollegium\/files\/2023\/01\/kftf_olivia_meghossz-283x400.jpg\" alt=\"\" width=\"935\" height=\"1321\" srcset=\"https:\/\/semmelweis.hu\/szakkollegium\/files\/2023\/01\/kftf_olivia_meghossz-283x400.jpg 283w, https:\/\/semmelweis.hu\/szakkollegium\/files\/2023\/01\/kftf_olivia_meghossz-724x1024.jpg 724w, https:\/\/semmelweis.hu\/szakkollegium\/files\/2023\/01\/kftf_olivia_meghossz-768x1086.jpg 768w, https:\/\/semmelweis.hu\/szakkollegium\/files\/2023\/01\/kftf_olivia_meghossz-1086x1536.jpg 1086w, https:\/\/semmelweis.hu\/szakkollegium\/files\/2023\/01\/kftf_olivia_meghossz-1448x2048.jpg 1448w, https:\/\/semmelweis.hu\/szakkollegium\/files\/2023\/01\/kftf_olivia_meghossz-753x1065.jpg 753w, https:\/\/semmelweis.hu\/szakkollegium\/files\/2023\/01\/kftf_olivia_meghossz-scaled.jpg 1810w\" sizes=\"auto, (max-width: 935px) 100vw, 935px\" \/><\/p>\n<p>&nbsp;<\/p>\n","protected":false},"excerpt":{"rendered":"<p><a href=\"https:\/\/forms.gle\/1Qf6hFWqvWmBmVAT9\" target=\"_blank\" rel=\"noopener noreferrer\">Jelentkez\u00e9si \u0171rlap<\/a>\/ <a href=\"https:\/\/forms.gle\/H9Wo1JwN5kyh9t1GA\">Registration form<\/a><br \/>\n<a href=\"https:\/\/forms.gle\/FDrsfvjxj113FDK47\">Jelentkez\u00e9si \u0171rlap &#8211; Fogorvostudom\u00e1nyok<\/a><br \/>\n<a href=\"https:\/\/semmelweis.hu\/szakkollegium\/files\/2023\/01\/XXVII.-Koranyi-Frigyes-Tudomanyos-Forum_meghosszabbitott.pdf\">R\u00e9szletes felh\u00edv\u00e1s<\/a>\/ <a href=\"https:\/\/semmelweis.hu\/szakkollegium\/files\/2023\/02\/XXVII.-Koranyi-Frigyes-Scientific-Forum-english-13.pdf\">Details<\/a><br \/>\n<a href=\"https:\/\/semmelweis.hu\/szakkollegium\/files\/2023\/03\/2023KFTFprogram.pdf\">R\u00e9szletes program<\/a><br \/>\n<a href=\"https:\/\/semmelweis.hu\/szakkollegium\/files\/2023\/03\/XXVII.-Koranyi-Frigyes-Tudomanyos-Forum-absztraktfuzet.pdf\">Absztraktf\u00fczet<\/a><br \/>\n<a href=\"https:\/\/semmelweis.hu\/szakkollegium\/files\/2023\/03\/KFTF27_dijjazottak-1.pdf\">D\u00edjazottak List\u00e1ja<\/a><\/p>\n<p><a href=\"https:\/\/semmelweis.hu\/szakkollegium\/files\/2023\/01\/UNKP_kiegeszites.pdf\">Kieg\u00e9sz\u00edt\u00e9s UNKP \u00f6szt\u00f6nd\u00edjasok sz\u00e1m\u00e1ra<\/a><\/p>\n<p>&nbsp;<\/p>\n","protected":false},"author":101894,"featured_media":0,"parent":0,"menu_order":0,"comment_status":"closed","ping_status":"closed","template":"","meta":{"_acf_changed":false,"footnotes":""},"categories":[1],"tags":[],"class_list":["post-2210","page","type-page","status-publish","hentry","category-hirek"],"acf":[],"_links":{"self":[{"href":"https:\/\/semmelweis.hu\/szakkollegium\/wp-json\/wp\/v2\/pages\/2210","targetHints":{"allow":["GET"]}}],"collection":[{"href":"https:\/\/semmelweis.hu\/szakkollegium\/wp-json\/wp\/v2\/pages"}],"about":[{"href":"https:\/\/semmelweis.hu\/szakkollegium\/wp-json\/wp\/v2\/types\/page"}],"author":[{"embeddable":true,"href":"https:\/\/semmelweis.hu\/szakkollegium\/wp-json\/wp\/v2\/users\/101894"}],"replies":[{"embeddable":true,"href":"https:\/\/semmelweis.hu\/szakkollegium\/wp-json\/wp\/v2\/comments?post=2210"}],"version-history":[{"count":10,"href":"https:\/\/semmelweis.hu\/szakkollegium\/wp-json\/wp\/v2\/pages\/2210\/revisions"}],"predecessor-version":[{"id":2242,"href":"https:\/\/semmelweis.hu\/szakkollegium\/wp-json\/wp\/v2\/pages\/2210\/revisions\/2242"}],"wp:attachment":[{"href":"https:\/\/semmelweis.hu\/szakkollegium\/wp-json\/wp\/v2\/media?parent=2210"}],"wp:term":[{"taxonomy":"category","embeddable":true,"href":"https:\/\/semmelweis.hu\/szakkollegium\/wp-json\/wp\/v2\/categories?post=2210"},{"taxonomy":"post_tag","embeddable":true,"href":"https:\/\/semmelweis.hu\/szakkollegium\/wp-json\/wp\/v2\/tags?post=2210"}],"curies":[{"name":"wp","href":"https:\/\/api.w.org\/{rel}","templated":true}]}}