{"id":2164,"date":"2022-04-23T20:09:27","date_gmt":"2022-04-23T18:09:27","guid":{"rendered":"https:\/\/semmelweis.hu\/szakkollegium\/?page_id=2164"},"modified":"2022-04-24T19:25:56","modified_gmt":"2022-04-24T17:25:56","slug":"2020-2021-i-szemeszter","status":"publish","type":"page","link":"https:\/\/semmelweis.hu\/szakkollegium\/magunkrol\/kurzusaink-2\/2020-2021-i-szemeszter\/","title":{"rendered":"2020\/2021 I. szemeszter"},"content":{"rendered":"<p><strong>1. \u00e9vfolyam: \u00c9p l\u00e9lek kurzus<\/strong><br \/>\nA pszichol\u00f3gia \u00e9s pszichi\u00e1tria fontos, azonban esetenk\u00e9nt kev\u00e9ss\u00e9 ismert ter\u00fcleteinek bemutat\u00e1sa.<\/p>\n<p><strong>2. \u00e9vfolyam: Orvosi antropol\u00f3gia kurzus<br \/>\n<\/strong>Az antropol\u00f3gi\u00e1nak, avagy az emberrel foglalkoz\u00f3 t\u00e1rsadalomtudom\u00e1nynak a kultur\u00e1lis, fizikai \u00e9s az orvosi aspektusaiba ny\u00fajt betekint\u00e9st.<\/p>\n<p><strong>3. \u00e9vfolyam: Sport kurzus<\/strong><br \/>\nBetekint\u00e9s az \u00e9lsport vil\u00e1g\u00e1ba egy sportol\u00f3 szemsz\u00f6g\u00e9b\u0151l, a sportt\u00e1pl\u00e1lkoz\u00e1s oldal\u00e1r\u00f3l \u00e9s egy sz\u00f6vets\u00e9gi kapit\u00e1ny n\u00e9z\u0151pontj\u00e1b\u00f3l.<\/p>\n<p><strong>4. \u00e9vfolyam: Toxikol\u00f3gia kurzus<\/strong><br \/>\nA k\u00f6telez\u0151 farmakol\u00f3gia oktat\u00e1s mellett a gy\u00f3gyszerek okozta m\u00e9rgez\u00e9sek megismer\u00e9se a klinikummal egy\u00fctt t\u00f6rt\u00e9n\u0151 komplex l\u00e1t\u00e1sm\u00f3d elsaj\u00e1t\u00edt\u00e1s\u00e1ra.<\/p>\n<p><strong>5.-6. \u00e9vfolyam: Gyermekgy\u00f3gy\u00e1szat kurzus<\/strong><br \/>\nA kurzus c\u00e9lja a gyermekgy\u00f3gy\u00e1szatban, illetve a hat\u00e1rter\u00fcleteiben elismert szakemberek munk\u00e1j\u00e1nak bemutat\u00e1sa esetismertet\u00e9sek keret\u00e9ben, kit\u00e9rve az el\u0151ad\u00f3k p\u00e1lyav\u00e1laszt\u00e1s\u00e1nak k\u00f6r\u00fclm\u00e9nyeire, szem\u00e9lyes vonzalmukra a szakter\u00fclet\u00fck ir\u00e1nt.<\/p>\n","protected":false},"excerpt":{"rendered":"<p>1. \u00e9vfolyam: \u00c9p l\u00e9lek kurzus A pszichol\u00f3gia \u00e9s pszichi\u00e1tria fontos, azonban esetenk\u00e9nt kev\u00e9ss\u00e9 ismert ter\u00fcleteinek bemutat\u00e1sa. 2. \u00e9vfolyam: Orvosi antropol\u00f3gia kurzus Az antropol\u00f3gi\u00e1nak, avagy az emberrel foglalkoz\u00f3 t\u00e1rsadalomtudom\u00e1nynak a kultur\u00e1lis, fizikai \u00e9s az orvosi aspektusaiba ny\u00fajt betekint\u00e9st. 3. \u00e9vfolyam: Sport kurzus Betekint\u00e9s az \u00e9lsport vil\u00e1g\u00e1ba egy sportol\u00f3 szemsz\u00f6g\u00e9b\u0151l, a sportt\u00e1pl\u00e1lkoz\u00e1s oldal\u00e1r\u00f3l \u00e9s egy sz\u00f6vets\u00e9gi kapit\u00e1ny &hellip;<\/p>\n","protected":false},"author":101894,"featured_media":0,"parent":2046,"menu_order":0,"comment_status":"closed","ping_status":"closed","template":"","meta":{"_acf_changed":false,"footnotes":""},"categories":[],"tags":[],"class_list":["post-2164","page","type-page","status-publish","hentry"],"acf":[],"_links":{"self":[{"href":"https:\/\/semmelweis.hu\/szakkollegium\/wp-json\/wp\/v2\/pages\/2164","targetHints":{"allow":["GET"]}}],"collection":[{"href":"https:\/\/semmelweis.hu\/szakkollegium\/wp-json\/wp\/v2\/pages"}],"about":[{"href":"https:\/\/semmelweis.hu\/szakkollegium\/wp-json\/wp\/v2\/types\/page"}],"author":[{"embeddable":true,"href":"https:\/\/semmelweis.hu\/szakkollegium\/wp-json\/wp\/v2\/users\/101894"}],"replies":[{"embeddable":true,"href":"https:\/\/semmelweis.hu\/szakkollegium\/wp-json\/wp\/v2\/comments?post=2164"}],"version-history":[{"count":2,"href":"https:\/\/semmelweis.hu\/szakkollegium\/wp-json\/wp\/v2\/pages\/2164\/revisions"}],"predecessor-version":[{"id":2169,"href":"https:\/\/semmelweis.hu\/szakkollegium\/wp-json\/wp\/v2\/pages\/2164\/revisions\/2169"}],"up":[{"embeddable":true,"href":"https:\/\/semmelweis.hu\/szakkollegium\/wp-json\/wp\/v2\/pages\/2046"}],"wp:attachment":[{"href":"https:\/\/semmelweis.hu\/szakkollegium\/wp-json\/wp\/v2\/media?parent=2164"}],"wp:term":[{"taxonomy":"category","embeddable":true,"href":"https:\/\/semmelweis.hu\/szakkollegium\/wp-json\/wp\/v2\/categories?post=2164"},{"taxonomy":"post_tag","embeddable":true,"href":"https:\/\/semmelweis.hu\/szakkollegium\/wp-json\/wp\/v2\/tags?post=2164"}],"curies":[{"name":"wp","href":"https:\/\/api.w.org\/{rel}","templated":true}]}}