{"id":2160,"date":"2022-04-23T20:03:56","date_gmt":"2022-04-23T18:03:56","guid":{"rendered":"https:\/\/semmelweis.hu\/szakkollegium\/?page_id=2160"},"modified":"2022-04-23T20:03:56","modified_gmt":"2022-04-23T18:03:56","slug":"2020-2021-ii-szemeszter","status":"publish","type":"page","link":"https:\/\/semmelweis.hu\/szakkollegium\/magunkrol\/kurzusaink-2\/2020-2021-ii-szemeszter\/","title":{"rendered":"2020\/2021 II. szemeszter"},"content":{"rendered":"<p style=\"text-align: left\"><strong>1. \u00e9vfolyam: Els\u0151 l\u00e9p\u00e9sek<\/strong><br \/>\nC\u00e9lja a stresszkezel\u00e9s \u00e9s a tudom\u00e1nyos kommunik\u00e1ci\u00f3 alapelveinek megismer\u00e9se, egy\u00e9ni k\u00e9szs\u00e9gek fejleszt\u00e9se.<br \/>\n<em>El\u0151ad\u00e1sok:<\/em><\/p>\n<ul style=\"text-align: left\">\n<li><strong>Nagy-Kutasi Andrea<\/strong>: Prezent\u00e1ci\u00f3s technik\u00e1k<\/li>\n<li><strong>Dr. Salavecz Gy\u00f6ngyv\u00e9r<\/strong>: Stresszkezel\u00e9s<\/li>\n<li><strong>Dr. Veszelszki \u00c1gnes<\/strong>: Tudom\u00e1nykommunik\u00e1ci\u00f3<\/li>\n<\/ul>\n<p style=\"text-align: left\"><strong>2. \u00e9vfolyam: TDK-kurzus<\/strong><br \/>\nAlap-, illetve klinikai kutat\u00f3helyek bemutat\u00e1sa, ezzel is seg\u00edtve a TDK t\u00e9m\u00e1k kiv\u00e1laszt\u00e1s\u00e1t.<br \/>\n<em>Kurzusalkalmak:<\/em><\/p>\n<ul style=\"text-align: left\">\n<li>\u00c9lettan laborl\u00e1togat\u00e1s<\/li>\n<li>Pulmonol\u00f3gia laborl\u00e1togat\u00e1s<\/li>\n<li>II. TDK workshop<\/li>\n<\/ul>\n<p style=\"text-align: left\"><strong>3. \u00e9vfolyam: Elfogad\u00f3bb eg\u00e9szs\u00e9g\u00fcgy \u00e9s t\u00e1rsadalom<\/strong><br \/>\nA kurzus keret\u00e9ben szellemileg \u00e9s fizik\u00e1lisan s\u00e9r\u00fclt gyermekek \u00e9s feln\u0151ttek ell\u00e1t\u00e1s\u00e1r\u00f3l lesz sz\u00f3, valamint arr\u00f3l, hogy eg\u00e9szs\u00e9g\u00fcgyi dolgoz\u00f3k\u00e9nt hogyan tudunk ahhoz hozz\u00e1j\u00e1rulni, hogy sz\u00e1mukra egy elfogad\u00f3bb t\u00e1rsadalmat alak\u00edtsunk ki.<br \/>\n<em>El\u0151ad\u00e1sok:<\/em><\/p>\n<ul style=\"text-align: left\">\n<li><strong>Dr. F\u00f6ldesi Ren\u00e1ta<\/strong>: Kondukt\u00edv pedag\u00f3gia<\/li>\n<li><strong>Kisari K\u00e1roly<\/strong>, a Rejtett Kincsek Down Egyes\u00fclet eln\u00f6ke<\/li>\n<li><strong style=\"font-size: 1rem\">Dr. Stefanik Krisztina<\/strong><span style=\"font-size: 1rem\">: Autizmus \u00e9s autista gyermekekkel, feln\u0151ttekkel val\u00f3 b\u00e1n\u00e1s<\/span><\/li>\n<\/ul>\n<p style=\"text-align: left\"><strong>4. \u00e9v: Orvosl\u00e1s hat\u00e1rok n\u00e9lk\u00fcl<\/strong><br \/>\nA kurzus az orvosl\u00e1s olyan ter\u00fcleteit mutatja be, amelyek t\u00e1volabb \u00e1llnak a hagyom\u00e1nyos, k\u00f3rh\u00e1zban vagy rendel\u0151ben v\u00e9gzend\u0151 tev\u00e9kenys\u00e9gekt\u0151l.<br \/>\n<em>El\u0151ad\u00e1sok:<\/em><\/p>\n<ul style=\"text-align: left\">\n<li><strong>Dr. V\u00e1rhelyi Levente<\/strong>, orvos ezredes: \u00c9let katonaorvosk\u00e9nt<\/li>\n<li><strong>Dr. Sergi Vaquer<\/strong> (ESA): Aerospace medicine<\/li>\n<li><strong>Orvosok Hat\u00e1rok N\u00e9lk\u00fcl szervezet\u00a0<\/strong><\/li>\n<\/ul>\n<p style=\"text-align: left\"><strong>5.-6. \u00e9v: S\u00fcrg\u0151ss\u00e9gi k\u00f3rk\u00e9pek<\/strong><br \/>\nEsettanulm\u00e1nyokra \u00e9p\u00fcl\u0151 el\u0151ad\u00e1sok, melyek sor\u00e1n betekint\u00e9st nyerhet\u00fcnk a kardiol\u00f3gia, az infektol\u00f3gia, valamint a pulmonol\u00f3gia s\u00fcrg\u0151ss\u00e9gi k\u00f3rk\u00e9pekbe.<br \/>\n<em>El\u0151ad\u00e1sok:<\/em><\/p>\n<ul>\n<li style=\"text-align: left\"><strong>Dr. Szab\u00f3 B\u00e1lint<\/strong>: Infektol\u00f3gia<\/li>\n<li style=\"text-align: left\"><strong>Dr. Zima Endre<\/strong>: Kardiol\u00f3gia<\/li>\n<li style=\"text-align: left\"><strong>Dr. Lorx Andr\u00e1s<\/strong>, aneszteziol\u00f3gus: Pulmonol\u00f3giai s\u00fcrg\u0151ss\u00e9gi k\u00f3rk\u00e9pek, COVID-19 intenz\u00edv ell\u00e1t\u00e1sa<\/li>\n<\/ul>\n","protected":false},"excerpt":{"rendered":"<p>1. \u00e9vfolyam: Els\u0151 l\u00e9p\u00e9sek C\u00e9lja a stresszkezel\u00e9s \u00e9s a tudom\u00e1nyos kommunik\u00e1ci\u00f3 alapelveinek megismer\u00e9se, egy\u00e9ni k\u00e9szs\u00e9gek fejleszt\u00e9se. El\u0151ad\u00e1sok: Nagy-Kutasi Andrea: Prezent\u00e1ci\u00f3s technik\u00e1k Dr. Salavecz Gy\u00f6ngyv\u00e9r: Stresszkezel\u00e9s Dr. Veszelszki \u00c1gnes: Tudom\u00e1nykommunik\u00e1ci\u00f3 2. \u00e9vfolyam: TDK-kurzus Alap-, illetve klinikai kutat\u00f3helyek bemutat\u00e1sa, ezzel is seg\u00edtve a TDK t\u00e9m\u00e1k kiv\u00e1laszt\u00e1s\u00e1t. Kurzusalkalmak: \u00c9lettan laborl\u00e1togat\u00e1s Pulmonol\u00f3gia laborl\u00e1togat\u00e1s II. TDK workshop 3. \u00e9vfolyam: Elfogad\u00f3bb &hellip;<\/p>\n","protected":false},"author":101894,"featured_media":0,"parent":2046,"menu_order":0,"comment_status":"closed","ping_status":"closed","template":"","meta":{"_acf_changed":false,"footnotes":""},"categories":[],"tags":[],"class_list":["post-2160","page","type-page","status-publish","hentry"],"acf":[],"_links":{"self":[{"href":"https:\/\/semmelweis.hu\/szakkollegium\/wp-json\/wp\/v2\/pages\/2160","targetHints":{"allow":["GET"]}}],"collection":[{"href":"https:\/\/semmelweis.hu\/szakkollegium\/wp-json\/wp\/v2\/pages"}],"about":[{"href":"https:\/\/semmelweis.hu\/szakkollegium\/wp-json\/wp\/v2\/types\/page"}],"author":[{"embeddable":true,"href":"https:\/\/semmelweis.hu\/szakkollegium\/wp-json\/wp\/v2\/users\/101894"}],"replies":[{"embeddable":true,"href":"https:\/\/semmelweis.hu\/szakkollegium\/wp-json\/wp\/v2\/comments?post=2160"}],"version-history":[{"count":3,"href":"https:\/\/semmelweis.hu\/szakkollegium\/wp-json\/wp\/v2\/pages\/2160\/revisions"}],"predecessor-version":[{"id":2163,"href":"https:\/\/semmelweis.hu\/szakkollegium\/wp-json\/wp\/v2\/pages\/2160\/revisions\/2163"}],"up":[{"embeddable":true,"href":"https:\/\/semmelweis.hu\/szakkollegium\/wp-json\/wp\/v2\/pages\/2046"}],"wp:attachment":[{"href":"https:\/\/semmelweis.hu\/szakkollegium\/wp-json\/wp\/v2\/media?parent=2160"}],"wp:term":[{"taxonomy":"category","embeddable":true,"href":"https:\/\/semmelweis.hu\/szakkollegium\/wp-json\/wp\/v2\/categories?post=2160"},{"taxonomy":"post_tag","embeddable":true,"href":"https:\/\/semmelweis.hu\/szakkollegium\/wp-json\/wp\/v2\/tags?post=2160"}],"curies":[{"name":"wp","href":"https:\/\/api.w.org\/{rel}","templated":true}]}}