{"id":2130,"date":"2022-04-23T19:52:30","date_gmt":"2022-04-23T17:52:30","guid":{"rendered":"https:\/\/semmelweis.hu\/szakkollegium\/?page_id=2130"},"modified":"2022-04-23T19:54:18","modified_gmt":"2022-04-23T17:54:18","slug":"2021-2022-i-szemeszter","status":"publish","type":"page","link":"https:\/\/semmelweis.hu\/szakkollegium\/magunkrol\/kurzusaink-2\/2021-2022-i-szemeszter\/","title":{"rendered":"2021\/2022 I. szemeszter"},"content":{"rendered":"<p style=\"text-align: left\"><strong>M\u00e9dia \u00e9s orvosl\u00e1s<\/strong><br \/>\nA kurzus keret\u00e9ben olyan orvosokat (vagy m\u00e1s szakembereket) h\u00edvtunk meg el\u0151adni, akik rendszeresen akt\u00edvan jelen vannak valamilyen m\u00e9diafel\u00fcleten (k\u00f6z\u00f6ss\u00e9gi m\u00e9di\u00e1ban, t\u00e9v\u00e9ben, nyomtatott sajt\u00f3ban, internetes port\u00e1lokon) \u00e9s hat\u00e9konyan haszn\u00e1lj\u00e1k a nyilv\u00e1noss\u00e1g adta lehet\u0151s\u00e9geket ak\u00e1r tudom\u00e1nykommunik\u00e1ci\u00f3, ak\u00e1r marketing szempontj\u00e1b\u00f3l.<br \/>\n<em>El\u0151ad\u00e1sok:<\/em><br \/>\n<img loading=\"lazy\" decoding=\"async\" class=\"wp-image-2134 size-medium alignleft\" style=\"font-size: 1rem\" src=\"https:\/\/semmelweis.hu\/szakkollegium\/files\/2022\/04\/IMG_1454-400x267.jpg\" alt=\"\" width=\"400\" height=\"267\" srcset=\"https:\/\/semmelweis.hu\/szakkollegium\/files\/2022\/04\/IMG_1454-400x267.jpg 400w, https:\/\/semmelweis.hu\/szakkollegium\/files\/2022\/04\/IMG_1454-1024x683.jpg 1024w, https:\/\/semmelweis.hu\/szakkollegium\/files\/2022\/04\/IMG_1454-768x512.jpg 768w, https:\/\/semmelweis.hu\/szakkollegium\/files\/2022\/04\/IMG_1454-1536x1024.jpg 1536w, https:\/\/semmelweis.hu\/szakkollegium\/files\/2022\/04\/IMG_1454-2048x1365.jpg 2048w, https:\/\/semmelweis.hu\/szakkollegium\/files\/2022\/04\/IMG_1454-753x502.jpg 753w, https:\/\/semmelweis.hu\/szakkollegium\/files\/2022\/04\/IMG_1454-203x135.jpg 203w\" sizes=\"auto, (max-width: 400px) 100vw, 400px\" \/>\u2022 <strong>Dr. K\u0151nig R\u00f3bert<\/strong> gyermekseb\u00e9sz adjunktus, gyermek-traumatol\u00f3gus, ment\u0151tiszt<br \/>\n\u2022 <strong>Dr. D\u00e9k\u00e1ny \u00c1gnes<\/strong> sz\u00fcl\u00e9sz-n\u0151gy\u00f3gy\u00e1sz, a Sz\u00fclni j\u00f3! lap tulajdonosa<br \/>\n\u2022 <strong>Dr. L\u0151rincz M. \u00c1kos<\/strong> immunol\u00f3gus kutat\u00f3 \u00e9s belgy\u00f3gy\u00e1sz, a Koronames\u00e9k szerkeszt\u0151je<\/p>\n<p><strong>Kutat\u00e1sm\u00f3dszertan<\/strong><\/p>\n<p style=\"text-align: left\"><img loading=\"lazy\" decoding=\"async\" class=\"wp-image-2133 size-medium alignright\" style=\"font-size: 1rem\" src=\"https:\/\/semmelweis.hu\/szakkollegium\/files\/2022\/04\/IMG_1411-400x267.jpg\" alt=\"\" width=\"400\" height=\"267\" srcset=\"https:\/\/semmelweis.hu\/szakkollegium\/files\/2022\/04\/IMG_1411-400x267.jpg 400w, https:\/\/semmelweis.hu\/szakkollegium\/files\/2022\/04\/IMG_1411-1024x683.jpg 1024w, https:\/\/semmelweis.hu\/szakkollegium\/files\/2022\/04\/IMG_1411-768x512.jpg 768w, https:\/\/semmelweis.hu\/szakkollegium\/files\/2022\/04\/IMG_1411-1536x1024.jpg 1536w, https:\/\/semmelweis.hu\/szakkollegium\/files\/2022\/04\/IMG_1411-2048x1365.jpg 2048w, https:\/\/semmelweis.hu\/szakkollegium\/files\/2022\/04\/IMG_1411-753x502.jpg 753w, https:\/\/semmelweis.hu\/szakkollegium\/files\/2022\/04\/IMG_1411-203x135.jpg 203w\" sizes=\"auto, (max-width: 400px) 100vw, 400px\" \/><\/p>\n<p style=\"text-align: left\">A kurzuson megismerkedhett\u00fcnk a tudom\u00e1nyos cikk\u00edr\u00e1s alapjaival, belepillanthattunk az irodalomkutat\u00e1sba \u00e9s a hivatkoz\u00e1skezel\u00e9sbe, abba, hogy hogyan \u00e9rdemes t\u00e9m\u00e1t v\u00e1lasztani \u00e9s hogyan \u00e9p\u00fcl fel egy megfelel\u0151 kutat\u00e1si terv, valamint statisztikai alapismereteket is elsaj\u00e1t\u00edthattunk, amik hasznosak lehetnek mind a TDK, mind a k\u00e9s\u0151bbi tudom\u00e1nyos munk\u00e1nkban is.<br \/>\n<em>El\u0151ad\u00e1sok:<br \/>\n<\/em>\u2022 <strong>Dr. M\u00f3csai Attila<\/strong>, Orvosi \u00c9lettani Int\u00e9zet egyetemi tan\u00e1ra &#8211; kutat\u00e1stervez\u00e9s, t\u00e9mav\u00e1laszt\u00e1s<br \/>\n\u2022 <strong>Dr. Gul\u00e1csi L\u00e1szl\u00f3<\/strong>, \u00d3budai Egyetem tu<span style=\"font-size: 1rem\">dom\u00e1nyos rektorhelyettes\/Szluka P\u00e9ter, SE\u00a0<\/span>Egyetemi K\u00f6nyvt\u00e1r igazgat\u00f3 &#8211; irodalomkutat\u00e1s<br \/>\n\u2022<strong> Dr. Proh\u00e1szka Zolt\u00e1n<\/strong>, Belgy\u00f3gy\u00e1szati \u00e9s Hematol\u00f3giai Klinika egyetemi tan\u00e1r \u00e9s<br \/>\nlaborat\u00f3riumi vezet\u0151 \u2013 statisztikai alapismeretek<\/p>\n<p><strong>\u00c9letm\u00f3dorvosl\u00e1s<\/strong><\/p>\n<p style=\"text-align: left\"><img loading=\"lazy\" decoding=\"async\" class=\"wp-image-2132 size-medium alignleft\" style=\"font-size: 1rem\" src=\"https:\/\/semmelweis.hu\/szakkollegium\/files\/2022\/04\/IMG_1418-400x267.jpg\" alt=\"\" width=\"400\" height=\"267\" srcset=\"https:\/\/semmelweis.hu\/szakkollegium\/files\/2022\/04\/IMG_1418-400x267.jpg 400w, https:\/\/semmelweis.hu\/szakkollegium\/files\/2022\/04\/IMG_1418-1024x683.jpg 1024w, https:\/\/semmelweis.hu\/szakkollegium\/files\/2022\/04\/IMG_1418-768x512.jpg 768w, https:\/\/semmelweis.hu\/szakkollegium\/files\/2022\/04\/IMG_1418-1536x1024.jpg 1536w, https:\/\/semmelweis.hu\/szakkollegium\/files\/2022\/04\/IMG_1418-2048x1365.jpg 2048w, https:\/\/semmelweis.hu\/szakkollegium\/files\/2022\/04\/IMG_1418-753x502.jpg 753w, https:\/\/semmelweis.hu\/szakkollegium\/files\/2022\/04\/IMG_1418-203x135.jpg 203w\" sizes=\"auto, (max-width: 400px) 100vw, 400px\" \/>A kurzus c\u00e9lja, hogy egy \u00e1tfog\u00f3 \u00e9s gyakorlatias k\u00e9pet adjon arr\u00f3l, hogy milyen jelent\u0151s\u00e9ge van az eg\u00e9szs\u00e9ges \u00e9letm\u00f3dnak a betegek gy\u00f3gyul\u00e1sa szempontj\u00e1b\u00f3l \u00e9s milyen felel\u0151ss\u00e9ggel rendelkezik az eg\u00e9szs\u00e9g\u00fcgyi szakember, hogy ezeket tov\u00e1bbadja a betegeinek. Az \u00e9letm\u00f3dorvosl\u00e1s t\u00e9m\u00e1i k\u00f6z\u00e9 tartozik a rendszeres<span style=\"font-size: 1rem\"> testmozg\u00e1s, a kiegyens\u00falyozott \u00e9trend, a\u00a0<\/span>stresszkezel\u00e9s, az eg\u00e9szs\u00e9ges emberi kapcsolatok, az elegend\u0151 alv\u00e1s \u00e9s a k\u00e1ros szerhaszn\u00e1lati szok\u00e1sok ker\u00fcl\u00e9se. A kurzus keret\u00e9ben ezekkel a t\u00e9m\u00e1kkal foglalkoztunk.<br \/>\n<em>El\u0151ad\u00e1sok:<br \/>\n<\/em>\u2022<strong> Dr. M\u00e1rky \u00c1d\u00e1m<\/strong>,\u00a0a Longevity Project orvosigazgat\u00f3ja \u2013 mindfulness<br \/>\n\u2022 <strong>L\u00e4nger Jelena<\/strong>, a Longevity Project \u00fcgyvezet\u0151je \u2013 eg\u00e9szs\u00e9ges \u00e9letm\u00f3d<br \/>\n\u2022 <strong>Dr. Babai L\u00e1szl\u00f3<\/strong>, a Magyar \u00c9letm\u00f3d Orvostani T\u00e1rsas\u00e1g eln\u00f6ke<\/p>\n<p><strong>A t\u00e1rsadalom perem\u00e9n<\/strong><br \/>\nJ\u00f6v\u0151beli eg\u00e9szs\u00e9g\u00fcgyi szakemberekk\u00e9nt sokfajta ember sz\u00e1m\u00e1ra kell majd ell\u00e1t\u00e1st biztos\u00edtanunk, azonban t\u00f6bb k\u00f6r\u00fclm\u00e9ny is ad\u00f3dhat, amik komolyan megbonyol\u00edtj\u00e1k ak\u00e1r a legegyszer\u0171bb ter\u00e1pi\u00e1k kivitelez\u00e9s\u00e9t is. A kurzus alatt <span style=\"font-size: 1rem\">marginaliz\u00e1lt t\u00e1rsadalmi csoportok magyar eg\u00e9szs\u00e9g\u00fcgyi <\/span>helyzet\u00e9vel ismerkedt\u00fcnk, els\u0151sorban szerhaszn\u00e1l\u00f3k\u00e9val, szenved\u00e9lybetegek\u00e9vel \u00e9s hajl\u00e9ktalan emberek\u00e9vel.<em><br \/>\nEl\u0151ad\u00e1sok:<br \/>\n<\/em><img loading=\"lazy\" decoding=\"async\" class=\"wp-image-2131 size-medium alignleft\" src=\"https:\/\/semmelweis.hu\/szakkollegium\/files\/2022\/04\/IMG_20211012_202345-400x180.jpg\" alt=\"\" width=\"400\" height=\"180\" srcset=\"https:\/\/semmelweis.hu\/szakkollegium\/files\/2022\/04\/IMG_20211012_202345-400x180.jpg 400w, https:\/\/semmelweis.hu\/szakkollegium\/files\/2022\/04\/IMG_20211012_202345-1024x461.jpg 1024w, https:\/\/semmelweis.hu\/szakkollegium\/files\/2022\/04\/IMG_20211012_202345-768x346.jpg 768w, https:\/\/semmelweis.hu\/szakkollegium\/files\/2022\/04\/IMG_20211012_202345-1536x691.jpg 1536w, https:\/\/semmelweis.hu\/szakkollegium\/files\/2022\/04\/IMG_20211012_202345-2048x922.jpg 2048w, https:\/\/semmelweis.hu\/szakkollegium\/files\/2022\/04\/IMG_20211012_202345-753x339.jpg 753w\" sizes=\"auto, (max-width: 400px) 100vw, 400px\" \/>\u2022<strong> Dr. R\u00e1cz J\u00f3zsef<\/strong>, pszichi\u00e1ter \u00e9s pszichoterapeuta szakorvos, K\u00e9k Pont Drogkonzult\u00e1ci\u00f3s K\u00f6zpont \u00e9s Drogambulancia Alap\u00edtv\u00e1ny szakmai igazgat\u00f3, SE-ETK Addiktol\u00f3giai Tansz\u00e9k tansz\u00e9kvezet\u0151 egyetemi tan\u00e1r<br \/>\n\u2022<strong> Dr. B\u00e9k\u00e1si S\u00e1ndor<\/strong>, Magyar M\u00e1ltai Szeretetszol<span style=\"font-size: 1rem\">g\u00e1lat, Mozg\u00f3 Orvosi Rendel\u0151 int\u00e9zm\u00e9nyvezet\u0151<br \/>\n<\/span>\u2022 <strong>Dr. V\u00e1lyi-Nagy Istv\u00e1n<\/strong>, pszichi\u00e1ter, addiktol\u00f3gus szakorvos, Ny\u00edr\u0151 Gyula K\u00f3rh\u00e1z Addiktol\u00f3giai Oszt\u00e1ly<\/p>\n<p><strong>Gazdas\u00e1gi, p\u00e9nz\u00fcgyi \u00e9s jogi alapismeretek az eg\u00e9szs\u00e9g\u00fcgyben<\/strong><br \/>\nA kurzus c\u00e9lja, hogy az eg\u00e9szs\u00e9g\u00fcgyi dolgoz\u00f3k sz\u00e1m\u00e1ra relev\u00e1ns gazdas\u00e1gi \u00e9s p\u00e9nz\u00fcgyi fogalmakat tiszt\u00e1zza; hogyan m\u0171k\u00f6dnek a kifizet\u00e9si rendszerek, a biztos\u00edt\u00e1si rendszer, hogyan szervez\u0151dik a k\u00f6zeg\u00e9sz<span style=\"font-size: 1rem\">s\u00e9g\u00fcgyi ell\u00e1t\u00e1s \u00e9s a mag\u00e1neg\u00e9szs\u00e9g\u00fcgy. Emellett\u00a0<\/span>c\u00e9lunk volt az orvosjog t\u00e9m\u00e1t is visszahozni a koll\u00e9giumba: hogyan szervez\u0151dik az igazs\u00e1gszolg\u00e1ltat\u00e1s rendszere, t\u00f6bbek k\u00f6zt az orvosperek eset\u00e9n?<img loading=\"lazy\" decoding=\"async\" class=\"wp-image-2135 size-medium alignright\" style=\"font-size: 1rem\" src=\"https:\/\/semmelweis.hu\/szakkollegium\/files\/2022\/04\/IMG_1402-400x267.jpg\" alt=\"\" width=\"400\" height=\"267\" srcset=\"https:\/\/semmelweis.hu\/szakkollegium\/files\/2022\/04\/IMG_1402-400x267.jpg 400w, https:\/\/semmelweis.hu\/szakkollegium\/files\/2022\/04\/IMG_1402-1024x683.jpg 1024w, https:\/\/semmelweis.hu\/szakkollegium\/files\/2022\/04\/IMG_1402-768x512.jpg 768w, https:\/\/semmelweis.hu\/szakkollegium\/files\/2022\/04\/IMG_1402-1536x1024.jpg 1536w, https:\/\/semmelweis.hu\/szakkollegium\/files\/2022\/04\/IMG_1402-2048x1365.jpg 2048w, https:\/\/semmelweis.hu\/szakkollegium\/files\/2022\/04\/IMG_1402-753x502.jpg 753w, https:\/\/semmelweis.hu\/szakkollegium\/files\/2022\/04\/IMG_1402-203x135.jpg 203w\" sizes=\"auto, (max-width: 400px) 100vw, 400px\" \/><em style=\"font-size: 1rem\"><br \/>\nEl\u0151ad\u00e1sok:<br \/>\n<\/em>\u2022 <strong>Dr. Koll\u00e1th Mih\u00e1ly<\/strong>, Joghallgat\u00f3k \u00d6nk\u00e9pz\u0151 Szervezete, jog\u00e1sz<br \/>\n\u2022 <strong>Dr. D\u00f3zsa Csaba<\/strong>, MedEcon Kft. \u00fcgyvezet\u0151, eg\u00e9szs\u00e9g\u00fcgyi k\u00f6zgazd\u00e1sz<br \/>\n\u2022 <strong>F\u00e1bi\u00e1n Gergely<\/strong>, TritonLife Mag\u00e1nk\u00f3rh\u00e1z operat\u00edv igazgat\u00f3<\/p>\n<p style=\"text-align: left\">\u00a0<\/p>\n","protected":false},"excerpt":{"rendered":"<p>M\u00e9dia \u00e9s orvosl\u00e1s A kurzus keret\u00e9ben olyan orvosokat (vagy m\u00e1s szakembereket) h\u00edvtunk meg el\u0151adni, akik rendszeresen akt\u00edvan jelen vannak valamilyen m\u00e9diafel\u00fcleten (k\u00f6z\u00f6ss\u00e9gi m\u00e9di\u00e1ban, t\u00e9v\u00e9ben, nyomtatott sajt\u00f3ban, internetes port\u00e1lokon) \u00e9s hat\u00e9konyan haszn\u00e1lj\u00e1k a nyilv\u00e1noss\u00e1g adta lehet\u0151s\u00e9geket ak\u00e1r tudom\u00e1nykommunik\u00e1ci\u00f3, ak\u00e1r marketing szempontj\u00e1b\u00f3l. El\u0151ad\u00e1sok: \u2022 Dr. K\u0151nig R\u00f3bert gyermekseb\u00e9sz adjunktus, gyermek-traumatol\u00f3gus, ment\u0151tiszt \u2022 Dr. D\u00e9k\u00e1ny \u00c1gnes sz\u00fcl\u00e9sz-n\u0151gy\u00f3gy\u00e1sz, a &hellip;<\/p>\n","protected":false},"author":101894,"featured_media":0,"parent":2046,"menu_order":0,"comment_status":"closed","ping_status":"closed","template":"","meta":{"_acf_changed":false,"footnotes":""},"categories":[],"tags":[],"class_list":["post-2130","page","type-page","status-publish","hentry"],"acf":[],"_links":{"self":[{"href":"https:\/\/semmelweis.hu\/szakkollegium\/wp-json\/wp\/v2\/pages\/2130","targetHints":{"allow":["GET"]}}],"collection":[{"href":"https:\/\/semmelweis.hu\/szakkollegium\/wp-json\/wp\/v2\/pages"}],"about":[{"href":"https:\/\/semmelweis.hu\/szakkollegium\/wp-json\/wp\/v2\/types\/page"}],"author":[{"embeddable":true,"href":"https:\/\/semmelweis.hu\/szakkollegium\/wp-json\/wp\/v2\/users\/101894"}],"replies":[{"embeddable":true,"href":"https:\/\/semmelweis.hu\/szakkollegium\/wp-json\/wp\/v2\/comments?post=2130"}],"version-history":[{"count":11,"href":"https:\/\/semmelweis.hu\/szakkollegium\/wp-json\/wp\/v2\/pages\/2130\/revisions"}],"predecessor-version":[{"id":2159,"href":"https:\/\/semmelweis.hu\/szakkollegium\/wp-json\/wp\/v2\/pages\/2130\/revisions\/2159"}],"up":[{"embeddable":true,"href":"https:\/\/semmelweis.hu\/szakkollegium\/wp-json\/wp\/v2\/pages\/2046"}],"wp:attachment":[{"href":"https:\/\/semmelweis.hu\/szakkollegium\/wp-json\/wp\/v2\/media?parent=2130"}],"wp:term":[{"taxonomy":"category","embeddable":true,"href":"https:\/\/semmelweis.hu\/szakkollegium\/wp-json\/wp\/v2\/categories?post=2130"},{"taxonomy":"post_tag","embeddable":true,"href":"https:\/\/semmelweis.hu\/szakkollegium\/wp-json\/wp\/v2\/tags?post=2130"}],"curies":[{"name":"wp","href":"https:\/\/api.w.org\/{rel}","templated":true}]}}