{"id":2098,"date":"2022-03-31T20:12:41","date_gmt":"2022-03-31T18:12:41","guid":{"rendered":"https:\/\/semmelweis.hu\/szakkollegium\/?page_id=2098"},"modified":"2022-04-23T20:34:27","modified_gmt":"2022-04-23T18:34:27","slug":"xxvi-koranyi-tudomanyos-forum","status":"publish","type":"page","link":"https:\/\/semmelweis.hu\/szakkollegium\/xxvi-koranyi-tudomanyos-forum\/","title":{"rendered":"XXVI. Kor\u00e1nyi Frigyes Tudom\u00e1nyos F\u00f3rum"},"content":{"rendered":"<p><span style=\"font-weight: 400\">M\u00e1rcius 24-25-\u00e9n huszonhatodik alkalommal szervezte meg koll\u00e9giumunk a Kor\u00e1nyi Frigyes Tudom\u00e1nyos F\u00f3rumot, 3 \u00e9v kihagy\u00e1s, illetve online f\u00f3rum ut\u00e1n ism\u00e9t szem\u00e9lyesen.<\/span><span style=\"font-weight: 400\">\u00a0<\/span><\/p>\n<p><img loading=\"lazy\" decoding=\"async\" class=\"wp-image-2111 alignleft\" style=\"font-size: 1rem\" src=\"https:\/\/semmelweis.hu\/szakkollegium\/files\/2022\/03\/IMG_1754-1-scaled.jpg\" alt=\"\" width=\"362\" height=\"241\" srcset=\"https:\/\/semmelweis.hu\/szakkollegium\/files\/2022\/03\/IMG_1754-1-scaled.jpg 2560w, https:\/\/semmelweis.hu\/szakkollegium\/files\/2022\/03\/IMG_1754-1-400x267.jpg 400w, https:\/\/semmelweis.hu\/szakkollegium\/files\/2022\/03\/IMG_1754-1-1024x683.jpg 1024w, https:\/\/semmelweis.hu\/szakkollegium\/files\/2022\/03\/IMG_1754-1-768x512.jpg 768w, https:\/\/semmelweis.hu\/szakkollegium\/files\/2022\/03\/IMG_1754-1-1536x1024.jpg 1536w, https:\/\/semmelweis.hu\/szakkollegium\/files\/2022\/03\/IMG_1754-1-2048x1365.jpg 2048w, https:\/\/semmelweis.hu\/szakkollegium\/files\/2022\/03\/IMG_1754-1-753x502.jpg 753w, https:\/\/semmelweis.hu\/szakkollegium\/files\/2022\/03\/IMG_1754-1-203x135.jpg 203w\" sizes=\"auto, (max-width: 362px) 100vw, 362px\" \/><\/p>\n<p><span style=\"font-weight: 400\">A megnyit\u00f3 \u00fcnne<\/span><span style=\"font-weight: 400\">p<\/span><span style=\"font-weight: 400\">s\u00e9gen Pro<\/span><span style=\"font-weight: 400\">f. Dr. Horv\u00e1th Ildik\u00f3, eg\u00e9szs\u00e9g\u00fcgy\u00e9rt felel\u0151s \u00e1llamtitk\u00e1r, szakkoll\u00e9giumunk alap\u00edt\u00f3 tagja, Prof. Dr. B\u00e1nhidy Ferenc, a Semmelweis Egyetem \u00e1ltal\u00e1nos rektorhelyettese, \u00e9s Dabasi-Hal\u00e1sz Zsigmond, az esem\u00e9ny f\u0151szervez\u0151je mondtak besz<\/span><span style=\"font-size: 1rem\">\u00e9det. Ezut\u00e1n Dr. Maurovich-Horv\u00e1t P\u00e1l, a Semmelweis Egyetem Orvosi K\u00e9palkot\u00f3 Klinika igazgat\u00f3ja \u00e1ltal tartott nyit\u00f3el\u0151ad\u00e1st hallhattuk.<\/span><\/p>\n<p><img loading=\"lazy\" decoding=\"async\" class=\"wp-image-2116 alignright\" src=\"https:\/\/semmelweis.hu\/szakkollegium\/files\/2022\/03\/IMG_1884-scaled.jpg\" alt=\"\" width=\"308\" height=\"205\" srcset=\"https:\/\/semmelweis.hu\/szakkollegium\/files\/2022\/03\/IMG_1884-scaled.jpg 2560w, https:\/\/semmelweis.hu\/szakkollegium\/files\/2022\/03\/IMG_1884-400x267.jpg 400w, https:\/\/semmelweis.hu\/szakkollegium\/files\/2022\/03\/IMG_1884-1024x683.jpg 1024w, https:\/\/semmelweis.hu\/szakkollegium\/files\/2022\/03\/IMG_1884-768x512.jpg 768w, https:\/\/semmelweis.hu\/szakkollegium\/files\/2022\/03\/IMG_1884-1536x1024.jpg 1536w, https:\/\/semmelweis.hu\/szakkollegium\/files\/2022\/03\/IMG_1884-2048x1365.jpg 2048w, https:\/\/semmelweis.hu\/szakkollegium\/files\/2022\/03\/IMG_1884-753x502.jpg 753w, https:\/\/semmelweis.hu\/szakkollegium\/files\/2022\/03\/IMG_1884-203x135.jpg 203w\" sizes=\"auto, (max-width: 308px) 100vw, 308px\" \/><\/p>\n<p><span style=\"font-weight: 400\">A k\u00e9t na<\/span><span style=\"font-weight: 400\">p sor\u00e1<\/span><span style=\"font-weight: 400\">n 12 t\u00e9m\u00e1ban<\/span><span style=\"font-weight: 400\">\u00a080 hallgat\u00f3 mutatta be kutat\u00e1si eredm\u00e9nyeit, t\u00f6bb egyetem \u00e1ltal\u00e1nos orvos-, gy\u00f3gyszer\u00e9sz-, fogorvos-, eg\u00e9szs\u00e9g- \u00e9s term\u00e9szettudom\u00e1nyi kar\u00e1r\u00f3l \u00e9rkezve. Az egyes szekci\u00f3k a hallgat\u00f3k 3 perces prezent\u00e1ci\u00f3ival kezd\u0151dtek, ezt k\u00f6vet\u0151en az \u00e9rdekl\u0151d\u0151k megtekintett\u00e9k a posztereket. V\u00e9g\u00fcl interakt\u00edv poszterdiszkusszi\u00f3 keretein bel\u00fcl megvitatt\u00e1k a felmer\u00fcl\u0151 k\u00e9rd\u00e9seket,\u00a0 a metodik\u00e1k r\u00e9szleteit, az eredm\u00e9nyeket \u00e9s k\u00f6vetkeztet\u00e9seket.<\/span><\/p>\n<p><img loading=\"lazy\" decoding=\"async\" class=\"wp-image-2114 alignleft\" style=\"font-size: 1rem\" src=\"https:\/\/semmelweis.hu\/szakkollegium\/files\/2022\/03\/IMG_2479-scaled.jpg\" alt=\"\" width=\"358\" height=\"238\" srcset=\"https:\/\/semmelweis.hu\/szakkollegium\/files\/2022\/03\/IMG_2479-scaled.jpg 2560w, https:\/\/semmelweis.hu\/szakkollegium\/files\/2022\/03\/IMG_2479-400x267.jpg 400w, https:\/\/semmelweis.hu\/szakkollegium\/files\/2022\/03\/IMG_2479-1024x683.jpg 1024w, https:\/\/semmelweis.hu\/szakkollegium\/files\/2022\/03\/IMG_2479-768x512.jpg 768w, https:\/\/semmelweis.hu\/szakkollegium\/files\/2022\/03\/IMG_2479-1536x1024.jpg 1536w, https:\/\/semmelweis.hu\/szakkollegium\/files\/2022\/03\/IMG_2479-2048x1365.jpg 2048w, https:\/\/semmelweis.hu\/szakkollegium\/files\/2022\/03\/IMG_2479-753x502.jpg 753w, https:\/\/semmelweis.hu\/szakkollegium\/files\/2022\/03\/IMG_2479-203x135.jpg 203w\" sizes=\"auto, (max-width: 358px) 100vw, 358px\" \/><\/p>\n<p><span style=\"font-size: 1rem\">A d\u00edjazottakat a szekci\u00f3nk\u00e9nt fel\u00e1ll\u00f3, h\u00e1rom tag\u00fa zs\u0171rik hat\u00e1rozt\u00e1k meg, d\u00f6nt\u0151en a poszterdiszkusszi\u00f3 sor\u00e1n ny\u00fajtott teljes\u00edtm\u00e9ny alapj\u00e1n.\u00a0<\/span><\/p>\n<p>A F\u00f3rumot a cs\u00fct\u00f6rt\u00f6k este sor\u00e1n tartott Borkostol\u00f3 sz\u00ednes\u00edtette, melyen Husznai Albert szakkoll\u00e9gista git\u00e1rj\u00e1t\u00e9k\u00e1t is volt alkalmunk megcsod\u00e1lni.<\/p>\n<p>Az esem\u00e9nyr\u0151l sz\u00fcletett \u00f6sszefoglal\u00f3 a <a href=\"https:\/\/semmelweis.hu\/hirek\/2022\/03\/31\/12-szekcioban-80-eloadas-a-xxvi-koranyi-frigyes-tudomanyos-forumon\/?fbclid=IwAR03AAXi6T7nPVS1Hq8JdJdjtJnNnkMYefBnvdfn69SXpxlxXn4mrioxA2I\">Semmelweis Egyetem honlapj\u00e1n<\/a> is olvashat\u00f3.<\/p>\n<p><strong>A konferenci\u00e1r\u00f3l k\u00e9sz\u00fclt aftermovie megtekinthet\u0151 a <a href=\"https:\/\/fb.watch\/cA03DJ9wFU\/\">Szakkoll\u00e9gium Facebbok oldal\u00e1n.<\/a><\/strong><\/p>\n<p>A F\u00f3rum d\u00edjazottjai:<\/p>\n<p><img loading=\"lazy\" decoding=\"async\" class=\"alignnone size-full wp-image-2119\" src=\"https:\/\/semmelweis.hu\/szakkollegium\/files\/2022\/03\/1.png\" alt=\"\" width=\"1587\" height=\"2245\" srcset=\"https:\/\/semmelweis.hu\/szakkollegium\/files\/2022\/03\/1.png 1587w, https:\/\/semmelweis.hu\/szakkollegium\/files\/2022\/03\/1-283x400.png 283w, https:\/\/semmelweis.hu\/szakkollegium\/files\/2022\/03\/1-724x1024.png 724w, https:\/\/semmelweis.hu\/szakkollegium\/files\/2022\/03\/1-768x1086.png 768w, https:\/\/semmelweis.hu\/szakkollegium\/files\/2022\/03\/1-1086x1536.png 1086w, https:\/\/semmelweis.hu\/szakkollegium\/files\/2022\/03\/1-1448x2048.png 1448w, https:\/\/semmelweis.hu\/szakkollegium\/files\/2022\/03\/1-753x1065.png 753w\" sizes=\"auto, (max-width: 1587px) 100vw, 1587px\" \/> <img loading=\"lazy\" decoding=\"async\" class=\"alignnone size-full wp-image-2120\" src=\"https:\/\/semmelweis.hu\/szakkollegium\/files\/2022\/03\/2.png\" alt=\"\" width=\"1587\" height=\"2245\" srcset=\"https:\/\/semmelweis.hu\/szakkollegium\/files\/2022\/03\/2.png 1587w, https:\/\/semmelweis.hu\/szakkollegium\/files\/2022\/03\/2-283x400.png 283w, https:\/\/semmelweis.hu\/szakkollegium\/files\/2022\/03\/2-724x1024.png 724w, https:\/\/semmelweis.hu\/szakkollegium\/files\/2022\/03\/2-768x1086.png 768w, https:\/\/semmelweis.hu\/szakkollegium\/files\/2022\/03\/2-1086x1536.png 1086w, https:\/\/semmelweis.hu\/szakkollegium\/files\/2022\/03\/2-1448x2048.png 1448w, https:\/\/semmelweis.hu\/szakkollegium\/files\/2022\/03\/2-753x1065.png 753w\" sizes=\"auto, (max-width: 1587px) 100vw, 1587px\" \/> <img loading=\"lazy\" decoding=\"async\" class=\"alignnone size-full wp-image-2121\" src=\"https:\/\/semmelweis.hu\/szakkollegium\/files\/2022\/03\/3.png\" alt=\"\" width=\"1587\" height=\"2245\" srcset=\"https:\/\/semmelweis.hu\/szakkollegium\/files\/2022\/03\/3.png 1587w, https:\/\/semmelweis.hu\/szakkollegium\/files\/2022\/03\/3-283x400.png 283w, https:\/\/semmelweis.hu\/szakkollegium\/files\/2022\/03\/3-724x1024.png 724w, https:\/\/semmelweis.hu\/szakkollegium\/files\/2022\/03\/3-768x1086.png 768w, https:\/\/semmelweis.hu\/szakkollegium\/files\/2022\/03\/3-1086x1536.png 1086w, https:\/\/semmelweis.hu\/szakkollegium\/files\/2022\/03\/3-1448x2048.png 1448w, https:\/\/semmelweis.hu\/szakkollegium\/files\/2022\/03\/3-753x1065.png 753w\" sizes=\"auto, (max-width: 1587px) 100vw, 1587px\" \/><\/p>\n","protected":false},"excerpt":{"rendered":"<p>M\u00e1rcius 24-25-\u00e9n huszonhatodik alkalommal szervezte meg koll\u00e9giumunk a Kor\u00e1nyi Frigyes Tudom\u00e1nyos F\u00f3rumot, 3 \u00e9v kihagy\u00e1s, illetve online f\u00f3rum ut\u00e1n ism\u00e9t szem\u00e9lyesen.\u00a0 A megnyit\u00f3 \u00fcnneps\u00e9gen Prof. Dr. Horv\u00e1th Ildik\u00f3, eg\u00e9szs\u00e9g\u00fcgy\u00e9rt felel\u0151s \u00e1llamtitk\u00e1r, szakkoll\u00e9giumunk alap\u00edt\u00f3 tagja, Prof. Dr. B\u00e1nhidy Ferenc, a Semmelweis Egyetem \u00e1ltal\u00e1nos rektorhelyettese, \u00e9s Dabasi-Hal\u00e1sz Zsigmond, az esem\u00e9ny f\u0151szervez\u0151je mondtak besz\u00e9det. Ezut\u00e1n Dr. Maurovich-Horv\u00e1t P\u00e1l, &hellip;<\/p>\n","protected":false},"author":101894,"featured_media":2111,"parent":0,"menu_order":0,"comment_status":"closed","ping_status":"closed","template":"","meta":{"_acf_changed":false,"footnotes":""},"categories":[1],"tags":[],"class_list":["post-2098","page","type-page","status-publish","has-post-thumbnail","hentry","category-hirek"],"acf":[],"_links":{"self":[{"href":"https:\/\/semmelweis.hu\/szakkollegium\/wp-json\/wp\/v2\/pages\/2098","targetHints":{"allow":["GET"]}}],"collection":[{"href":"https:\/\/semmelweis.hu\/szakkollegium\/wp-json\/wp\/v2\/pages"}],"about":[{"href":"https:\/\/semmelweis.hu\/szakkollegium\/wp-json\/wp\/v2\/types\/page"}],"author":[{"embeddable":true,"href":"https:\/\/semmelweis.hu\/szakkollegium\/wp-json\/wp\/v2\/users\/101894"}],"replies":[{"embeddable":true,"href":"https:\/\/semmelweis.hu\/szakkollegium\/wp-json\/wp\/v2\/comments?post=2098"}],"version-history":[{"count":5,"href":"https:\/\/semmelweis.hu\/szakkollegium\/wp-json\/wp\/v2\/pages\/2098\/revisions"}],"predecessor-version":[{"id":2174,"href":"https:\/\/semmelweis.hu\/szakkollegium\/wp-json\/wp\/v2\/pages\/2098\/revisions\/2174"}],"wp:featuredmedia":[{"embeddable":true,"href":"https:\/\/semmelweis.hu\/szakkollegium\/wp-json\/wp\/v2\/media\/2111"}],"wp:attachment":[{"href":"https:\/\/semmelweis.hu\/szakkollegium\/wp-json\/wp\/v2\/media?parent=2098"}],"wp:term":[{"taxonomy":"category","embeddable":true,"href":"https:\/\/semmelweis.hu\/szakkollegium\/wp-json\/wp\/v2\/categories?post=2098"},{"taxonomy":"post_tag","embeddable":true,"href":"https:\/\/semmelweis.hu\/szakkollegium\/wp-json\/wp\/v2\/tags?post=2098"}],"curies":[{"name":"wp","href":"https:\/\/api.w.org\/{rel}","templated":true}]}}