{"id":209,"date":"2016-02-10T00:00:00","date_gmt":"2016-02-09T23:00:00","guid":{"rendered":"http:\/\/semmelweis.hu\/harsfa\/kurzusaink\/"},"modified":"2022-04-24T19:24:59","modified_gmt":"2022-04-24T17:24:59","slug":"kurzusaink","status":"publish","type":"page","link":"https:\/\/semmelweis.hu\/szakkollegium\/magunkrol\/kurzusaink-2\/kurzusaink\/","title":{"rendered":"2019\/2020 I. szemeszter"},"content":{"rendered":"<p>A 2019\/2020-as tan\u00e9v \u0151szi szemeszter\u00e9nek kurzusai:<\/p>\n<ul>\n<li><span style=\"font-size: 14pt\"><a href=\"https:\/\/semmelweis.hu\/szakkollegium\/tudomany\/kurzusaink\/agyi-esettanulmanyok\/\">Agyi esettanulm\u00e1nyok<\/a><\/span><\/li>\n<li><span style=\"font-size: 14pt\"><a href=\"https:\/\/semmelweis.hu\/szakkollegium\/tudomany\/kurzusaink\/kerekasztal-beszelgetesek\/\">Kerekasztal-besz\u00e9lget\u00e9sek<\/a><\/span><\/li>\n<li style=\"text-align: justify\"><span style=\"font-size: 14pt\"><a href=\"https:\/\/semmelweis.hu\/szakkollegium\/tudomany\/kurzusaink\/prevencio\/\">Prevenci\u00f3<\/a><\/span><\/li>\n<li style=\"text-align: justify\"><span style=\"font-size: 14pt\"><a href=\"https:\/\/semmelweis.hu\/szakkollegium\/tudomany\/kurzusaink\/prokon\/\">PROKON<\/a><\/span><\/li>\n<li style=\"text-align: justify\"><span style=\"font-size: 14pt\"><a href=\"https:\/\/semmelweis.hu\/szakkollegium\/tudomany\/kurzusaink\/orvosjog\/\">Orvosjog<\/a><\/span><\/li>\n<li><span style=\"font-size: 14pt\"><a href=\"https:\/\/semmelweis.hu\/szakkollegium\/tudomany\/kurzusaink\/kommunikacio\/\">Kommunik\u00e1ci\u00f3<\/a><\/span><\/li>\n<\/ul>\n","protected":false},"excerpt":{"rendered":"<p>A 2019\/2020-as tan\u00e9v \u0151szi szemeszter\u00e9nek kurzusai:<\/p>\n<p><a href=\"https:\/\/semmelweis.hu\/szakkollegium\/tudomany\/kurzusaink\/agyi-esettanulmanyok\/\">Agyi esettanulm\u00e1nyok<\/a><br \/>\n<a href=\"https:\/\/semmelweis.hu\/szakkollegium\/tudomany\/kurzusaink\/kerekasztal-beszelgetesek\/\">Kerekasztal-besz\u00e9lget\u00e9sek<\/a><br \/>\n<a href=\"https:\/\/semmelweis.hu\/szakkollegium\/tudomany\/kurzusaink\/prevencio\/\">Prevenci\u00f3<\/a><br \/>\n<a href=\"https:\/\/semmelweis.hu\/szakkollegium\/tudomany\/kurzusaink\/prokon\/\">PROKON<\/a><br \/>\n<a href=\"https:\/\/semmelweis.hu\/szakkollegium\/tudomany\/kurzusaink\/orvosjog\/\">Orvosjog<\/a><br \/>\n<a href=\"https:\/\/semmelweis.hu\/szakkollegium\/tudomany\/kurzusaink\/kommunikacio\/\">Kommunik\u00e1ci\u00f3<\/a><\/p>\n","protected":false},"author":158,"featured_media":0,"parent":2046,"menu_order":3,"comment_status":"closed","ping_status":"closed","template":"","meta":{"_acf_changed":false,"footnotes":""},"categories":[],"tags":[],"class_list":["post-209","page","type-page","status-publish","hentry"],"acf":[],"_links":{"self":[{"href":"https:\/\/semmelweis.hu\/szakkollegium\/wp-json\/wp\/v2\/pages\/209","targetHints":{"allow":["GET"]}}],"collection":[{"href":"https:\/\/semmelweis.hu\/szakkollegium\/wp-json\/wp\/v2\/pages"}],"about":[{"href":"https:\/\/semmelweis.hu\/szakkollegium\/wp-json\/wp\/v2\/types\/page"}],"author":[{"embeddable":true,"href":"https:\/\/semmelweis.hu\/szakkollegium\/wp-json\/wp\/v2\/users\/158"}],"replies":[{"embeddable":true,"href":"https:\/\/semmelweis.hu\/szakkollegium\/wp-json\/wp\/v2\/comments?post=209"}],"version-history":[{"count":12,"href":"https:\/\/semmelweis.hu\/szakkollegium\/wp-json\/wp\/v2\/pages\/209\/revisions"}],"predecessor-version":[{"id":2178,"href":"https:\/\/semmelweis.hu\/szakkollegium\/wp-json\/wp\/v2\/pages\/209\/revisions\/2178"}],"up":[{"embeddable":true,"href":"https:\/\/semmelweis.hu\/szakkollegium\/wp-json\/wp\/v2\/pages\/2046"}],"wp:attachment":[{"href":"https:\/\/semmelweis.hu\/szakkollegium\/wp-json\/wp\/v2\/media?parent=209"}],"wp:term":[{"taxonomy":"category","embeddable":true,"href":"https:\/\/semmelweis.hu\/szakkollegium\/wp-json\/wp\/v2\/categories?post=209"},{"taxonomy":"post_tag","embeddable":true,"href":"https:\/\/semmelweis.hu\/szakkollegium\/wp-json\/wp\/v2\/tags?post=209"}],"curies":[{"name":"wp","href":"https:\/\/api.w.org\/{rel}","templated":true}]}}