{"id":2073,"date":"2022-03-08T14:44:46","date_gmt":"2022-03-08T13:44:46","guid":{"rendered":"https:\/\/semmelweis.hu\/szakkollegium\/?page_id=2073"},"modified":"2024-12-26T11:37:52","modified_gmt":"2024-12-26T10:37:52","slug":"harsalkodo","status":"publish","type":"page","link":"https:\/\/semmelweis.hu\/szakkollegium\/magunkrol\/harsalkodo\/","title":{"rendered":"H\u00e1rsalkod\u00f3"},"content":{"rendered":"<p style=\"text-align: left\"><span style=\"font-size: 14pt\"><strong>H\u00e1rsalkod\u00f3<\/strong><\/span><\/p>\n<p><span data-contrast=\"auto\">Kedves Olvas\u00f3!\u00a0<\/span><span data-ccp-props=\"{&quot;201341983&quot;:0,&quot;335559739&quot;:160,&quot;335559740&quot;:259}\">\u00a0<\/span><\/p>\n<p><span data-contrast=\"auto\">\u201c\u2026 egy nap, amikor \u00e9pp r\u00e9ges-r\u00e9gi Szinapszisokat b\u00f6ng\u00e9sztem, egyszer csak a kezem \u00fcgy\u00e9be akadt egy H\u00e1rsalkod\u00f3. A Szakkoll\u00e9gium h\u0151skor\u00e1nak igazi relikvi\u00e1ja. Roppant izgalmas volt olvasni, hogy a doktorn\u0151, akinek j\u00f3 el\u0151re k\u00f6sz\u00f6n\u00fcnk az egyik nagynev\u0171 klinika foly\u00f3s\u00f3j\u00e1n, nem szeretett \u2013 tal\u00e1n m\u00e9g most sem? \u2013 mosogatni, \u00e9s es\u0151s napokon egy forr\u00f3 te\u00e1val lehet a legjobban felvid\u00edtani. Mintha egy titokba kaptam volna beavat\u00e1st. A H\u00e1rsf\u00e1sok titk\u00e1ba. Elhat\u00e1roztam, hogy megszerkesztem a mi kis kr\u00f3nik\u00e1nkat is. Persze ez mind\u00f6ssze egy apr\u00f3cska szelete annak, ami a Szakkoli, \u00e9s annak, ami a k\u00f6z\u00f6ss\u00e9g\u00fcnk val\u00f3j\u00e1ban, de ha csak p\u00e1r sz\u00f6sszenetet siker\u00fcl \u00e1tadni az ut\u00e1nunk j\u00f6v\u0151knek, m\u00e1r \u00e9rdemes volt. Hiszen mindig m\u00e1st jelent H\u00e1rsf\u00e1snak lenni, m\u00e1st \u00e9s valahol m\u00e9gis ugyanazt. A Koll\u00e9gium DNS-e kicsit a mi\u00e9nk lesz, a mi\u00e9nk kicsit a Koll\u00e9gium\u00e9. Tal\u00e1n csak az \u00e9rz\u00e9s, ami nem v\u00e1ltozik. Az az \u00e9rz\u00e9s, mikor egy napf\u00e9nyes tavaszi napon vissza\u00e9rsz a h\u00e1zba az utols\u00f3 vizsg\u00e1d ut\u00e1n. Ki\u00e1llsz a gangra \u00e9s l\u00e1tod, ahogy a kit\u00e1rt ablakon \u00e1t a sz\u00e9l j\u00e1tszadozik a h\u00f3feh\u00e9r f\u00fcgg\u00f6ny\u00f6kkel. Valaki j\u00e1tszik a pian\u00edn\u00f3n, de ak\u00e1rh\u00e1nyszor is hallottad m\u00e1r Yirum\u00e1t\u00f3l a River Flows in Yout, egyszer\u0171en ez most m\u00e1shogy hangzik. Ezt egy kolis j\u00e1tssza. Nem m\u00e9sz le megn\u00e9zni, ki az \u00e9s az sem baj, ha n\u00e9ha-n\u00e9ha mell\u00e9 \u00fct egyet. Az \u00e9let sose volt m\u00e9g ilyen sz\u00e9p. Egyszer\u0171en \u00e9rzed, hogy itt otthon vagy. Ez\u00e9rt v\u00e9gezet\u00fcl csak annyit szeretn\u00e9k mondani: fogadj\u00e1tok szeretettel a H\u00e1rsalkod\u00f3t. A mi H\u00e1rsalkod\u00f3nkat.\u201d Farkas Ferenc Bal\u00e1zs <\/span><span data-ccp-props=\"{&quot;201341983&quot;:0,&quot;335559739&quot;:160,&quot;335559740&quot;:259}\">\u00a0<\/span><\/p>\n<p><span data-contrast=\"auto\">Koll\u00e9giumunk \u00fajs\u00e1g\u00e1t 2017 \u0151sz\u00e9n serkentette f\u00f6l\u00a0 FFB n\u00e9h\u00e1ny \u00e9ves szunnyad\u00e1sa ut\u00e1n. Koll\u00e9gist\u00e1kkal interj\u00fakat, aj\u00e1nl\u00f3kat, besz\u00e1mol\u00f3kat, kipr\u00f3b\u00e1lt recepteket is tal\u00e1lunk a H\u00e1rsalkod\u00f3ban. <span style=\"font-weight: 400\">A lap szerkeszt\u0151i feladatait a 2024\/25-\u00f6s tan\u00e9vt\u0151l Szilika Domonkos \u00e9s Urb\u00e1n Zs\u00f3fia vette \u00e1t<\/span>.<\/span><span data-ccp-props=\"{&quot;201341983&quot;:0,&quot;335559739&quot;:160,&quot;335559740&quot;:259}\">\u00a0<\/span><\/p>\n<p><span style=\"font-weight: 400\">Egy kis \u00edzel\u00edt\u0151 a H\u00e1rsalkod\u00f3k (\u00e9s tal\u00e1n a H\u00e1rsf\u00e1sok elm\u00e9j\u00e9nek) vil\u00e1g\u00e1b\u00f3l, avagy az Alumni K\u00fcl\u00f6nsz\u00e1munk:<br \/>\n<\/span><a href=\"https:\/\/semmelweis.hu\/szakkollegium\/files\/2023\/10\/Harsalkodo_Alumni_kulonszam_09_30.pdf\"><span style=\"font-weight: 400\">Alumni K\u00fcl\u00f6nsz\u00e1m &#8211; 2023. augusztus<\/span><\/a><\/p>\n","protected":false},"excerpt":{"rendered":"<p>H\u00e1rsalkod\u00f3 Kedves Olvas\u00f3!\u00a0\u00a0 \u201c\u2026 egy nap, amikor \u00e9pp r\u00e9ges-r\u00e9gi Szinapszisokat b\u00f6ng\u00e9sztem, egyszer csak a kezem \u00fcgy\u00e9be akadt egy H\u00e1rsalkod\u00f3. A Szakkoll\u00e9gium h\u0151skor\u00e1nak igazi relikvi\u00e1ja. Roppant izgalmas volt olvasni, hogy a doktorn\u0151, akinek j\u00f3 el\u0151re k\u00f6sz\u00f6n\u00fcnk az egyik nagynev\u0171 klinika foly\u00f3s\u00f3j\u00e1n, nem szeretett \u2013 tal\u00e1n m\u00e9g most sem? \u2013 mosogatni, \u00e9s es\u0151s napokon egy forr\u00f3 te\u00e1val &hellip;<\/p>\n","protected":false},"author":101894,"featured_media":0,"parent":1546,"menu_order":0,"comment_status":"closed","ping_status":"closed","template":"","meta":{"_acf_changed":false,"footnotes":""},"categories":[],"tags":[],"class_list":["post-2073","page","type-page","status-publish","hentry"],"acf":[],"_links":{"self":[{"href":"https:\/\/semmelweis.hu\/szakkollegium\/wp-json\/wp\/v2\/pages\/2073","targetHints":{"allow":["GET"]}}],"collection":[{"href":"https:\/\/semmelweis.hu\/szakkollegium\/wp-json\/wp\/v2\/pages"}],"about":[{"href":"https:\/\/semmelweis.hu\/szakkollegium\/wp-json\/wp\/v2\/types\/page"}],"author":[{"embeddable":true,"href":"https:\/\/semmelweis.hu\/szakkollegium\/wp-json\/wp\/v2\/users\/101894"}],"replies":[{"embeddable":true,"href":"https:\/\/semmelweis.hu\/szakkollegium\/wp-json\/wp\/v2\/comments?post=2073"}],"version-history":[{"count":6,"href":"https:\/\/semmelweis.hu\/szakkollegium\/wp-json\/wp\/v2\/pages\/2073\/revisions"}],"predecessor-version":[{"id":2508,"href":"https:\/\/semmelweis.hu\/szakkollegium\/wp-json\/wp\/v2\/pages\/2073\/revisions\/2508"}],"up":[{"embeddable":true,"href":"https:\/\/semmelweis.hu\/szakkollegium\/wp-json\/wp\/v2\/pages\/1546"}],"wp:attachment":[{"href":"https:\/\/semmelweis.hu\/szakkollegium\/wp-json\/wp\/v2\/media?parent=2073"}],"wp:term":[{"taxonomy":"category","embeddable":true,"href":"https:\/\/semmelweis.hu\/szakkollegium\/wp-json\/wp\/v2\/categories?post=2073"},{"taxonomy":"post_tag","embeddable":true,"href":"https:\/\/semmelweis.hu\/szakkollegium\/wp-json\/wp\/v2\/tags?post=2073"}],"curies":[{"name":"wp","href":"https:\/\/api.w.org\/{rel}","templated":true}]}}