{"id":2059,"date":"2022-03-08T14:23:13","date_gmt":"2022-03-08T13:23:13","guid":{"rendered":"https:\/\/semmelweis.hu\/szakkollegium\/?page_id=2059"},"modified":"2025-01-19T20:27:22","modified_gmt":"2025-01-19T19:27:22","slug":"2023-2024","status":"publish","type":"page","link":"https:\/\/semmelweis.hu\/szakkollegium\/magunkrol\/eredmenyeink\/2023-2024\/","title":{"rendered":"2023\/2024 Tudom\u00e1nyos eredm\u00e9nyeink"},"content":{"rendered":"<div class=\"kvgmc6g5 cxmmr5t8 oygrvhab hcukyx3x c1et5uql ii04i59q\">\n<div dir=\"auto\">\n<div class=\"responsive-tabs\">\n<h2 class=\"tabtitle\">TDK Konferencia<\/h2>\n<div class=\"tabcontent\">\n\n<div class=\"kvgmc6g5 cxmmr5t8 oygrvhab hcukyx3x c1et5uql ii04i59q\">\n<div dir=\"auto\"><strong>SE Tudom\u00e1nyos Di\u00e1kk\u00f6ri Konferencia eredm\u00e9nyei:\u00a0<\/strong><\/div>\n<div dir=\"auto\">\u00a0<\/div>\n<\/div>\n<div class=\"cxmmr5t8 oygrvhab hcukyx3x c1et5uql o9v6fnle ii04i59q\">\n<div dir=\"auto\">\n<table style=\"width: 98.4624%;height: 1280px\">\n<tbody>\n<tr style=\"height: 47px\">\n<td style=\"width: 35.8736%;height: 47px\">\n<p>Botos P\u00e9ter Barnab\u00e1s SE \u00c1OK VI<\/p>\n<\/td>\n<td style=\"width: 14.0906%;height: 47px\">\n<p><span style=\"font-weight: 400\">I. d\u00edj<\/span><\/p>\n<\/td>\n<td style=\"width: 67.9796%;height: 47px\">\n<p><span style=\"font-weight: 400\">Gyermekgy\u00f3gy\u00e1szat C<\/span><\/p>\n<\/td>\n<\/tr>\n<tr style=\"height: 47px\">\n<td style=\"width: 35.8736%;height: 47px\">\n<p>Czirj\u00e1k Jana Lili SE \u00c1OK V<\/p>\n<\/td>\n<td style=\"width: 14.0906%;height: 47px\">\n<p><span style=\"font-weight: 400\">I. d\u00edj<\/span><\/p>\n<\/td>\n<td style=\"width: 67.9796%;height: 47px\">\n<p><span style=\"font-weight: 400\">Gyermekgy\u00f3gy\u00e1szat C<\/span><\/p>\n<\/td>\n<\/tr>\n<tr style=\"height: 47px\">\n<td style=\"width: 35.8736%;height: 47px\">\n<p>Debreczeni Dorina SE \u00c1OK III.<\/p>\n<\/td>\n<td style=\"width: 14.0906%;height: 47px\">\n<p><span style=\"font-weight: 400\">I. d\u00edj<\/span><\/p>\n<\/td>\n<td style=\"width: 67.9796%;height: 47px\">\n<p>Genetika, molekul\u00e1ris biol\u00f3gia<\/p>\n<\/td>\n<\/tr>\n<tr style=\"height: 47px\">\n<td style=\"width: 35.8736%;height: 47px\">\n<p>Di Giovanni M\u00e1rk SE \u00c1OK VI<\/p>\n<\/td>\n<td style=\"width: 14.0906%;height: 47px\">\n<p><span style=\"font-weight: 400\">I. d\u00edj<\/span><\/p>\n<\/td>\n<td style=\"width: 67.9796%;height: 47px\">\n<p>Radiol\u00f3gia, orvosi k\u00e9palkot\u00e1s A<\/p>\n<\/td>\n<\/tr>\n<tr style=\"height: 47px\">\n<td style=\"width: 35.8736%;height: 47px\">\n<p>Drahos Botond SE \u00c1OK III.<\/p>\n<\/td>\n<td style=\"width: 14.0906%;height: 47px\">\n<p><span style=\"font-weight: 400\">I. d\u00edj<\/span><\/p>\n<\/td>\n<td style=\"width: 67.9796%;height: 47px\">\n<p>Idegtudom\u00e1nyok B<\/p>\n<\/td>\n<\/tr>\n<tr style=\"height: 47px\">\n<td style=\"width: 35.8736%;height: 47px\">\n<p>Hamilton-Meikle Phyllida Kerstin SE \u00c1OK V<\/p>\n<\/td>\n<td style=\"width: 14.0906%;height: 47px\">\n<p><span style=\"font-weight: 400\">I. d\u00edj<\/span><\/p>\n<\/td>\n<td style=\"width: 67.9796%;height: 47px\">\n<p>Radiol\u00f3gia, orvosi k\u00e9palkot\u00e1s B<\/p>\n<\/td>\n<\/tr>\n<tr style=\"height: 47px\">\n<td style=\"width: 35.8736%;height: 47px\">\n<p>Hanza Richard SE \u00c1OK IV.<\/p>\n<\/td>\n<td style=\"width: 14.0906%;height: 47px\">\n<p><span style=\"font-weight: 400\">I. d\u00edj<\/span><\/p>\n<\/td>\n<td style=\"width: 67.9796%;height: 47px\">\n<p><span style=\"font-weight: 400\">Hematol\u00f3gia<\/span><\/p>\n<\/td>\n<\/tr>\n<tr style=\"height: 47px\">\n<td style=\"width: 35.8736%;height: 47px\">\n<p>Hegyi Barna P\u00e9ter SE \u00c1OK IV.<\/p>\n<\/td>\n<td style=\"width: 14.0906%;height: 47px\">\n<p><span style=\"font-weight: 400\">I. d\u00edj<\/span><\/p>\n<\/td>\n<td style=\"width: 67.9796%;height: 47px\">\n<p>Gyermekgy\u00f3gy\u00e1szat B<\/p>\n<\/td>\n<\/tr>\n<tr style=\"height: 47px\">\n<td style=\"width: 35.8736%;height: 47px\">\n<p>Horv\u00e1th \u00c1goston SE \u00c1OK IV.<\/p>\n<\/td>\n<td style=\"width: 14.0906%;height: 47px\">\n<p><span style=\"font-weight: 400\">I. d\u00edj<\/span><\/p>\n<\/td>\n<td style=\"width: 67.9796%;height: 47px\">\n<p><span style=\"font-weight: 400\">Hematol\u00f3gia<\/span><\/p>\n<\/td>\n<\/tr>\n<tr style=\"height: 47px\">\n<td style=\"width: 35.8736%;height: 47px\">\n<p>Kerest\u00e9ly M\u00e1rk SE \u00c1OK V.<\/p>\n<\/td>\n<td style=\"width: 14.0906%;height: 47px\">\n<p><span style=\"font-weight: 400\">I. d\u00edj<\/span><\/p>\n<\/td>\n<td style=\"width: 67.9796%;height: 47px\">\n<p>Biofizika, Bioinformatika<\/p>\n<\/td>\n<\/tr>\n<tr style=\"height: 47px\">\n<td style=\"width: 35.8736%;height: 47px\">\n<p>K\u00f6penczei Csenge SE FOK V<\/p>\n<\/td>\n<td style=\"width: 14.0906%;height: 47px\">\n<p><span style=\"font-weight: 400\">I. d\u00edj<\/span><\/p>\n<\/td>\n<td style=\"width: 67.9796%;height: 47px\">\n<p>Fogorvostudom\u00e1nyok C<\/p>\n<\/td>\n<\/tr>\n<tr style=\"height: 47px\">\n<td style=\"width: 35.8736%;height: 47px\">\n<p>K\u00f3ta Kata SE \u00c1OK III.<\/p>\n<\/td>\n<td style=\"width: 14.0906%;height: 47px\">\n<p><span style=\"font-weight: 400\">I. d\u00edj<\/span><\/p>\n<\/td>\n<td style=\"width: 67.9796%;height: 47px\">\n<p>Idegtudom\u00e1nyok B<\/p>\n<\/td>\n<\/tr>\n<tr style=\"height: 47px\">\n<td style=\"width: 35.8736%;height: 47px\">\n<p><span style=\"font-weight: 400\">Losonczi M\u00e1rta SE FOK III. (t\u00e1rsszerz\u0151)<\/span><\/p>\n<\/td>\n<td style=\"width: 14.0906%;height: 47px\">\n<p><span style=\"font-weight: 400\">I. d\u00edj<\/span><\/p>\n<\/td>\n<td style=\"width: 67.9796%;height: 47px\">\n<p>Fogorvostudom\u00e1nyok E<\/p>\n<\/td>\n<\/tr>\n<tr style=\"height: 47px\">\n<td style=\"width: 35.8736%;height: 47px\">\n<p>Moln\u00e1r Petra SE GYTK IV<\/p>\n<\/td>\n<td style=\"width: 14.0906%;height: 47px\">\n<p><span style=\"font-weight: 400\">I. d\u00edj<\/span><\/p>\n<\/td>\n<td style=\"width: 67.9796%;height: 47px\">\n<p>Gy\u00f3gyszer\u00e9sztudom\u00e1nyok B<\/p>\n<\/td>\n<\/tr>\n<tr style=\"height: 47px\">\n<td style=\"width: 35.8736%;height: 47px\">\n<p>Pierson-Bartel R\u00f3bert SE \u00c1OK V.\u00a0<\/p>\n<\/td>\n<td style=\"width: 14.0906%;height: 47px\">\n<p><span style=\"font-weight: 400\">I. d\u00edj<\/span><\/p>\n<\/td>\n<td style=\"width: 67.9796%;height: 47px\">\n<p>Magatart\u00e1studom\u00e1ny, pszichi\u00e1tria, pszichol\u00f3gia A<\/p>\n<\/td>\n<\/tr>\n<tr style=\"height: 47px\">\n<td style=\"width: 35.8736%;height: 47px\">\n<p>Tusn\u00e1dy Simon SE \u00c1OK IV.<\/p>\n<\/td>\n<td style=\"width: 14.0906%;height: 47px\">\n<p><span style=\"font-weight: 400\">I. d\u00edj<\/span><\/p>\n<\/td>\n<td style=\"width: 67.9796%;height: 47px\">\n<p>Sejtbiol\u00f3gia, sejt\u00e9lettan B<\/p>\n<\/td>\n<\/tr>\n<tr style=\"height: 47px\">\n<td style=\"width: 35.8736%;height: 47px\">\n<p>Boroncsok D\u00f3ra SE \u00c1OK IV.<\/p>\n<\/td>\n<td style=\"width: 14.0906%;height: 47px\">\n<p><span style=\"font-weight: 400\">II. d\u00edj<\/span><\/p>\n<\/td>\n<td style=\"width: 67.9796%;height: 47px\">\n<p><span style=\"font-weight: 400\">Sportorvostan<\/span><\/p>\n<\/td>\n<\/tr>\n<tr style=\"height: 47px\">\n<td style=\"width: 35.8736%;height: 47px\">\n<p>Goschler Levente \u00c1d\u00e1m SE \u00c1OK IV.<\/p>\n<\/td>\n<td style=\"width: 14.0906%;height: 47px\">\n<p><span style=\"font-weight: 400\">II. d\u00edj<\/span><\/p>\n<\/td>\n<td style=\"width: 67.9796%;height: 47px\">\n<p><span style=\"font-weight: 400\">Operat\u00edv D<\/span><\/p>\n<\/td>\n<\/tr>\n<tr style=\"height: 47px\">\n<td style=\"width: 35.8736%;height: 47px\">\n<p>Lesk\u00f3 Eszter R\u00f3zsa SE FOK IV.<\/p>\n<\/td>\n<td style=\"width: 14.0906%;height: 47px\">\n<p><span style=\"font-weight: 400\">II. d\u00edj<\/span><\/p>\n<\/td>\n<td style=\"width: 67.9796%;height: 47px\">\n<p>Fogorvostudom\u00e1nyok E<\/p>\n<\/td>\n<\/tr>\n<tr style=\"height: 47px\">\n<td style=\"width: 35.8736%;height: 47px\">\n<p>Leszk\u00f3 D\u00e1riusz SE \u00c1OK V.<\/p>\n<\/td>\n<td style=\"width: 14.0906%;height: 47px\">\n<p><span style=\"font-weight: 400\">II. d\u00edj<\/span><\/p>\n<\/td>\n<td style=\"width: 67.9796%;height: 47px\">\n<p>Biofizika, Bioinformatika<\/p>\n<\/td>\n<\/tr>\n<tr style=\"height: 47px\">\n<td style=\"width: 35.8736%;height: 47px\">\n<p>Lipcs\u00e1k \u00c1gnes M\u00e1ria SE \u00c1OK IV.<\/p>\n<\/td>\n<td style=\"width: 14.0906%;height: 47px\">\n<p><span style=\"font-weight: 400\">II. d\u00edj<\/span><\/p>\n<\/td>\n<td style=\"width: 67.9796%;height: 47px\">\n<p><span style=\"font-weight: 400\">Gyermekgy\u00f3gy\u00e1szat C<\/span><\/p>\n<\/td>\n<\/tr>\n<tr style=\"height: 47px\">\n<td style=\"width: 35.8736%;height: 47px\">\n<p>Veres Lili\u00e1na SE \u00c1OK III. (t\u00e1rsszerz\u0151)<\/p>\n<\/td>\n<td style=\"width: 14.0906%;height: 47px\">\n<p><span style=\"font-weight: 400\">II. d\u00edj<\/span><\/p>\n<\/td>\n<td style=\"width: 67.9796%;height: 47px\">\n<p>Biok\u00e9mia, laborat\u00f3riumi diagnosztika<\/p>\n<\/td>\n<\/tr>\n<tr>\n<td style=\"width: 35.8736%\">\n<p>Gyuricsk\u00f3 Istv\u00e1n SE \u00c1OK IV.<\/p>\n<\/td>\n<td style=\"width: 14.0906%\">\n<p><span style=\"font-weight: 400\">III. d\u00edj<\/span><\/p>\n<\/td>\n<td style=\"width: 67.9796%\">\n<p>Aneszteziol\u00f3gia \u00e9s S\u00fcrg\u0151ss\u00e9gi Orvostan<\/p>\n<\/td>\n<\/tr>\n<tr style=\"height: 47px\">\n<td style=\"width: 35.8736%;height: 47px\">\n<p>Hamilton-Meikle Phyllida Kerstin SE \u00c1OK V. (t\u00e1rsszerz\u0151)<\/p>\n<\/td>\n<td style=\"width: 14.0906%;height: 47px\">\n<p><span style=\"font-weight: 400\">III. d\u00edj<\/span><\/p>\n<\/td>\n<td style=\"width: 67.9796%;height: 47px\">\n<p><span style=\"font-weight: 400\">B\u0151rgy\u00f3gy\u00e1szat<\/span><\/p>\n<\/td>\n<\/tr>\n<tr style=\"height: 47px\">\n<td style=\"width: 35.8736%;height: 47px\">\n<p>P\u00f3lya Dorottya Bogl\u00e1rka SE \u00c1OK VI.<\/p>\n<\/td>\n<td style=\"width: 14.0906%;height: 47px\">\n<p><span style=\"font-weight: 400\">III. d\u00edj<\/span><\/p>\n<\/td>\n<td style=\"width: 67.9796%;height: 47px\">\n<p>Magatart\u00e1studom\u00e1ny, pszichi\u00e1tria, pszichol\u00f3gia<\/p>\n<\/td>\n<\/tr>\n<tr style=\"height: 47px\">\n<td style=\"width: 35.8736%;height: 47px\">\n<p>Szabolcs Maja D\u00f3ra SE \u00c1OK IV.\u00a0<\/p>\n<\/td>\n<td style=\"width: 14.0906%;height: 47px\">\n<p><span style=\"font-weight: 400\">III. d\u00edj<\/span><\/p>\n<\/td>\n<td style=\"width: 67.9796%;height: 47px\">\n<p><span style=\"font-weight: 400\">Kardiol\u00f3gia, kering\u00e9si betegs\u00e9gek C<\/span><\/p>\n<\/td>\n<\/tr>\n<tr style=\"height: 47px\">\n<td style=\"width: 35.8736%;height: 47px\">\n<p>Szil\u00e1gyi Konr\u00e1d SE \u00c1OK IV.<\/p>\n<\/td>\n<td style=\"width: 14.0906%;height: 47px\">\n<p><span style=\"font-weight: 400\">III. d\u00edj<\/span><\/p>\n<\/td>\n<td style=\"width: 67.9796%;height: 47px\">\n<p>Farmakol\u00f3gia B<\/p>\n<\/td>\n<\/tr>\n<\/tbody>\n<\/table>\n<\/div>\n<\/div>\n<div align=\"center\">\u00a0<\/div>\n<div style=\"text-align: left\" align=\"center\"><img decoding=\"async\" src=\"https:\/\/semmelweis.hu\/szakkollegium\/files\/2024\/02\/428147454_740441544851533_6904364395262775755_n.jpg\" \/><\/div>\n<p>&nbsp;<\/p>\n\n<\/div><h2 class=\"tabtitle\">Rektori p\u00e1lyamunka<\/h2>\n<div class=\"tabcontent\">\n\n<div class=\"cxmmr5t8 oygrvhab hcukyx3x c1et5uql o9v6fnle ii04i59q\">\n<div dir=\"auto\"><strong>A rektori p\u00e1lyamunk\u00e1\u00e9rt d\u00edjazottak:<\/p>\n<p><\/strong><\/div>\n<\/div>\n<div class=\"cxmmr5t8 oygrvhab hcukyx3x c1et5uql o9v6fnle ii04i59q\">\n<div dir=\"auto\">\n<table style=\"width: 98.6394%;height: 376px\">\n<tbody>\n<tr style=\"height: 47px\">\n<td style=\"width: 34.2322%;height: 47px\">\n<p>Rajmon Martin \u00c1OK VI.<\/p>\n<\/td>\n<td style=\"width: 2.90377%;height: 47px\">\n<p><span style=\"font-weight: 400\">I. d\u00edj<\/span><\/p>\n<\/td>\n<td style=\"width: 62.8639%;height: 47px\">\n<p>Adjuv\u00e1ns baricitinib hat\u00e1sa az infekt\u00edv sz\u00f6v\u0151dm\u00e9nyekre \u00e9s a hal\u00e1loz\u00e1sra kritikus \u00e1llapot\u00fa feln\u0151tt COVID-19 betegek k\u00f6r\u00e9ben<\/p>\n<\/td>\n<\/tr>\n<tr style=\"height: 47px\">\n<td style=\"width: 34.2322%;height: 47px\">\n<p>Tusn\u00e1dy Simon \u00c1OK IV.<\/p>\n<\/td>\n<td style=\"width: 2.90377%;height: 47px\">\n<p><span style=\"font-weight: 400\">I. d\u00edj<\/span><\/p>\n<\/td>\n<td style=\"width: 62.8639%;height: 47px\">\n<p>A foszfolip\u00e1z C\u03b32 szerep\u00e9nek vizsg\u00e1lata akrist\u00e1ly-iduk\u00e1lt gyullad\u00e1sos folyamatokban<\/p>\n<\/td>\n<\/tr>\n<tr style=\"height: 47px\">\n<td style=\"width: 34.2322%;height: 47px\">\n<p>N\u00e1dasi Tam\u00e1s J\u00e1nos \u00c1OK V.<\/p>\n<\/td>\n<td style=\"width: 2.90377%;height: 47px\">\n<p><span style=\"font-weight: 400\">II. d\u00edj<\/span><\/p>\n<\/td>\n<td style=\"width: 62.8639%;height: 47px\">\n<p>Molekul\u00e1ris onkol\u00f3giai vizsg\u00e1latok a gyermekkori leuk\u00e9mi\u00e1k progn\u00f3zis becsl\u00e9s\u00e9ben<\/p>\n<\/td>\n<\/tr>\n<tr style=\"height: 47px\">\n<td style=\"width: 34.2322%;height: 47px\">\n<p>Czirj\u00e1k Janka Lili \u00c1OK V.<\/p>\n<\/td>\n<td style=\"width: 2.90377%;height: 47px\">\n<p><span style=\"font-weight: 400\">III. d\u00edj<\/span><\/p>\n<\/td>\n<td style=\"width: 62.8639%;height: 47px\">\n<p><span style=\"font-weight: 400\">Surgical management of primary rhegmatogenous retinal detachment<\/span><\/p>\n<\/td>\n<\/tr>\n<tr style=\"height: 47px\">\n<td style=\"width: 34.2322%;height: 47px\">\n<p>K\u00f6penczei Csenge FOK V.\u00a0<\/p>\n<\/td>\n<td style=\"width: 2.90377%;height: 47px\">\n<p><span style=\"font-weight: 400\">dics\u00e9ret<\/span><\/p>\n<\/td>\n<td style=\"width: 62.8639%;height: 47px\">\n<p>\u00daj k\u00e9palkot\u00f3 \u00e9s k\u00e9pelemz\u0151 m\u00f3dszerek a fogszab\u00e1lyoz\u00e1sban<\/p>\n<\/td>\n<\/tr>\n<\/tbody>\n<\/table>\n<\/div>\n<\/div>\n<p>&nbsp;<\/p>\n\n<\/div><h2 class=\"tabtitle\">D\u00edjak<\/h2>\n<div class=\"tabcontent\">\n\n<p><strong>Dr. Bezn\u00e1k Alad\u00e1r Eml\u00e9k\u00e9rem \u00e9s Jutalomd\u00edj:<br \/>\n<\/strong>Hainzl Tobias<\/p>\n<div dir=\"auto\"><strong>A Semmelweis Egyetem Kiv\u00e1l\u00f3 Di\u00e1kk\u00f6r\u00f6se:<\/strong><\/div>\n<div dir=\"auto\">\n<table style=\"width: 90.386%\">\n<tbody>\n<tr style=\"height: 47px\">\n<td style=\"width: 100%;height: 47px\">\n<p>Dr. Bogn\u00e1r Judit<\/p>\n<\/td>\n<\/tr>\n<tr style=\"height: 47px\">\n<td style=\"width: 100%;height: 47px\">\n<p>Dr. Bottlik Ol\u00edvia<\/p>\n<\/td>\n<\/tr>\n<\/tbody>\n<\/table>\n<\/div>\n<div class=\"cxmmr5t8 oygrvhab hcukyx3x c1et5uql o9v6fnle ii04i59q\">\n<div dir=\"auto\">\u00a0<\/div>\n<div dir=\"auto\"><strong>Nemzeti Fels\u0151oktat\u00e1si \u00d6szt\u00f6nd\u00edj nyertesei:<\/strong><\/div>\n<div dir=\"auto\">\n<table style=\"width: 90.386%;height: 282px\">\n<tbody>\n<tr style=\"height: 47px\">\n<td style=\"width: 100%;height: 47px\">\n<p><span style=\"font-weight: 400\">Di Giovanni M\u00e1rk<\/span><\/p>\n<\/td>\n<\/tr>\n<tr style=\"height: 47px\">\n<td style=\"width: 100%;height: 47px\">\n<p><span style=\"font-weight: 400\">Hainzl Tobias<\/span><\/p>\n<\/td>\n<\/tr>\n<tr style=\"height: 47px\">\n<td style=\"width: 100%;height: 47px\">\n<p><span style=\"font-weight: 400\">Hamilton Phyllida<\/span><\/p>\n<\/td>\n<\/tr>\n<tr style=\"height: 47px\">\n<td style=\"width: 100%;height: 47px\">\n<p><span style=\"font-weight: 400\">Husznai Albert<\/span><\/p>\n<\/td>\n<\/tr>\n<tr style=\"height: 47px\">\n<td style=\"width: 100%;height: 47px\">\n<p><span style=\"font-weight: 400\">Kerest\u00e9ly M\u00e1rk<\/span><\/p>\n<\/td>\n<\/tr>\n<tr style=\"height: 47px\">\n<td style=\"width: 100%;height: 47px\">\n<p><span style=\"font-weight: 400\">Kov\u00e1cs Krist\u00f3f<\/span><\/p>\n<\/td>\n<\/tr>\n<tr>\n<td style=\"width: 100%\">\n<p><span style=\"font-weight: 400\">Tusn\u00e1dy Simon<\/span><\/p>\n<\/td>\n<\/tr>\n<\/tbody>\n<\/table>\n<\/div>\n<div dir=\"auto\">\u00a0<\/div>\n<\/div>\n<\/div>\n<\/div>\n<div class=\"kvgmc6g5 cxmmr5t8 oygrvhab hcukyx3x c1et5uql ii04i59q\">\n<div dir=\"auto\">\n<\/div><\/div>\n<\/div>\n<\/div>\n","protected":false},"excerpt":{"rendered":"<p>SE Tudom\u00e1nyos Di\u00e1kk\u00f6ri Konferencia eredm\u00e9nyei:\u00a0 \u00a0 Botos P\u00e9ter Barnab\u00e1s SE \u00c1OK VI I. d\u00edj Gyermekgy\u00f3gy\u00e1szat C Czirj\u00e1k Jana Lili SE \u00c1OK V I. d\u00edj Gyermekgy\u00f3gy\u00e1szat C Debreczeni Dorina SE \u00c1OK III. I. d\u00edj Genetika, molekul\u00e1ris biol\u00f3gia Di Giovanni M\u00e1rk SE \u00c1OK VI I. d\u00edj Radiol\u00f3gia, orvosi k\u00e9palkot\u00e1s A Drahos Botond SE \u00c1OK III. I. d\u00edj &hellip;<\/p>\n","protected":false},"author":101894,"featured_media":0,"parent":2363,"menu_order":0,"comment_status":"closed","ping_status":"closed","template":"","meta":{"_acf_changed":false,"footnotes":""},"categories":[],"tags":[],"class_list":["post-2059","page","type-page","status-publish","hentry"],"acf":[],"_links":{"self":[{"href":"https:\/\/semmelweis.hu\/szakkollegium\/wp-json\/wp\/v2\/pages\/2059","targetHints":{"allow":["GET"]}}],"collection":[{"href":"https:\/\/semmelweis.hu\/szakkollegium\/wp-json\/wp\/v2\/pages"}],"about":[{"href":"https:\/\/semmelweis.hu\/szakkollegium\/wp-json\/wp\/v2\/types\/page"}],"author":[{"embeddable":true,"href":"https:\/\/semmelweis.hu\/szakkollegium\/wp-json\/wp\/v2\/users\/101894"}],"replies":[{"embeddable":true,"href":"https:\/\/semmelweis.hu\/szakkollegium\/wp-json\/wp\/v2\/comments?post=2059"}],"version-history":[{"count":10,"href":"https:\/\/semmelweis.hu\/szakkollegium\/wp-json\/wp\/v2\/pages\/2059\/revisions"}],"predecessor-version":[{"id":2574,"href":"https:\/\/semmelweis.hu\/szakkollegium\/wp-json\/wp\/v2\/pages\/2059\/revisions\/2574"}],"up":[{"embeddable":true,"href":"https:\/\/semmelweis.hu\/szakkollegium\/wp-json\/wp\/v2\/pages\/2363"}],"wp:attachment":[{"href":"https:\/\/semmelweis.hu\/szakkollegium\/wp-json\/wp\/v2\/media?parent=2059"}],"wp:term":[{"taxonomy":"category","embeddable":true,"href":"https:\/\/semmelweis.hu\/szakkollegium\/wp-json\/wp\/v2\/categories?post=2059"},{"taxonomy":"post_tag","embeddable":true,"href":"https:\/\/semmelweis.hu\/szakkollegium\/wp-json\/wp\/v2\/tags?post=2059"}],"curies":[{"name":"wp","href":"https:\/\/api.w.org\/{rel}","templated":true}]}}