{"id":2046,"date":"2022-03-05T20:23:11","date_gmt":"2022-03-05T19:23:11","guid":{"rendered":"https:\/\/semmelweis.hu\/szakkollegium\/?page_id=2046"},"modified":"2025-01-11T20:45:52","modified_gmt":"2025-01-11T19:45:52","slug":"kurzusaink-2","status":"publish","type":"page","link":"https:\/\/semmelweis.hu\/szakkollegium\/magunkrol\/kurzusaink-2\/","title":{"rendered":"Kurzusaink, esem\u00e9nyeink"},"content":{"rendered":"<h1 style=\"text-align: center\">Szakmai kurzusok<\/h1>\n<div class=\"bi6gxh9e\">\n<p><span style=\"font-weight: 400\">Szokt\u00e1k mondani, hogy j\u00f3 orvos az, aki szakmailag felk\u00e9sz\u00fclt. De val\u00f3j\u00e1ban mit is jelent szakmailag felk\u00e9sz\u00fcltnek lenni? A k\u00e9rd\u00e9sre neh\u00e9z v\u00e1laszolni, hiszen a szakmais\u00e1g, mint fogalom nagyon sz\u00e9les sk\u00e1l\u00e1n mozog. Ez\u00e9rt itt, a Kor\u00e1nyi Frigyes Szakkoll\u00e9giumban igyeksz\u00fcnk ennek a sk\u00e1l\u00e1nak min\u00e9l t\u00e1gabb spektrum\u00e1t fel\u00f6lelni.<\/span><\/p>\n<p><span style=\"font-weight: 400\">A koll\u00e9gium mindennapjaiban ezt az ir\u00e1nyelvet a szakmai kurzusrendszer seg\u00edts\u00e9g\u00e9vel k\u00f6vetj\u00fck, melynek keret\u00e9ben k\u00fcl\u00f6nb\u00f6z\u0151 t\u00edpus\u00fa tov\u00e1bbk\u00e9pz\u00e9seket szervez\u00fcnk:<\/span><\/p>\n<ol>\n<li style=\"font-weight: 400\"><b>Elm\u00e9leti kurzusok<br \/>\n<\/b><span style=\"font-weight: 400\">Az egyetemi tant\u00e1rgyak sor\u00e1n kev\u00e9sb\u00e9 hangs\u00falyozott ter\u00fcletek ismereteit szeretn\u00e9k kieg\u00e9sz\u00edteni, t\u00f6m\u00f6r\u00edtett form\u00e1ban. Ezen kurzusok c\u00e9lja, hogy a koll\u00e9gist\u00e1k az \u00e9rdekl\u0151d\u00e9s\u00fcknek megfelel\u0151 t\u00e9m\u00e1kat (pl. minim\u00e1linvaz\u00edv seb\u00e9szet) szaktekint\u00e9lyekkel k\u00f6z\u00f6sen dolgozz\u00e1k fel, gyarap\u00edtva tud\u00e1sukat.<br \/>\n<\/span><\/li>\n<li style=\"font-weight: 400\"><b>Gyakorlati kurzusok<br \/>\n<\/b><span style=\"font-weight: 400\">C\u00e9ljuk olyan gyakorlati k\u00e9szs\u00e9gek elsaj\u00e1t\u00edt\u00e1sa, melyekre az egyetemi oktat\u00e1si rendszerben kev\u00e9sb\u00e9 ad\u00f3dik lehet\u0151s\u00e9g. Kiemelt p\u00e9ld\u00e1ja ennek az Ultrahang kurzus, melyet a Szimul\u00e1ci\u00f3s K\u00f6zpont, a K\u00e9palkot\u00f3 Klinika \u00e9s a V\u00e1rosmajori Echo csoport k\u00f6zrem\u0171k\u00f6d\u00e9s\u00e9vel szervez\u00fcnk. A kurzus sor\u00e1n a koll\u00e9gist\u00e1k testk\u00f6zelb\u0151l gyakorolhatj\u00e1k \u00e9s saj\u00e1t\u00edthatj\u00e1k el az ultrahangvizsg\u00e1lat legf\u0151bb titkait.<\/p>\n<p><\/span><\/li>\n<li style=\"font-weight: 400\"><b>Szeml\u00e9letform\u00e1l\u00f3 kurzusok<br \/>\n<\/b><span style=\"font-weight: 400\">Lehet\u0151s\u00e9get adnak arra, hogy a koll\u00e9gist\u00e1k bepillant\u00e1st nyerjenek az eg\u00e9szs\u00e9g\u00fcgy olyan szegmenseibe, melyekr\u0151l tanulm\u00e1nyaik sor\u00e1n kev\u00e9s tapasztalatot szereznek. A szakkoll\u00e9gist\u00e1k szem\u00e9lyesen tal\u00e1lkozhatnak t\u00f6bbek k\u00f6z\u00f6tt \u00e1llamtitk\u00e1rokkal, d\u00e9k\u00e1nokkal \u00e9s az orvosi, gy\u00f3gyszer\u00e9szeti kamar\u00e1k vezet\u0151ivel. A kerekasztal besz\u00e9lget\u00e9sek sor\u00e1n ezen megh\u00edvott vend\u00e9geink r\u00e1vil\u00e1g\u00edtanak az eg\u00e9szs\u00e9g\u00fcgyi ell\u00e1t\u00e1s szervezeti neh\u00e9zs\u00e9geire \u00e9s lehet\u0151s\u00e9geire. <br \/>\nEbbe a kurzuscsoportba tartoznak tov\u00e1bb\u00e1 az orvosl\u00e1s hat\u00e1rter\u00fcleteit \u00e9rint\u0151 kurzusalkalmak, p\u00e9ld\u00e1ul a zeneter\u00e1pia vagy kutyater\u00e1pia, illetve a k\u00fcl\u00f6nb\u00f6z\u0151 alternat\u00edv \u00e9s komplementer gy\u00f3gym\u00f3dok, \u00fagy mint a k\u00ednai orvosl\u00e1s vagy a j\u00f3ga ismereteit t\u00e1g\u00edt\u00f3 el\u0151ad\u00e1sok.<\/span><\/li>\n<\/ol>\n<p><span style=\"font-weight: 400\">Az egyetem sz\u00e1mos lehet\u0151s\u00e9get ny\u00fajt a tud\u00e1s megszerz\u00e9s\u00e9re. A koll\u00e9gium abban a kiv\u00e1lts\u00e1gos helyzetben van, hogy a koll\u00e9gist\u00e1k \u00e9rdekl\u0151d\u00e9si k\u00f6r\u00e9nek megfelel\u0151en tud kieg\u00e9sz\u00edt\u0151 kurzusokat \u00e9s tov\u00e1bbk\u00e9pz\u00e9seket szervezni, melyek hozz\u00e1j\u00e1rulnak a r\u00e9sztvev\u0151k szakmai felk\u00e9sz\u00fclts\u00e9g\u00e9hez.<\/span><\/p>\n<\/div>\n","protected":false},"excerpt":{"rendered":"<p>Szakmai kurzusok Szokt\u00e1k mondani, hogy j\u00f3 orvos az, aki szakmailag felk\u00e9sz\u00fclt. De val\u00f3j\u00e1ban mit is jelent szakmailag felk\u00e9sz\u00fcltnek lenni? A k\u00e9rd\u00e9sre neh\u00e9z v\u00e1laszolni, hiszen a szakmais\u00e1g, mint fogalom nagyon sz\u00e9les sk\u00e1l\u00e1n mozog. Ez\u00e9rt itt, a Kor\u00e1nyi Frigyes Szakkoll\u00e9giumban igyeksz\u00fcnk ennek a sk\u00e1l\u00e1nak min\u00e9l t\u00e1gabb spektrum\u00e1t fel\u00f6lelni. A koll\u00e9gium mindennapjaiban ezt az ir\u00e1nyelvet a szakmai kurzusrendszer &hellip;<\/p>\n","protected":false},"author":101894,"featured_media":0,"parent":1546,"menu_order":0,"comment_status":"closed","ping_status":"closed","template":"","meta":{"_acf_changed":false,"footnotes":""},"categories":[],"tags":[],"class_list":["post-2046","page","type-page","status-publish","hentry"],"acf":[],"_links":{"self":[{"href":"https:\/\/semmelweis.hu\/szakkollegium\/wp-json\/wp\/v2\/pages\/2046","targetHints":{"allow":["GET"]}}],"collection":[{"href":"https:\/\/semmelweis.hu\/szakkollegium\/wp-json\/wp\/v2\/pages"}],"about":[{"href":"https:\/\/semmelweis.hu\/szakkollegium\/wp-json\/wp\/v2\/types\/page"}],"author":[{"embeddable":true,"href":"https:\/\/semmelweis.hu\/szakkollegium\/wp-json\/wp\/v2\/users\/101894"}],"replies":[{"embeddable":true,"href":"https:\/\/semmelweis.hu\/szakkollegium\/wp-json\/wp\/v2\/comments?post=2046"}],"version-history":[{"count":5,"href":"https:\/\/semmelweis.hu\/szakkollegium\/wp-json\/wp\/v2\/pages\/2046\/revisions"}],"predecessor-version":[{"id":2532,"href":"https:\/\/semmelweis.hu\/szakkollegium\/wp-json\/wp\/v2\/pages\/2046\/revisions\/2532"}],"up":[{"embeddable":true,"href":"https:\/\/semmelweis.hu\/szakkollegium\/wp-json\/wp\/v2\/pages\/1546"}],"wp:attachment":[{"href":"https:\/\/semmelweis.hu\/szakkollegium\/wp-json\/wp\/v2\/media?parent=2046"}],"wp:term":[{"taxonomy":"category","embeddable":true,"href":"https:\/\/semmelweis.hu\/szakkollegium\/wp-json\/wp\/v2\/categories?post=2046"},{"taxonomy":"post_tag","embeddable":true,"href":"https:\/\/semmelweis.hu\/szakkollegium\/wp-json\/wp\/v2\/tags?post=2046"}],"curies":[{"name":"wp","href":"https:\/\/api.w.org\/{rel}","templated":true}]}}