{"id":1728,"date":"2020-08-15T16:02:30","date_gmt":"2020-08-15T14:02:30","guid":{"rendered":"http:\/\/semmelweis.hu\/szakkollegium\/?page_id=1728"},"modified":"2024-12-31T17:45:08","modified_gmt":"2024-12-31T16:45:08","slug":"felszereltseg","status":"publish","type":"page","link":"https:\/\/semmelweis.hu\/szakkollegium\/felvetelizoknek\/felszereltseg\/","title":{"rendered":"Felszerelts\u00e9g"},"content":{"rendered":"<p>A Kor\u00e1nyi Frigyes Szakkoll\u00e9gium a VII. ker\u00fcletben (Erzs\u00e9betv\u00e1ros) tal\u00e1lhat\u00f3, a H\u00e1rsfa utca 59\/b sz\u00e1m alatt, innen ered a &#8222;H\u00e1rsfa&#8221; n\u00e9v.\u00a0<\/p>\n<div class=\"responsive-tabs\">\n<h2 class=\"tabtitle\">Szob\u00e1k \u00e9s felszerelts\u00e9g<\/h2>\n<div class=\"tabcontent\">\n\n<p><strong>Blokkok<\/strong><br \/>\nItt laknak a szakkoll\u00e9gist\u00e1k. Egy blokkban 2 db 2 \u00e1gyas szoba tal\u00e1lhat\u00f3 az ezeket \u00f6sszek\u00f6t\u0151 kis konyh\u00e1val, amiben 2 f\u0151z\u0151lap, mikr\u00f3 es egy h\u0171t\u0151 is fellelhet\u0151. Tal\u00e1lhat\u00f3 m\u00e9g benne egy f\u00fcrd\u0151szoba \u00e9s egy mell\u00e9khelyis\u00e9g is.<\/p>\n\r\n        [slb_exclude]\r\n        <div class=\"row galeria-wrapper mx-0 h-auto\">\r\n            <div class=\"col-9 pl-0 pr-2\">\r\n            <span class=\"gallery-item frame\">\r\n\t\t\t\t<div class=\"galeria-left-img\"><a href=\"https:\/\/semmelweis.hu\/szakkollegium\/files\/2020\/01\/RS106014_IMG_8123-scr.jpg\"><img src=https:\/\/semmelweis.hu\/szakkollegium\/files\/2020\/01\/RS106014_IMG_8123-scr.jpg  \r\n                            alt=\"\" \r\n                            class=\"attachment-sote-gallery-big size-sote-gallery-big\" \r\n                            srcset=\"https:\/\/semmelweis.hu\/szakkollegium\/files\/2020\/01\/RS106014_IMG_8123-scr-400x267.jpg 400w, https:\/\/semmelweis.hu\/szakkollegium\/files\/2020\/01\/RS106014_IMG_8123-scr-768x512.jpg 768w, https:\/\/semmelweis.hu\/szakkollegium\/files\/2020\/01\/RS106014_IMG_8123-scr-1024x683.jpg 1024w, https:\/\/semmelweis.hu\/szakkollegium\/files\/2020\/01\/RS106014_IMG_8123-scr-753x502.jpg 753w, https:\/\/semmelweis.hu\/szakkollegium\/files\/2020\/01\/RS106014_IMG_8123-scr-203x135.jpg 203w, https:\/\/semmelweis.hu\/szakkollegium\/files\/2020\/01\/RS106014_IMG_8123-scr.jpg 1200w\" ><\/a><\/div>\r\n            <\/span>\r\n\r\n            <\/div>\r\n\r\n\t\t\t<div class=\"col-3 pl-0 pr-0\">\r\n\t\t\t\t<div class=\"galeria-right-img d-flex justify-content-between flex-column h-100 w-100 px-0 mx-0 \">\r\n                <div class=\"galeria-box\">\r\n\t\t\t\t\t<h3 class=\"galeria-title\">Gal\u00e9ria<\/h3>\r\n\t\t\t\t\t<div class=\"galeria-subtitle\">\r\n\r\n\t\t\t\t\t\t<div class=\"galeria-page-counter\"><span>6<\/span>k\u00e9p<\/div>\r\n                    <\/div> <\/div>\r\n                    <span class=\"gallery-item frame d-none d-md-flex\">\r\n\t\t\t\t\t<div class=\"galeria-small-img mt-0\"><a href=\"https:\/\/semmelweis.hu\/szakkollegium\/files\/2020\/01\/RS106035_IMG_8070-scr.jpg\"><img src=https:\/\/semmelweis.hu\/szakkollegium\/files\/2020\/01\/RS106035_IMG_8070-scr.jpg \r\n                                alt=\"\"  \r\n                                class=\"attachment-sote-gallery-small size-sote-gallery-small\" \r\n                                srcset=\"https:\/\/semmelweis.hu\/szakkollegium\/files\/2020\/01\/RS106035_IMG_8070-scr-400x267.jpg 400w, https:\/\/semmelweis.hu\/szakkollegium\/files\/2020\/01\/RS106035_IMG_8070-scr-768x512.jpg 768w, https:\/\/semmelweis.hu\/szakkollegium\/files\/2020\/01\/RS106035_IMG_8070-scr-1024x683.jpg 1024w, https:\/\/semmelweis.hu\/szakkollegium\/files\/2020\/01\/RS106035_IMG_8070-scr-753x502.jpg 753w, https:\/\/semmelweis.hu\/szakkollegium\/files\/2020\/01\/RS106035_IMG_8070-scr-203x135.jpg 203w, https:\/\/semmelweis.hu\/szakkollegium\/files\/2020\/01\/RS106035_IMG_8070-scr.jpg 1200w\" ><\/a><\/div>\r\n                    <\/span>\r\n                    <span class=\"gallery-item frame d-none d-md-flex\">\r\n\t\t\t\t\t<div class=\"galeria-small-img mt-0\"><a href=\"https:\/\/semmelweis.hu\/szakkollegium\/files\/2020\/01\/RS106027_IMG_8085-scr.jpg\"><img src=https:\/\/semmelweis.hu\/szakkollegium\/files\/2020\/01\/RS106027_IMG_8085-scr.jpg \r\n                                alt=\"\" \r\n                                class=\"attachment-sote-gallery-small size-sote-gallery-small\" \r\n                                srcset=\"https:\/\/semmelweis.hu\/szakkollegium\/files\/2020\/01\/RS106027_IMG_8085-scr-400x267.jpg 400w, https:\/\/semmelweis.hu\/szakkollegium\/files\/2020\/01\/RS106027_IMG_8085-scr-768x512.jpg 768w, https:\/\/semmelweis.hu\/szakkollegium\/files\/2020\/01\/RS106027_IMG_8085-scr-1024x683.jpg 1024w, https:\/\/semmelweis.hu\/szakkollegium\/files\/2020\/01\/RS106027_IMG_8085-scr-753x502.jpg 753w, https:\/\/semmelweis.hu\/szakkollegium\/files\/2020\/01\/RS106027_IMG_8085-scr-203x135.jpg 203w, https:\/\/semmelweis.hu\/szakkollegium\/files\/2020\/01\/RS106027_IMG_8085-scr.jpg 1200w\" ><\/a><\/div>\r\n                    <\/span>\r\n\r\n                <\/div>\r\n\r\n            <\/div>\r\n\r\n            <span class=\"gallery-item\"><div class=\"hidden\"><a href=\"https:\/\/semmelweis.hu\/szakkollegium\/files\/2020\/01\/RS106032_IMG_8074-scr.jpg\">\r\n        <img src=https:\/\/semmelweis.hu\/szakkollegium\/files\/2020\/01\/RS106032_IMG_8074-scr.jpg alt=\"\" class=\"attachment-sote-gallery-big size-sote-gallery-big\" srcset=\"https:\/\/semmelweis.hu\/szakkollegium\/files\/2020\/01\/RS106032_IMG_8074-scr-400x267.jpg 400w, https:\/\/semmelweis.hu\/szakkollegium\/files\/2020\/01\/RS106032_IMG_8074-scr-768x512.jpg 768w, https:\/\/semmelweis.hu\/szakkollegium\/files\/2020\/01\/RS106032_IMG_8074-scr-1024x683.jpg 1024w, https:\/\/semmelweis.hu\/szakkollegium\/files\/2020\/01\/RS106032_IMG_8074-scr-753x502.jpg 753w, https:\/\/semmelweis.hu\/szakkollegium\/files\/2020\/01\/RS106032_IMG_8074-scr-203x135.jpg 203w, https:\/\/semmelweis.hu\/szakkollegium\/files\/2020\/01\/RS106032_IMG_8074-scr.jpg 1200w\" >\r\n        <\/a><\/div><\/span><span class=\"gallery-item\"><div class=\"hidden\"><a href=\"https:\/\/semmelweis.hu\/szakkollegium\/files\/2020\/01\/RS106009_IMG_8134-scr.jpg\">\r\n        <img src=https:\/\/semmelweis.hu\/szakkollegium\/files\/2020\/01\/RS106009_IMG_8134-scr.jpg alt=\"\" class=\"attachment-sote-gallery-big size-sote-gallery-big\" srcset=\"https:\/\/semmelweis.hu\/szakkollegium\/files\/2020\/01\/RS106009_IMG_8134-scr-267x400.jpg 267w, https:\/\/semmelweis.hu\/szakkollegium\/files\/2020\/01\/RS106009_IMG_8134-scr.jpg 600w\" >\r\n        <\/a><\/div><\/span><span class=\"gallery-item\"><div class=\"hidden\"><a href=\"https:\/\/semmelweis.hu\/szakkollegium\/files\/2020\/01\/RS106007_IMG_8137-scr.jpg\">\r\n        <img src=https:\/\/semmelweis.hu\/szakkollegium\/files\/2020\/01\/RS106007_IMG_8137-scr.jpg alt=\"\" class=\"attachment-sote-gallery-big size-sote-gallery-big\" srcset=\"https:\/\/semmelweis.hu\/szakkollegium\/files\/2020\/01\/RS106007_IMG_8137-scr-400x267.jpg 400w, https:\/\/semmelweis.hu\/szakkollegium\/files\/2020\/01\/RS106007_IMG_8137-scr-768x512.jpg 768w, https:\/\/semmelweis.hu\/szakkollegium\/files\/2020\/01\/RS106007_IMG_8137-scr-1024x683.jpg 1024w, https:\/\/semmelweis.hu\/szakkollegium\/files\/2020\/01\/RS106007_IMG_8137-scr-753x502.jpg 753w, https:\/\/semmelweis.hu\/szakkollegium\/files\/2020\/01\/RS106007_IMG_8137-scr-203x135.jpg 203w, https:\/\/semmelweis.hu\/szakkollegium\/files\/2020\/01\/RS106007_IMG_8137-scr.jpg 1200w\" >\r\n        <\/a><\/div><\/span>\r\n            <\/div>\r\n\r\n            [\/slb_exclude]\r\n\t\n<p>&nbsp;<\/p>\n\n<\/div><h2 class=\"tabtitle\">K\u00f6z\u00f6ss\u00e9gi terek, szabadid\u0151<\/h2>\n<div class=\"tabcontent\">\n\n<p><u>-1. szint<\/u><\/p>\n<p><strong>Konditerem\u00a0<\/strong><\/p>\n<p><span style=\"font-weight: 400\">Ha eleged van a tanul\u00e1sb\u00f3l \u00e9s le akarod vezetni a felgy\u00fclemlett stresszt, a kondi \u00e9pp neked val\u00f3 v\u00e1laszt\u00e1s. Fut\u00f3g\u00e9p, TRX, elliptikus tr\u00e9ner, s\u00falyok \u00e9s sok egy\u00e9b eszk\u00f6z \u00e1ll rendelkez\u00e9sre a rendszeres sportol\u00e1shoz.\u00a0<\/span><\/p>\n<p><strong>P\u00e1pai P\u00e1riz Ferenc el\u0151ad\u00f3terem<\/strong><\/p>\n<p><span style=\"font-weight: 400\">Ez a padl\u00f3sz\u0151nyeggel bor\u00edtott, kl\u00edm\u00e1val ell\u00e1tott helyis\u00e9g gyakran ad otthont Konferenci\u00e1nk egyes szekci\u00f3inak, valamint k\u00f6z\u00f6s filmn\u00e9z\u00e9seknek \u00e9s szabadid\u0151s programoknak.<\/span><\/p>\n<p><strong>Klub helyis\u00e9g<\/strong><\/p>\n<p><span style=\"font-weight: 400\">A klub a komolyabb esem\u00e9nyek sz\u00ednhelye, el\u0151ad\u00f3terem. Gyakran ad helyet szakmai kurzusoknak, fogad\u00e1soknak, \u00e9s persze itt ker\u00fclnek megrendez\u00e9sre kihagyhatatlan programjaink is, mint a Kokt\u00e9lb\u00e1r, L\u00e1ngosest vagy a H\u00e1rsasest.<\/span><\/p>\n<p><u>F\u00f6ldszint<\/u><\/p>\n<p><strong>Mos\u00f3konyha<\/strong><\/p>\n<p><span style=\"font-weight: 400\">Egy nagy teljes\u00edtm\u00e9ny\u0171 mos\u00f3g\u00e9p \u00e9s egy sz\u00e1r\u00edt\u00f3g\u00e9p \u00e1ll a szakkoll\u00e9gist\u00e1k rendelkez\u00e9s\u00e9re a mos\u00e1shoz.\u00a0<\/span><\/p>\n<p><strong>Zongora szoba\/k\u00f6nyvt\u00e1r<\/strong><\/p>\n<p><span style=\"font-weight: 400\">Egy pianino \u00e9s sz\u00e1mos k\u00f6nyv fogadja a kikapcsol\u00f3d\u00e1sra v\u00e1gy\u00f3kat. Sokszor sz\u0171r\u0151dik ki fuvolasz\u00f3 a teremb\u0151l, mivel a H\u00e1rsf\u00e1sok gyakran ide vonulnak vissza a hangszeres gyakorl\u00e1shoz. Itt rendezz\u00fck meg a legt\u00f6bb megeml\u00e9kez\u00e9st \u00e9s a kar\u00e1csonyi k\u00f6z\u00f6s \u00e9nekl\u00e9seket.<\/span><\/p>\n<p><b>Udvar\u00a0<\/b><\/p>\n<p><span style=\"font-weight: 400\">Ez a \u201edzsungel\u201c, a koll\u00e9giumi kert. Fedett be\u00fcl\u0151vel rendelkezik a nyugodt esti vacsor\u00e1khoz, \u00e9s tavasszal rengeteg n\u00f6v\u00e9ny d\u00edsz\u00edti. Az alap\u00edt\u00f3k \u00e1ltal \u00fcltetett h\u00e1rsfa k\u00fcl\u00f6nleges k\u00f6z\u00f6s \u00e9rt\u00e9ke a szakkoll\u00e9giumnak. Itt ker\u00fclnek megrendez\u00e9sre a bogr\u00e1csoz\u00e1sok, grillez\u00e9sek, valamint az Alumni Csal\u00e1di Napunk is.<\/span><\/p>\n<p><strong>T\u00e1rsalg\u00f3k<\/strong><\/p>\n<p><span style=\"font-weight: 400\">A k\u00f6z\u00f6ss\u00e9gi programok sz\u00ednterei. Ha besz\u00e9lgetni t\u00e1mad kedved, itt mindig tal\u00e1lsz megfelel\u0151 partnert. A csocs\u00f3- \u00e9s pingpongasztal kedvelt helysz\u00edne h\u00e1zi bajnoks\u00e1goknak, kv\u00edzesteken pedig gyakran haszn\u00e1ljuk a TV-ket. \u00dajonnan felszerelt projektoroknak k\u00f6sz\u00f6nhet\u0151en el\u0151ad\u00e1sok, konzult\u00e1ci\u00f3k helysz\u00edn\u00e9nek is kiv\u00e1l\u00f3ak, mindemellett k\u00f6z\u00f6s filmez\u00e9seknek is otthont adnak.<\/span><\/p>\n<p><u>Els\u0151 \u00e9s m\u00e1sodik emeletek<\/u><\/p>\n<p><strong>Tanul\u00f3 szob\u00e1k<\/strong><\/p>\n<p><span style=\"font-weight: 400\">Itt tanul az, aki nyugodt k\u00f6rnyezetre v\u00e1gyik. Ha sok H\u00e1rsf\u00e1s magol az els\u0151 emeleten, akkor a m\u00e1sodik emeleten is tal\u00e1lhat\u00f3 egy tanul\u00f3, \u00edgy mindig van helye mindenkinek.<\/span><\/p>\n<p><strong>Relax szoba<\/strong><\/p>\n<p><span style=\"font-weight: 400\">Igaz\u00e1n kis szoba tele babzs\u00e1kokkal a t\u00f6k\u00e9letes kikapcsol\u00f3d\u00e1shoz. Ide\u00e1lis hely te\u00e1z\u00e1shoz, k\u00e1v\u00e9z\u00e1shoz vagy csak egy esti t\u00e1rsasoz\u00e1shoz.<\/span><\/p>\n<p><strong>St\u00fadi\u00f3<\/strong><\/p>\n<p><span style=\"font-weight: 400\">F\u00e9lrees\u0151 kis szoba kanap\u00e9val, TV-vel, mely remek hely a visszavonul\u00e1shoz, ha valaki \u00e9nid\u0151re v\u00e1gyik.\u00a0<\/span><\/p>\n<p><strong>Konzult\u00e1ci\u00f3s szoba<\/strong><\/p>\n<p><span style=\"font-weight: 400\">T\u00e1bl\u00e1val felszerelve, megbesz\u00e9l\u00e9sekre \u00e9s tanulm\u00e1nyi konzult\u00e1ci\u00f3kra megfelel\u0151 hely. Egy mikroszk\u00f3p seg\u00edts\u00e9g\u00e9vel tanulm\u00e1nyozhatjuk a rendelkez\u00e9sre \u00e1ll\u00f3 sz\u00f6vettani metszeteket. Az anat\u00f3mia tanul\u00e1st megk\u00f6nny\u00edtend\u0151, csontok is el\u00e9rhet\u0151ek a koll\u00e9gist\u00e1k sz\u00e1m\u00e1ra.\u00a0<\/span><\/p>\n<p><strong>Konyha<\/strong><\/p>\n<p><span style=\"font-weight: 400\">A h\u00e9tk\u00f6znapokban is gyakran haszn\u00e1lt helyis\u00e9g, viszont akkor \u00e9led fel igaz\u00e1n, ha vacsoracsat\u00e1ra k\u00e9sz\u00fclnek a koll\u00e9gist\u00e1k. B\u00e1r minden blokk rendelkezik konyh\u00e1val, a s\u00fct\u0151 ebben a helyis\u00e9gben el\u00e9rhet\u0151.<\/span><\/p>\n<p><strong>Skill labor<\/strong><br \/>\nA jelenleg folyamatosan fejleszt\u00e9s alatt \u00e1ll\u00f3 skill laborban elsaj\u00e1t\u00edthatod az orvosi hivat\u00e1shoz sz\u00fcks\u00e9ges alapk\u00e9szs\u00e9geket. Ultrahangg\u00e9ppel, szimul\u00e1ci\u00f3s bab\u00e1kkal \u00e9s m\u00e9g sok m\u00e1ssal felszerelve v\u00e1rja a gyakorlatias koll\u00e9gist\u00e1kat.<\/p>\n\r\n        [slb_exclude]\r\n        <div class=\"row galeria-wrapper mx-0 h-auto\">\r\n            <div class=\"col-9 pl-0 pr-2\">\r\n            <span class=\"gallery-item frame\">\r\n\t\t\t\t<div class=\"galeria-left-img\"><a href=\"https:\/\/semmelweis.hu\/szakkollegium\/files\/2020\/01\/RS105916_IMG_8457-scr.jpg\"><img src=https:\/\/semmelweis.hu\/szakkollegium\/files\/2020\/01\/RS105916_IMG_8457-scr.jpg  \r\n                            alt=\"\" \r\n                            class=\"attachment-sote-gallery-big size-sote-gallery-big\" \r\n                            srcset=\"https:\/\/semmelweis.hu\/szakkollegium\/files\/2020\/01\/RS105916_IMG_8457-scr-400x267.jpg 400w, https:\/\/semmelweis.hu\/szakkollegium\/files\/2020\/01\/RS105916_IMG_8457-scr-768x512.jpg 768w, https:\/\/semmelweis.hu\/szakkollegium\/files\/2020\/01\/RS105916_IMG_8457-scr-1024x683.jpg 1024w, https:\/\/semmelweis.hu\/szakkollegium\/files\/2020\/01\/RS105916_IMG_8457-scr-753x502.jpg 753w, https:\/\/semmelweis.hu\/szakkollegium\/files\/2020\/01\/RS105916_IMG_8457-scr-203x135.jpg 203w, https:\/\/semmelweis.hu\/szakkollegium\/files\/2020\/01\/RS105916_IMG_8457-scr.jpg 1200w\" ><\/a><\/div>\r\n            <\/span>\r\n\r\n            <\/div>\r\n\r\n\t\t\t<div class=\"col-3 pl-0 pr-0\">\r\n\t\t\t\t<div class=\"galeria-right-img d-flex justify-content-between flex-column h-100 w-100 px-0 mx-0 \">\r\n                <div class=\"galeria-box\">\r\n\t\t\t\t\t<h3 class=\"galeria-title\">Gal\u00e9ria<\/h3>\r\n\t\t\t\t\t<div class=\"galeria-subtitle\">\r\n\r\n\t\t\t\t\t\t<div class=\"galeria-page-counter\"><span>9<\/span>k\u00e9p<\/div>\r\n                    <\/div> <\/div>\r\n                    <span class=\"gallery-item frame d-none d-md-flex\">\r\n\t\t\t\t\t<div class=\"galeria-small-img mt-0\"><a href=\"https:\/\/semmelweis.hu\/szakkollegium\/files\/2020\/01\/RS106006_IMG_8139-scr.jpg\"><img src=https:\/\/semmelweis.hu\/szakkollegium\/files\/2020\/01\/RS106006_IMG_8139-scr.jpg \r\n                                alt=\"\"  \r\n                                class=\"attachment-sote-gallery-small size-sote-gallery-small\" \r\n                                srcset=\"https:\/\/semmelweis.hu\/szakkollegium\/files\/2020\/01\/RS106006_IMG_8139-scr-400x267.jpg 400w, https:\/\/semmelweis.hu\/szakkollegium\/files\/2020\/01\/RS106006_IMG_8139-scr-768x512.jpg 768w, https:\/\/semmelweis.hu\/szakkollegium\/files\/2020\/01\/RS106006_IMG_8139-scr-1024x683.jpg 1024w, https:\/\/semmelweis.hu\/szakkollegium\/files\/2020\/01\/RS106006_IMG_8139-scr-753x502.jpg 753w, https:\/\/semmelweis.hu\/szakkollegium\/files\/2020\/01\/RS106006_IMG_8139-scr-203x135.jpg 203w, https:\/\/semmelweis.hu\/szakkollegium\/files\/2020\/01\/RS106006_IMG_8139-scr.jpg 1200w\" ><\/a><\/div>\r\n                    <\/span>\r\n                    <span class=\"gallery-item frame d-none d-md-flex\">\r\n\t\t\t\t\t<div class=\"galeria-small-img mt-0\"><a href=\"https:\/\/semmelweis.hu\/szakkollegium\/files\/2020\/01\/RS105957_IMG_8302-scr.jpg\"><img src=https:\/\/semmelweis.hu\/szakkollegium\/files\/2020\/01\/RS105957_IMG_8302-scr.jpg \r\n                                alt=\"\" \r\n                                class=\"attachment-sote-gallery-small size-sote-gallery-small\" \r\n                                srcset=\"https:\/\/semmelweis.hu\/szakkollegium\/files\/2020\/01\/RS105957_IMG_8302-scr-400x267.jpg 400w, https:\/\/semmelweis.hu\/szakkollegium\/files\/2020\/01\/RS105957_IMG_8302-scr-768x512.jpg 768w, https:\/\/semmelweis.hu\/szakkollegium\/files\/2020\/01\/RS105957_IMG_8302-scr-1024x683.jpg 1024w, https:\/\/semmelweis.hu\/szakkollegium\/files\/2020\/01\/RS105957_IMG_8302-scr-753x502.jpg 753w, https:\/\/semmelweis.hu\/szakkollegium\/files\/2020\/01\/RS105957_IMG_8302-scr-203x135.jpg 203w, https:\/\/semmelweis.hu\/szakkollegium\/files\/2020\/01\/RS105957_IMG_8302-scr.jpg 1200w\" ><\/a><\/div>\r\n                    <\/span>\r\n\r\n                <\/div>\r\n\r\n            <\/div>\r\n\r\n            <span class=\"gallery-item\"><div class=\"hidden\"><a href=\"https:\/\/semmelweis.hu\/szakkollegium\/files\/2020\/01\/RS105923_IMG_8442-scr.jpg\">\r\n        <img src=https:\/\/semmelweis.hu\/szakkollegium\/files\/2020\/01\/RS105923_IMG_8442-scr.jpg alt=\"\" class=\"attachment-sote-gallery-big size-sote-gallery-big\" srcset=\"https:\/\/semmelweis.hu\/szakkollegium\/files\/2020\/01\/RS105923_IMG_8442-scr-400x267.jpg 400w, https:\/\/semmelweis.hu\/szakkollegium\/files\/2020\/01\/RS105923_IMG_8442-scr-768x513.jpg 768w, https:\/\/semmelweis.hu\/szakkollegium\/files\/2020\/01\/RS105923_IMG_8442-scr-1024x684.jpg 1024w, https:\/\/semmelweis.hu\/szakkollegium\/files\/2020\/01\/RS105923_IMG_8442-scr-753x503.jpg 753w, https:\/\/semmelweis.hu\/szakkollegium\/files\/2020\/01\/RS105923_IMG_8442-scr-203x135.jpg 203w, https:\/\/semmelweis.hu\/szakkollegium\/files\/2020\/01\/RS105923_IMG_8442-scr.jpg 1200w\" >\r\n        <\/a><\/div><\/span><span class=\"gallery-item\"><div class=\"hidden\"><a href=\"https:\/\/semmelweis.hu\/szakkollegium\/files\/2020\/01\/RS105954_IMG_8311-scr.jpg\">\r\n        <img src=https:\/\/semmelweis.hu\/szakkollegium\/files\/2020\/01\/RS105954_IMG_8311-scr.jpg alt=\"\" class=\"attachment-sote-gallery-big size-sote-gallery-big\" srcset=\"https:\/\/semmelweis.hu\/szakkollegium\/files\/2020\/01\/RS105954_IMG_8311-scr-400x267.jpg 400w, https:\/\/semmelweis.hu\/szakkollegium\/files\/2020\/01\/RS105954_IMG_8311-scr-768x512.jpg 768w, https:\/\/semmelweis.hu\/szakkollegium\/files\/2020\/01\/RS105954_IMG_8311-scr-1024x683.jpg 1024w, https:\/\/semmelweis.hu\/szakkollegium\/files\/2020\/01\/RS105954_IMG_8311-scr-753x502.jpg 753w, https:\/\/semmelweis.hu\/szakkollegium\/files\/2020\/01\/RS105954_IMG_8311-scr-203x135.jpg 203w, https:\/\/semmelweis.hu\/szakkollegium\/files\/2020\/01\/RS105954_IMG_8311-scr.jpg 1200w\" >\r\n        <\/a><\/div><\/span><span class=\"gallery-item\"><div class=\"hidden\"><a href=\"https:\/\/semmelweis.hu\/szakkollegium\/files\/2020\/01\/RS105935_IMG_8396-scr.jpg\">\r\n        <img src=https:\/\/semmelweis.hu\/szakkollegium\/files\/2020\/01\/RS105935_IMG_8396-scr.jpg alt=\"\" class=\"attachment-sote-gallery-big size-sote-gallery-big\" srcset=\"https:\/\/semmelweis.hu\/szakkollegium\/files\/2020\/01\/RS105935_IMG_8396-scr-400x267.jpg 400w, https:\/\/semmelweis.hu\/szakkollegium\/files\/2020\/01\/RS105935_IMG_8396-scr-768x512.jpg 768w, https:\/\/semmelweis.hu\/szakkollegium\/files\/2020\/01\/RS105935_IMG_8396-scr-1024x683.jpg 1024w, https:\/\/semmelweis.hu\/szakkollegium\/files\/2020\/01\/RS105935_IMG_8396-scr-753x502.jpg 753w, https:\/\/semmelweis.hu\/szakkollegium\/files\/2020\/01\/RS105935_IMG_8396-scr-203x135.jpg 203w, https:\/\/semmelweis.hu\/szakkollegium\/files\/2020\/01\/RS105935_IMG_8396-scr.jpg 1200w\" >\r\n        <\/a><\/div><\/span><span class=\"gallery-item\"><div class=\"hidden\"><a href=\"https:\/\/semmelweis.hu\/szakkollegium\/files\/2020\/01\/RS105929_IMG_8422-scr.jpg\">\r\n        <img src=https:\/\/semmelweis.hu\/szakkollegium\/files\/2020\/01\/RS105929_IMG_8422-scr.jpg alt=\"\" class=\"attachment-sote-gallery-big size-sote-gallery-big\" srcset=\"https:\/\/semmelweis.hu\/szakkollegium\/files\/2020\/01\/RS105929_IMG_8422-scr-400x267.jpg 400w, https:\/\/semmelweis.hu\/szakkollegium\/files\/2020\/01\/RS105929_IMG_8422-scr-768x512.jpg 768w, https:\/\/semmelweis.hu\/szakkollegium\/files\/2020\/01\/RS105929_IMG_8422-scr-1024x683.jpg 1024w, https:\/\/semmelweis.hu\/szakkollegium\/files\/2020\/01\/RS105929_IMG_8422-scr-753x502.jpg 753w, https:\/\/semmelweis.hu\/szakkollegium\/files\/2020\/01\/RS105929_IMG_8422-scr-203x135.jpg 203w, https:\/\/semmelweis.hu\/szakkollegium\/files\/2020\/01\/RS105929_IMG_8422-scr.jpg 1200w\" >\r\n        <\/a><\/div><\/span><span class=\"gallery-item\"><div class=\"hidden\"><a href=\"https:\/\/semmelweis.hu\/szakkollegium\/files\/2024\/12\/IMG_1621-scaled.jpg\">\r\n        <img src=https:\/\/semmelweis.hu\/szakkollegium\/files\/2024\/12\/IMG_1621-scaled.jpg alt=\"\" class=\"attachment-sote-gallery-big size-sote-gallery-big\" srcset=\"https:\/\/semmelweis.hu\/szakkollegium\/files\/2024\/12\/IMG_1621-400x267.jpg 400w, https:\/\/semmelweis.hu\/szakkollegium\/files\/2024\/12\/IMG_1621-1024x683.jpg 1024w, https:\/\/semmelweis.hu\/szakkollegium\/files\/2024\/12\/IMG_1621-768x512.jpg 768w, https:\/\/semmelweis.hu\/szakkollegium\/files\/2024\/12\/IMG_1621-1536x1024.jpg 1536w, https:\/\/semmelweis.hu\/szakkollegium\/files\/2024\/12\/IMG_1621-2048x1365.jpg 2048w, https:\/\/semmelweis.hu\/szakkollegium\/files\/2024\/12\/IMG_1621-753x502.jpg 753w, https:\/\/semmelweis.hu\/szakkollegium\/files\/2024\/12\/IMG_1621-203x135.jpg 203w\" >\r\n        <\/a><\/div><\/span><span class=\"gallery-item\"><div class=\"hidden\"><a href=\"https:\/\/semmelweis.hu\/szakkollegium\/files\/2024\/12\/IMG_7341-scaled.jpg\">\r\n        <img src=https:\/\/semmelweis.hu\/szakkollegium\/files\/2024\/12\/IMG_7341-scaled.jpg alt=\"\" class=\"attachment-sote-gallery-big size-sote-gallery-big\" srcset=\"https:\/\/semmelweis.hu\/szakkollegium\/files\/2024\/12\/IMG_7341-400x321.jpg 400w, https:\/\/semmelweis.hu\/szakkollegium\/files\/2024\/12\/IMG_7341-1024x823.jpg 1024w, https:\/\/semmelweis.hu\/szakkollegium\/files\/2024\/12\/IMG_7341-768x617.jpg 768w, https:\/\/semmelweis.hu\/szakkollegium\/files\/2024\/12\/IMG_7341-1536x1234.jpg 1536w, https:\/\/semmelweis.hu\/szakkollegium\/files\/2024\/12\/IMG_7341-2048x1645.jpg 2048w, https:\/\/semmelweis.hu\/szakkollegium\/files\/2024\/12\/IMG_7341-753x605.jpg 753w\" >\r\n        <\/a><\/div><\/span>\r\n            <\/div>\r\n\r\n            [\/slb_exclude]\r\n\t\n<\/div><\/div>\n<hr \/>\n","protected":false},"excerpt":{"rendered":"<p>A Kor\u00e1nyi Frigyes Szakkoll\u00e9gium a VII. ker\u00fcletben (Erzs\u00e9betv\u00e1ros) tal\u00e1lhat\u00f3, a H\u00e1rsfa utca 59\/b sz\u00e1m alatt, innen ered a &#8222;H\u00e1rsfa&#8221; n\u00e9v.\u00a0 Blokkok Itt laknak a szakkoll\u00e9gist\u00e1k. Egy blokkban 2 db 2 \u00e1gyas szoba tal\u00e1lhat\u00f3 az ezeket \u00f6sszek\u00f6t\u0151 kis konyh\u00e1val, amiben 2 f\u0151z\u0151lap, mikr\u00f3 es egy h\u0171t\u0151 is fellelhet\u0151. Tal\u00e1lhat\u00f3 m\u00e9g benne egy f\u00fcrd\u0151szoba \u00e9s egy mell\u00e9khelyis\u00e9g &hellip;<\/p>\n","protected":false},"author":101513,"featured_media":0,"parent":230,"menu_order":0,"comment_status":"closed","ping_status":"closed","template":"","meta":{"_acf_changed":false,"footnotes":""},"categories":[],"tags":[],"class_list":["post-1728","page","type-page","status-publish","hentry"],"acf":[],"_links":{"self":[{"href":"https:\/\/semmelweis.hu\/szakkollegium\/wp-json\/wp\/v2\/pages\/1728","targetHints":{"allow":["GET"]}}],"collection":[{"href":"https:\/\/semmelweis.hu\/szakkollegium\/wp-json\/wp\/v2\/pages"}],"about":[{"href":"https:\/\/semmelweis.hu\/szakkollegium\/wp-json\/wp\/v2\/types\/page"}],"author":[{"embeddable":true,"href":"https:\/\/semmelweis.hu\/szakkollegium\/wp-json\/wp\/v2\/users\/101513"}],"replies":[{"embeddable":true,"href":"https:\/\/semmelweis.hu\/szakkollegium\/wp-json\/wp\/v2\/comments?post=1728"}],"version-history":[{"count":11,"href":"https:\/\/semmelweis.hu\/szakkollegium\/wp-json\/wp\/v2\/pages\/1728\/revisions"}],"predecessor-version":[{"id":2514,"href":"https:\/\/semmelweis.hu\/szakkollegium\/wp-json\/wp\/v2\/pages\/1728\/revisions\/2514"}],"up":[{"embeddable":true,"href":"https:\/\/semmelweis.hu\/szakkollegium\/wp-json\/wp\/v2\/pages\/230"}],"wp:attachment":[{"href":"https:\/\/semmelweis.hu\/szakkollegium\/wp-json\/wp\/v2\/media?parent=1728"}],"wp:term":[{"taxonomy":"category","embeddable":true,"href":"https:\/\/semmelweis.hu\/szakkollegium\/wp-json\/wp\/v2\/categories?post=1728"},{"taxonomy":"post_tag","embeddable":true,"href":"https:\/\/semmelweis.hu\/szakkollegium\/wp-json\/wp\/v2\/tags?post=1728"}],"curies":[{"name":"wp","href":"https:\/\/api.w.org\/{rel}","templated":true}]}}