{"id":1652,"date":"2019-11-28T06:54:22","date_gmt":"2019-11-28T05:54:22","guid":{"rendered":"http:\/\/semmelweis.hu\/szakkollegium\/?page_id=1652"},"modified":"2022-03-04T19:12:56","modified_gmt":"2022-03-04T18:12:56","slug":"iii-semmelweis-tehetsegkonferencia","status":"publish","type":"page","link":"https:\/\/semmelweis.hu\/szakkollegium\/iii-semmelweis-tehetsegkonferencia\/","title":{"rendered":"III. Semmelweis Tehets\u00e9gkonferencia"},"content":{"rendered":"<h2 style=\"text-align: center\">III. Semmelweis Tehets\u00e9gkonferencia<\/h2>\n<p><span style=\"font-weight: 400\">A III. Semmelweis Tehets\u00e9gkonferencia 2022. febru\u00e1r 19-\u00e9n ker\u00fclt megrendez\u00e9sre a koll\u00e9giumunk szervez\u00e9s\u00e9ben, melyet id\u00e9n a j\u00e1rv\u00e1nyvesz\u00e9ly miatt online tudtunk lebonyol\u00edtani. A n\u00e9gy orvosi egyetem kiemelked\u0151 tudom\u00e1nyos eredm\u00e9nyeivel rendelkez\u0151 hallgat\u00f3it h\u00edvtuk meg egy tematikus, k\u00f6tetlen kerekasztal-besz\u00e9lget\u00e9sre.\u00a0<\/span><\/p>\n<p><span style=\"font-weight: 400\">Botos P\u00e9ter szakkoll\u00e9gist\u00e1nk megnyit\u00f3ja ut\u00e1n h\u00e1rom szek<\/span><span style=\"font-weight: 400\">ci\u00f3 k\u00f6vetkezett, melyek az orvosi kutat\u00f3munka h\u00e1rom k\u00fcl\u00f6nb\u00f6z\u0151 \u00e1gazata k\u00f6r\u00e9 \u00e9p\u00fcltek. Minden szekci\u00f3 az adott t\u00e9ma kiemelked\u0151 szakember\u00e9nek \u00e9s Ph.D. hallgat\u00f3j\u00e1nak k\u00fcl\u00f6nb\u00f6z\u0151 szeml\u00e9let\u0171 el\u0151ad\u00e1saival indult. Ezut\u00e1n lehet\u0151s\u00e9g ny\u00edlt a felvetett t\u00e9m\u00e1k megbesz\u00e9l\u00e9s\u00e9re, \u00fagy mint a kutat\u00f3i \u00e9letp\u00e1lya sz\u00e9ps\u00e9gei \u00e9s a felmer\u00fcl\u0151 akad\u00e1lyok; az egyetemi \u00e9vek alatti, ut\u00e1ni \u00e9s k\u00fclf\u00f6ldi szakmai lehet\u0151s\u00e9gek, t\u00e1mogat\u00e1sok. Mindemellett sz\u00f3ba ker\u00fclt a kutat\u00f3i \u201ebrand\u201d esetleges kialak\u00edt\u00e1s\u00e1nak fontoss\u00e1ga \u00e9s folyamata, a folyamatos \u00faj kih\u00edv\u00e1sok a p\u00e1ly\u00e1n \u00e9s az eredm\u00e9nyek beilleszthet\u0151s\u00e9ge a mindennapi orvosl\u00e1sba a p\u00e1ciensek min\u0151s\u00e9gi ell\u00e1t\u00e1sa \u00e9rdek\u00e9ben.<\/span><\/p>\n<p><span style=\"font-weight: 400\">Ezt k\u00f6vet\u0151en a hallgat\u00f3k mutatt\u00e1k be kutat\u00f3munk\u00e1juknak c\u00e9ljait \u00e9s m\u00f3dszertan\u00e1t, majd \u00e9p\u00edt\u0151 kritik\u00e1t \u00e9s k\u00e9rd\u00e9seket int\u00e9ztek egym\u00e1shoz. A bemutat\u00f3k c\u00e9lja nem ver<\/span><span style=\"font-weight: 400\">seng\u00e9s volt, hanem egym\u00e1s munk\u00e1j\u00e1nak \u00e9s szeml\u00e9let\u00e9nek megismer\u00e9se, hozz\u00e1j\u00e1rulva az egy\u00e9ni fejl\u0151d\u00e9shez \u00e9s a j\u00f6v\u0151beni interdiszciplin\u00e1lis kooper\u00e1ci\u00f3k kialakul\u00e1s\u00e1hoz.\u00a0<\/span><\/p>\n<p><span style=\"font-weight: 400\">Ez\u00faton is k\u00f6sz\u00f6nj\u00fck szekci\u00f3vezet\u0151inknek az \u00e9rdekes el\u0151ad\u00e1sokat, Prof. Dr. M\u00fcller Veronik\u00e1nak (SE Pulmonol\u00f3giai Klinika), Dr. Maurovich-Horvat P\u00e1lnak (SE Orvosi K\u00e9palkot\u00f3 Klinika), Dr. Heged\u0171s Tam\u00e1snak (SE Orvosi Biofizika Int\u00e9zet), Dr. Vecsey-Nagy Mil\u00e1<\/span><span style=\"font-weight: 400\">nnak (SE V\u00e1rosmajori Sz\u00edv- \u00e9s \u00c9rgy\u00f3gy\u00e1szati Klinika), Dr. Egyed B\u00e1lintnak (SE II. sz Gyermekgy\u00f3gy\u00e1szati Klinika) \u00e9s Dr. P\u00e1lla Tam\u00e1snak (SE Gy\u00f3gyszer\u00e9szi K\u00e9mia Int\u00e9zet).<\/span><\/p>\n<p>&nbsp;<\/p>\n<p><img loading=\"lazy\" decoding=\"async\" class=\"alignnone size-full wp-image-2008\" src=\"https:\/\/semmelweis.hu\/szakkollegium\/files\/2022\/02\/dupla-scaled.jpg\" alt=\"\" width=\"2560\" height=\"1526\" srcset=\"https:\/\/semmelweis.hu\/szakkollegium\/files\/2022\/02\/dupla-scaled.jpg 2560w, https:\/\/semmelweis.hu\/szakkollegium\/files\/2022\/02\/dupla-400x238.jpg 400w, https:\/\/semmelweis.hu\/szakkollegium\/files\/2022\/02\/dupla-1024x610.jpg 1024w, https:\/\/semmelweis.hu\/szakkollegium\/files\/2022\/02\/dupla-768x458.jpg 768w, https:\/\/semmelweis.hu\/szakkollegium\/files\/2022\/02\/dupla-1536x915.jpg 1536w, https:\/\/semmelweis.hu\/szakkollegium\/files\/2022\/02\/dupla-2048x1221.jpg 2048w, https:\/\/semmelweis.hu\/szakkollegium\/files\/2022\/02\/dupla-753x449.jpg 753w\" sizes=\"auto, (max-width: 2560px) 100vw, 2560px\" \/><\/p>\n<p><img loading=\"lazy\" decoding=\"async\" class=\"alignnone wp-image-1974 size-full\" src=\"https:\/\/semmelweis.hu\/szakkollegium\/files\/2021\/12\/tehetsegkonferencia_uj.png\" alt=\"\" width=\"2478\" height=\"3507\" srcset=\"https:\/\/semmelweis.hu\/szakkollegium\/files\/2021\/12\/tehetsegkonferencia_uj.png 2478w, https:\/\/semmelweis.hu\/szakkollegium\/files\/2021\/12\/tehetsegkonferencia_uj-283x400.png 283w, https:\/\/semmelweis.hu\/szakkollegium\/files\/2021\/12\/tehetsegkonferencia_uj-724x1024.png 724w, https:\/\/semmelweis.hu\/szakkollegium\/files\/2021\/12\/tehetsegkonferencia_uj-768x1087.png 768w, https:\/\/semmelweis.hu\/szakkollegium\/files\/2021\/12\/tehetsegkonferencia_uj-1085x1536.png 1085w, https:\/\/semmelweis.hu\/szakkollegium\/files\/2021\/12\/tehetsegkonferencia_uj-1447x2048.png 1447w, https:\/\/semmelweis.hu\/szakkollegium\/files\/2021\/12\/tehetsegkonferencia_uj-753x1066.png 753w\" sizes=\"auto, (max-width: 2478px) 100vw, 2478px\" \/><\/p>\n<p>A III. Semmelweis Tehets\u00e9gkonferencia t\u00e1mogat\u00f3ja a Semmelweis Egyetem Az orvos-, eg\u00e9szs\u00e9gtudom\u00e1nyi \u00e9s gy\u00f3gyszer\u00e9szk\u00e9pz\u00e9s tudom\u00e1nyos m\u0171helyeinek fejleszt\u00e9se c\u00edm\u0171 projekt (EFOP-3.6.3-VEKOP-16-2017-00009).<\/p>\n<figure id=\"attachment_1816\" aria-describedby=\"caption-attachment-1816\" style=\"width: 400px\" class=\"wp-caption aligncenter\"><img loading=\"lazy\" decoding=\"async\" class=\"wp-image-1816 size-medium\" src=\"https:\/\/semmelweis.hu\/szakkollegium\/files\/2020\/02\/88155863_196097038267931_8307949673822289920_n-400x285.png\" alt=\"\" width=\"400\" height=\"285\" srcset=\"https:\/\/semmelweis.hu\/szakkollegium\/files\/2020\/02\/88155863_196097038267931_8307949673822289920_n-400x285.png 400w, https:\/\/semmelweis.hu\/szakkollegium\/files\/2020\/02\/88155863_196097038267931_8307949673822289920_n-1024x731.png 1024w, https:\/\/semmelweis.hu\/szakkollegium\/files\/2020\/02\/88155863_196097038267931_8307949673822289920_n-768x548.png 768w, https:\/\/semmelweis.hu\/szakkollegium\/files\/2020\/02\/88155863_196097038267931_8307949673822289920_n-753x537.png 753w, https:\/\/semmelweis.hu\/szakkollegium\/files\/2020\/02\/88155863_196097038267931_8307949673822289920_n.png 1034w\" sizes=\"auto, (max-width: 400px) 100vw, 400px\" \/><figcaption id=\"caption-attachment-1816\" class=\"wp-caption-text\">Semmelweis Egyetem Az orvos-, eg\u00e9szs\u00e9gtudom\u00e1nyi \u00e9s gy\u00f3gyszer\u00e9szk\u00e9pz\u00e9s tudom\u00e1nyos m\u0171helyeinek fejleszt\u00e9se c\u00edm\u0171 projekt (EFOP-3.6.3-VEKOP-16-2017-00009)<\/figcaption><\/figure>\n","protected":false},"excerpt":{"rendered":"<p>III. Semmelweis Tehets\u00e9gkonferencia A III. Semmelweis Tehets\u00e9gkonferencia 2022. febru\u00e1r 19-\u00e9n ker\u00fclt megrendez\u00e9sre a koll\u00e9giumunk szervez\u00e9s\u00e9ben, melyet id\u00e9n a j\u00e1rv\u00e1nyvesz\u00e9ly miatt online tudtunk lebonyol\u00edtani. A n\u00e9gy orvosi egyetem kiemelked\u0151 tudom\u00e1nyos eredm\u00e9nyeivel rendelkez\u0151 hallgat\u00f3it h\u00edvtuk meg egy tematikus, k\u00f6tetlen kerekasztal-besz\u00e9lget\u00e9sre.\u00a0 Botos P\u00e9ter szakkoll\u00e9gist\u00e1nk megnyit\u00f3ja ut\u00e1n h\u00e1rom szekci\u00f3 k\u00f6vetkezett, melyek az orvosi kutat\u00f3munka h\u00e1rom k\u00fcl\u00f6nb\u00f6z\u0151 \u00e1gazata k\u00f6r\u00e9 \u00e9p\u00fcltek. &hellip;<\/p>\n","protected":false},"author":101513,"featured_media":1973,"parent":0,"menu_order":7,"comment_status":"closed","ping_status":"closed","template":"","meta":{"_acf_changed":false,"footnotes":""},"categories":[1],"tags":[],"class_list":["post-1652","page","type-page","status-publish","has-post-thumbnail","hentry","category-hirek"],"acf":[],"_links":{"self":[{"href":"https:\/\/semmelweis.hu\/szakkollegium\/wp-json\/wp\/v2\/pages\/1652","targetHints":{"allow":["GET"]}}],"collection":[{"href":"https:\/\/semmelweis.hu\/szakkollegium\/wp-json\/wp\/v2\/pages"}],"about":[{"href":"https:\/\/semmelweis.hu\/szakkollegium\/wp-json\/wp\/v2\/types\/page"}],"author":[{"embeddable":true,"href":"https:\/\/semmelweis.hu\/szakkollegium\/wp-json\/wp\/v2\/users\/101513"}],"replies":[{"embeddable":true,"href":"https:\/\/semmelweis.hu\/szakkollegium\/wp-json\/wp\/v2\/comments?post=1652"}],"version-history":[{"count":11,"href":"https:\/\/semmelweis.hu\/szakkollegium\/wp-json\/wp\/v2\/pages\/1652\/revisions"}],"predecessor-version":[{"id":2012,"href":"https:\/\/semmelweis.hu\/szakkollegium\/wp-json\/wp\/v2\/pages\/1652\/revisions\/2012"}],"wp:featuredmedia":[{"embeddable":true,"href":"https:\/\/semmelweis.hu\/szakkollegium\/wp-json\/wp\/v2\/media\/1973"}],"wp:attachment":[{"href":"https:\/\/semmelweis.hu\/szakkollegium\/wp-json\/wp\/v2\/media?parent=1652"}],"wp:term":[{"taxonomy":"category","embeddable":true,"href":"https:\/\/semmelweis.hu\/szakkollegium\/wp-json\/wp\/v2\/categories?post=1652"},{"taxonomy":"post_tag","embeddable":true,"href":"https:\/\/semmelweis.hu\/szakkollegium\/wp-json\/wp\/v2\/tags?post=1652"}],"curies":[{"name":"wp","href":"https:\/\/api.w.org\/{rel}","templated":true}]}}