{"id":1595,"date":"2019-10-30T18:24:31","date_gmt":"2019-10-30T17:24:31","guid":{"rendered":"http:\/\/semmelweis.hu\/szakkollegium\/?page_id=1595"},"modified":"2019-11-29T20:46:28","modified_gmt":"2019-11-29T19:46:28","slug":"kerekasztal-beszelgetesek","status":"publish","type":"page","link":"https:\/\/semmelweis.hu\/szakkollegium\/magunkrol\/kurzusaink-2\/kurzusaink\/kerekasztal-beszelgetesek\/","title":{"rendered":"Kerekasztal-besz\u00e9lget\u00e9sek"},"content":{"rendered":"<p style=\"text-align: justify\">A Szakkoll\u00e9gium a szakmai programok el\u0151ad\u00f3ihoz sz\u00f3l\u00f3 k\u00e9rd\u00e9sek mellett igyekszik teret biztos\u00edtani a szakemberekkel val\u00f3 k\u00f6zvetlenebb tal\u00e1lkoz\u00e1sokra, besz\u00e9lget\u00e9sekre. \u00c9ppen ez\u00e9rt a 2018\/19 II. f\u00e9l\u00e9v\u00e9ben \u00fatj\u00e1ra ind\u00edtott nagysiker\u0171 kerekasztal-besz\u00e9lget\u00e9sek ebben a f\u00e9l\u00e9vben is folytat\u00f3dnak. A besz\u00e9lget\u00e9sek sor\u00e1n a saj\u00e1t ter\u00fclet\u00fck\u00f6n elismert el\u0151ad\u00f3kat el\u0151sz\u00f6r egy r\u00f6vid bemutatkoz\u00e1sra k\u00e9rj\u00fck, amely sor\u00e1n mes\u00e9lnek a szakmai \u00e9let\u00fatjukr\u00f3l, egyetemi \u00e9veikr\u0151l \u00e9s \u00e9rdekl\u0151d\u00e9si k\u00f6r\u00fckr\u0151l. Ezt k\u00f6vet\u0151en a koll\u00e9gist\u00e1knak lehet\u0151s\u00e9g\u00fck ny\u00edlik szabadon k\u00e9rdezni az \u0151ket \u00e9rdekl\u0151 t\u00e9m\u00e1kban, \u00edgy p\u00e9ld\u00e1ul gyakran felmer\u00fclnek a TDK munk\u00e1val, a csal\u00e1d \u00e9s karrier \u00f6sszeegyeztet\u00e9s\u00e9vel, vagy \u00e9ppen a PhD k\u00e9pz\u00e9ssel kapcsolatos k\u00e9rd\u00e9sek. A tea melletti besz\u00e9lget\u00e9sek rendszerint nagyon oldott l\u00e9gk\u00f6r\u0171ek, a vid\u00e1m hangulat mellett pedig minden alkalommal rengeteg hasznos tan\u00e1ccsal gazdagodunk.<br \/>\nAz idei \u00e9vben ell\u00e1togattak hozz\u00e1nk egy kerekasztal besz\u00e9lget\u00e9sre:<\/p>\n<p style=\"text-align: justify\">Dr. Sebest\u00e9ny Tam\u00e1s, anat\u00f3mus, a Szakkoll\u00e9gium alap\u00edt\u00f3 tagja<\/p>\n<p style=\"text-align: justify\">Dr. Szij\u00e1rt\u00f3 Attila, seb\u00e9sz professzor, az I. sz. Seb\u00e9szeti Klinika igazgat\u00f3helyettese<\/p>\n<p>Dr. Masszi Tam\u00e1s, belgy\u00f3gy\u00e1sz-hematol\u00f3gus professzor, a III. sz. Belgy\u00f3gy\u00e1szati Klinika igazgat\u00f3ja<\/p>\n<p>Dr. Erd\u00e9lyi Tam\u00e1s, pulmonol\u00f3gus, volt H\u00e1rsf\u00e1s, a Di\u00e1kbizotts\u00e1g egykori eln\u00f6ke<\/p>\n<p>Dr. Horv\u00e1th Ildik\u00f3, eg\u00e9szs\u00e9g\u00fcgy\u00e9rt felel\u0151s \u00e1llamtitk\u00e1r, volt H\u00e1rsf\u00e1s<\/p>\n<figure id=\"attachment_1648\" aria-describedby=\"caption-attachment-1648\" style=\"width: 690px\" class=\"wp-caption aligncenter\"><img loading=\"lazy\" decoding=\"async\" class=\"wp-image-1648 size-large\" src=\"https:\/\/semmelweis.hu\/szakkollegium\/files\/2019\/11\/IMG_8935-1024x683.jpg\" alt=\"Kerekasztal-besz\u00e9lget\u00e9s: Prof. Dr. Masszi Tam\u00e1s\" width=\"690\" height=\"460\" srcset=\"https:\/\/semmelweis.hu\/szakkollegium\/files\/2019\/11\/IMG_8935-1024x683.jpg 1024w, https:\/\/semmelweis.hu\/szakkollegium\/files\/2019\/11\/IMG_8935-300x200.jpg 300w, https:\/\/semmelweis.hu\/szakkollegium\/files\/2019\/11\/IMG_8935-768x512.jpg 768w, https:\/\/semmelweis.hu\/szakkollegium\/files\/2019\/11\/IMG_8935-450x300.jpg 450w\" sizes=\"auto, (max-width: 690px) 100vw, 690px\" \/><figcaption id=\"caption-attachment-1648\" class=\"wp-caption-text\">Kerekasztal-besz\u00e9lget\u00e9s: Prof. Dr. Masszi Tam\u00e1s<\/figcaption><\/figure>\n","protected":false},"excerpt":{"rendered":"<p>A Szakkoll\u00e9gium a szakmai programok el\u0151ad\u00f3ihoz sz\u00f3l\u00f3 k\u00e9rd\u00e9sek mellett igyekszik teret biztos\u00edtani a szakemberekkel val\u00f3 k\u00f6zvetlenebb tal\u00e1lkoz\u00e1sokra, besz\u00e9lget\u00e9sekre. \u00c9ppen ez\u00e9rt a 2018\/19 II. f\u00e9l\u00e9v\u00e9ben \u00fatj\u00e1ra ind\u00edtott nagysiker\u0171 kerekasztal-besz\u00e9lget\u00e9sek ebben a f\u00e9l\u00e9vben is folytat\u00f3dnak. A besz\u00e9lget\u00e9sek sor\u00e1n a saj\u00e1t ter\u00fclet\u00fck\u00f6n elismert el\u0151ad\u00f3kat el\u0151sz\u00f6r egy r\u00f6vid bemutatkoz\u00e1sra k\u00e9rj\u00fck, amely sor\u00e1n mes\u00e9lnek a szakmai \u00e9let\u00fatjukr\u00f3l, egyetemi \u00e9veikr\u0151l \u00e9s &hellip;<\/p>\n","protected":false},"author":101513,"featured_media":0,"parent":209,"menu_order":0,"comment_status":"closed","ping_status":"closed","template":"","meta":{"_acf_changed":false,"footnotes":""},"categories":[],"tags":[],"class_list":["post-1595","page","type-page","status-publish","hentry"],"acf":[],"_links":{"self":[{"href":"https:\/\/semmelweis.hu\/szakkollegium\/wp-json\/wp\/v2\/pages\/1595","targetHints":{"allow":["GET"]}}],"collection":[{"href":"https:\/\/semmelweis.hu\/szakkollegium\/wp-json\/wp\/v2\/pages"}],"about":[{"href":"https:\/\/semmelweis.hu\/szakkollegium\/wp-json\/wp\/v2\/types\/page"}],"author":[{"embeddable":true,"href":"https:\/\/semmelweis.hu\/szakkollegium\/wp-json\/wp\/v2\/users\/101513"}],"replies":[{"embeddable":true,"href":"https:\/\/semmelweis.hu\/szakkollegium\/wp-json\/wp\/v2\/comments?post=1595"}],"version-history":[{"count":7,"href":"https:\/\/semmelweis.hu\/szakkollegium\/wp-json\/wp\/v2\/pages\/1595\/revisions"}],"predecessor-version":[{"id":1683,"href":"https:\/\/semmelweis.hu\/szakkollegium\/wp-json\/wp\/v2\/pages\/1595\/revisions\/1683"}],"up":[{"embeddable":true,"href":"https:\/\/semmelweis.hu\/szakkollegium\/wp-json\/wp\/v2\/pages\/209"}],"wp:attachment":[{"href":"https:\/\/semmelweis.hu\/szakkollegium\/wp-json\/wp\/v2\/media?parent=1595"}],"wp:term":[{"taxonomy":"category","embeddable":true,"href":"https:\/\/semmelweis.hu\/szakkollegium\/wp-json\/wp\/v2\/categories?post=1595"},{"taxonomy":"post_tag","embeddable":true,"href":"https:\/\/semmelweis.hu\/szakkollegium\/wp-json\/wp\/v2\/tags?post=1595"}],"curies":[{"name":"wp","href":"https:\/\/api.w.org\/{rel}","templated":true}]}}