{"id":1594,"date":"2019-10-30T18:24:28","date_gmt":"2019-10-30T17:24:28","guid":{"rendered":"http:\/\/semmelweis.hu\/szakkollegium\/?page_id=1594"},"modified":"2019-11-19T20:16:39","modified_gmt":"2019-11-19T19:16:39","slug":"agyi-esettanulmanyok","status":"publish","type":"page","link":"https:\/\/semmelweis.hu\/szakkollegium\/magunkrol\/kurzusaink-2\/kurzusaink\/agyi-esettanulmanyok\/","title":{"rendered":"Agyi esettanulm\u00e1nyok"},"content":{"rendered":"<p style=\"text-align: justify\">A negyed\u00e9ves k\u00f6telez\u0151 kurzus, az Agyi esettanulm\u00e1nyok c\u00e9lja, hogy a k\u00f6zponti idegrendszert t\u00f6bbf\u00e9le aspektusb\u00f3l mutathassuk be a szakkoll\u00e9gist\u00e1knak, \u00e9s ez\u00e1ltal olyan ter\u00fcletek is ismertet\u00e9sre ker\u00fcljenek, melyekre az egyetemi oktat\u00e1s keretein bel\u00fcl nem ker\u00fcl sor.<\/p>\n<p style=\"text-align: justify\">Az els\u0151 el\u0151ad\u00e1st Dr. Bolyky Orsolya jog\u00e1sz tartotta, aki az Orsz\u00e1gos Kriminol\u00f3giai Int\u00e9zet munkat\u00e1rsak\u00e9nt a krimin\u00e1lpszichol\u00f3gia m\u0171k\u00f6d\u00e9s\u00e9be vezetett be minket. A val\u00f3di periratok alapj\u00e1n fel\u00e1ll\u00edtott esetek k\u00f6z\u00f6s megbesz\u00e9l\u00e9se sor\u00e1n sz\u00e1mos, sokak sz\u00e1m\u00e1ra megd\u00f6bbent\u0151 t\u00e9nnyel szembes\u00fclt\u00fcnk, \u00edgy az el\u0151ad\u00e1s nem csak \u00e9rdekes, de egyben igen tanuls\u00e1gos is volt sz\u00e1mukra.<\/p>\n<p style=\"text-align: justify\">A kurzus m\u00e1sodik el\u0151ad\u00e1s\u00e1t Prof. Dr. Kamondi Anita tartotta, aki egy rendk\u00edv\u00fcl j\u00f3 hangulat\u00fa el\u0151ad\u00e1s sor\u00e1n a neurol\u00f3gi\u00e1ban alkalmazott patol\u00f3giai jelekr\u0151l mes\u00e9lt nek\u00fcnk. Az \u00c1llatkert az agyban c. el\u0151ad\u00e1sb\u00f3l rengeteg olyan \u00e9rdekes gyan\u00fajelr\u0151l hallhattunk, amely a k\u00e9s\u0151bbi gyakorlatok sor\u00e1n biztosan hasznos lesz.<\/p>\n<p style=\"text-align: justify\">A kurzus harmadik, egyben z\u00e1r\u00f3el\u0151ad\u00e1s\u00e1t Dr. Er\u0151ss L\u00f3r\u00e1nd, Prima d\u00edjas neurol\u00f3gus-idegseb\u00e9sz tartotta, aki el\u0151sz\u00f6r bemutatta a mesters\u00e9ges intelligencia \u00e9s a neurol\u00f3gia kapcsolat\u00e1t, majd olyan modern, az idegseb\u00e9szeti szakell\u00e1t\u00e1sban el\u00e9rhet\u0151 m\u0171szerekr\u0151l mes\u00e9lt, melyeket jelenleg az epilepszia \u00e9s m\u00e1s neurol\u00f3giai k\u00f3rk\u00e9pek kezel\u00e9s\u00e9re alkalmaznak.<\/p>\n<p style=\"text-align: justify\">\u00a0<\/p>\n<p style=\"text-align: justify\">Ez\u00faton szeretn\u00e9nk megk\u00f6sz\u00f6nni el\u0151ad\u00f3inknak, hogy elv\u00e1llalt\u00e1k a felk\u00e9r\u00e9st \u00e9s egy el\u0151ad\u00e1s erej\u00e9ig ell\u00e1togattak a H\u00e1rsf\u00e1ba!<\/p>\n<figure id=\"attachment_1617\" aria-describedby=\"caption-attachment-1617\" style=\"width: 690px\" class=\"wp-caption aligncenter\"><img loading=\"lazy\" decoding=\"async\" class=\"wp-image-1617 size-large\" src=\"https:\/\/semmelweis.hu\/szakkollegium\/files\/2019\/11\/Kamondi-1024x683.jpg\" alt=\"\" width=\"690\" height=\"460\" srcset=\"https:\/\/semmelweis.hu\/szakkollegium\/files\/2019\/11\/Kamondi-1024x683.jpg 1024w, https:\/\/semmelweis.hu\/szakkollegium\/files\/2019\/11\/Kamondi-300x200.jpg 300w, https:\/\/semmelweis.hu\/szakkollegium\/files\/2019\/11\/Kamondi-768x512.jpg 768w, https:\/\/semmelweis.hu\/szakkollegium\/files\/2019\/11\/Kamondi-450x300.jpg 450w\" sizes=\"auto, (max-width: 690px) 100vw, 690px\" \/><figcaption id=\"caption-attachment-1617\" class=\"wp-caption-text\">Prof. Dr. Kamondi Anita: \u00c1llatkert az agyban<\/figcaption><\/figure>\n","protected":false},"excerpt":{"rendered":"<p>A negyed\u00e9ves k\u00f6telez\u0151 kurzus, az Agyi esettanulm\u00e1nyok c\u00e9lja, hogy a k\u00f6zponti idegrendszert t\u00f6bbf\u00e9le aspektusb\u00f3l mutathassuk be a szakkoll\u00e9gist\u00e1knak, \u00e9s ez\u00e1ltal olyan ter\u00fcletek is ismertet\u00e9sre ker\u00fcljenek, melyekre az egyetemi oktat\u00e1s keretein bel\u00fcl nem ker\u00fcl sor. Az els\u0151 el\u0151ad\u00e1st Dr. Bolyky Orsolya jog\u00e1sz tartotta, aki az Orsz\u00e1gos Kriminol\u00f3giai Int\u00e9zet munkat\u00e1rsak\u00e9nt a krimin\u00e1lpszichol\u00f3gia m\u0171k\u00f6d\u00e9s\u00e9be vezetett be minket. A &hellip;<\/p>\n","protected":false},"author":101513,"featured_media":0,"parent":209,"menu_order":0,"comment_status":"closed","ping_status":"closed","template":"","meta":{"_acf_changed":false,"footnotes":""},"categories":[],"tags":[],"class_list":["post-1594","page","type-page","status-publish","hentry"],"acf":[],"_links":{"self":[{"href":"https:\/\/semmelweis.hu\/szakkollegium\/wp-json\/wp\/v2\/pages\/1594","targetHints":{"allow":["GET"]}}],"collection":[{"href":"https:\/\/semmelweis.hu\/szakkollegium\/wp-json\/wp\/v2\/pages"}],"about":[{"href":"https:\/\/semmelweis.hu\/szakkollegium\/wp-json\/wp\/v2\/types\/page"}],"author":[{"embeddable":true,"href":"https:\/\/semmelweis.hu\/szakkollegium\/wp-json\/wp\/v2\/users\/101513"}],"replies":[{"embeddable":true,"href":"https:\/\/semmelweis.hu\/szakkollegium\/wp-json\/wp\/v2\/comments?post=1594"}],"version-history":[{"count":4,"href":"https:\/\/semmelweis.hu\/szakkollegium\/wp-json\/wp\/v2\/pages\/1594\/revisions"}],"predecessor-version":[{"id":1676,"href":"https:\/\/semmelweis.hu\/szakkollegium\/wp-json\/wp\/v2\/pages\/1594\/revisions\/1676"}],"up":[{"embeddable":true,"href":"https:\/\/semmelweis.hu\/szakkollegium\/wp-json\/wp\/v2\/pages\/209"}],"wp:attachment":[{"href":"https:\/\/semmelweis.hu\/szakkollegium\/wp-json\/wp\/v2\/media?parent=1594"}],"wp:term":[{"taxonomy":"category","embeddable":true,"href":"https:\/\/semmelweis.hu\/szakkollegium\/wp-json\/wp\/v2\/categories?post=1594"},{"taxonomy":"post_tag","embeddable":true,"href":"https:\/\/semmelweis.hu\/szakkollegium\/wp-json\/wp\/v2\/tags?post=1594"}],"curies":[{"name":"wp","href":"https:\/\/api.w.org\/{rel}","templated":true}]}}