{"id":1593,"date":"2019-10-30T18:24:26","date_gmt":"2019-10-30T17:24:26","guid":{"rendered":"http:\/\/semmelweis.hu\/szakkollegium\/?page_id=1593"},"modified":"2019-10-30T18:40:28","modified_gmt":"2019-10-30T17:40:28","slug":"orvosjog","status":"publish","type":"page","link":"https:\/\/semmelweis.hu\/szakkollegium\/magunkrol\/kurzusaink-2\/kurzusaink\/orvosjog\/","title":{"rendered":"Orvosjog"},"content":{"rendered":"<p style=\"text-align: justify\">Az \u00f6t\u00f6d- \u00e9s hatod\u00e9vesek k\u00f6telez\u0151 kurzusa az idei \u00e9vben az Orvosjog volt, melyet Dr. Ungv\u00e1ry Botond tartott. Az eg\u00e9szs\u00e9g\u00fcgyi joggal foglalkoz\u00f3 szakember az el\u0151ad\u00e1sai sor\u00e1n olyan fontos t\u00e9m\u00e1kat \u00e9rintett, melyekre a hamarosan v\u00e9gz\u0151 koll\u00e9gist\u00e1inknak a k\u00f6zelj\u00f6v\u0151ben sz\u00fcks\u00e9ge lehet. Az egyes el\u0151ad\u00e1sokon olyan t\u00e9m\u00e1kr\u00f3l hallhattunk, mint az orvos \u00e9s beteg jogai \u00e9s a m\u0171hib\u00e1k jogi k\u00f6vetkezm\u00e9nyei. A val\u00f3s \u00e9letb\u0151l vett esetekkel illusztr\u00e1lt el\u0151ad\u00e1sok igaz\u00e1n hasznos alapot ny\u00fajtanak egy olyan t\u00e9m\u00e1hoz, amellyel az orvosk\u00e9pz\u00e9s sor\u00e1n sajnos meglehet\u0151sen keveset tal\u00e1lkozhatunk. Ez\u00faton is k\u00f6sz\u00f6nj\u00fck Dr. Ungv\u00e1ry Botondnak, hogy felaj\u00e1nlotta sz\u00e1munkra a lehet\u0151s\u00e9get, valamint, hogy minden alkalommal igen sz\u00f3rakoztat\u00f3 \u00e9s egyben tanuls\u00e1gos m\u00f3don hallhattunk err\u0151l a fontos t\u00e9m\u00e1r\u00f3l!<\/p>\n<figure id=\"attachment_1604\" aria-describedby=\"caption-attachment-1604\" style=\"width: 690px\" class=\"wp-caption aligncenter\"><img loading=\"lazy\" decoding=\"async\" class=\"wp-image-1604 size-large\" src=\"https:\/\/semmelweis.hu\/szakkollegium\/files\/2019\/10\/Orvosjog-1024x683.jpg\" alt=\"\" width=\"690\" height=\"460\" srcset=\"https:\/\/semmelweis.hu\/szakkollegium\/files\/2019\/10\/Orvosjog-1024x683.jpg 1024w, https:\/\/semmelweis.hu\/szakkollegium\/files\/2019\/10\/Orvosjog-300x200.jpg 300w, https:\/\/semmelweis.hu\/szakkollegium\/files\/2019\/10\/Orvosjog-768x512.jpg 768w, https:\/\/semmelweis.hu\/szakkollegium\/files\/2019\/10\/Orvosjog-450x300.jpg 450w\" sizes=\"auto, (max-width: 690px) 100vw, 690px\" \/><figcaption id=\"caption-attachment-1604\" class=\"wp-caption-text\">Dr. Ungv\u00e1ry Botond el\u0151ad\u00e1st tart.<\/figcaption><\/figure>\n","protected":false},"excerpt":{"rendered":"<p>Az \u00f6t\u00f6d- \u00e9s hatod\u00e9vesek k\u00f6telez\u0151 kurzusa az idei \u00e9vben az Orvosjog volt, melyet Dr. Ungv\u00e1ry Botond tartott. Az eg\u00e9szs\u00e9g\u00fcgyi joggal foglalkoz\u00f3 szakember az el\u0151ad\u00e1sai sor\u00e1n olyan fontos t\u00e9m\u00e1kat \u00e9rintett, melyekre a hamarosan v\u00e9gz\u0151 koll\u00e9gist\u00e1inknak a k\u00f6zelj\u00f6v\u0151ben sz\u00fcks\u00e9ge lehet. Az egyes el\u0151ad\u00e1sokon olyan t\u00e9m\u00e1kr\u00f3l hallhattunk, mint az orvos \u00e9s beteg jogai \u00e9s a m\u0171hib\u00e1k jogi k\u00f6vetkezm\u00e9nyei. &hellip;<\/p>\n","protected":false},"author":101513,"featured_media":0,"parent":209,"menu_order":0,"comment_status":"closed","ping_status":"closed","template":"","meta":{"_acf_changed":false,"footnotes":""},"categories":[],"tags":[],"class_list":["post-1593","page","type-page","status-publish","hentry"],"acf":[],"_links":{"self":[{"href":"https:\/\/semmelweis.hu\/szakkollegium\/wp-json\/wp\/v2\/pages\/1593","targetHints":{"allow":["GET"]}}],"collection":[{"href":"https:\/\/semmelweis.hu\/szakkollegium\/wp-json\/wp\/v2\/pages"}],"about":[{"href":"https:\/\/semmelweis.hu\/szakkollegium\/wp-json\/wp\/v2\/types\/page"}],"author":[{"embeddable":true,"href":"https:\/\/semmelweis.hu\/szakkollegium\/wp-json\/wp\/v2\/users\/101513"}],"replies":[{"embeddable":true,"href":"https:\/\/semmelweis.hu\/szakkollegium\/wp-json\/wp\/v2\/comments?post=1593"}],"version-history":[{"count":4,"href":"https:\/\/semmelweis.hu\/szakkollegium\/wp-json\/wp\/v2\/pages\/1593\/revisions"}],"predecessor-version":[{"id":1614,"href":"https:\/\/semmelweis.hu\/szakkollegium\/wp-json\/wp\/v2\/pages\/1593\/revisions\/1614"}],"up":[{"embeddable":true,"href":"https:\/\/semmelweis.hu\/szakkollegium\/wp-json\/wp\/v2\/pages\/209"}],"wp:attachment":[{"href":"https:\/\/semmelweis.hu\/szakkollegium\/wp-json\/wp\/v2\/media?parent=1593"}],"wp:term":[{"taxonomy":"category","embeddable":true,"href":"https:\/\/semmelweis.hu\/szakkollegium\/wp-json\/wp\/v2\/categories?post=1593"},{"taxonomy":"post_tag","embeddable":true,"href":"https:\/\/semmelweis.hu\/szakkollegium\/wp-json\/wp\/v2\/tags?post=1593"}],"curies":[{"name":"wp","href":"https:\/\/api.w.org\/{rel}","templated":true}]}}