{"id":1592,"date":"2019-10-30T18:24:22","date_gmt":"2019-10-30T17:24:22","guid":{"rendered":"http:\/\/semmelweis.hu\/szakkollegium\/?page_id=1592"},"modified":"2019-10-30T18:41:34","modified_gmt":"2019-10-30T17:41:34","slug":"prevencio","status":"publish","type":"page","link":"https:\/\/semmelweis.hu\/szakkollegium\/magunkrol\/kurzusaink-2\/kurzusaink\/prevencio\/","title":{"rendered":"Prevenci\u00f3"},"content":{"rendered":"<p style=\"text-align: justify\">Az idei \u00e9vben a m\u00e1sod\u00e9vesek k\u00f6telez\u0151 el\u0151ad\u00e1ssorozata a Prevenci\u00f3 c. kurzus volt. A k\u00f3rmegel\u0151z\u00e9s napjainkban egyre nagyobb teret nyer az orvosl\u00e1s sor\u00e1n \u00e9s jelent\u0151s\u00e9g\u00e9t nem lehet t\u00falbecs\u00fclni, ez\u00e9rt \u00fagy gondoltuk, hogy a szakkoll\u00e9giumban mindenk\u00e9ppen hallanunk kell err\u0151l a fontos t\u00e9m\u00e1r\u00f3l. A kurzus sor\u00e1n a hallgat\u00f3k megismerkedhetnek a klinikum k\u00fcl\u00f6nb\u00f6z\u0151 ter\u00fcletein nagy jelent\u0151s\u00e9ggel b\u00edr\u00f3 prevenci\u00f3s \u00e9s beteggondoz\u00e1si tev\u00e9kenys\u00e9gekkel.<\/p>\n<p style=\"text-align: justify\">Az el\u0151ad\u00e1ssorozat els\u0151 el\u0151ad\u00e1s\u00e1t k\u00e9t szakkoll\u00e9gista, M\u00f3dos Dominika \u00e9s Veress Fanni \u00f6t\u00f6d- \u00e9s negyed\u00e9ves fogorvostan hallgat\u00f3k tartott\u00e1k, akik sz\u00e1mos nagyon hasznos \u00e9s a mindennapok sor\u00e1n alkalmazhat\u00f3 fog- \u00e9s sz\u00e1j\u00e1pol\u00e1si tan\u00e1csot osztottak meg vel\u00fcnk. A kurzus m\u00e1sodik r\u00e9sz\u00e9ben Cserh\u00e1ti-Herold Janka l\u00e1togatott el hozz\u00e1nk, aki a hormonmentes.hu oldal szerkeszt\u0151jek\u00e9nt a fogamz\u00e1sg\u00e1tl\u00e1s k\u00fcl\u00f6nb\u00f6z\u0151 aspektusair\u00f3l mes\u00e9lt nek\u00fcnk. A sorozat z\u00e1r\u00f3el\u0151ad\u00e1s\u00e1ra Dr. Kuroli Enik\u0151 patol\u00f3gus-b\u0151rgy\u00f3gy\u00e1sz szakorvost k\u00e9rt\u00fck fel, aki egy nagyon j\u00f3 hangulat\u00fa el\u0151ad\u00e1s keret\u00e9ben a b\u0151rgy\u00f3gy\u00e1szati prevenci\u00f3, sz\u0171r\u0151vizsg\u00e1latok t\u00e9mak\u00f6r\u00e9t j\u00e1rta k\u00f6r\u00fcl.<\/p>\n<figure id=\"attachment_1603\" aria-describedby=\"caption-attachment-1603\" style=\"width: 690px\" class=\"wp-caption aligncenter\"><img loading=\"lazy\" decoding=\"async\" class=\"wp-image-1603 size-large\" src=\"https:\/\/semmelweis.hu\/szakkollegium\/files\/2019\/10\/Prevenci\u00f3-1024x683.jpg\" alt=\"\" width=\"690\" height=\"460\" srcset=\"https:\/\/semmelweis.hu\/szakkollegium\/files\/2019\/10\/Prevenci\u00f3-1024x683.jpg 1024w, https:\/\/semmelweis.hu\/szakkollegium\/files\/2019\/10\/Prevenci\u00f3-300x200.jpg 300w, https:\/\/semmelweis.hu\/szakkollegium\/files\/2019\/10\/Prevenci\u00f3-768x512.jpg 768w, https:\/\/semmelweis.hu\/szakkollegium\/files\/2019\/10\/Prevenci\u00f3-450x300.jpg 450w\" sizes=\"auto, (max-width: 690px) 100vw, 690px\" \/><figcaption id=\"caption-attachment-1603\" class=\"wp-caption-text\">Dr. Kuroli Enik\u0151 el\u0151ad\u00e1sa ut\u00e1n.<\/figcaption><\/figure>\n","protected":false},"excerpt":{"rendered":"<p>Az idei \u00e9vben a m\u00e1sod\u00e9vesek k\u00f6telez\u0151 el\u0151ad\u00e1ssorozata a Prevenci\u00f3 c. kurzus volt. A k\u00f3rmegel\u0151z\u00e9s napjainkban egyre nagyobb teret nyer az orvosl\u00e1s sor\u00e1n \u00e9s jelent\u0151s\u00e9g\u00e9t nem lehet t\u00falbecs\u00fclni, ez\u00e9rt \u00fagy gondoltuk, hogy a szakkoll\u00e9giumban mindenk\u00e9ppen hallanunk kell err\u0151l a fontos t\u00e9m\u00e1r\u00f3l. A kurzus sor\u00e1n a hallgat\u00f3k megismerkedhetnek a klinikum k\u00fcl\u00f6nb\u00f6z\u0151 ter\u00fcletein nagy jelent\u0151s\u00e9ggel b\u00edr\u00f3 prevenci\u00f3s \u00e9s &hellip;<\/p>\n","protected":false},"author":101513,"featured_media":0,"parent":209,"menu_order":0,"comment_status":"closed","ping_status":"closed","template":"","meta":{"_acf_changed":false,"footnotes":""},"categories":[],"tags":[],"class_list":["post-1592","page","type-page","status-publish","hentry"],"acf":[],"_links":{"self":[{"href":"https:\/\/semmelweis.hu\/szakkollegium\/wp-json\/wp\/v2\/pages\/1592","targetHints":{"allow":["GET"]}}],"collection":[{"href":"https:\/\/semmelweis.hu\/szakkollegium\/wp-json\/wp\/v2\/pages"}],"about":[{"href":"https:\/\/semmelweis.hu\/szakkollegium\/wp-json\/wp\/v2\/types\/page"}],"author":[{"embeddable":true,"href":"https:\/\/semmelweis.hu\/szakkollegium\/wp-json\/wp\/v2\/users\/101513"}],"replies":[{"embeddable":true,"href":"https:\/\/semmelweis.hu\/szakkollegium\/wp-json\/wp\/v2\/comments?post=1592"}],"version-history":[{"count":5,"href":"https:\/\/semmelweis.hu\/szakkollegium\/wp-json\/wp\/v2\/pages\/1592\/revisions"}],"predecessor-version":[{"id":1615,"href":"https:\/\/semmelweis.hu\/szakkollegium\/wp-json\/wp\/v2\/pages\/1592\/revisions\/1615"}],"up":[{"embeddable":true,"href":"https:\/\/semmelweis.hu\/szakkollegium\/wp-json\/wp\/v2\/pages\/209"}],"wp:attachment":[{"href":"https:\/\/semmelweis.hu\/szakkollegium\/wp-json\/wp\/v2\/media?parent=1592"}],"wp:term":[{"taxonomy":"category","embeddable":true,"href":"https:\/\/semmelweis.hu\/szakkollegium\/wp-json\/wp\/v2\/categories?post=1592"},{"taxonomy":"post_tag","embeddable":true,"href":"https:\/\/semmelweis.hu\/szakkollegium\/wp-json\/wp\/v2\/tags?post=1592"}],"curies":[{"name":"wp","href":"https:\/\/api.w.org\/{rel}","templated":true}]}}