{"id":1591,"date":"2019-10-30T18:24:20","date_gmt":"2019-10-30T17:24:20","guid":{"rendered":"http:\/\/semmelweis.hu\/szakkollegium\/?page_id=1591"},"modified":"2019-10-30T18:36:01","modified_gmt":"2019-10-30T17:36:01","slug":"prokon","status":"publish","type":"page","link":"https:\/\/semmelweis.hu\/szakkollegium\/magunkrol\/kurzusaink-2\/kurzusaink\/prokon\/","title":{"rendered":"PROKON"},"content":{"rendered":"<p style=\"text-align: justify\">Az el\u0151\u00e9vesek k\u00f6telez\u0151 kurzusa, a PROKON Egyes\u00fclet \u00e1ltal szervezett \u00e9s megtartott el\u0151ad\u00e1sok kitekint\u00e9st ny\u00fajtottak az orvostudom\u00e1nyok t\u00e9mak\u00f6r\u00e9b\u0151l. Az el\u0151ad\u00e1sok sor\u00e1n a szakkoll\u00e9gist\u00e1k sz\u00e1mos t\u00e1rsadalomtudom\u00e1nyi, t\u00f6rt\u00e9nelmi \u00e9s politikai t\u00e9m\u00e1val ismerkedhettek meg, m\u00e1s egyetemist\u00e1k tolm\u00e1csol\u00e1s\u00e1ban. A biztons\u00e1gpolitikai, hatalmi koncepci\u00f3k \u00e9s adatv\u00e9delem t\u00e9m\u00e1kat, valamint a civiliz\u00e1ci\u00f3s elm\u00e9leteket \u00e9s a 20. sz\u00e1zadi magyar t\u00f6rt\u00e9nelmet fel\u00f6lel\u0151 el\u0151ad\u00e1sok els\u0151dleges c\u00e9lja a l\u00e1t\u00f3k\u00f6r sz\u00e9les\u00edt\u00e9se volt, valamint egy \u00e1ltal\u00e1nos tud\u00e1sanyag \u00e1tad\u00e1sa, hiszen a koll\u00e9gium a szakmai fejl\u0151d\u00e9s mellett az eg\u00e9szs\u00e9g\u00fcgy\u00f6n k\u00edv\u00fcli m\u0171vel\u0151d\u00e9sre is szeretne lehet\u0151s\u00e9get biztos\u00edtani. Rem\u00e9lj\u00fck, hogy t\u00f6bbeknek is siker\u00fclt felkelten\u00fcnk az \u00e9rdekl\u0151d\u00e9s\u00e9t a t\u00e1rsadalomtudom\u00e1nyi t\u00e9m\u00e1k ir\u00e1nt \u00e9s egyben szeretn\u00e9nk megk\u00f6sz\u00f6nni a PROKON Egyes\u00fcletnek, hogy elv\u00e1llalt\u00e1k a kurzussorozat megtart\u00e1s\u00e1t!<\/p>\n<p><img loading=\"lazy\" decoding=\"async\" class=\"wp-image-1605 size-large aligncenter\" src=\"https:\/\/semmelweis.hu\/szakkollegium\/files\/2019\/10\/PROKON-1024x683.jpg\" alt=\"\" width=\"690\" height=\"460\" srcset=\"https:\/\/semmelweis.hu\/szakkollegium\/files\/2019\/10\/PROKON-1024x683.jpg 1024w, https:\/\/semmelweis.hu\/szakkollegium\/files\/2019\/10\/PROKON-300x200.jpg 300w, https:\/\/semmelweis.hu\/szakkollegium\/files\/2019\/10\/PROKON-768x512.jpg 768w, https:\/\/semmelweis.hu\/szakkollegium\/files\/2019\/10\/PROKON-450x300.jpg 450w\" sizes=\"auto, (max-width: 690px) 100vw, 690px\" \/><\/p>\n","protected":false},"excerpt":{"rendered":"<p>Az el\u0151\u00e9vesek k\u00f6telez\u0151 kurzusa, a PROKON Egyes\u00fclet \u00e1ltal szervezett \u00e9s megtartott el\u0151ad\u00e1sok kitekint\u00e9st ny\u00fajtottak az orvostudom\u00e1nyok t\u00e9mak\u00f6r\u00e9b\u0151l. Az el\u0151ad\u00e1sok sor\u00e1n a szakkoll\u00e9gist\u00e1k sz\u00e1mos t\u00e1rsadalomtudom\u00e1nyi, t\u00f6rt\u00e9nelmi \u00e9s politikai t\u00e9m\u00e1val ismerkedhettek meg, m\u00e1s egyetemist\u00e1k tolm\u00e1csol\u00e1s\u00e1ban. A biztons\u00e1gpolitikai, hatalmi koncepci\u00f3k \u00e9s adatv\u00e9delem t\u00e9m\u00e1kat, valamint a civiliz\u00e1ci\u00f3s elm\u00e9leteket \u00e9s a 20. sz\u00e1zadi magyar t\u00f6rt\u00e9nelmet fel\u00f6lel\u0151 el\u0151ad\u00e1sok els\u0151dleges c\u00e9lja a &hellip;<\/p>\n","protected":false},"author":101513,"featured_media":0,"parent":209,"menu_order":0,"comment_status":"closed","ping_status":"closed","template":"","meta":{"_acf_changed":false,"footnotes":""},"categories":[],"tags":[],"class_list":["post-1591","page","type-page","status-publish","hentry"],"acf":[],"_links":{"self":[{"href":"https:\/\/semmelweis.hu\/szakkollegium\/wp-json\/wp\/v2\/pages\/1591","targetHints":{"allow":["GET"]}}],"collection":[{"href":"https:\/\/semmelweis.hu\/szakkollegium\/wp-json\/wp\/v2\/pages"}],"about":[{"href":"https:\/\/semmelweis.hu\/szakkollegium\/wp-json\/wp\/v2\/types\/page"}],"author":[{"embeddable":true,"href":"https:\/\/semmelweis.hu\/szakkollegium\/wp-json\/wp\/v2\/users\/101513"}],"replies":[{"embeddable":true,"href":"https:\/\/semmelweis.hu\/szakkollegium\/wp-json\/wp\/v2\/comments?post=1591"}],"version-history":[{"count":4,"href":"https:\/\/semmelweis.hu\/szakkollegium\/wp-json\/wp\/v2\/pages\/1591\/revisions"}],"predecessor-version":[{"id":1612,"href":"https:\/\/semmelweis.hu\/szakkollegium\/wp-json\/wp\/v2\/pages\/1591\/revisions\/1612"}],"up":[{"embeddable":true,"href":"https:\/\/semmelweis.hu\/szakkollegium\/wp-json\/wp\/v2\/pages\/209"}],"wp:attachment":[{"href":"https:\/\/semmelweis.hu\/szakkollegium\/wp-json\/wp\/v2\/media?parent=1591"}],"wp:term":[{"taxonomy":"category","embeddable":true,"href":"https:\/\/semmelweis.hu\/szakkollegium\/wp-json\/wp\/v2\/categories?post=1591"},{"taxonomy":"post_tag","embeddable":true,"href":"https:\/\/semmelweis.hu\/szakkollegium\/wp-json\/wp\/v2\/tags?post=1591"}],"curies":[{"name":"wp","href":"https:\/\/api.w.org\/{rel}","templated":true}]}}