{"id":1546,"date":"2019-10-24T18:08:01","date_gmt":"2019-10-24T16:08:01","guid":{"rendered":"http:\/\/semmelweis.hu\/szakkollegium\/?page_id=1546"},"modified":"2024-12-31T17:57:37","modified_gmt":"2024-12-31T16:57:37","slug":"magunkrol","status":"publish","type":"page","link":"https:\/\/semmelweis.hu\/szakkollegium\/magunkrol\/","title":{"rendered":"Magunkr\u00f3l"},"content":{"rendered":"<p><span style=\"font-weight: 400\">A Kor\u00e1nyi Frigyes Szakkoll\u00e9gium egyszer\u0171en m\u00e1s. Sokan sokf\u00e9lek\u00e9ppen pr\u00f3b\u00e1lt\u00e1k m\u00e1r megfogalmazni a l\u00e9nyeg\u00e9t, de elmond\u00e1sok alapj\u00e1n nagyon neh\u00e9z lenne hiteles k\u00e9pet kapni r\u00f3la. Minden lak\u00f3j\u00e1nak m\u00e1st \u00e9s m\u00e1st jelent ez a h\u00e1z, \u00e9s ami tal\u00e1n m\u00e9g fontosabb, folyton v\u00e1ltozik. K\u00e9t dolog viszont mindig is jellemz\u0151je volt a tehets\u00e9ggondoz\u00e1s ezen fellegv\u00e1r\u00e1nak: a legm\u00e9lyebb tudom\u00e1nyos ig\u00e9nyess\u00e9g \u00e9s az egym\u00e1s\u00e9rt \u00e9s a k\u00f6z\u00f6ss\u00e9g\u00e9rt val\u00f3 felel\u0151ss\u00e9gv\u00e1llal\u00e1s.<\/span><\/p>\n<p><span style=\"font-weight: 400\">Az alap\u00edt\u00f3k 1985-ben egy olyan szellemi m\u0171helyt hoztak l\u00e9tre a H\u00e1rsfa utc\u00e1ban, amely nem csak sz\u00e1ll\u00e1st k\u00edv\u00e1nt biztos\u00edtani a szakkoll\u00e9gist\u00e1knak, hanem saj\u00e1t kurzusai \u00e9s k\u00f6vetelm\u00e9nyrendszere \u00e1ltal a lak\u00f3k min\u00e9l magasabb sz\u00ednvonal\u00fa k\u00e9pz\u00e9s\u00e9hez is hozz\u00e1j\u00e1rult. Szakmailag mindig naprak\u00e9sz, \u00e9rdekl\u0151d\u0151 \u00e9s lelkiismeretes gy\u00f3gy\u00edt\u00f3kat akartak adni az orsz\u00e1gnak. Olyanokat, akik a t\u00e1rsadalom \u00fcgyei ir\u00e1nt sem k\u00f6z\u00f6mb\u00f6sek, felel\u0151ss\u00e9get \u00e9reznek \u00e9rte, \u00e9s tettre is k\u00e9szek.<\/span><\/p>\n<p><iframe loading=\"lazy\" title=\"Kor\u00e1nyi Frigyes Szakkoll\u00e9gium bemutakoz\u00e1sa\" width=\"753\" height=\"424\" src=\"https:\/\/www.youtube.com\/embed\/Pb8t_iuP2oc?feature=oembed\" frameborder=\"0\" allow=\"accelerometer; autoplay; clipboard-write; encrypted-media; gyroscope; picture-in-picture; web-share\" referrerpolicy=\"strict-origin-when-cross-origin\" allowfullscreen><\/iframe><\/p>\n<p><span style=\"font-weight: 400\">A szakkoll\u00e9gium legf\u0151bb c\u00e9lja ma is az, hogy r\u00e9szt v\u00e1llaljon a felel\u0151s, f\u00fcggetlen magyar \u00e9rtelmis\u00e9g nevel\u00e9s\u00e9ben. A hallgat\u00f3kt\u00f3l megk\u00f6vetelt tanulm\u00e1nyi \u00e1tlag az orvostudom\u00e1ny magas szint\u0171 elsaj\u00e1t\u00edt\u00e1s\u00e1t, a kutat\u00f3munka a tudom\u00e1nyos szeml\u00e9let \u00e9s kritikus gondolkod\u00e1s kialak\u00edt\u00e1s\u00e1t, a szakkoll\u00e9giumi kurzusok pedig a leg\u00fajabb tudom\u00e1nyos \u00e9s vezet\u0151i ismeretek \u00e1tad\u00e1s\u00e1t c\u00e9lozz\u00e1k.<\/span><\/p>\n<p><span style=\"font-weight: 400\">A h\u00e1rsfa utcai koll\u00e9gium patin\u00e1s \u00e9p\u00fclete ugyanakkor egy alig t\u00f6bb mint f\u00e9lsz\u00e1z tagot sz\u00e1ml\u00e1l\u00f3, \u00f6sszetart\u00f3 k\u00f6z\u00f6ss\u00e9gnek ad otthont. Minden lak\u00f3 egyar\u00e1nt fontos r\u00e9sztvev\u0151je \u00e9s alak\u00edt\u00f3ja szakkoll\u00e9gium \u00e9let\u00e9nek. Mindenki megkeresi azokat a pontokat, amikhez kifejezetten \u0150 tud hozz\u00e1tenni. \u00cdgy v\u00e9g\u00fcl a sok egy\u00e9ni adotts\u00e1g talaj\u00e1n \u00e9p\u00fclhet valami nagyszer\u0171, mik\u00f6zben senkinek nem kell egyed\u00fcl viselnie a feladatok terh\u00e9t. Az elm\u00falt h\u00fasz \u00e9vben kiv\u00edvott komoly elismer\u00e9sek el\u00e9r\u00e9se \u00e9ppen ennek a soksz\u00edn\u0171, \u00e1lland\u00f3an meg\u00fajulni k\u00e9pes csapatnak k\u00f6sz\u00f6nhet\u0151.<\/span><\/p>\n<p><span style=\"font-weight: 400\">Egy j\u00f3l m\u0171k\u00f6d\u0151 k\u00f6z\u00f6ss\u00e9gben \u00f3hatatlanul elj\u00f6n az ig\u00e9ny, amikor m\u00e1r nem el\u00e9g, hogy befel\u00e9 j\u00f3l m\u0171k\u00f6dik, kifel\u00e9 is adni szeretne mag\u00e1b\u00f3l. A H\u00e1rsf\u00e1ban ennek legnyilv\u00e1nval\u00f3bb form\u00e1ja az \u00e9vr\u0151l \u00e9vre megrendez\u00e9sre ker\u00fcl\u0151 Kor\u00e1nyi Frigyes Tudom\u00e1nyos F\u00f3rum, ahol hallgat\u00f3k megoszthatj\u00e1k kutat\u00e1si eredm\u00e9nyeiket egym\u00e1ssal \u00e9s az egyetemr\u0151l \u00e9rkez\u0151, a t\u00e9m\u00e1ban szaktekint\u00e9lynek sz\u00e1m\u00edt\u00f3 zs\u0171rikkel. Minden alkalommal a tudom\u00e1ny \u00fcnnep\u00e9v\u00e9 v\u00e1lik ez a n\u00e9h\u00e1ny nap, mik\u00f6zben \u00faj kapcsolatoknak alapj\u00e1ul is szolg\u00e1l.<\/span><\/p>\n<p><span style=\"font-weight: 400\">Aki bel\u00e9p ak\u00e1r csak egy f\u00e9l\u00e9vre is a koll\u00e9gium k\u00f6z\u00f6ss\u00e9g\u00e9be, \u0151 eg\u00e9szen biztosan m\u00e1s emberk\u00e9nt t\u00e1vozik majd. Olyan szeml\u00e9letm\u00f3d \u00e9s tud\u00e1sanyag halmoz\u00f3dott fel az \u00e9vek sor\u00e1n, ami ak\u00e1r eg\u00e9sz \u00e9letutakat meghat\u00e1rozhat. Rengeteget lehet tanulni egym\u00e1st\u00f3l, a sok tal\u00e1lkoz\u00e1s a k\u00f6t\u00f6ttebb vagy k\u00f6tetlenebb programokon ennek b\u0151s\u00e9gesen lehet\u0151s\u00e9get teremt.<\/span><\/p>\n<p><span style=\"font-weight: 400\">Mindazon\u00e1ltal a Kor\u00e1nyi Frigyes Szakkoll\u00e9gium egy olyan hely, ahol mindenki meg\u0151rizheti az egy\u00e9nis\u00e9g\u00e9t, ahol mindenki felfedezheti \u00e1lmait \u00e9s t\u00e1mogat\u00e1st kaphat azok megval\u00f3s\u00edt\u00e1s\u00e1hoz. Ahol a tudom\u00e1ny, a k\u00f6z\u00f6ss\u00e9g \u00e9s a szem\u00e9lyes fejl\u0151d\u00e9s tal\u00e1lkozik \u00e9s \u00e9p\u00fcl valami \u00e9rt\u00e9kes, valami sz\u00e9p, valami m\u00e1sok jav\u00e1ra val\u00f3\u2026<\/span><\/p>\n<p>&nbsp;<\/p>\n","protected":false},"excerpt":{"rendered":"<p>A Kor\u00e1nyi Frigyes Szakkoll\u00e9gium egyszer\u0171en m\u00e1s. Sokan sokf\u00e9lek\u00e9ppen pr\u00f3b\u00e1lt\u00e1k m\u00e1r megfogalmazni a l\u00e9nyeg\u00e9t, de elmond\u00e1sok alapj\u00e1n nagyon neh\u00e9z lenne hiteles k\u00e9pet kapni r\u00f3la. Minden lak\u00f3j\u00e1nak m\u00e1st \u00e9s m\u00e1st jelent ez a h\u00e1z, \u00e9s ami tal\u00e1n m\u00e9g fontosabb, folyton v\u00e1ltozik. K\u00e9t dolog viszont mindig is jellemz\u0151je volt a tehets\u00e9ggondoz\u00e1s ezen fellegv\u00e1r\u00e1nak: a legm\u00e9lyebb tudom\u00e1nyos ig\u00e9nyess\u00e9g \u00e9s az egym\u00e1s\u00e9rt \u00e9s a k\u00f6z\u00f6ss\u00e9g\u00e9rt val\u00f3 felel\u0151ss\u00e9gv\u00e1llal\u00e1s.<\/p>\n<p>Az alap\u00edt\u00f3k 1985-ben egy olyan szellemi m\u0171helyt hoztak l\u00e9tre a H\u00e1rsfa utc\u00e1ban, amely nem csak sz\u00e1ll\u00e1st k\u00edv\u00e1nt biztos\u00edtani a szakkoll\u00e9gist\u00e1knak, hanem saj\u00e1t kurzusai \u00e9s k\u00f6vetelm\u00e9nyrendszere \u00e1ltal a lak\u00f3k min\u00e9l magasabb sz\u00ednvonal\u00fa k\u00e9pz\u00e9s\u00e9hez is hozz\u00e1j\u00e1rult. Szakmailag mindig naprak\u00e9sz, \u00e9rdekl\u0151d\u0151 \u00e9s lelkiismeretes gy\u00f3gy\u00edt\u00f3kat akartak adni az orsz\u00e1gnak. Olyanokat, akik a t\u00e1rsadalom \u00fcgyei ir\u00e1nt sem k\u00f6z\u00f6mb\u00f6sek, felel\u0151ss\u00e9get \u00e9reznek \u00e9rte, \u00e9s tettre is k\u00e9szek.<\/p>\n","protected":false},"author":101513,"featured_media":1704,"parent":0,"menu_order":0,"comment_status":"closed","ping_status":"closed","template":"","meta":{"_acf_changed":false,"footnotes":""},"categories":[],"tags":[],"class_list":["post-1546","page","type-page","status-publish","has-post-thumbnail","hentry"],"acf":[],"_links":{"self":[{"href":"https:\/\/semmelweis.hu\/szakkollegium\/wp-json\/wp\/v2\/pages\/1546","targetHints":{"allow":["GET"]}}],"collection":[{"href":"https:\/\/semmelweis.hu\/szakkollegium\/wp-json\/wp\/v2\/pages"}],"about":[{"href":"https:\/\/semmelweis.hu\/szakkollegium\/wp-json\/wp\/v2\/types\/page"}],"author":[{"embeddable":true,"href":"https:\/\/semmelweis.hu\/szakkollegium\/wp-json\/wp\/v2\/users\/101513"}],"replies":[{"embeddable":true,"href":"https:\/\/semmelweis.hu\/szakkollegium\/wp-json\/wp\/v2\/comments?post=1546"}],"version-history":[{"count":10,"href":"https:\/\/semmelweis.hu\/szakkollegium\/wp-json\/wp\/v2\/pages\/1546\/revisions"}],"predecessor-version":[{"id":2529,"href":"https:\/\/semmelweis.hu\/szakkollegium\/wp-json\/wp\/v2\/pages\/1546\/revisions\/2529"}],"wp:featuredmedia":[{"embeddable":true,"href":"https:\/\/semmelweis.hu\/szakkollegium\/wp-json\/wp\/v2\/media\/1704"}],"wp:attachment":[{"href":"https:\/\/semmelweis.hu\/szakkollegium\/wp-json\/wp\/v2\/media?parent=1546"}],"wp:term":[{"taxonomy":"category","embeddable":true,"href":"https:\/\/semmelweis.hu\/szakkollegium\/wp-json\/wp\/v2\/categories?post=1546"},{"taxonomy":"post_tag","embeddable":true,"href":"https:\/\/semmelweis.hu\/szakkollegium\/wp-json\/wp\/v2\/tags?post=1546"}],"curies":[{"name":"wp","href":"https:\/\/api.w.org\/{rel}","templated":true}]}}