{"id":23108,"date":"2026-05-15T20:44:46","date_gmt":"2026-05-15T18:44:46","guid":{"rendered":"https:\/\/semmelweis.hu\/szak-es-tovabbkepzes\/?page_id=23108"},"modified":"2026-05-15T21:34:51","modified_gmt":"2026-05-15T19:34:51","slug":"kapcsolat","status":"publish","type":"page","link":"https:\/\/semmelweis.hu\/szak-es-tovabbkepzes\/kapcsolat\/","title":{"rendered":"Kapcsolat"},"content":{"rendered":"<h3>Semmelweis Egyetem Szak- \u00e9s Tov\u00e1bbk\u00e9pz\u00e9si K\u00f6zpont<\/h3>\n<p>&nbsp;<\/p>\n<table width=\"100%\">\n<tbody>\n<tr>\n<td width=\"50%\">\n<p><strong>C\u00edm:\u00a0<\/strong>1085 Budapest, Baross utca 22. I. em<br \/>\n(BC22 Irodah\u00e1z) <a href=\"https:\/\/maps.app.goo.gl\/SQ55gDSeWYZVkyzq9\">t\u00e9rk\u00e9p \u00bb<\/a><br \/>\n<strong>Postac\u00edm:<\/strong>\u00a01428 Budapest, Pf. 2.<br \/>\n<strong>Telefon:<\/strong>\u00a0+36-1-459-1500 \/ 62370, 62397 m.<br \/>\n<strong>Email:<\/strong>\u00a0<a href=\"mailto:szakestovabbkepzes@semmelweis.hu\">szakestovabbkepzes@semmelweis.hu<\/a><br \/>\n<strong>Tov\u00e1bbi el\u00e9rhet\u0151s\u00e9gek:<\/strong> <a href=\"https:\/\/semmelweis.hu\/telefonkonyv\/?inst_id=226\">telefonk\u00f6nyv \u00bb<\/a><a href=\"https:\/\/semmelweis.hu\/telefonkonyv\/?inst_id=226\">\u00a0<\/a><\/p>\n<\/td>\n<td width=\"49%\">\n\n<!-- iframe plugin v.6.0 wordpress.org\/plugins\/iframe\/ -->\n<iframe loading=\"lazy\" src=\"https:\/\/www.google.com\/maps\/embed?pb=!1m14!1m8!1m3!1d10784.14497523983!2d19.0656631!3d47.4892073!3m2!1i1024!2i768!4f13.1!3m3!1m2!1s0x4741dc5bcdb6a70f%3A0xffdbea7af2079162!2sBC22%20Irodah%C3%A1z!5e0!3m2!1shu!2shu!4v1696582229552!5m2!1shu!2shu\" width=\"100%\" height=\"200\" scrolling=\"yes\" class=\"iframe-class\" frameborder=\"0\"><\/iframe>\n\n<\/td>\n<\/tr>\n<\/tbody>\n<\/table>\n<p><strong><a href=\"https:\/\/semmelweis.hu\/szak-es-tovabbkepzes\/files\/2023\/01\/SZTOK_logo_blue.png\"><img loading=\"lazy\" decoding=\"async\" class=\"wp-image-22314 aligncenter\" src=\"https:\/\/semmelweis.hu\/szak-es-tovabbkepzes\/files\/2023\/01\/SZTOK_logo_blue-300x300.png\" alt=\"\" width=\"100\" height=\"100\" srcset=\"https:\/\/semmelweis.hu\/szak-es-tovabbkepzes\/files\/2023\/01\/SZTOK_logo_blue-300x300.png 300w, https:\/\/semmelweis.hu\/szak-es-tovabbkepzes\/files\/2023\/01\/SZTOK_logo_blue-1024x1024.png 1024w, https:\/\/semmelweis.hu\/szak-es-tovabbkepzes\/files\/2023\/01\/SZTOK_logo_blue-150x150.png 150w, https:\/\/semmelweis.hu\/szak-es-tovabbkepzes\/files\/2023\/01\/SZTOK_logo_blue-768x768.png 768w, https:\/\/semmelweis.hu\/szak-es-tovabbkepzes\/files\/2023\/01\/SZTOK_logo_blue-753x753.png 753w, https:\/\/semmelweis.hu\/szak-es-tovabbkepzes\/files\/2023\/01\/SZTOK_logo_blue.png 1529w\" sizes=\"auto, (max-width: 100px) 100vw, 100px\" \/><\/a><\/strong><\/p>\n<p><strong>VEZET\u0150S\u00c9G<\/strong><\/p>\n<table style=\"width: 100%\" width=\"100%\">\n<tbody>\n<tr>\n<td style=\"width: 29.5179%\" width=\"190\">\n<p><strong>Dr. Masszi Tam\u00e1s<\/strong><\/p>\n<p>igazgat\u00f3<\/p>\n<\/td>\n<td style=\"width: 123.342%\" width=\"455\">\n<p>+36 1\u00a0459 1500 \/ 62370, 62397 mell\u00e9k <a href=\"mailto:szakestovabbkepzes@semmelweis.hu\">szakestovabbkepzes@semmelweis.hu<\/a><\/p>\n<\/td>\n<\/tr>\n<tr>\n<td style=\"width: 29.5179%\" width=\"190\">\n<p><strong>Sz\u00e1fi\u00e1n-Bella Anita<\/strong><\/p>\n<p>igazgat\u00f3helyettes<\/p>\n<\/td>\n<td style=\"width: 123.342%\" width=\"455\">\n<p>+36 1\u00a0459 1500 \/ 62370, 62397 mell\u00e9k<\/p>\n<p>\u00a0<a href=\"mailto:bella.anita@semmelweis.hu\">bella.anita@semmelweis.hu<\/a><\/p>\n<\/td>\n<\/tr>\n<tr>\n<td style=\"width: 29.5179%\" width=\"190\">\n<p><strong>Dr. Moln\u00e1r Mikl\u00f3s<\/strong><\/p>\n<p>szakmai tan\u00e1csad\u00f3<\/p>\n<\/td>\n<td style=\"width: 123.342%\" width=\"455\">\n<p>+36 1\u00a0459 1500 \/ 62370, 62397 mell\u00e9k <a href=\"mailto:szakestovabbkepzes@semmelweis.hu\">szakestovabbkepzes@semmelweis.hu<\/a><\/p>\n<\/td>\n<\/tr>\n<tr>\n<td style=\"width: 29.5179%\" width=\"190\">\n<p><strong>Dr. Cseh \u00c1ron<\/strong><\/p>\n<p>titk\u00e1r<\/p>\n<\/td>\n<td style=\"width: 123.342%\" width=\"455\">\n<p>+36 1\u00a0459 1500 \/ 62370, 62397 mell\u00e9k <a href=\"mailto:szakestovabbkepzes@semmelweis.hu\">szakestovabbkepzes@semmelweis.hu<\/a><\/p>\n<\/td>\n<\/tr>\n<\/tbody>\n<\/table>\n<p><strong> <a href=\"https:\/\/semmelweis.hu\/szak-es-tovabbkepzes\/files\/2023\/01\/SZTOK_logo_blue.png\"><img loading=\"lazy\" decoding=\"async\" class=\"wp-image-22314 aligncenter\" src=\"https:\/\/semmelweis.hu\/szak-es-tovabbkepzes\/files\/2023\/01\/SZTOK_logo_blue-300x300.png\" alt=\"\" width=\"100\" height=\"100\" srcset=\"https:\/\/semmelweis.hu\/szak-es-tovabbkepzes\/files\/2023\/01\/SZTOK_logo_blue-300x300.png 300w, https:\/\/semmelweis.hu\/szak-es-tovabbkepzes\/files\/2023\/01\/SZTOK_logo_blue-1024x1024.png 1024w, https:\/\/semmelweis.hu\/szak-es-tovabbkepzes\/files\/2023\/01\/SZTOK_logo_blue-150x150.png 150w, https:\/\/semmelweis.hu\/szak-es-tovabbkepzes\/files\/2023\/01\/SZTOK_logo_blue-768x768.png 768w, https:\/\/semmelweis.hu\/szak-es-tovabbkepzes\/files\/2023\/01\/SZTOK_logo_blue-753x753.png 753w, https:\/\/semmelweis.hu\/szak-es-tovabbkepzes\/files\/2023\/01\/SZTOK_logo_blue.png 1529w\" sizes=\"auto, (max-width: 100px) 100vw, 100px\" \/><\/a><\/strong><\/p>\n<p><strong>TITK\u00c1RS\u00c1G<\/strong><\/p>\n<table width=\"100%\">\n<tbody>\n<tr>\n<td width=\"190\">\n<p><strong>T\u00f3th-Sz\u00e1nt\u00f3 Dorina<\/strong><\/p>\n<p>titk\u00e1rs\u00e1gi szak\u00e9rt\u0151<\/p>\n<\/td>\n<td width=\"455\">\n<p>+36-1-459-1500 \/ 62370<\/p>\n<p><a href=\"mailto:szanto.dorina@semmelweis.hu\">szanto.dorina@semmelweis.hu<\/a><\/p>\n<\/td>\n<\/tr>\n<tr>\n<td width=\"190\">\n<p><strong>\u00c9vinger \u00c1gnes<\/strong><\/p>\n<p>titk\u00e1rs\u00e1gi \u00fcgyint\u00e9z\u0151<\/p>\n<\/td>\n<td width=\"455\">\n<p>+36-1-459-1500 \/ 62397<\/p>\n<p><a href=\"mailto:evinger.agnes@semmelweis.hu\">evinger.agnes@semmelweis.hu<\/a><\/p>\n<\/td>\n<\/tr>\n<tr>\n<td width=\"190\">\n<p><strong>Ol\u00e1h T\u00fcnde<\/strong><\/p>\n<p>adminisztrat\u00edv munkat\u00e1rs<\/p>\n<\/td>\n<td width=\"455\">\n<p>+36-20\/663-2018<\/p>\n<p><a href=\"mailto:olah.tunde@semmelweis.hu\">olah.tunde@semmelweis.hu<\/a><\/p>\n<\/td>\n<\/tr>\n<\/tbody>\n<\/table>\n<p><strong><a href=\"https:\/\/semmelweis.hu\/szak-es-tovabbkepzes\/files\/2023\/01\/SZTOK_logo_blue.png\"><img loading=\"lazy\" decoding=\"async\" class=\"wp-image-22314 aligncenter\" src=\"https:\/\/semmelweis.hu\/szak-es-tovabbkepzes\/files\/2023\/01\/SZTOK_logo_blue-300x300.png\" alt=\"\" width=\"100\" height=\"100\" srcset=\"https:\/\/semmelweis.hu\/szak-es-tovabbkepzes\/files\/2023\/01\/SZTOK_logo_blue-300x300.png 300w, https:\/\/semmelweis.hu\/szak-es-tovabbkepzes\/files\/2023\/01\/SZTOK_logo_blue-1024x1024.png 1024w, https:\/\/semmelweis.hu\/szak-es-tovabbkepzes\/files\/2023\/01\/SZTOK_logo_blue-150x150.png 150w, https:\/\/semmelweis.hu\/szak-es-tovabbkepzes\/files\/2023\/01\/SZTOK_logo_blue-768x768.png 768w, https:\/\/semmelweis.hu\/szak-es-tovabbkepzes\/files\/2023\/01\/SZTOK_logo_blue-753x753.png 753w, https:\/\/semmelweis.hu\/szak-es-tovabbkepzes\/files\/2023\/01\/SZTOK_logo_blue.png 1529w\" sizes=\"auto, (max-width: 100px) 100vw, 100px\" \/><\/a><\/strong><\/p>\n<p><strong>SZAKK\u00c9PZ\u00c9S (rezidens HR \u00fcgyek)<\/strong><\/p>\n<p><strong>\u00dcgyf\u00e9lfogad\u00e1s<\/strong><\/p>\n<p>Az \u00fcgyint\u00e9z\u00e9s min\u00e9l gyorsabb \u00e9s k\u00e9nyelmesebb lebonyol\u00edt\u00e1sa \u00e9rdek\u00e9ben javasoljuk az \u00fcgyint\u00e9z\u0151kh\u00f6z t\u00f6rt\u00e9n\u0151 el\u0151zetes bejelentkez\u00e9st telefonon.<\/p>\n<ul>\n<li><strong>H\u00e9tf\u0151: <\/strong>08.00 \u2013 11.30<\/li>\n<li><strong>Kedd: <\/strong>13.00 \u2013 15.30<\/li>\n<li><strong>Szerda: <\/strong>08.00 \u2013 11.30<\/li>\n<li><strong>Cs\u00fct\u00f6rt\u00f6k: <\/strong>13.00 \u2013 15.30<\/li>\n<li><strong>P\u00e9ntek: <\/strong>08.00 \u2013 11.30<\/li>\n<\/ul>\n<p>\u00dcgyf\u00e9lfogad\u00e1si id\u0151n k\u00edv\u00fcl \u2013 egyedi ig\u00e9nyek figyelembev\u00e9tel\u00e9vel \u2013 el\u0151zetes telefonos egyeztet\u00e9st k\u00f6vet\u0151en is biztos\u00edtunk lehet\u0151s\u00e9get szem\u00e9lyes \u00fcgyint\u00e9z\u00e9sre.<\/p>\n<p><strong>\u00a0<\/strong><\/p>\n<table width=\"100%\">\n<tbody>\n<tr>\n<td width=\"190\">\n<p><strong>Gyenesn\u00e9 P\u00e1ncz\u00e9l Be\u00e1ta<\/strong><\/p>\n<p>szakk\u00e9pz\u00e9si \u00fcgyint\u00e9z\u0151<\/p>\n<\/td>\n<td width=\"455\">\n<p>+36-20 \/ 670-1300<\/p>\n<p><a href=\"mailto:gyenesne.panczel.beata@semmelweis.hu\">gyenesne.panczel.beata@semmelweis.hu<\/a><\/p>\n<\/td>\n<\/tr>\n<tr>\n<td width=\"190\">\n<p><strong>Makhajda Erika<\/strong><\/p>\n<p>szakk\u00e9pz\u00e9si \u00fcgyint\u00e9z\u0151<\/p>\n<\/td>\n<td width=\"455\">\n<p>+36-1-459-1500 \/ 62374<\/p>\n<p><a href=\"mailto:makhajda.erika@semmelweis.hu\">makhajda.erika@semmelweis.hu<\/a><\/p>\n<\/td>\n<\/tr>\n<tr>\n<td width=\"190\">\n<p><strong>Ol\u00e1h Borb\u00e1la<\/strong><\/p>\n<p>szakk\u00e9pz\u00e9si \u00fcgyint\u00e9z\u0151<\/p>\n<\/td>\n<td width=\"455\">\n<p>+36-1-459-1500 \/ 62373<\/p>\n<p><a href=\"mailto:olah.borbala@semmelweis.hu\">olah.borbala@semmelweis.hu<\/a><\/p>\n<\/td>\n<\/tr>\n<\/tbody>\n<\/table>\n<p><strong> <a href=\"https:\/\/semmelweis.hu\/szak-es-tovabbkepzes\/files\/2023\/01\/SZTOK_logo_blue.png\"><img loading=\"lazy\" decoding=\"async\" class=\"wp-image-22314 aligncenter\" src=\"https:\/\/semmelweis.hu\/szak-es-tovabbkepzes\/files\/2023\/01\/SZTOK_logo_blue-300x300.png\" alt=\"\" width=\"100\" height=\"100\" srcset=\"https:\/\/semmelweis.hu\/szak-es-tovabbkepzes\/files\/2023\/01\/SZTOK_logo_blue-300x300.png 300w, https:\/\/semmelweis.hu\/szak-es-tovabbkepzes\/files\/2023\/01\/SZTOK_logo_blue-1024x1024.png 1024w, https:\/\/semmelweis.hu\/szak-es-tovabbkepzes\/files\/2023\/01\/SZTOK_logo_blue-150x150.png 150w, https:\/\/semmelweis.hu\/szak-es-tovabbkepzes\/files\/2023\/01\/SZTOK_logo_blue-768x768.png 768w, https:\/\/semmelweis.hu\/szak-es-tovabbkepzes\/files\/2023\/01\/SZTOK_logo_blue-753x753.png 753w, https:\/\/semmelweis.hu\/szak-es-tovabbkepzes\/files\/2023\/01\/SZTOK_logo_blue.png 1529w\" sizes=\"auto, (max-width: 100px) 100vw, 100px\" \/><\/a><\/strong><\/p>\n<p><strong>TOV\u00c1BBK\u00c9PZ\u00c9S<\/strong><\/p>\n<table style=\"width: 100%\" width=\"100%\">\n<tbody>\n<tr>\n<td style=\"width: 29.3391%\" width=\"186\">\n<p><strong>Dr. Szombath Dezs\u0151 <\/strong><\/p>\n<p>szaktan\u00e1csad\u00f3<\/p>\n<\/td>\n<td style=\"width: 70.5883%\" colspan=\"2\" width=\"459\">\n<p>+36-1-459-1500 \/ 62376<\/p>\n<p><a href=\"mailto:szombath.dezso@semmelweis.hu\">szombath.dezso@semmelweis.hu<\/a><\/p>\n<\/td>\n<\/tr>\n<tr>\n<td style=\"width: 29.3391%\" width=\"186\">\n<p><strong>Dr. Antalicsn\u00e9 Bulejsza Hajnalka<\/strong><\/p>\n<p>\u00fcgyviv\u0151 szak\u00e9rt\u0151<\/p>\n<\/td>\n<td style=\"width: 35.1489%\" width=\"267\">\n<p>+36-1-459-1500 \/ 62372<\/p>\n<p><a href=\"mailto:antalics.hajnalka@semmelweis.hu\">antalics.hajnalka@semmelweis.hu<\/a><\/p>\n<\/td>\n<td style=\"width: 35.4394%\" width=\"191\">\n<p>m\u0171k\u00f6d\u00e9si enged\u00e9ly, pontsz\u00e1m\u00edt\u00e1s, tov\u00e1bbk\u00e9pz\u00e9si ciklus<\/p>\n<\/td>\n<\/tr>\n<tr>\n<td style=\"width: 29.3391%\" width=\"186\">\n<p><strong>T\u00f3th Ferenc<\/strong><\/p>\n<p>\u00fcgyint\u00e9z\u0151<\/p>\n<\/td>\n<td style=\"width: 35.1489%\" width=\"267\">\n<p>+36-1-459-1500 \/ 62371<\/p>\n<p><a href=\"mailto:toth.ferenc1@semmelweis.hu\">toth.ferenc1@semmelweis.hu<\/a><\/p>\n<\/td>\n<td style=\"width: 35.4394%\" width=\"191\">\n<p>k\u00f6telez\u0151 szintentart\u00f3 tanfolyamok<\/p>\n<\/td>\n<\/tr>\n<\/tbody>\n<\/table>\n<p><strong><a href=\"https:\/\/semmelweis.hu\/szak-es-tovabbkepzes\/files\/2023\/01\/SZTOK_logo_blue.png\"><img loading=\"lazy\" decoding=\"async\" class=\"wp-image-22314 aligncenter\" src=\"https:\/\/semmelweis.hu\/szak-es-tovabbkepzes\/files\/2023\/01\/SZTOK_logo_blue-300x300.png\" alt=\"\" width=\"100\" height=\"100\" srcset=\"https:\/\/semmelweis.hu\/szak-es-tovabbkepzes\/files\/2023\/01\/SZTOK_logo_blue-300x300.png 300w, https:\/\/semmelweis.hu\/szak-es-tovabbkepzes\/files\/2023\/01\/SZTOK_logo_blue-1024x1024.png 1024w, https:\/\/semmelweis.hu\/szak-es-tovabbkepzes\/files\/2023\/01\/SZTOK_logo_blue-150x150.png 150w, https:\/\/semmelweis.hu\/szak-es-tovabbkepzes\/files\/2023\/01\/SZTOK_logo_blue-768x768.png 768w, https:\/\/semmelweis.hu\/szak-es-tovabbkepzes\/files\/2023\/01\/SZTOK_logo_blue-753x753.png 753w, https:\/\/semmelweis.hu\/szak-es-tovabbkepzes\/files\/2023\/01\/SZTOK_logo_blue.png 1529w\" sizes=\"auto, (max-width: 100px) 100vw, 100px\" \/><\/a><\/strong><\/p>\n<p><strong>SZAKORVOSK\u00c9PZ\u00c9S<\/strong><\/p>\n<p>A szakk\u00e9pz\u00e9ssel kapcsolatos \u00fcgyint\u00e9z\u00e9sre <strong>el\u0151zetes id\u0151pontfoglal\u00e1s alapj\u00e1n<\/strong>, a <a href=\"http:\/\/reny.hu\/\"><strong>RENY<\/strong><\/a> rendszeren az <em>\u201e\u00dcgyf\u00e9lfogad\u00e1s\u201d<\/em> men\u00fcpont alatt van lehet\u0151s\u00e9g.<\/p>\n<p>Az \u00fcgyek \u00e9rdemi \u00e9s gyors elb\u00edr\u00e1l\u00e1sa \u00e9rdek\u00e9ben k\u00e9rj\u00fck, hogy <strong>kiz\u00e1r\u00f3lag saj\u00e1t \u00fcgyint\u00e9z\u0151j\u00fckh\u00f6z foglaljanak id\u0151pontot<\/strong>.<\/p>\n<p>Felh\u00edvjuk figyelm\u00fcket, hogy a megadott \u00fcgyf\u00e9lfogad\u00e1si id\u0151n k\u00edv\u00fcl a K\u00f6zpont nem tud \u00fcgyfeleket fogadni.<\/p>\n<p><strong>\u00dcgyf\u00e9lfogad\u00e1si id\u0151<\/strong><\/p>\n<ul>\n<li><strong>H\u00e9tf\u0151: <\/strong>08.00 \u2013 11.30<\/li>\n<li><strong>Kedd: <\/strong>13.00 \u2013 15.30<\/li>\n<li><strong>Szerda: <\/strong>08.00 \u2013 11.30<\/li>\n<li><strong>Cs\u00fct\u00f6rt\u00f6k: <\/strong>13.00 \u2013 15.30<\/li>\n<li><strong>P\u00e9ntek: <\/strong>08.00 \u2013 11.30<\/li>\n<\/ul>\n<p><strong>\u00a0<\/strong><strong>Fontos inform\u00e1ci\u00f3k<\/strong><\/p>\n<ul>\n<li>Az \u00fcgyint\u00e9z\u00e9s min\u00e9l gyorsabb \u00e9s k\u00e9nyelmesebb lebonyol\u00edt\u00e1sa \u00e9rdek\u00e9ben javasoljuk, hogy beadv\u00e1nyaikat els\u0151sorban e-mailben vagy postai \u00faton juttass\u00e1k el hozz\u00e1nk.<\/li>\n<li>Szem\u00e9lyes \u00fcgyint\u00e9z\u00e9sre \u2013 a RENY rendszerben t\u00f6rt\u00e9n\u0151 bejelentkez\u00e9st k\u00f6vet\u0151en \u2013 term\u00e9szetesen tov\u00e1bbra is van lehet\u0151s\u00e9g, ugyanakkor k\u00e9rj\u00fck, hogy erre lehet\u0151s\u00e9g szerint csak indokolt esetben ker\u00fclj\u00f6n sor.<\/li>\n<li>Szeretn\u00e9nk jelezni, hogy a szem\u00e9lyes \u00fcgyf\u00e9lfogad\u00e1si id\u0151 alatt \u00fcgyint\u00e9z\u0151ink telefonon korl\u00e1tozottabban \u00e9rhet\u0151k el.<\/li>\n<li>T\u00e1j\u00e9koztatjuk tov\u00e1bb\u00e1, hogy minden h\u00f3nap 6. napj\u00e1t\u00f3l sz\u00e1m\u00edtott 5 munkanapon kereszt\u00fcl a szem\u00e9lyes \u00e9s telefonos \u00fcgyf\u00e9lszolg\u00e1latunk sz\u00fcnetel.<\/li>\n<\/ul>\n<p><strong>\u00a0<\/strong><\/p>\n<table style=\"width: 100%\" width=\"100%\">\n<tbody>\n<tr>\n<td width=\"190\">\n<p><strong>\u00dcgyint\u00e9z\u0151<\/strong><\/p>\n<\/td>\n<td width=\"264\">\n<p><strong>El\u00e9rhet\u0151s\u00e9g<\/strong><\/p>\n<\/td>\n<td width=\"191\">\n<p><strong>\u00c9vfolyam<\/strong><\/p>\n<\/td>\n<\/tr>\n<tr>\n<td width=\"190\">\n<p><strong>Bitter Bianka<\/strong><br \/>\nszakk\u00e9pz\u00e9si \u00fcgyint\u00e9z\u0151<\/p>\n<\/td>\n<td width=\"264\">\n<p>+36-1-459-1500 \/ 62386<\/p>\n<p><a href=\"mailto:bitter.bianka@semmelweis.hu\">bitter.bianka@semmelweis.hu<\/a><\/p>\n<\/td>\n<td width=\"191\">\n<p>2017-ben \u00e9s 2022-ben bel\u00e9pettek A-K-ig<\/p>\n<\/td>\n<\/tr>\n<tr>\n<td width=\"190\">\n<p><strong>Csapk\u00f3-Dajka Bettina<\/strong><br \/>\nszakk\u00e9pz\u00e9si \u00fcgyint\u00e9z\u0151<\/p>\n<\/td>\n<td width=\"264\">\n<p>+36-1-459-1500 \/ 62387<\/p>\n<p><a href=\"mailto:csapko.dajka.bettina@semmelweis.hu\">csapko.dajka.bettina@semmelweis.hu<\/a><\/p>\n<\/td>\n<td width=\"191\">\n<p>2021-ben \u00e9s 2026-ban bel\u00e9pettek A-K-ig<\/p>\n<\/td>\n<\/tr>\n<tr>\n<td width=\"190\">\n<p><strong>Csapk\u00f3-Dajka Bettina<\/strong><br \/>\nszakk\u00e9pz\u00e9si \u00fcgyint\u00e9z\u0151<\/p>\n<\/td>\n<td width=\"264\">\n<p>+36-1-459-1500 \/ 62387<\/p>\n<p><a href=\"mailto:csapko.dajka.bettina@semmelweis.hu\">csapko.dajka.bettina@semmelweis.hu<\/a><\/p>\n<\/td>\n<td width=\"191\">\n<p>2021-ben \u00e9s 2026-ban bel\u00e9pettek L-ZS-ig<\/p>\n<\/td>\n<\/tr>\n<tr>\n<td width=\"190\">\n<p><strong>Dobrai Nikoletta Ivett<\/strong><br \/>\nszakk\u00e9pz\u00e9si \u00fcgyint\u00e9z\u0151<\/p>\n<\/td>\n<td width=\"264\">\n<p>+36-1-459-1500 \/ 62380<\/p>\n<p><a href=\"mailto:dobrai.nikoletta@semmelweis.hu\">dobrai.nikoletta@semmelweis.hu<\/a><\/p>\n<\/td>\n<td width=\"191\">\n<p>2018-ban \u00e9s 2023-ban bel\u00e9pettek L-ZS-ig, 2019-ben bel\u00e9pettek D-J-ig<\/p>\n<\/td>\n<\/tr>\n<tr>\n<td width=\"190\">\n<p><strong>Fekete Zs\u00f3fia Eszter<\/strong><br \/>\nszakk\u00e9pz\u00e9si \u00fcgyint\u00e9z\u0151<\/p>\n<\/td>\n<td width=\"264\">\n<p>+36-1-459-1500 \/ 62388<\/p>\n<p><a href=\"mailto:fekete.zsofia@semmelweis.hu\">fekete.zsofia@semmelweis.hu<\/a><\/p>\n<\/td>\n<td width=\"191\">\n<p>2019-ben \u00e9s 2024-ben bel\u00e9pettek L-ZS-ig<\/p>\n<\/td>\n<\/tr>\n<tr>\n<td width=\"190\">\n<p><strong>Kovoly\u00e1n Erika Szilvia<br \/>\n<\/strong>szakk\u00e9pz\u00e9si \u00fcgyint\u00e9z\u0151<\/p>\n<\/td>\n<td width=\"264\">\n<p>+36-1-459-1500 \/ 62389<\/p>\n<p><a href=\"mailto:kovolyan.erika@semmelweis.hu\">kovolyan.erika@semmelweis.hu<\/a><\/p>\n<\/td>\n<td width=\"191\">\n<p>2018-ban \u00e9s 2023-ban bel\u00e9pettek A-K-ig, 2019-ben bel\u00e9pettek A-C-ig, K<\/p>\n<\/td>\n<\/tr>\n<tr>\n<td width=\"190\">\n<p><strong>Kukolya Kamilla<br \/>\n<\/strong>szakk\u00e9pz\u00e9si \u00fcgyint\u00e9z\u0151<\/p>\n<\/td>\n<td width=\"264\">\n<p>+36 1 459 1500 \/ 62383<\/p>\n<p><a href=\"mailto:kukolya.kamilla@semmelweis.hu\">kukolya.kamilla@semmelweis.hu<\/a><\/p>\n<\/td>\n<td width=\"191\">\n<p>2020-ban \u00e9s 2025-ben bel\u00e9pettek A-K-ig<\/p>\n<\/td>\n<\/tr>\n<tr>\n<td width=\"190\">\n<p><strong>J\u00f3zsefi-Moln\u00e1r Vivien<br \/>\n<\/strong>szakk\u00e9pz\u00e9si \u00fcgyint\u00e9z\u0151<\/p>\n<\/td>\n<td width=\"264\">\n<p>+36-1-459-1500 \/ 62382<\/p>\n<p><a href=\"mailto:molnar.vivien@semmelweis.hu\">molnar.vivien@semmelweis.hu<\/a><\/p>\n<\/td>\n<td width=\"191\">\n<p>2015 el\u0151tt bel\u00e9pettek + k\u00f6zponti gyakornokok, 2015-ben \u00e9s 2016-ban bel\u00e9pettek A-ZS-ig, 2020-ban \u00e9s 2025-ben bel\u00e9pettek L-ZS-ig<\/p>\n<\/td>\n<\/tr>\n<tr>\n<td width=\"190\">\n<p><strong>Polakovics Judit<br \/>\n<\/strong>szakk\u00e9pz\u00e9si \u00fcgyint\u00e9z\u0151<\/p>\n<\/td>\n<td width=\"264\">\n<p>+36-1-459-1500 \/ 62381<\/p>\n<p><a href=\"mailto:polakovics.judit@semmelweis.hu\">polakovics.judit@semmelweis.hu<\/a><\/p>\n<\/td>\n<td width=\"191\">\n<p>2017-ben \u00e9s 2022-ben bel\u00e9pettek L-Zs-ig<\/p>\n<\/td>\n<\/tr>\n<tr>\n<td width=\"190\">\n<p><strong>Pusk\u00e1s Petra<br \/>\n<\/strong>szakk\u00e9pz\u00e9si \u00fcgyint\u00e9z\u0151<\/p>\n<\/td>\n<td width=\"264\">\n<p>+36-1-459-1500 \/ 62384<\/p>\n<p><a href=\"mailto:puskas.petra.viola@semmelweis.hu\">puskas.petra.viola@semmelweis.hu<\/a><\/p>\n<\/td>\n<td width=\"191\">\n<p>2024-ben bel\u00e9pettek A-K-ig<\/p>\n<\/td>\n<\/tr>\n<tr>\n<td width=\"190\">\n<p><strong>M\u00f3der Judit<br \/>\n<\/strong>szakk\u00e9pz\u00e9si \u00fcgyint\u00e9z\u0151<\/p>\n<\/td>\n<td width=\"264\">\n<p>+36-1-459-1500 \/ 62246<\/p>\n<p><a href=\"mailto:moder.judit@semmelweis.hu\">moder.judit@semmelweis.hu<\/a><\/p>\n<\/td>\n<td width=\"191\">\n<p>r\u00e1\u00e9p\u00edtett szakk\u00e9pz\u00e9s<\/p>\n<\/td>\n<\/tr>\n<tr>\n<td width=\"190\">\n<p><strong>So\u00f3sn\u00e9 Korp\u00e1s T\u00fcnde<br \/>\n<\/strong>szakk\u00e9pz\u00e9si \u00fcgyint\u00e9z\u0151<\/p>\n<\/td>\n<td width=\"264\">\n<p>+36-1-459-1500 \/ 62248<\/p>\n<p><a href=\"mailto:korpas.tunde@semmelweis.hu\">korpas.tunde@semmelweis.hu<\/a><\/p>\n<\/td>\n<td width=\"191\">\n<p>\u00fajabb els\u0151 szakk\u00e9pz\u00e9s<\/p>\n<\/td>\n<\/tr>\n<tr>\n<td width=\"190\">\n<p><strong>\u00dajhegyi Erika<br \/>\n<\/strong>szakk\u00e9pz\u00e9si \u00fcgyint\u00e9z\u0151<\/p>\n<\/td>\n<td width=\"264\">\n<p>+36-1-459-1500 \/ 62247\u00a0<\/p>\n<p><a href=\"mailto:ujhegyi.erika@semmelweis.hu\">ujhegyi.erika@semmelweis.hu<\/a><\/p>\n<\/td>\n<td width=\"191\">\n<p>egy\u00e9b szakk\u00e9pz\u00e9s, licenc<\/p>\n<\/td>\n<\/tr>\n<tr>\n<td width=\"190\">\n<p><strong>Nagy N\u00e1ndor<\/strong><strong><br \/>\n<\/strong>oktat\u00e1sszervez\u0151<\/p>\n<\/td>\n<td width=\"264\">\n<p>+36-1-459-1500 \/ 62394<\/p>\n<p><a href=\"mailto:nagy.nandor1@semmelweis.hu\">nagy.nandor1@semmelweis.hu<\/a><\/p>\n<\/td>\n<td width=\"191\">\n<p>rezidensi tanfolyamok<\/p>\n<\/td>\n<\/tr>\n<tr>\n<td width=\"190\">\n<p><strong>Szab\u00f3-Sipos Ildik\u00f3<br \/>\n<\/strong>titk\u00e1rs\u00e1gi szak\u00e9rt\u0151<\/p>\n<\/td>\n<td width=\"264\">\n<p>+36-1-459-1500 \/ 62385<\/p>\n<p><a href=\"mailto:szabo.ildiko2@semmelweis.hu\">szabo.ildiko2@semmelweis.hu<\/a><\/p>\n<\/td>\n<td width=\"191\">\n<p>r\u00e9szvizsg\u00e1k, h\u00e1ziorvostan rendszerbev\u00e9teli elj\u00e1r\u00e1s<\/p>\n<\/td>\n<\/tr>\n<\/tbody>\n<\/table>\n<p><strong><a href=\"https:\/\/semmelweis.hu\/szak-es-tovabbkepzes\/files\/2023\/01\/SZTOK_logo_blue.png\"><img loading=\"lazy\" decoding=\"async\" class=\"wp-image-22314 aligncenter\" src=\"https:\/\/semmelweis.hu\/szak-es-tovabbkepzes\/files\/2023\/01\/SZTOK_logo_blue-300x300.png\" alt=\"\" width=\"100\" height=\"100\" srcset=\"https:\/\/semmelweis.hu\/szak-es-tovabbkepzes\/files\/2023\/01\/SZTOK_logo_blue-300x300.png 300w, https:\/\/semmelweis.hu\/szak-es-tovabbkepzes\/files\/2023\/01\/SZTOK_logo_blue-1024x1024.png 1024w, https:\/\/semmelweis.hu\/szak-es-tovabbkepzes\/files\/2023\/01\/SZTOK_logo_blue-150x150.png 150w, https:\/\/semmelweis.hu\/szak-es-tovabbkepzes\/files\/2023\/01\/SZTOK_logo_blue-768x768.png 768w, https:\/\/semmelweis.hu\/szak-es-tovabbkepzes\/files\/2023\/01\/SZTOK_logo_blue-753x753.png 753w, https:\/\/semmelweis.hu\/szak-es-tovabbkepzes\/files\/2023\/01\/SZTOK_logo_blue.png 1529w\" sizes=\"auto, (max-width: 100px) 100vw, 100px\" \/><\/a><\/strong><\/p>\n<p><strong>AKKREDIT\u00c1CI\u00d3<\/strong><\/p>\n<table style=\"width: 100%\" width=\"100%\">\n<tbody>\n<tr>\n<td width=\"190\">\n<p><strong>Szab\u00f3 Vir\u00e1g Bernadett<br \/>\n<\/strong>szakk\u00e9pz\u00e9si \u00fcgyint\u00e9z\u0151<\/p>\n<\/td>\n<td width=\"455\">\n<p>+36-1-459-1500 \/ 62245<\/p>\n<p><a href=\"mailto:szabo.virag@semmelweis.hu\">szabo.virag@semmelweis.hu<\/a><\/p>\n<\/td>\n<\/tr>\n<tr>\n<td width=\"190\">\n<p><strong>Dr. Hajd\u00fa Fanni<br \/>\n<\/strong>szakk\u00e9pz\u00e9si \u00fcgyint\u00e9z\u0151<\/p>\n<\/td>\n<td width=\"455\">\n<p>+36-1-459-1500 \/ 62244<\/p>\n<p><a href=\"mailto:hajdu.fanni@semmelweis.hu\">hajdu.fanni@semmelweis.hu<\/a><\/p>\n<\/td>\n<\/tr>\n<\/tbody>\n<\/table>\n<p><strong> <a href=\"https:\/\/semmelweis.hu\/szak-es-tovabbkepzes\/files\/2023\/01\/SZTOK_logo_blue.png\"><img loading=\"lazy\" decoding=\"async\" class=\"wp-image-22314 aligncenter\" src=\"https:\/\/semmelweis.hu\/szak-es-tovabbkepzes\/files\/2023\/01\/SZTOK_logo_blue-300x300.png\" alt=\"\" width=\"100\" height=\"100\" srcset=\"https:\/\/semmelweis.hu\/szak-es-tovabbkepzes\/files\/2023\/01\/SZTOK_logo_blue-300x300.png 300w, https:\/\/semmelweis.hu\/szak-es-tovabbkepzes\/files\/2023\/01\/SZTOK_logo_blue-1024x1024.png 1024w, https:\/\/semmelweis.hu\/szak-es-tovabbkepzes\/files\/2023\/01\/SZTOK_logo_blue-150x150.png 150w, https:\/\/semmelweis.hu\/szak-es-tovabbkepzes\/files\/2023\/01\/SZTOK_logo_blue-768x768.png 768w, https:\/\/semmelweis.hu\/szak-es-tovabbkepzes\/files\/2023\/01\/SZTOK_logo_blue-753x753.png 753w, https:\/\/semmelweis.hu\/szak-es-tovabbkepzes\/files\/2023\/01\/SZTOK_logo_blue.png 1529w\" sizes=\"auto, (max-width: 100px) 100vw, 100px\" \/><\/a><\/strong><\/p>\n<p><strong>ADATB\u00c1ZIS-FEJLESZT\u00c9S<\/strong><\/p>\n<table style=\"width: 100%\" width=\"100%\">\n<tbody>\n<tr>\n<td width=\"186\">\n<p><strong>Dar\u00f3czy Zolt\u00e1n<\/strong><\/p>\n<p>adatb\u00e1zis szak\u00e9rt\u0151<\/p>\n<\/td>\n<td width=\"458\">\n<p>+36-20\/663-2023<\/p>\n<p><a href=\"mailto:daroczy.zoltan@semmelweis.hu\">daroczy.zoltan@semmelweis.hu<\/a><\/p>\n<\/td>\n<\/tr>\n<tr>\n<td width=\"186\">\n<p><strong>Debreczeni Tam\u00e1s<\/strong><\/p>\n<p>adatb\u00e1zis szak\u00e9rt\u0151<\/p>\n<\/td>\n<td width=\"458\">\n<p>+36-1-459-1500 \/ 62376<\/p>\n<p><a href=\"mailto:debreczeni.tamas@semmelweis.hu\">debreczeni.tamas@semmelweis.hu<\/a><\/p>\n<\/td>\n<\/tr>\n<\/tbody>\n<\/table>\n<p>&nbsp;<\/p>\n","protected":false},"excerpt":{"rendered":"<p>Semmelweis Egyetem Szak- \u00e9s Tov\u00e1bbk\u00e9pz\u00e9si K\u00f6zpont &nbsp; C\u00edm:\u00a01085 Budapest, Baross utca 22. I. em (BC22 Irodah\u00e1z) <a href=\"https:\/\/maps.app.goo.gl\/SQ55gDSeWYZVkyzq9\">t\u00e9rk\u00e9p \u00bb<\/a> Postac\u00edm:\u00a01428 Budapest, Pf. 2. Telefon:\u00a0+36-1-459-1500 \/ 62370, 62397 m. Email:\u00a0 <a href=\"mailto:szakestovabbkepzes@semmelweis.hu\">szakestovabbkepzes@semmelweis.hu<\/a> Tov\u00e1bbi el\u00e9rhet\u0151s\u00e9gek: <a href=\"https:\/\/semmelweis.hu\/telefonkonyv\/?inst_id=226\">telefonk\u00f6nyv \u00bb<\/a> <a href=\"https:\/\/semmelweis.hu\/telefonkonyv\/?inst_id=226\">\u00a0<\/a> <a href=\"https:\/\/semmelweis.hu\/szak-es-tovabbkepzes\/files\/2023\/01\/SZTOK_logo_blue.png\"><\/a> VEZET\u0150S\u00c9G Dr. Masszi Tam\u00e1s igazgat\u00f3 +36 1\u00a0459 1500 \/ 62370, 62397 mell\u00e9k <a href=\"mailto:szakestovabbkepzes@semmelweis.hu\">szakestovabbkepzes@semmelweis.hu<\/a> Sz\u00e1fi\u00e1n-Bella Anita igazgat\u00f3helyettes +36 1\u00a0459 1500 \/ 62370, 62397 mell\u00e9k \u00a0 <a href=\"mailto:bella.anita@semmelweis.hu\">bella.anita@semmelweis.hu<\/a> Dr. Moln\u00e1r Mikl\u00f3s szakmai &hellip;<\/p>\n","protected":false},"author":101506,"featured_media":0,"parent":0,"menu_order":20,"comment_status":"closed","ping_status":"closed","template":"","meta":{"_acf_changed":false,"footnotes":""},"categories":[],"tags":[],"class_list":["post-23108","page","type-page","status-publish","hentry"],"acf":[],"_links":{"self":[{"href":"https:\/\/semmelweis.hu\/szak-es-tovabbkepzes\/wp-json\/wp\/v2\/pages\/23108","targetHints":{"allow":["GET"]}}],"collection":[{"href":"https:\/\/semmelweis.hu\/szak-es-tovabbkepzes\/wp-json\/wp\/v2\/pages"}],"about":[{"href":"https:\/\/semmelweis.hu\/szak-es-tovabbkepzes\/wp-json\/wp\/v2\/types\/page"}],"author":[{"embeddable":true,"href":"https:\/\/semmelweis.hu\/szak-es-tovabbkepzes\/wp-json\/wp\/v2\/users\/101506"}],"replies":[{"embeddable":true,"href":"https:\/\/semmelweis.hu\/szak-es-tovabbkepzes\/wp-json\/wp\/v2\/comments?post=23108"}],"version-history":[{"count":10,"href":"https:\/\/semmelweis.hu\/szak-es-tovabbkepzes\/wp-json\/wp\/v2\/pages\/23108\/revisions"}],"predecessor-version":[{"id":23137,"href":"https:\/\/semmelweis.hu\/szak-es-tovabbkepzes\/wp-json\/wp\/v2\/pages\/23108\/revisions\/23137"}],"wp:attachment":[{"href":"https:\/\/semmelweis.hu\/szak-es-tovabbkepzes\/wp-json\/wp\/v2\/media?parent=23108"}],"wp:term":[{"taxonomy":"category","embeddable":true,"href":"https:\/\/semmelweis.hu\/szak-es-tovabbkepzes\/wp-json\/wp\/v2\/categories?post=23108"},{"taxonomy":"post_tag","embeddable":true,"href":"https:\/\/semmelweis.hu\/szak-es-tovabbkepzes\/wp-json\/wp\/v2\/tags?post=23108"}],"curies":[{"name":"wp","href":"https:\/\/api.w.org\/{rel}","templated":true}]}}