{"id":22262,"date":"2022-12-23T11:49:51","date_gmt":"2022-12-23T10:49:51","guid":{"rendered":"https:\/\/semmelweis.hu\/szak-es-tovabbkepzes\/?page_id=22262"},"modified":"2026-03-27T17:37:31","modified_gmt":"2026-03-27T16:37:31","slug":"rezidensreszvizsga","status":"publish","type":"page","link":"https:\/\/semmelweis.hu\/szak-es-tovabbkepzes\/aok\/rezidensreszvizsga\/","title":{"rendered":"Rezidens r\u00e9szvizsga"},"content":{"rendered":"<p style=\"font-weight: 400\">Az eg\u00e9szs\u00e9g\u00fcgyi fels\u0151fok\u00fa szakir\u00e1ny\u00fa szakk\u00e9pes\u00edt\u00e9s megszerz\u00e9s\u00e9r\u0151l sz\u00f3l\u00f3 28\/2022. (VIII.25.) BM rendelettel m\u00f3dos\u00edtott 22\/2012. (IX.14.) EMMI rendelet \u00e1talak\u00edtotta a szakorvosk\u00e9pz\u00e9st.<\/p>\n<p style=\"font-weight: 400\">Azon rezidensek, akik <strong>2022. 09.01. ut\u00e1n l\u00e9ptek a k\u00e9pz\u00e9sbe vagy v\u00e1ltottak szakm\u00e1t<\/strong> a rendeletben megjelen\u0151 \u00faj 2. mell\u00e9klet szerint v\u00e9gzik k\u00e9pz\u00e9s\u00fcket.<\/p>\n<p style=\"font-weight: 400\">Az \u00faj szakk\u00e9pz\u00e9si rendszerhez tartoz\u00f3 inform\u00e1ci\u00f3kat a r\u00e9gi\u00f3ba tartoz\u00f3 rezidensek r\u00e9sz\u00e9re folyamatosan k\u00fcldj\u00fck a <strong>RENY rendszeren<\/strong> kereszt\u00fcl (reny.hu).<\/p>\n<p>A <strong><a href=\"https:\/\/semmelweis.hu\/szak-es-tovabbkepzes\/files\/2023\/12\/Reszvizsga-eljarasrend.pdf\">r\u00e9szvizsga elj\u00e1r\u00e1srend<\/a><\/strong> megtekinthet\u0151 \u00e9s let\u00f6lthet\u0151!<\/p>\n<p>Az al\u00e1bbiakban tal\u00e1lj\u00e1k a <strong>r\u00e9szvizsga<\/strong> szab\u00e1lyzatot (a felt\u00f6lt\u00e9s folyamatos):\u00a0<\/p>\n<p>&nbsp;<\/p>\n<ul>\n<li><a href=\"https:\/\/semmelweis.hu\/szak-es-tovabbkepzes\/files\/2024\/05\/1.-ANESZTEZIOLOGIA-ES-INTENZIV-TERAPIA_1.-reszvizsga_szabalyzat-melleklete.pdf\">Aneszteziol\u00f3gia \u00e9s intenz\u00edv ter\u00e1pia (1. r\u00e9szvizsga)<\/a><\/li>\n<li style=\"font-weight: 400\"><a href=\"https:\/\/semmelweis.hu\/szak-es-tovabbkepzes\/files\/2026\/02\/BELGYOGYASZAT_1.-reszvizsga_szabalyzat.pdf\">Belgy\u00f3gy\u00e1szat (1. r\u00e9szvizsga)<\/a> <a href=\"https:\/\/semmelweis.hu\/szak-es-tovabbkepzes\/files\/2026\/02\/BELGYOGYASZAT_2.-reszvizsga_szabalyzat.pdf\">(2. r\u00e9szvizsga)<\/a>\u00a0<\/li>\n<li><a href=\"https:\/\/semmelweis.hu\/szak-es-tovabbkepzes\/files\/2026\/02\/BELGYOGYASZATI-ANGIOLOGIA_1.-reszvizsga_szabalyzat.pdf\">Belgy\u00f3gy\u00e1szati angiol\u00f3gia (1. r\u00e9szvizsga)<\/a>\u00a0<a href=\"https:\/\/semmelweis.hu\/szak-es-tovabbkepzes\/files\/2026\/02\/BELGYOGYASZATI-ANGIOLOGIA_2.-reszvizsga_szabalyzat.pdf\">(2. r\u00e9szvizsga)<\/a>\u00a0<\/li>\n<li><a href=\"https:\/\/semmelweis.hu\/szak-es-tovabbkepzes\/files\/2023\/12\/BORGYOGYASZAT_1.-reszvizsga_szabalyzat-melleklete.pdf\">B\u0151r-, nemigy\u00f3gy\u00e1szat \u00e9s kozmetol\u00f3gia (1. r\u00e9szvizsga)<\/a> <a href=\"https:\/\/semmelweis.hu\/szak-es-tovabbkepzes\/files\/2026\/02\/BOR-NEMIGYOGYASZAT-ES-KOZMETOLOGIA_2.-reszvizsga_szabalyzat.pdf\">(2. r\u00e9szvizsga)<\/a><\/li>\n<li><a href=\"https:\/\/semmelweis.hu\/szak-es-tovabbkepzes\/files\/2025\/10\/CSECSEMOGYOGYASZAT_1.-reszvizsga_szabalyzat-melleklete.pdf\">Csecsem\u0151- \u00e9s gyermekgy\u00f3gy\u00e1szat (1. r\u00e9szvizsga)<\/a><\/li>\n<li><a href=\"https:\/\/semmelweis.hu\/szak-es-tovabbkepzes\/files\/2026\/02\/FUL-ORR-GEGEGYOGYASZAT_1.-reszvizsga_szabalyzat.pdf\">F\u00fcl-orr-g\u00e9gegy\u00f3gy\u00e1szat (1. r\u00e9szvizsga)<\/a><\/li>\n<li><a href=\"https:\/\/semmelweis.hu\/szak-es-tovabbkepzes\/files\/2024\/04\/1.-GERIATRIA_1.-reszvizsga_szabalyzat-melleklete.pdf\">Geri\u00e1tria (1. r\u00e9szvizsga)<\/a> <a href=\"https:\/\/semmelweis.hu\/szak-es-tovabbkepzes\/files\/2024\/04\/1.-GERIATRIA_2.-reszvizsga_szabalyzat-melleklete.pdf\">(2. r\u00e9szvizsga)<\/a><\/li>\n<li><a href=\"https:\/\/semmelweis.hu\/szak-es-tovabbkepzes\/files\/2025\/12\/HAZIORVOSTAN_1.-reszvizsga_szabalyzat.pdf\">H\u00e1ziorvostan (1. r\u00e9szvizsga)<\/a><\/li>\n<li><a href=\"https:\/\/semmelweis.hu\/szak-es-tovabbkepzes\/files\/2025\/03\/HEMATOLOGIA-1.-reszvizsga_szabalyzat-melleklete.pdf\">Hematol\u00f3gia (1. r\u00e9szvizsga)<\/a> <a href=\"https:\/\/semmelweis.hu\/szak-es-tovabbkepzes\/files\/2025\/03\/HEMATOLOGIA-2.-reszvizsga_szabalyzat-melleklete.pdf\">(2. r\u00e9szvizsga)<\/a>\u00a0<\/li>\n<li><a href=\"https:\/\/semmelweis.hu\/szak-es-tovabbkepzes\/files\/2026\/02\/IDEGSEBESZET_1.-reszvizsga_szabalyzat.pdf\">Idegseb\u00e9szet (1. r\u00e9szvizsga)<\/a>\u00a0<a href=\"https:\/\/semmelweis.hu\/szak-es-tovabbkepzes\/files\/2026\/02\/IDEGSEBESZET_2.-reszvizsga_szabalyzat.pdf\">(2. r\u00e9szvizsga)<\/a><\/li>\n<li><a href=\"https:\/\/semmelweis.hu\/szak-es-tovabbkepzes\/files\/2024\/03\/1.-IGAZSAGUGYI-ORVOSTAN_1.-reszvizsga_szabalyzat-melleklete.pdf\">Igazs\u00e1g\u00fcgyi orvostan (1. r\u00e9szvizsga)<\/a> <a href=\"https:\/\/semmelweis.hu\/szak-es-tovabbkepzes\/files\/2025\/01\/IGAZSAGUGYI-ORVOSTAN_2.-reszvizsga_szabalyzat.pdf\">(2. r\u00e9szvizsga)<\/a><\/li>\n<li><a href=\"https:\/\/semmelweis.hu\/szak-es-tovabbkepzes\/files\/2025\/09\/INFEKTOLOGIA_1.reszvizsga_szabalyzat-melleklete.pdf\">Infektol\u00f3gia (1. r\u00e9szvizsga)<\/a>\u00a0<a href=\"https:\/\/semmelweis.hu\/szak-es-tovabbkepzes\/files\/2025\/09\/INFEKTOLOGIA_2.reszvizsga_szabalyzat-melleklete.pdf\">(2. r\u00e9szvizsga)<\/a>\u00a0<a href=\"https:\/\/semmelweis.hu\/szak-es-tovabbkepzes\/files\/2025\/09\/INFEKTOLOGIA_3.reszvizsga_szabalyzat-melleklete.pdf\">(3. r\u00e9szvizsga)<\/a><\/li>\n<li><a href=\"https:\/\/semmelweis.hu\/szak-es-tovabbkepzes\/files\/2024\/05\/1.-KARDIOLOGIA_1.-reszvizsga_szabalyzat-melleklete.pdf\">Kardiol\u00f3gia (1. r\u00e9szvizsga)<\/a> <a href=\"https:\/\/semmelweis.hu\/szak-es-tovabbkepzes\/files\/2024\/05\/1.-KARDIOLOGIA_2.-reszvizsga_szabalyzat-melleklete.pdf\">(2. r\u00e9szvizsga)<\/a><\/li>\n<li><a href=\"https:\/\/semmelweis.hu\/szak-es-tovabbkepzes\/files\/2024\/01\/1.-Klinikai-genetika-1.-reszvizsga-_szabalyzat-melleklete.pdf\">Klinikai genetika (1. r\u00e9szvizsga)<\/a><\/li>\n<li><a href=\"https:\/\/semmelweis.hu\/szak-es-tovabbkepzes\/files\/2025\/09\/KLINIKAI-ONKOLOGIA_1.-reszvizsga_szabalyzat-melleklete.pdf\">Klinikai onkol\u00f3gia (1. r\u00e9szvizsga)<\/a> <a href=\"https:\/\/semmelweis.hu\/szak-es-tovabbkepzes\/files\/2025\/09\/KLINIKAI-ONKOLOGIA_2.-reszvizsga_szabalyzat-melleklete.pdf\">(2. r\u00e9szvizsga)<\/a><\/li>\n<li><a href=\"https:\/\/semmelweis.hu\/szak-es-tovabbkepzes\/files\/2026\/02\/NEFROLOGIA_1.-reszvizsga_szabalyzat.pdf\">Nefrol\u00f3gia (1. r\u00e9szvizsga)<\/a><\/li>\n<li><a href=\"https:\/\/semmelweis.hu\/szak-es-tovabbkepzes\/files\/2025\/12\/NEUROLOGIA_1reszvizsga_szabalyzat.pdf\">Neurol\u00f3gia (1. r\u00e9szvizsga)<\/a><\/li>\n<li><a href=\"https:\/\/semmelweis.hu\/szak-es-tovabbkepzes\/files\/2025\/11\/OXYOLOGIA-ES-SURGOSSEGI-ORVOSTAN_1.-reszvizsga_szabalyzat.pdf\">Oxyol\u00f3gia \u00e9s s\u00fcrg\u0151ss\u00e9gi orvostan (1. r\u00e9szvizsga)<\/a> <a href=\"https:\/\/semmelweis.hu\/szak-es-tovabbkepzes\/files\/2025\/11\/OXYOLOGIA-ES-SURGOSSEGI-ORVOSTAN_2.-reszvizsga_szabalyzat.pdf\">(2. r\u00e9szvizsga)<\/a>\u00a0<\/li>\n<li><a href=\"https:\/\/semmelweis.hu\/szak-es-tovabbkepzes\/files\/2025\/06\/PATOLOGIA_1.-reszvizsga_szabalyzat-melleklete_kiegeszitett_2025.06.10.pdf\">Patol\u00f3gia (1. r\u00e9szvizsga)<\/a> <a href=\"https:\/\/semmelweis.hu\/szak-es-tovabbkepzes\/files\/2026\/03\/PATOLOGIA_2.-reszvizsga_szabalyzat.pdf\">(2. r\u00e9szvizsga)<\/a> <a href=\"https:\/\/semmelweis.hu\/szak-es-tovabbkepzes\/files\/2026\/03\/PATOLOGIA_3.-reszvizsga_szabalyzat-vegleges.pdf\">(3. r\u00e9szvizsga)<\/a> + <a href=\"https:\/\/semmelweis.hu\/szak-es-tovabbkepzes\/files\/2025\/06\/Pathologia-gyakorlati-ismeretek-rezidensek-reszere_2025.pdf\">Mell\u00e9klet (gyakorlati ismeretek rezidenseknek)<\/a><\/li>\n<li><a href=\"https:\/\/semmelweis.hu\/szak-es-tovabbkepzes\/files\/2025\/09\/PLASZTIKAI-ES-EGES-SEBESZET_1.-reszvizsga_szabalyzat.pdf\">Plasztikai \u00e9s \u00e9g\u00e9s-seb\u00e9set (1. r\u00e9szvizsga)<\/a>\u00a0<a href=\"https:\/\/semmelweis.hu\/szak-es-tovabbkepzes\/files\/2025\/09\/PLASZTIKAI-ES-EGES-SEBESZET_2.-reszvizsga_szabalyzat.pdf\">(2. r\u00e9szvizsga)<\/a><\/li>\n<li><a href=\"https:\/\/semmelweis.hu\/szak-es-tovabbkepzes\/files\/2025\/09\/PSZICHIATRIA_1.-reszvizsga_szabalyzat.pdf\">Pszichi\u00e1tria (1. r\u00e9szvizsga)<\/a><\/li>\n<li><a href=\"https:\/\/semmelweis.hu\/szak-es-tovabbkepzes\/files\/2024\/02\/1.-REHABILITACIOS-MEDICINA_1.-reszvizsga_szabalyzat-melleklete.pdf\">Rehabilit\u00e1ci\u00f3 medicina (1. r\u00e9szvizsga)<\/a><\/li>\n<li><a href=\"https:\/\/semmelweis.hu\/szak-es-tovabbkepzes\/files\/2025\/04\/SZEMESZET-1.-reszvizsga_szabalyzat-melleklete.pdf\">Szem\u00e9szet (1. r\u00e9szvizsga)<\/a> <a href=\"https:\/\/semmelweis.hu\/szak-es-tovabbkepzes\/files\/2025\/12\/SZEMESZET-2.-reszvizsga_szabalyzat.pdf\">(2. r\u00e9szvizsga)<\/a><\/li>\n<li><a href=\"https:\/\/semmelweis.hu\/szak-es-tovabbkepzes\/files\/2023\/12\/SZULESZET_NOGYOGYASZAT_1.-reszvizsga_szabalyzat-melleklete.pdf\">Sz\u00fcl\u00e9szet n\u0151gy\u00f3gy\u00e1szat (1. r\u00e9szvizsga)<\/a> <a href=\"https:\/\/semmelweis.hu\/szak-es-tovabbkepzes\/files\/2025\/02\/0.-SZULESZET_NOGYOGYASZAT_2.-reszvizsga_szabalyzat-melleklete.pdf\">(2. r\u00e9szvizsga)<\/a><\/li>\n<li><a href=\"https:\/\/semmelweis.hu\/szak-es-tovabbkepzes\/files\/2024\/09\/1.-TUDOGYOGYASZAT-1.-reszvizsga_szabalyzat-melleklete.pdf\">T\u00fcd\u0151gy\u00f3gy\u00e1szat (1. r\u00e9szvizsga)<\/a><\/li>\n<\/ul>\n<p>A <a href=\"https:\/\/semmelweis.hu\/szak-es-tovabbkepzes\/files\/2023\/12\/tervezotabla_2024_vizsga-honapok.pdf\"><strong>vizsganapt\u00e1r<\/strong><\/a> szint\u00e9n el\u00e9rhet\u0151, de t\u00e1j\u00e9koztat\u00f3 jelleg\u0171, az adott szakma r\u00e9szvizsg\u00e1j\u00e1nak h\u00f3napon bel\u00fcli pontos id\u0151pontj\u00e1r\u00f3l, a r\u00e9szvizsg\u00e1ra jogosultakat folyamatosan \u00e9rtes\u00edti a Szak \u2013 \u00e9s Tov\u00e1bbk\u00e9pz\u00e9si K\u00f6zpont. A tervezett vizsganapt\u00e1rt\u00f3l val\u00f3 elt\u00e9r\u00e9sr\u0151l \u2013 ha m\u00f3dosul a vizsganapt\u00e1r &#8211; a <a href=\"https:\/\/semmelweis.hu\/szak-es-tovabbkepzes\/aok\/rezidensreszvizsga\/\">honlapon<\/a> lehet majd t\u00e1j\u00e9koz\u00f3dni.<\/p>\n<p style=\"font-weight: 400\">Az al\u00e1bbiakban tal\u00e1lj\u00e1k a rendeletben meghat\u00e1rozott <strong>sz\u00f3beli t\u00e9telsorokat<\/strong>:<\/p>\n<ul>\n<li style=\"font-weight: 400\"><a href=\"https:\/\/semmelweis.hu\/szak-es-tovabbkepzes\/files\/2022\/12\/Aneszteziologia-es-intenziv-terapia.pdf\">Aneszteziol\u00f3gia \u00e9s intenz\u00edv ter\u00e1pia<\/a><\/li>\n<li style=\"font-weight: 400\"><a href=\"https:\/\/semmelweis.hu\/szak-es-tovabbkepzes\/files\/2022\/12\/Belgyogyaszat.pdf\">Belgy\u00f3gy\u00e1szat<\/a><\/li>\n<li style=\"font-weight: 400\"><a href=\"https:\/\/semmelweis.hu\/szak-es-tovabbkepzes\/files\/2022\/12\/Belgyogyaszati-angiologiai.pdf\">Belgy\u00f3gy\u00e1szati angiol\u00f3giai<\/a><\/li>\n<li style=\"font-weight: 400\"><a href=\"https:\/\/semmelweis.hu\/szak-es-tovabbkepzes\/files\/2022\/12\/Bor-nemigyogyaszat-es-kozmetologia.pdf\">B\u0151r-, nemigy\u00f3gy\u00e1szat \u00e9s kozmetol\u00f3gia<\/a><\/li>\n<li style=\"font-weight: 400\"><a href=\"https:\/\/semmelweis.hu\/szak-es-tovabbkepzes\/files\/2022\/12\/Csecsemo-es-gyermekgyogyaszat.pdf\">Csecsem\u0151- \u00e9s gyermekgy\u00f3gy\u00e1szat<\/a><\/li>\n<li style=\"font-weight: 400\"><a href=\"https:\/\/semmelweis.hu\/szak-es-tovabbkepzes\/files\/2022\/12\/Ersebeszet.pdf\">\u00c9rseb\u00e9szet<\/a><\/li>\n<li style=\"font-weight: 400\"><a href=\"https:\/\/semmelweis.hu\/szak-es-tovabbkepzes\/files\/2022\/12\/Foglalkozas-orvostan.pdf\">Foglalkoz\u00e1s orvostan<\/a><\/li>\n<li style=\"font-weight: 400\"><a href=\"https:\/\/semmelweis.hu\/szak-es-tovabbkepzes\/files\/2022\/12\/Ful-orr-gegegyogyaszat.pdf\">F\u00fcl-orr-g\u00e9gegy\u00f3gy\u00e1szat<\/a><\/li>\n<li style=\"font-weight: 400\"><a href=\"https:\/\/semmelweis.hu\/szak-es-tovabbkepzes\/files\/2022\/12\/Gasztroenterologia.pdf\">Gasztroenterol\u00f3gia<\/a><\/li>\n<li style=\"font-weight: 400\"><a href=\"https:\/\/semmelweis.hu\/szak-es-tovabbkepzes\/files\/2022\/12\/Geriatria.pdf\">Geri\u00e1tria<\/a><\/li>\n<li style=\"font-weight: 400\"><a href=\"https:\/\/semmelweis.hu\/szak-es-tovabbkepzes\/files\/2022\/12\/Gyermek-es-ifjusagpszichiatria.pdf\">Gyermek- \u00e9s ifj\u00fas\u00e1gpszichi\u00e1tria<\/a><\/li>\n<li style=\"font-weight: 400\"><a href=\"https:\/\/semmelweis.hu\/szak-es-tovabbkepzes\/files\/2022\/12\/Gyermeksebeszet.pdf\">Gyermekseb\u00e9szet<\/a><\/li>\n<li style=\"font-weight: 400\"><a href=\"https:\/\/semmelweis.hu\/szak-es-tovabbkepzes\/files\/2022\/12\/Haziorvostan.pdf\">H\u00e1ziorvostan<\/a><\/li>\n<li style=\"font-weight: 400\"><a href=\"https:\/\/semmelweis.hu\/szak-es-tovabbkepzes\/files\/2022\/12\/Hematologia.pdf\">Hematol\u00f3gia<\/a><\/li>\n<li style=\"font-weight: 400\"><a href=\"https:\/\/semmelweis.hu\/szak-es-tovabbkepzes\/files\/2022\/12\/Idegsebeszet.pdf\">Idegseb\u00e9szet<\/a><\/li>\n<li style=\"font-weight: 400\"><a href=\"https:\/\/semmelweis.hu\/szak-es-tovabbkepzes\/files\/2022\/12\/Igazsagugyi-orvostan.pdf\">Igazs\u00e1g\u00fcgyi orvostan<\/a><\/li>\n<li style=\"font-weight: 400\"><a href=\"https:\/\/semmelweis.hu\/szak-es-tovabbkepzes\/files\/2022\/12\/Infektologia.pdf\">Infektol\u00f3gia<\/a><\/li>\n<li style=\"font-weight: 400\"><a href=\"https:\/\/semmelweis.hu\/szak-es-tovabbkepzes\/files\/2022\/12\/Kardiologia.pdf\">Kardiol\u00f3gia<\/a><\/li>\n<li style=\"font-weight: 400\"><a href=\"https:\/\/semmelweis.hu\/szak-es-tovabbkepzes\/files\/2022\/12\/Klinikai-Genetika.pdf\">Klinikai genetika<\/a><\/li>\n<li style=\"font-weight: 400\"><a href=\"https:\/\/semmelweis.hu\/szak-es-tovabbkepzes\/files\/2022\/12\/Klinikai-laboratoriumi-genetika.pdf\">Klinikai laborat\u00f3riumi genetika<\/a><\/li>\n<li style=\"font-weight: 400\"><a href=\"https:\/\/semmelweis.hu\/szak-es-tovabbkepzes\/files\/2022\/12\/Klinikai-onkologia.pdf\">Klinikai onkol\u00f3gia<\/a><\/li>\n<li style=\"font-weight: 400\"><a href=\"https:\/\/semmelweis.hu\/szak-es-tovabbkepzes\/files\/2022\/12\/Megelozo-orvostan-es-nepegeszsegtan.pdf\">Megel\u0151z\u0151 orvostan \u00e9s n\u00e9peg\u00e9szs\u00e9gtan<\/a><\/li>\n<li style=\"font-weight: 400\"><a href=\"https:\/\/semmelweis.hu\/szak-es-tovabbkepzes\/files\/2022\/12\/Mellkassebeszet.pdf\">Mellkasseb\u00e9szet<\/a><\/li>\n<li style=\"font-weight: 400\"><a href=\"https:\/\/semmelweis.hu\/szak-es-tovabbkepzes\/files\/2022\/12\/Nefrologia.pdf\">Nefrol\u00f3gia<\/a><\/li>\n<li style=\"font-weight: 400\"><a href=\"https:\/\/semmelweis.hu\/szak-es-tovabbkepzes\/files\/2022\/12\/Neurologia.pdf\">Neurol\u00f3gia<\/a><\/li>\n<li style=\"font-weight: 400\"><a href=\"https:\/\/semmelweis.hu\/szak-es-tovabbkepzes\/files\/2022\/12\/Nuklearis-medicina.pdf\">Nukle\u00e1ris medicina<\/a><\/li>\n<li style=\"font-weight: 400\"><a href=\"https:\/\/semmelweis.hu\/szak-es-tovabbkepzes\/files\/2022\/12\/Ortopedia-es-traumatologia.pdf\">Ortop\u00e9dia \u00e9s traumatol\u00f3gia<\/a><\/li>\n<li style=\"font-weight: 400\"><a href=\"https:\/\/semmelweis.hu\/szak-es-tovabbkepzes\/files\/2022\/12\/Orvosi-mikrobiologia.pdf\">Orvosi mikrobiol\u00f3gia<\/a><\/li>\n<li style=\"font-weight: 400\"><a href=\"https:\/\/semmelweis.hu\/szak-es-tovabbkepzes\/files\/2022\/12\/Orvosi_laboratoriumi_diagnosztika.pdf\">Orvosi laborat\u00f3riumi diagnosztika<\/a><\/li>\n<li style=\"font-weight: 400\"><a href=\"https:\/\/semmelweis.hu\/szak-es-tovabbkepzes\/files\/2022\/12\/Oxyologia-es-surgossegi-orvostan.pdf\">Oxyol\u00f3gia \u00e9s s\u00fcrg\u0151ss\u00e9gi orvostan<\/a><\/li>\n<li style=\"font-weight: 400\"><a href=\"https:\/\/semmelweis.hu\/szak-es-tovabbkepzes\/files\/2022\/12\/Patologia.pdf\">Patol\u00f3gia<\/a><\/li>\n<li style=\"font-weight: 400\"><a href=\"https:\/\/semmelweis.hu\/szak-es-tovabbkepzes\/files\/2022\/12\/Plasztikai-es-egesebeszet.pdf\">Plasztikai \u00e9s \u00e9g\u00e9seb\u00e9szet<\/a><\/li>\n<li style=\"font-weight: 400\"><a href=\"https:\/\/semmelweis.hu\/szak-es-tovabbkepzes\/files\/2022\/12\/Pszichiatria.pdf\">Pszichiatria<\/a><\/li>\n<li style=\"font-weight: 400\"><a href=\"https:\/\/semmelweis.hu\/szak-es-tovabbkepzes\/files\/2022\/12\/Radiologia.pdf\">Radiol\u00f3gia<\/a><\/li>\n<li style=\"font-weight: 400\"><a href=\"https:\/\/semmelweis.hu\/szak-es-tovabbkepzes\/files\/2022\/12\/Rehabilitacios-medicina.pdf\">Rehabilit\u00e1ci\u00f3s medicina<\/a><\/li>\n<li style=\"font-weight: 400\"><a href=\"https:\/\/semmelweis.hu\/szak-es-tovabbkepzes\/files\/2022\/12\/Reumatologia.pdf\">Reumatol\u00f3gia<\/a><\/li>\n<li style=\"font-weight: 400\"><a href=\"https:\/\/semmelweis.hu\/szak-es-tovabbkepzes\/files\/2022\/12\/Sebeszet.pdf\">Seb\u00e9szet<\/a><\/li>\n<li style=\"font-weight: 400\"><a href=\"https:\/\/semmelweis.hu\/szak-es-tovabbkepzes\/files\/2022\/12\/Sugarterapia.pdf\">Sug\u00e1rter\u00e1pia<\/a><\/li>\n<li style=\"font-weight: 400\"><a href=\"https:\/\/semmelweis.hu\/szak-es-tovabbkepzes\/files\/2022\/12\/Szemeszet.pdf\">Szem\u00e9szet<\/a><\/li>\n<li style=\"font-weight: 400\"><a href=\"https:\/\/semmelweis.hu\/szak-es-tovabbkepzes\/files\/2022\/12\/Szivsebeszet.pdf\">Sz\u00edvseb\u00e9szet<\/a><\/li>\n<li style=\"font-weight: 400\"><a href=\"https:\/\/semmelweis.hu\/szak-es-tovabbkepzes\/files\/2022\/12\/Szuleszet-nogyogyaszat.pdf\">Sz\u00fcl\u00e9szet n\u0151gy\u00f3gy\u00e1szat<\/a><\/li>\n<li style=\"font-weight: 400\"><a href=\"https:\/\/semmelweis.hu\/szak-es-tovabbkepzes\/files\/2022\/12\/Transzfuziologia.pdf\">Transzfuziol\u00f3gia<\/a><\/li>\n<li style=\"font-weight: 400\"><a href=\"https:\/\/semmelweis.hu\/szak-es-tovabbkepzes\/files\/2022\/12\/Tudogyogyaszat.pdf\">T\u00fcd\u0151gy\u00f3gy\u00e1szat<\/a><\/li>\n<li style=\"font-weight: 400\"><a href=\"https:\/\/semmelweis.hu\/szak-es-tovabbkepzes\/files\/2022\/12\/Urologia.pdf\">Urol\u00f3gia<\/a><\/li>\n<\/ul>\n","protected":false},"excerpt":{"rendered":"<p>Az eg\u00e9szs\u00e9g\u00fcgyi fels\u0151fok\u00fa szakir\u00e1ny\u00fa szakk\u00e9pes\u00edt\u00e9s megszerz\u00e9s\u00e9r\u0151l sz\u00f3l\u00f3 28\/2022. (VIII.25.) BM rendelettel m\u00f3dos\u00edtott 22\/2012. (IX.14.) EMMI rendelet \u00e1talak\u00edtotta a szakorvosk\u00e9pz\u00e9st. Azon rezidensek, akik 2022. 09.01. ut\u00e1n l\u00e9ptek a k\u00e9pz\u00e9sbe vagy v\u00e1ltottak szakm\u00e1t a rendeletben megjelen\u0151 \u00faj 2. mell\u00e9klet szerint v\u00e9gzik k\u00e9pz\u00e9s\u00fcket. Az \u00faj szakk\u00e9pz\u00e9si rendszerhez tartoz\u00f3 inform\u00e1ci\u00f3kat a r\u00e9gi\u00f3ba tartoz\u00f3 rezidensek r\u00e9sz\u00e9re folyamatosan k\u00fcldj\u00fck a RENY &hellip;<\/p>\n","protected":false},"author":101506,"featured_media":0,"parent":1865,"menu_order":1,"comment_status":"closed","ping_status":"closed","template":"","meta":{"_acf_changed":false,"footnotes":""},"categories":[],"tags":[],"class_list":["post-22262","page","type-page","status-publish","hentry"],"acf":[],"_links":{"self":[{"href":"https:\/\/semmelweis.hu\/szak-es-tovabbkepzes\/wp-json\/wp\/v2\/pages\/22262","targetHints":{"allow":["GET"]}}],"collection":[{"href":"https:\/\/semmelweis.hu\/szak-es-tovabbkepzes\/wp-json\/wp\/v2\/pages"}],"about":[{"href":"https:\/\/semmelweis.hu\/szak-es-tovabbkepzes\/wp-json\/wp\/v2\/types\/page"}],"author":[{"embeddable":true,"href":"https:\/\/semmelweis.hu\/szak-es-tovabbkepzes\/wp-json\/wp\/v2\/users\/101506"}],"replies":[{"embeddable":true,"href":"https:\/\/semmelweis.hu\/szak-es-tovabbkepzes\/wp-json\/wp\/v2\/comments?post=22262"}],"version-history":[{"count":10,"href":"https:\/\/semmelweis.hu\/szak-es-tovabbkepzes\/wp-json\/wp\/v2\/pages\/22262\/revisions"}],"predecessor-version":[{"id":23088,"href":"https:\/\/semmelweis.hu\/szak-es-tovabbkepzes\/wp-json\/wp\/v2\/pages\/22262\/revisions\/23088"}],"up":[{"embeddable":true,"href":"https:\/\/semmelweis.hu\/szak-es-tovabbkepzes\/wp-json\/wp\/v2\/pages\/1865"}],"wp:attachment":[{"href":"https:\/\/semmelweis.hu\/szak-es-tovabbkepzes\/wp-json\/wp\/v2\/media?parent=22262"}],"wp:term":[{"taxonomy":"category","embeddable":true,"href":"https:\/\/semmelweis.hu\/szak-es-tovabbkepzes\/wp-json\/wp\/v2\/categories?post=22262"},{"taxonomy":"post_tag","embeddable":true,"href":"https:\/\/semmelweis.hu\/szak-es-tovabbkepzes\/wp-json\/wp\/v2\/tags?post=22262"}],"curies":[{"name":"wp","href":"https:\/\/api.w.org\/{rel}","templated":true}]}}