{"id":20896,"date":"2019-02-12T00:14:33","date_gmt":"2019-02-11T23:14:33","guid":{"rendered":"http:\/\/semmelweis.hu\/szak-es-tovabbkepzes\/?page_id=20896"},"modified":"2024-08-29T12:59:53","modified_gmt":"2024-08-29T10:59:53","slug":"kapcsolat-egyeb-kepzes","status":"publish","type":"page","link":"https:\/\/semmelweis.hu\/szak-es-tovabbkepzes\/kapcsolat-egyeb-kepzes\/","title":{"rendered":"Kapcsolat &#8211; egy\u00e9b k\u00e9pz\u00e9s"},"content":{"rendered":"<p>&nbsp;<\/p>\n<p><strong>Id\u0151pontfoglal\u00e1s a\u00a0<a href=\"http:\/\/reny.hu\/\">RENY<\/a>\u00a0rendszeren kereszt\u00fcl lehets\u00e9ges, az \u00dcgyf\u00e9lfogad\u00e1s men\u00fc pont al\u00f3l, tov\u00e1bbi inform\u00e1ci\u00f3kat a RENY rendszer k\u00e9zik\u00f6nyv\u00e9ben tal\u00e1lnak az Egyetem \u2013 \u00dcgyf\u00e9l fogad\u00e1s \u2013 Rezidens jelentkez\u00e9se men\u00fcpont alatt!<\/strong><\/p>\n<p>&nbsp;<\/p>\n<p><strong><a href=\"https:\/\/semmelweis.hu\/szak-es-tovabbkepzes\/files\/2021\/05\/sztoklogo_kozepes.png\"><img loading=\"lazy\" decoding=\"async\" class=\"wp-image-21901 alignleft\" src=\"https:\/\/semmelweis.hu\/szak-es-tovabbkepzes\/files\/2021\/05\/sztoklogo_kozepes-300x300.png\" alt=\"\" width=\"114\" height=\"114\" srcset=\"https:\/\/semmelweis.hu\/szak-es-tovabbkepzes\/files\/2021\/05\/sztoklogo_kozepes-300x300.png 300w, https:\/\/semmelweis.hu\/szak-es-tovabbkepzes\/files\/2021\/05\/sztoklogo_kozepes-150x150.png 150w, https:\/\/semmelweis.hu\/szak-es-tovabbkepzes\/files\/2021\/05\/sztoklogo_kozepes.png 305w\" sizes=\"auto, (max-width: 114px) 100vw, 114px\" \/><\/a>Semmelweis Egyetem Szak- \u00e9s Tov\u00e1bbk\u00e9pz\u00e9si K\u00f6zpont<\/strong><\/p>\n<p><strong>Igazgat\u00f3:\u00a0<\/strong>Dr. Masszi Tam\u00e1s<br \/>\n<strong>Igazgat\u00f3-helyettes:\u00a0<\/strong>Sz\u00e1fi\u00e1n-Bella Anita<\/p>\n<table>\n<tbody>\n<tr>\n<td><strong>Postac\u00edm: <\/strong>1085 Budapest, Baross utca 22. I. em. (BC22 Irodah\u00e1z)<br \/>\n<strong>Postac\u00edm:<\/strong> 1085 Budapest, \u00dcll\u0151i \u00fat 26.<br \/>\n<strong>Telefon:<\/strong> +36-1-459-1446; +36-1-210-1784<strong><br \/>\nEmail: <\/strong><a href=\"mailto:szakestovabbkepzes@semmelweis.hu\">szakestovabbkepzes@semmelweis.hu<\/a><\/td>\n<td>\n\n<!-- iframe plugin v.4.9 wordpress.org\/plugins\/iframe\/ -->\n<iframe loading=\"lazy\" src=\"https:\/\/www.google.com\/maps\/embed?pb=!1m14!1m8!1m3!1d10784.14497523983!2d19.0656631!3d47.4892073!3m2!1i1024!2i768!4f13.1!3m3!1m2!1s0x4741dc5bcdb6a70f%3A0xffdbea7af2079162!2sBC22%20Irodah%C3%A1z!5e0!3m2!1shu!2shu!4v1696582229552!5m2!1shu!2shu\" width=\"350\" height=\"200\" scrolling=\"yes\" class=\"iframe-class\" frameborder=\"0\"><\/iframe>\n\n<\/td>\n<\/tr>\n<\/tbody>\n<\/table>\n<div>\u00a0<\/div>\n<div>\n<div><strong>H\u00e9tf\u0151\u00a0 \u00a0 \u00a0 \u00a0 \u00a0 \u00a0 8:00 \u2013 12.00\u00a0 \u00a0 \u00a0 \u00a0 \u00a0 \u00a0(az utols\u00f3 bejelentkez\u00e9si id\u0151pont 11.30)<\/strong><\/div>\n<div>\u00a0<\/div>\n<div><strong>Kedd\u00a0\u00a0\u00a0\u00a0\u00a0\u00a0\u00a0\u00a0\u00a0\u00a0\u00a0\u00a013.00 \u2013 16.00\u00a0\u00a0\u00a0\u00a0\u00a0\u00a0\u00a0\u00a0 (az utols\u00f3 bejelentkez\u00e9si id\u0151pont 15.30)<\/strong><\/div>\n<div>\u00a0<\/div>\n<div><strong>Szerda\u00a0\u00a0\u00a0\u00a0\u00a0\u00a0\u00a0\u00a0\u00a0\u00a08.00 \u2013 12.00\u00a0 \u00a0 \u00a0 \u00a0 \u00a0 \u00a0(az utols\u00f3 bejelentkez\u00e9si id\u0151pont 11.30)<\/strong><\/div>\n<div>\u00a0<\/div>\n<div><strong>Cs\u00fct\u00f6rt\u00f6k\u00a0\u00a0\u00a0\u00a013.00 \u2013 16.00\u00a0 \u00a0 \u00a0 \u00a0 \u00a0(az utols\u00f3 bejelentkez\u00e9si id\u0151pont 15.30)<\/strong><\/div>\n<div>\u00a0<\/div>\n<div><strong>P\u00e9ntek\u00a0\u00a0\u00a0\u00a0\u00a0\u00a0\u00a0\u00a0\u00a0\u00a0\u00a08.00 \u2013 12.00<\/strong>\u00a0 \u00a0 \u00a0 \u00a0 \u00a0<strong>(az utols\u00f3 bejelentkez\u00e9si id\u0151pont 11.30)<\/strong><\/div>\n<div>\u00a0<\/div>\n<\/div>\n<table>\n<tbody>\n<tr>\n<td><a href=\"https:\/\/semmelweis.hu\/szak-es-tovabbkepzes\/files\/2022\/07\/ujhegyi_erika_pp_sm.jpg\"><img loading=\"lazy\" decoding=\"async\" class=\" wp-image-22156 aligncenter\" src=\"https:\/\/semmelweis.hu\/szak-es-tovabbkepzes\/files\/2022\/07\/ujhegyi_erika_pp_sm.jpg\" alt=\"\" width=\"80\" height=\"110\" \/><\/a><\/td>\n<td>\n<p><strong>\u00dajhegyi Erika<\/strong><\/p>\n<\/td>\n<td>\n<p>egy\u00e9b szakk\u00e9pz\u00e9s, licenc<\/p>\n<\/td>\n<td>\n<p>+36-1-459-1500\/62247<\/p>\n<p><a href=\"mailto:ujhegyi.erika@semmelweis.hu\">ujhegyi.erika@semmelweis.hu<\/a><\/p>\n<\/td>\n<\/tr>\n<\/tbody>\n<\/table>\n<p>&nbsp;<\/p>\n","protected":false},"excerpt":{"rendered":"<p>&nbsp; Id\u0151pontfoglal\u00e1s a\u00a0 <a href=\"http:\/\/reny.hu\/\">RENY<\/a> \u00a0rendszeren kereszt\u00fcl lehets\u00e9ges, az \u00dcgyf\u00e9lfogad\u00e1s men\u00fc pont al\u00f3l, tov\u00e1bbi inform\u00e1ci\u00f3kat a RENY rendszer k\u00e9zik\u00f6nyv\u00e9ben tal\u00e1lnak az Egyetem \u2013 \u00dcgyf\u00e9l fogad\u00e1s \u2013 Rezidens jelentkez\u00e9se men\u00fcpont alatt! &nbsp; <a href=\"https:\/\/semmelweis.hu\/szak-es-tovabbkepzes\/files\/2021\/05\/sztoklogo_kozepes.png\"><\/a> Semmelweis Egyetem Szak- \u00e9s Tov\u00e1bbk\u00e9pz\u00e9si K\u00f6zpont Igazgat\u00f3:\u00a0Dr. Masszi Tam\u00e1s Igazgat\u00f3-helyettes:\u00a0Sz\u00e1fi\u00e1n-Bella Anita Postac\u00edm: 1085 Budapest, Baross utca 22. I. em. (BC22 Irodah\u00e1z) Postac\u00edm: 1085 Budapest, \u00dcll\u0151i \u00fat &hellip;<\/p>\n","protected":false},"author":101506,"featured_media":0,"parent":0,"menu_order":7,"comment_status":"closed","ping_status":"closed","template":"","meta":{"_acf_changed":false,"footnotes":""},"categories":[],"tags":[],"class_list":["post-20896","page","type-page","status-publish","hentry"],"acf":[],"_links":{"self":[{"href":"https:\/\/semmelweis.hu\/szak-es-tovabbkepzes\/wp-json\/wp\/v2\/pages\/20896","targetHints":{"allow":["GET"]}}],"collection":[{"href":"https:\/\/semmelweis.hu\/szak-es-tovabbkepzes\/wp-json\/wp\/v2\/pages"}],"about":[{"href":"https:\/\/semmelweis.hu\/szak-es-tovabbkepzes\/wp-json\/wp\/v2\/types\/page"}],"author":[{"embeddable":true,"href":"https:\/\/semmelweis.hu\/szak-es-tovabbkepzes\/wp-json\/wp\/v2\/users\/101506"}],"replies":[{"embeddable":true,"href":"https:\/\/semmelweis.hu\/szak-es-tovabbkepzes\/wp-json\/wp\/v2\/comments?post=20896"}],"version-history":[{"count":10,"href":"https:\/\/semmelweis.hu\/szak-es-tovabbkepzes\/wp-json\/wp\/v2\/pages\/20896\/revisions"}],"predecessor-version":[{"id":22744,"href":"https:\/\/semmelweis.hu\/szak-es-tovabbkepzes\/wp-json\/wp\/v2\/pages\/20896\/revisions\/22744"}],"wp:attachment":[{"href":"https:\/\/semmelweis.hu\/szak-es-tovabbkepzes\/wp-json\/wp\/v2\/media?parent=20896"}],"wp:term":[{"taxonomy":"category","embeddable":true,"href":"https:\/\/semmelweis.hu\/szak-es-tovabbkepzes\/wp-json\/wp\/v2\/categories?post=20896"},{"taxonomy":"post_tag","embeddable":true,"href":"https:\/\/semmelweis.hu\/szak-es-tovabbkepzes\/wp-json\/wp\/v2\/tags?post=20896"}],"curies":[{"name":"wp","href":"https:\/\/api.w.org\/{rel}","templated":true}]}}