{"id":1902,"date":"2019-01-25T10:11:10","date_gmt":"2019-01-25T09:11:10","guid":{"rendered":"http:\/\/semmelweis.hu\/szak-es-tovabbkepzes\/?page_id=1902"},"modified":"2025-09-02T14:56:45","modified_gmt":"2025-09-02T12:56:45","slug":"magunkrol","status":"publish","type":"page","link":"https:\/\/semmelweis.hu\/szak-es-tovabbkepzes\/magunkrol\/","title":{"rendered":"Magunkr\u00f3l"},"content":{"rendered":"<h3>Semmelweis Egyetem Szak- \u00e9s Tov\u00e1bbk\u00e9pz\u00e9si K\u00f6zpont<\/h3>\n<p><a href=\"https:\/\/semmelweis.hu\/szak-es-tovabbkepzes\/files\/2023\/01\/SZTOK_logo_blue.png\"><img loading=\"lazy\" decoding=\"async\" class=\"wp-image-22314 alignright\" src=\"https:\/\/semmelweis.hu\/szak-es-tovabbkepzes\/files\/2023\/01\/SZTOK_logo_blue-300x300.png\" alt=\"\" width=\"100\" height=\"100\" srcset=\"https:\/\/semmelweis.hu\/szak-es-tovabbkepzes\/files\/2023\/01\/SZTOK_logo_blue-300x300.png 300w, https:\/\/semmelweis.hu\/szak-es-tovabbkepzes\/files\/2023\/01\/SZTOK_logo_blue-1024x1024.png 1024w, https:\/\/semmelweis.hu\/szak-es-tovabbkepzes\/files\/2023\/01\/SZTOK_logo_blue-150x150.png 150w, https:\/\/semmelweis.hu\/szak-es-tovabbkepzes\/files\/2023\/01\/SZTOK_logo_blue-768x768.png 768w, https:\/\/semmelweis.hu\/szak-es-tovabbkepzes\/files\/2023\/01\/SZTOK_logo_blue-753x753.png 753w, https:\/\/semmelweis.hu\/szak-es-tovabbkepzes\/files\/2023\/01\/SZTOK_logo_blue.png 1529w\" sizes=\"auto, (max-width: 100px) 100vw, 100px\" \/><\/a>2019. janu\u00e1r 1. napj\u00e1t\u00f3l a Semmelweis Egyetem Szak- \u00e9s Tov\u00e1bbk\u00e9pz\u00e9si K\u00f6zpont a vonatkoz\u00f3 jogszab\u00e1lyban meghat\u00e1rozott feladatait a szak- \u00e9s tov\u00e1bbk\u00e9pz\u00e9sben \u00e9rintett karokkal \u2013 \u00c1ltal\u00e1nos Orvostudom\u00e1nyi Kar, Fogorvostudom\u00e1nyi Kar, Gy\u00f3gyszer\u00e9sztudom\u00e1nyi Kar, Eg\u00e9szs\u00e9gtudom\u00e1nyi Kar \u2013 egy\u00fcttm\u0171k\u00f6dve l\u00e1tja el.<\/p>\n<h2>Vezet\u0151k<\/h2>\n<p><strong>Igazgat\u00f3:<\/strong> <br \/>\nDr. Masszi Tam\u00e1s<\/p>\n<hr \/>\n<p><strong>Igazgat\u00f3-helyettes:<\/strong> <br \/>\nSz\u00e1fi\u00e1n-Bella Anita<\/p>\n<hr \/>\n<p><strong>Szakmai tan\u00e1csad\u00f3:<\/strong> <br \/>\nDr. Moln\u00e1r Mikl\u00f3s<\/p>\n<hr \/>\n<p><a href=\"https:\/\/semmelweis.hu\/szak-es-tovabbkepzes\/files\/2022\/07\/dr_cseh_aron_pp_sm.jpg\"><img loading=\"lazy\" decoding=\"async\" class=\"wp-image-22143 alignright\" src=\"https:\/\/semmelweis.hu\/szak-es-tovabbkepzes\/files\/2022\/07\/dr_cseh_aron_pp_sm.jpg\" alt=\"\" width=\"80\" height=\"83\" \/><\/a><strong>Titk\u00e1r:<\/strong> <br \/>\nDr. Cseh \u00c1ron<\/p>\n<div class=\"keretes w-100\">\n<p>\n<strong>C\u00edm: <\/strong>1085 Budapest, Baross utca 22. I. em. (BC22 Irodah\u00e1z)<br \/>\n<strong>Postac\u00edm:<\/strong> 1085 Budapest, \u00dcll\u0151i \u00fat 26.<br \/>\n<strong>Telefon:<\/strong> +36-1-459-1500 \/ 62370, 62397 mell\u00e9k<br \/>\n<strong>Email:<\/strong>\u00a0<a href=\"mailto:szakestovabbkepzes@semmelweis.hu\">szakestovabbkepzes@semmelweis.hu<\/a><\/p>\n<\/div>\n<h2>\u00a0<\/h2>\n<h2>\u00a0<\/h2>\n<h2>\u00a0<\/h2>\n<h2>\u00a0<\/h2>\n<h2>Munkat\u00e1rsak<\/h2>\n<p class=\"x_MsoNormal\"><b data-olk-copy-source=\"MessageBody\">T\u00f3th-Sz\u00e1nt\u00f3 Dorina<br \/>\n<\/b>titk\u00e1rs\u00e1gi szak\u00e9rt\u0151<br \/>\n+36-1-459-1500\/ 62370<br \/>\n<a href=\"mailto:szanto.dorina@semmelweis.hu\">szanto.dorina@semmelweis.hu<\/a><\/p>\n<hr \/>\n<p class=\"x_MsoNormal\"><b data-olk-copy-source=\"MessageBody\">Szab\u00f3 Ildik\u00f3<br \/>\n<\/b>titk\u00e1rs\u00e1gi szak\u00e9rt\u0151<br \/>\n+36-1-459-1500\/ 62385<br \/>\n<a href=\"mailto:szabo.ildiko2@semmelweis.hu\">szabo.ildiko2@semmelweis.hu<\/a><\/p>\n<hr \/>\n<p><strong>\u00c9vinger \u00c1gnes<br \/>\n<\/strong>titk\u00e1rs\u00e1gi \u00fcgyint\u00e9z\u0151<br \/>\n+36-1-459-1500\/ 62397<br \/>\n<a href=\"mailto:evinger.agnes@semmelweis.hu\">evinger.agnes@semmelweis.hu<\/a><\/p>\n<hr \/>\n<p><strong>Nagyn\u00e9 Fekete M\u00f3nika<br \/>\n<\/strong>gazdas\u00e1gi hivatalvezet\u0151<br \/>\n+36-1-459-1500\/ 62392<br \/>\n<a href=\"mailto:fekete.monika2@semmelweis.hu\">fekete.monika2@semmelweis.hu<\/a><\/p>\n<hr \/>\n<p><strong>Darab\u00e1n D\u00f3ra<br \/>\n<\/strong>gazdas\u00e1gi koordin\u00e1tor<br \/>\n+36-1-459-1500\/ 62391<br \/>\n<a href=\"mailto:daraban.viktoria-dora@semmelweis.hu\" target=\"_blank\" rel=\"noopener\">daraban.viktoria-dora@semmelweis.hu<\/a><\/p>\n<hr \/>\n<p><a href=\"https:\/\/semmelweis.hu\/szak-es-tovabbkepzes\/files\/2022\/07\/filep_hajnalka_gabriella_pp_sm.jpg\"><img loading=\"lazy\" decoding=\"async\" class=\"alignright\" src=\"https:\/\/semmelweis.hu\/szak-es-tovabbkepzes\/files\/2022\/07\/filep_hajnalka_gabriella_pp_sm.jpg\" alt=\"\" width=\"80\" height=\"95\" \/><\/a><\/p>\n<p><strong>Filep Hajnalka<br \/>\n<\/strong>gazdas\u00e1gi munkat\u00e1rs<br \/>\n+36-1-459-1500\/ 62249<br \/>\n<a href=\"mailto:filep.hajnalka.gabriella@semmelweis.hu\" target=\"_blank\" rel=\"noopener\">filep.hajnalka.gabriella@semmelweis.hu<\/a><\/p>\n<hr \/>\n<p><strong>M\u00f3nusn\u00e9 Vol\u00e1k Krisztina<br \/>\n<\/strong>gazdas\u00e1gi \u00fcgyint\u00e9z\u0151<br \/>\n+361-4-591-500\/ 62378<br \/>\n<a href=\"mailto:monusne.volak.krisztina@semmelweis.hu\">monusne.volak.krisztina@semmelweis.hu<\/a><\/p>\n<h2>\u00a0<\/h2>\n<h2>T\u00e9rk\u00e9p<\/h2>\n\n<!-- iframe plugin v.4.9 wordpress.org\/plugins\/iframe\/ -->\n<iframe loading=\"lazy\" src=\"https:\/\/www.google.com\/maps\/embed?pb=!1m14!1m8!1m3!1d10784.14497523983!2d19.0656631!3d47.4892073!3m2!1i1024!2i768!4f13.1!3m3!1m2!1s0x4741dc5bcdb6a70f%3A0xffdbea7af2079162!2sBC22%20Irodah%C3%A1z!5e0!3m2!1shu!2shu!4v1696582229552!5m2!1shu!2shu\" width=\"100%\" height=\"450\" scrolling=\"yes\" class=\"iframe-class\" frameborder=\"0\"><\/iframe>\n\n","protected":false},"excerpt":{"rendered":"<p>2019. janu\u00e1r 1. napj\u00e1t\u00f3l a Semmelweis Egyetem Szak- \u00e9s Tov\u00e1bbk\u00e9pz\u00e9si K\u00f6zpont a vonatkoz\u00f3 jogszab\u00e1lyban meghat\u00e1rozott feladatait a szak- \u00e9s tov\u00e1bbk\u00e9pz\u00e9sben \u00e9rintett karokkal \u2013 \u00c1ltal\u00e1nos Orvostudom\u00e1nyi Kar, Fogorvostudom\u00e1nyi Kar, Gy\u00f3gyszer\u00e9sztudom\u00e1nyi Kar, Eg\u00e9szs\u00e9gtudom\u00e1nyi Kar  \u2013 egy\u00fcttm\u0171k\u00f6dve l\u00e1tja el.<\/p>\n","protected":false},"author":101506,"featured_media":22566,"parent":0,"menu_order":1,"comment_status":"closed","ping_status":"closed","template":"","meta":{"_acf_changed":false,"footnotes":""},"categories":[],"tags":[],"class_list":["post-1902","page","type-page","status-publish","has-post-thumbnail","hentry"],"acf":[],"_links":{"self":[{"href":"https:\/\/semmelweis.hu\/szak-es-tovabbkepzes\/wp-json\/wp\/v2\/pages\/1902","targetHints":{"allow":["GET"]}}],"collection":[{"href":"https:\/\/semmelweis.hu\/szak-es-tovabbkepzes\/wp-json\/wp\/v2\/pages"}],"about":[{"href":"https:\/\/semmelweis.hu\/szak-es-tovabbkepzes\/wp-json\/wp\/v2\/types\/page"}],"author":[{"embeddable":true,"href":"https:\/\/semmelweis.hu\/szak-es-tovabbkepzes\/wp-json\/wp\/v2\/users\/101506"}],"replies":[{"embeddable":true,"href":"https:\/\/semmelweis.hu\/szak-es-tovabbkepzes\/wp-json\/wp\/v2\/comments?post=1902"}],"version-history":[{"count":11,"href":"https:\/\/semmelweis.hu\/szak-es-tovabbkepzes\/wp-json\/wp\/v2\/pages\/1902\/revisions"}],"predecessor-version":[{"id":22986,"href":"https:\/\/semmelweis.hu\/szak-es-tovabbkepzes\/wp-json\/wp\/v2\/pages\/1902\/revisions\/22986"}],"wp:featuredmedia":[{"embeddable":true,"href":"https:\/\/semmelweis.hu\/szak-es-tovabbkepzes\/wp-json\/wp\/v2\/media\/22566"}],"wp:attachment":[{"href":"https:\/\/semmelweis.hu\/szak-es-tovabbkepzes\/wp-json\/wp\/v2\/media?parent=1902"}],"wp:term":[{"taxonomy":"category","embeddable":true,"href":"https:\/\/semmelweis.hu\/szak-es-tovabbkepzes\/wp-json\/wp\/v2\/categories?post=1902"},{"taxonomy":"post_tag","embeddable":true,"href":"https:\/\/semmelweis.hu\/szak-es-tovabbkepzes\/wp-json\/wp\/v2\/tags?post=1902"}],"curies":[{"name":"wp","href":"https:\/\/api.w.org\/{rel}","templated":true}]}}