{"id":1900,"date":"2019-01-25T10:11:10","date_gmt":"2019-01-25T09:11:10","guid":{"rendered":"http:\/\/semmelweis.hu\/szak-es-tovabbkepzes\/?page_id=1900"},"modified":"2026-02-19T12:38:39","modified_gmt":"2026-02-19T11:38:39","slug":"licenckepzes","status":"publish","type":"page","link":"https:\/\/semmelweis.hu\/szak-es-tovabbkepzes\/licenckepzes\/","title":{"rendered":"Licenck\u00e9pz\u00e9s"},"content":{"rendered":"<p><em>A 23\/2012. (IX.14.) EMMI rendelet 1. sz\u00e1m\u00fa mell\u00e9klete alapj\u00e1n a Semmelweis Egyetem Szak- \u00e9s Tov\u00e1bbk\u00e9pz\u00e9si K\u00f6zpontja az al\u00e1bb felsorolt licenc k\u00e9pz\u00e9sek ind\u00edt\u00e1s\u00e1t hirdeti meg.<\/em><\/p>\n<p>&nbsp;<\/p>\n<p><strong><a href=\"https:\/\/semmelweis.hu\/szak-es-tovabbkepzes\/files\/2025\/10\/Hirdetmen-licenckepzes-beinditasarol-2025_3.pdf\">Hirdetm\u00e9ny licenck\u00e9pz\u00e9s beind\u00edt\u00e1s\u00e1r\u00f3l<\/a> (\u00daJ)<\/strong><\/p>\n<p>&nbsp;<\/p>\n<p style=\"font-weight: 400\"><strong>JELENTKEZ\u00c9S LICENC VIZSG\u00c1RA<\/strong><\/p>\n<p style=\"font-weight: 400\">A licencvizsg\u00e1kra val\u00f3 jelentkez\u00e9s \u00e9s az ehhez tartoz\u00f3k szervez\u00e9s\u00e9vel kapcsolatos feladatokat a <strong>Nemzeti Vizsgabizotts\u00e1g<\/strong>\u00a0(c\u00edm: 1085 Budapest, Hor\u00e1nszky u. 15., e-mail:\u00a0<a href=\"mailto:nvb@okfo.gov.hu\">nvb@okfo.gov.hu<\/a>) l\u00e1tja el.<\/p>\n<p style=\"font-weight: 400\">B\u0151vebb t\u00e1j\u00e9koztat\u00e1s az al\u00e1bbi linken tal\u00e1lhat\u00f3: <a href=\"https:\/\/enkk.hu\/index.php\/hun\/nemzeti-vizsgabizottsag-2\/licenc-vizsganaptar\">https:\/\/enkk.hu\/index.php\/hun\/nemzeti-vizsgabizottsag-2\/licenc-vizsganaptar<\/a><\/p>\n<p>&nbsp;<\/p>\n<hr \/>\n<p>&nbsp;<\/p>\n<p><strong>Adatkezel\u00e9ssel kapcsolatos t\u00e1j\u00e9koztat\u00f3k:<\/strong><\/p>\n<ul>\n<li><a href=\"https:\/\/semmelweis.hu\/jogigfoig\/files\/2018\/05\/1_szamu_melleklet_altalanos_adatvedelmi_tajekoztato.docx\" target=\"_blank\" rel=\"noopener noreferrer\">Semmelweis Egyetem \u00c1ltal\u00e1nos adatv\u00e9delmi t\u00e1j\u00e9koztat\u00f3<\/a><\/li>\n<li><a href=\"https:\/\/semmelweis.hu\/aok\/files\/2018\/12\/LICENC-Adatkezel%C3%A9si-t%C3%A1j%C3%A9koztat%C3%B3.pdf\" target=\"_blank\" rel=\"noopener noreferrer\">Licenck\u00e9pz\u00e9s \u2013 Adatkezel\u00e9si t\u00e1j\u00e9koztat\u00f3<\/a><\/li>\n<\/ul>\n<p><strong>Jelentkez\u00e9si lapok:<\/strong><\/p>\n<ul>\n<li style=\"list-style-type: none\">\u00a0<\/li>\n<li><a href=\"https:\/\/semmelweis.hu\/szak-es-tovabbkepzes\/files\/2025\/06\/Alvasmedicina-szakertoje-jelentkezesi-lap.pdf\">Alv\u00e1smedicina-szak\u00e9rt\u0151je<\/a><\/li>\n<li><a href=\"https:\/\/semmelweis.hu\/szak-es-tovabbkepzes\/files\/2025\/06\/Diabetologia-jelentkezesi-lap-belgyogyaszoknak.pdf\">Diabetol\u00f3gia-belgy\u00f3gy\u00e1szoknak<\/a>\u00a0<\/li>\n<li><a href=\"https:\/\/semmelweis.hu\/szak-es-tovabbkepzes\/files\/2025\/06\/Diabetologia-jelentkezesi-lap-csecsemo-es-gyermekgyogyaszoknak.pdf\">Diabetol\u00f3gia-csecsem\u0151 \u00e9s gyermekgy\u00f3gy\u00e1szoknak<\/a><\/li>\n<li><a href=\"https:\/\/semmelweis.hu\/szak-es-tovabbkepzes\/files\/2025\/06\/Diabetologia-jelentkezesi-lap-haziorvosoknak.pdf\">Diabetol\u00f3gia-h\u00e1ziorvosoknak<\/a><\/li>\n<li><a href=\"https:\/\/semmelweis.hu\/szak-es-tovabbkepzes\/files\/2025\/06\/Diabetologia-jelentkezesi-lap-szuleszet-nogyogyaszat.pdf\">Diabetol\u00f3gia-sz\u00fcl\u00e9szet-n\u0151gy\u00f3gy\u00e1szat<\/a><\/li>\n<li><a href=\"https:\/\/semmelweis.hu\/szak-es-tovabbkepzes\/files\/2025\/07\/ERCP-jelentkezesi-lap.pdf\">Endoszk\u00f3pos retrogr\u00e1d cholangiopacreatographia (ERCP)<\/a><\/li>\n<li><a href=\"https:\/\/semmelweis.hu\/szak-es-tovabbkepzes\/files\/2025\/06\/Endoszkopos-Uh-jelentkezesi-lap-MODOSITOTT.pdf\">Endoszk\u00f3pos-ultrahang<\/a><\/li>\n<li><a href=\"https:\/\/semmelweis.hu\/szak-es-tovabbkepzes\/files\/2025\/06\/Felnott-transoesophagealis-echokardiografia-jelentkezesi-lap.pdf\">Feln\u0151tt transoesophagealis echokardiogr\u00e1fia<\/a><\/li>\n<li><a href=\"https:\/\/semmelweis.hu\/szak-es-tovabbkepzes\/files\/2025\/06\/Felnott-transtorakalis-echokardiografia-jelentkezesi-lap-2025-04-05-tol-.pdf\">Feln\u0151tt transtorak\u00e1lis echokardiogr\u00e1fia<\/a><\/li>\n<li><a href=\"https:\/\/semmelweis.hu\/szak-es-tovabbkepzes\/files\/2025\/06\/Foniatria-jelentkezesi-lap.pdf\">Foni\u00e1tria<\/a><\/li>\n<li><a href=\"https:\/\/semmelweis.hu\/szak-es-tovabbkepzes\/files\/2025\/06\/Gyermekszemeszet-jelentkezesi-lap.pdf\">Gyermekszem\u00e9szet<\/a><\/li>\n<li><a href=\"https:\/\/semmelweis.hu\/szak-es-tovabbkepzes\/files\/2025\/06\/Hipertonologia-jelentkezesi-lap.pdf\">Hipertonol\u00f3gia<\/a><\/li>\n<li><a href=\"https:\/\/semmelweis.hu\/szak-es-tovabbkepzes\/files\/2025\/06\/Intervencios-radiologia-jelentkezesi-lap-radiologusoknak.pdf\">Intervenci\u00f3s radiol\u00f3gia-radiol\u00f3gusoknak<\/a><\/li>\n<li><a href=\"https:\/\/semmelweis.hu\/szak-es-tovabbkepzes\/files\/2025\/06\/Komplex-radiologiai-emlodiagnosztika-jelentkezesi-lap.pdf\">Komplex-radiol\u00f3giai-eml\u0151diagnosztika<\/a><\/li>\n<li><a href=\"https:\/\/semmelweis.hu\/szak-es-tovabbkepzes\/files\/2025\/10\/Jelentkezesi-lap-kronikus-gyulladasos.pdf\">Kr\u00f3nikus gyullad\u00e1sos b\u00e9lbetegs\u00e9gek centrum jog\u00fa ell\u00e1t\u00f3ja (IBD)<\/a><\/li>\n<li><a href=\"https:\/\/semmelweis.hu\/szak-es-tovabbkepzes\/files\/2025\/06\/Lipidologia-jelentkezesi-lap.pdf\">Lipidol\u00f3gia<\/a><\/li>\n<li><a href=\"https:\/\/semmelweis.hu\/szak-es-tovabbkepzes\/files\/2025\/06\/Mellkas-serultek-traumatologiai-ellatasa-jelentkezesi-lap.pdf\">Mellkas-s\u00e9r\u00fcltek traumatol\u00f3giai ell\u00e1t\u00e1sa<\/a><\/li>\n<li><a href=\"https:\/\/semmelweis.hu\/szak-es-tovabbkepzes\/files\/2025\/06\/Neurointervencio-jelentkezesi-lap.pdf\">Neurointervenci\u00f3<\/a><\/li>\n<li><a href=\"https:\/\/semmelweis.hu\/szak-es-tovabbkepzes\/files\/2025\/06\/Neuro-ophtalmologia-jelentkezesi-lap-neurologusok-reszere.pdf\">Neuro-ophtalmol\u00f3gia-neurol\u00f3gusok-r\u00e9sz\u00e9re<\/a><\/li>\n<li><a href=\"https:\/\/semmelweis.hu\/szak-es-tovabbkepzes\/files\/2025\/06\/Neuro-ophtalmologia-jelentkezesi-lap-szemeszek-reszere.pdf\">Neuro-ophtalmol\u00f3gia-szem\u00e9szek-r\u00e9sz\u00e9re<\/a><\/li>\n<li><a href=\"https:\/\/semmelweis.hu\/szak-es-tovabbkepzes\/files\/2025\/06\/Neurosonologia-jelentkezesi-lap.pdf\">Neurosonol\u00f3gia<\/a><\/li>\n<li><a href=\"https:\/\/semmelweis.hu\/szak-es-tovabbkepzes\/files\/2025\/06\/Obezitologia-jelentkezesi-lap-UJ-2022-04-30.pdf\">Obezitol\u00f3gia<\/a><\/li>\n<li><a href=\"https:\/\/semmelweis.hu\/szak-es-tovabbkepzes\/files\/2025\/06\/palliativ-orvoslas-jelentkezesi-lap.pdf\">Palliat\u00edv-orvosl\u00e1s<\/a><\/li>\n<li><a href=\"https:\/\/semmelweis.hu\/szak-es-tovabbkepzes\/files\/2025\/06\/Reumatologiai-ultrahang-elentkezesi-lap.pdf\">Reumatol\u00f3giai ultrahang<\/a><\/li>\n<li><a href=\"https:\/\/semmelweis.hu\/szak-es-tovabbkepzes\/files\/2025\/06\/Szuleszeti-nogyogyaszati-ultrahang-diagnosztika-jelentkezesi-lap.pdf\">Sz\u00fcl\u00e9szeti-n\u0151gy\u00f3gy\u00e1szati ultrahang-diagnosztika<\/a><\/li>\n<li><a href=\"https:\/\/semmelweis.hu\/szak-es-tovabbkepzes\/files\/2025\/06\/Vascularis-neurologia-jelentkezesi-lap.pdf\">Vascularis neurol\u00f3gia<\/a><\/li>\n<\/ul>\n<p><strong>Akkredit\u00e1lt k\u00e9pz\u0151helyek<\/strong><\/p>\n<ul>\n<li><a href=\"https:\/\/semmelweis.hu\/szak-es-tovabbkepzes\/files\/2025\/05\/Alvasmedicina-szakertoje-szomnologus-1.xlsx\">Alv\u00e1smedicina szak\u00e9rt\u0151je (szomnol\u00f3gus)<\/a><\/li>\n<li><a href=\"https:\/\/semmelweis.hu\/szak-es-tovabbkepzes\/files\/2026\/02\/Diabetologia-belgyogyaszoknak-2.xlsx\">Diabetol\u00f3gia-belgy\u00f3gy\u00e1szoknak<\/a><\/li>\n<li><a href=\"https:\/\/semmelweis.hu\/szak-es-tovabbkepzes\/files\/2026\/02\/Diabetologia-csecsemo-es-gyermekgyogyaszoknak-2.xlsx\">Diabetol\u00f3gia-csecsem\u0151- \u00e9s gyermekgy\u00f3gy\u00e1szoknak <\/a>\u00a0<\/li>\n<li><a href=\"https:\/\/semmelweis.hu\/szak-es-tovabbkepzes\/files\/2026\/02\/Diabetologia-haziorvosoknak-2.xlsx\">Diabetol\u00f3gia-h\u00e1ziorvosoknak <\/a>\u00a0<\/li>\n<li><a href=\"https:\/\/semmelweis.hu\/szak-es-tovabbkepzes\/files\/2026\/02\/Diabetologia-szulesz-nogyogyaszoknak-2.xlsx\">Diabetol\u00f3gia-sz\u00fcl\u00e9sz-n\u0151gy\u00f3gy\u00e1szoknak <\/a>\u00a0<\/li>\n<li><a href=\"https:\/\/semmelweis.hu\/szak-es-tovabbkepzes\/files\/2025\/07\/Endoszkopos-retrograd-cholangiopancreatographia-ERCP.xlsx\">Endoszk\u00f3pos retrogr\u00e1d cholangiopancreatographia (ERCP)<\/a><\/li>\n<li><a href=\"https:\/\/semmelweis.hu\/szak-es-tovabbkepzes\/files\/2025\/04\/Endoszkopos-ultrahang.xlsx\">Endoszk\u00f3pos ultrahang<\/a><\/li>\n<li><a href=\"https:\/\/semmelweis.hu\/szak-es-tovabbkepzes\/files\/2023\/06\/Felnott-transoesophagealis-echokardiografia.xlsx\">Feln\u0151tt transoesophagealis echokardiogr\u00e1fia<\/a>\u00a0<\/li>\n<li><a href=\"https:\/\/semmelweis.hu\/szak-es-tovabbkepzes\/files\/2023\/02\/Felnott-transtorakalis-echokardiografia.xlsx\">Feln\u0151tt transtorak\u00e1lis echokardiogr\u00e1fia<\/a>\u00a0<\/li>\n<li><a href=\"https:\/\/semmelweis.hu\/szak-es-tovabbkepzes\/files\/2020\/07\/Foni\u00e1tria.xlsx\">Foni\u00e1tria<\/a><\/li>\n<li><a href=\"https:\/\/semmelweis.hu\/szak-es-tovabbkepzes\/files\/2020\/07\/Gyermekszem\u00e9szet.xlsx\">Gyermekszem\u00e9szet<\/a><\/li>\n<li><a href=\"https:\/\/semmelweis.hu\/szak-es-tovabbkepzes\/files\/2023\/04\/Hipertonologia.xlsx\">Hipertonol\u00f3gia<\/a>\u00a0<\/li>\n<li><a href=\"https:\/\/semmelweis.hu\/szak-es-tovabbkepzes\/files\/2025\/11\/Intervencios-radiologia-radiologusoknak.xlsx\">Intervenci\u00f3s radiol\u00f3gia &#8211; radiol\u00f3gusoknak<\/a><\/li>\n<li><a href=\"https:\/\/semmelweis.hu\/szak-es-tovabbkepzes\/files\/2026\/01\/Komlex-radiologiai-emlodiagnosztika.xlsx\">Komplex radiol\u00f3giai eml\u0151diagnosztika<\/a><\/li>\n<li><a href=\"https:\/\/semmelweis.hu\/szak-es-tovabbkepzes\/files\/2025\/10\/Krnikus-gyulladasos-belbetegsegek-centrum-jogu-ellatoja-IBD.xlsx\">Kr\u00f3nikus gyullad\u00e1sos b\u00e9lbetegs\u00e9gek centrum jog\u00fa ell\u00e1t\u00f3ja (IBD)<\/a><\/li>\n<li><a href=\"https:\/\/semmelweis.hu\/szak-es-tovabbkepzes\/files\/2023\/01\/Lipidologia.xlsx\">Lipidol\u00f3gia<\/a>\u00a0<\/li>\n<li><a href=\"https:\/\/semmelweis.hu\/szak-es-tovabbkepzes\/files\/2020\/07\/Mellkas-s\u00e9r\u00fcltek-trauzmatol\u00f3giai-ell\u00e1t\u00e1sa.xlsx\">Mellkas-s\u00e9r\u00fcltek trauzmatol\u00f3giai ell\u00e1t\u00e1sa<\/a><\/li>\n<li><a href=\"https:\/\/semmelweis.hu\/szak-es-tovabbkepzes\/files\/2021\/09\/Neurointervenci\u00f3.xlsx\">Neurointervenci\u00f3<\/a><\/li>\n<li><a href=\"https:\/\/semmelweis.hu\/szak-es-tovabbkepzes\/files\/2020\/07\/Neuro-ophtalmol\u00f3gia-neurol\u00f3gia-szakk\u00e9pes\u00edt\u00e9ssel.xlsx\">Neuro-ophtalmol\u00f3gia neurol\u00f3gia szakk\u00e9pes\u00edt\u00e9ssel<\/a><\/li>\n<li><a href=\"https:\/\/semmelweis.hu\/szak-es-tovabbkepzes\/files\/2020\/07\/Neuro-ophtalmol\u00f3gia-szem\u00e9szeti-szakk\u00e9pes\u00edt\u00e9ssel.xlsx\">Neuro-ophtalmol\u00f3gia szem\u00e9szeti szakk\u00e9pes\u00edt\u00e9ssel<\/a><\/li>\n<li><a href=\"https:\/\/semmelweis.hu\/szak-es-tovabbkepzes\/files\/2020\/07\/Neurosonlol\u00f3gia.xlsx\">Neurosonlol\u00f3gia<\/a><\/li>\n<li><a href=\"https:\/\/semmelweis.hu\/szak-es-tovabbkepzes\/files\/2025\/07\/Obezitologia-1.xlsx\">Obezitol\u00f3gia<\/a><\/li>\n<li><a href=\"https:\/\/semmelweis.hu\/szak-es-tovabbkepzes\/files\/2024\/07\/Palliativ-orvoslas.xlsx\">Palliat\u00edv orvosl\u00e1s<\/a>\u00a0<\/li>\n<li><a href=\"https:\/\/semmelweis.hu\/szak-es-tovabbkepzes\/files\/2020\/07\/Reumatol\u00f3giai-ultrahang.xlsx\">Reumatol\u00f3giai ultrahang<\/a><\/li>\n<li><a href=\"https:\/\/semmelweis.hu\/szak-es-tovabbkepzes\/files\/2021\/02\/Sz\u00fcl\u00e9szeti-N\u0151gy\u00f3gy\u00e1szati-ultrahang-diagnosztika.xlsx\">Sz\u00fcl\u00e9szeti-N\u0151gy\u00f3gy\u00e1szati ultrahang-diagnosztika<\/a><\/li>\n<li><a href=\"https:\/\/semmelweis.hu\/szak-es-tovabbkepzes\/files\/2020\/07\/Vascularis-neurol\u00f3gia.xlsx\">Vascularis neurol\u00f3gia<\/a><\/li>\n<\/ul>\n","protected":false},"excerpt":{"rendered":"<p>A 23\/2012. (IX.14.) EMMI rendelet 1. sz\u00e1m\u00fa mell\u00e9klete alapj\u00e1n a Semmelweis Egyetem Szak- \u00e9s Tov\u00e1bbk\u00e9pz\u00e9si K\u00f6zpontja az al\u00e1bb felsorolt licenc k\u00e9pz\u00e9sek ind\u00edt\u00e1s\u00e1t hirdeti meg. &nbsp; <a href=\"https:\/\/semmelweis.hu\/szak-es-tovabbkepzes\/files\/2025\/10\/Hirdetmen-licenckepzes-beinditasarol-2025_3.pdf\">Hirdetm\u00e9ny licenck\u00e9pz\u00e9s beind\u00edt\u00e1s\u00e1r\u00f3l<\/a> (\u00daJ) &nbsp; JELENTKEZ\u00c9S LICENC VIZSG\u00c1RA A licencvizsg\u00e1kra val\u00f3 jelentkez\u00e9s \u00e9s az ehhez tartoz\u00f3k szervez\u00e9s\u00e9vel kapcsolatos feladatokat a Nemzeti Vizsgabizotts\u00e1g\u00a0(c\u00edm: 1085 Budapest, Hor\u00e1nszky u. 15., e-mail:\u00a0 <a href=\"mailto:nvb@okfo.gov.hu\">nvb@okfo.gov.hu<\/a> ) l\u00e1tja el. B\u0151vebb t\u00e1j\u00e9koztat\u00e1s &hellip;<\/p>\n","protected":false},"author":101506,"featured_media":0,"parent":0,"menu_order":7,"comment_status":"closed","ping_status":"closed","template":"","meta":{"_acf_changed":false,"footnotes":""},"categories":[],"tags":[],"class_list":["post-1900","page","type-page","status-publish","hentry"],"acf":[],"_links":{"self":[{"href":"https:\/\/semmelweis.hu\/szak-es-tovabbkepzes\/wp-json\/wp\/v2\/pages\/1900","targetHints":{"allow":["GET"]}}],"collection":[{"href":"https:\/\/semmelweis.hu\/szak-es-tovabbkepzes\/wp-json\/wp\/v2\/pages"}],"about":[{"href":"https:\/\/semmelweis.hu\/szak-es-tovabbkepzes\/wp-json\/wp\/v2\/types\/page"}],"author":[{"embeddable":true,"href":"https:\/\/semmelweis.hu\/szak-es-tovabbkepzes\/wp-json\/wp\/v2\/users\/101506"}],"replies":[{"embeddable":true,"href":"https:\/\/semmelweis.hu\/szak-es-tovabbkepzes\/wp-json\/wp\/v2\/comments?post=1900"}],"version-history":[{"count":10,"href":"https:\/\/semmelweis.hu\/szak-es-tovabbkepzes\/wp-json\/wp\/v2\/pages\/1900\/revisions"}],"predecessor-version":[{"id":23062,"href":"https:\/\/semmelweis.hu\/szak-es-tovabbkepzes\/wp-json\/wp\/v2\/pages\/1900\/revisions\/23062"}],"wp:attachment":[{"href":"https:\/\/semmelweis.hu\/szak-es-tovabbkepzes\/wp-json\/wp\/v2\/media?parent=1900"}],"wp:term":[{"taxonomy":"category","embeddable":true,"href":"https:\/\/semmelweis.hu\/szak-es-tovabbkepzes\/wp-json\/wp\/v2\/categories?post=1900"},{"taxonomy":"post_tag","embeddable":true,"href":"https:\/\/semmelweis.hu\/szak-es-tovabbkepzes\/wp-json\/wp\/v2\/tags?post=1900"}],"curies":[{"name":"wp","href":"https:\/\/api.w.org\/{rel}","templated":true}]}}